{"id":29116,"date":"2026-04-30T19:27:24","date_gmt":"2026-04-30T17:27:24","guid":{"rendered":"https:\/\/www.redowlcraft.ro\/?post_type=product&#038;p=29116"},"modified":"2026-04-30T19:32:57","modified_gmt":"2026-04-30T17:32:57","slug":"cercei-din-lemn-intarsie-mosaic-wenge-3","status":"publish","type":"product","link":"https:\/\/www.redowlcraft.ro\/en\/product\/cercei-din-lemn-intarsie-mosaic-wenge-3\/","title":{"rendered":"Cercei din Lemn Intarsie Mosaic &#8211; Wenge 3"},"content":{"rendered":"<h4><strong>Cercei din Lemn Intarsie Mosaic<\/strong><\/h4>\n<p>Cerceii din lemn Unicat, lucra\u021bi \u00een exclusivitate \u00een Atelierul RedOwlCraft\u00ae, sunt o \u00eembinare a me\u0219te\u0219ugului traditional cu cel modern. \u00cempletim \u00een f\u0103urirea lor vechea tehnic\u0103 a intarsiei cu frumuse\u021bea picturii manuale.<\/p>\n<p>Fiecare pereche este realizat\u0103 cu aten\u021bie \u0219i r\u0103bdare, buc\u0103\u021belele de lemn fiind pictate cu migal\u0103 pentru a forma un design armonios \u0219i elegant<\/p>\n<p>Tehnica intarsiei adaug\u0103 un plus de rafinament, av\u00e2nd la baz\u0103 \u00eembinarea pieselor de lemn \u00eentr-un mod care pune \u00een eviden\u021b\u0103 textura natural\u0103 a lemnului cu nuan\u021bele \u00een care acesta este pictat.<\/p>\n<p>Aceste bijuterii sunt o alegere perfect\u0103 pentru cei care apreciaz\u0103 produsele Unicat lucrate manual. Designul lor elegant si deosebit le face potrivite at\u00e2t pentru o \u021binut\u0103 de zi cu zi, c\u00e2t \u0219i pentru ocazii speciale, ad\u0103ug\u00e2nd un strop de personalitate oric\u0103rei \u021binute.<\/p>\n<h4><strong>Specifications:<\/strong><\/h4>\n<p>Buc\u0103tic\u0103 de lemn lucrat\u0103 integral \u00een atelierul RedOwlCraft\u00ae, \u00eensotit\u0103 de elemente de baz\u0103 fabricate din o\u021bel inoxidabil de \u00eenalt\u0103 calitate, antialergenic.<\/p>\n<p>Beech wood<br \/>\nCuloare: nuc, l\u0103cuit cu lac pe baz\u0103 de ap\u0103 si pictat \u00een acrilic<br \/>\nDimensiuni: 5&#215;3 cm<br \/>\nGreutate: 5g<\/p>\n<p>Rezistenti la apa; cerceii pot fi purtati impreuna cu uleiul esential preferat; pot fi folosite 1 max 2 picaturi de ulei esential la cateva zile.<\/p>\n<p>This is a quality product handcrafted by specialized and passionate staff. It is made of living wood, so the wood may have imperfections and specific characteristics. These particular characteristics should not be considered as defects, but only as peculiarities of the wood. Any type of wood or conglomerate of wood, will suffer changes after exposure to high humidity or excessive heat especially when the object is new, be careful to avoid rain, direct exposure to direct sunlight or in any case, contact with liquids; (for the above reasons, there is no craftsmanship in wood or carpentry that offers warranty).<\/p>\n<p>THANK YOU SO MUCH FOR SUPPORTING AND LOOKING FOR INDEPENDENT ARTISTS!!!!<\/p>\n<p>Creat si produs de RedOwl Craft\u00ae \u2013 Colectie 202<span style=\"font-size: 1rem;\">6<\/span><\/p>","protected":false},"excerpt":{"rendered":"<p>Cerceii din lemn Unicat, lucra\u021bi \u00een exclusivitate \u00een Atelierul RedOwlCraft\u00ae, sunt o \u00eembinare a me\u0219te\u0219ugului traditional cu cel modern. \u00cempletim \u00een f\u0103urirea lor vechea tehnic\u0103 a intarsiei cu frumuse\u021bea picturii manuale.<\/p>","protected":false},"featured_media":29090,"comment_status":"open","ping_status":"closed","template":"","meta":{"inline_featured_image":false},"product_brand":[],"product_cat":[286,266,298],"product_tag":[],"class_list":{"0":"post-29116","1":"product","2":"type-product","3":"status-publish","4":"has-post-thumbnail","6":"product_cat-cercei-intarsie-mosaic","7":"product_cat-intarsii","8":"product_cat-toate-produsele","10":"first","11":"instock","12":"taxable","13":"shipping-taxable","14":"purchasable","15":"product-type-simple"},"yoast_head":"<!-- This site is optimized with the Yoast SEO plugin v26.5 - https:\/\/yoast.com\/wordpress\/plugins\/seo\/ -->\n<title>Cercei din Lemn Intarsie Mosaic - Wenge 3 - RedOwlCraft<\/title>\n<meta name=\"robots\" content=\"index, follow, max-snippet:-1, max-image-preview:large, max-video-preview:-1\" \/>\n<link rel=\"canonical\" href=\"https:\/\/www.redowlcraft.ro\/en\/product\/cercei-din-lemn-intarsie-mosaic-wenge-3\/\" \/>\n<meta property=\"og:locale\" content=\"en_US\" \/>\n<meta property=\"og:type\" content=\"article\" \/>\n<meta property=\"og:title\" content=\"Cercei din Lemn Intarsie Mosaic - Wenge 3 - RedOwlCraft\" \/>\n<meta property=\"og:description\" content=\"Cerceii din lemn Unicat, lucra\u021bi \u00een exclusivitate \u00een Atelierul RedOwlCraft\u00ae, sunt o \u00eembinare a me\u0219te\u0219ugului traditional cu cel modern. \u00cempletim \u00een f\u0103urirea lor vechea tehnic\u0103 a intarsiei cu frumuse\u021bea picturii manuale.\" \/>\n<meta property=\"og:url\" content=\"https:\/\/www.redowlcraft.ro\/en\/product\/cercei-din-lemn-intarsie-mosaic-wenge-3\/\" \/>\n<meta property=\"og:site_name\" content=\"RedOwlCraft\" \/>\n<meta property=\"article:modified_time\" content=\"2026-04-30T17:32:57+00:00\" \/>\n<meta property=\"og:image\" content=\"https:\/\/www.redowlcraft.ro\/wp-content\/uploads\/2026\/04\/Cercei-Intarsie-Mosaic-Wenge-3-Fata.jpg\" \/>\n\t<meta property=\"og:image:width\" content=\"1500\" \/>\n\t<meta property=\"og:image:height\" content=\"1500\" \/>\n\t<meta property=\"og:image:type\" content=\"image\/jpeg\" \/>\n<meta name=\"twitter:card\" content=\"summary_large_image\" \/>\n<meta name=\"twitter:label1\" content=\"Est. reading time\" \/>\n\t<meta name=\"twitter:data1\" content=\"2 minutes\" \/>\n<script type=\"application\/ld+json\" class=\"yoast-schema-graph\">{\"@context\":\"https:\/\/schema.org\",\"@graph\":[{\"@type\":\"WebPage\",\"@id\":\"https:\/\/www.redowlcraft.ro\/produs\/cercei-din-lemn-intarsie-mosaic-wenge-3\/\",\"url\":\"https:\/\/www.redowlcraft.ro\/produs\/cercei-din-lemn-intarsie-mosaic-wenge-3\/\",\"name\":\"Cercei din Lemn Intarsie Mosaic - Wenge 3 - RedOwlCraft\",\"isPartOf\":{\"@id\":\"https:\/\/www.redowlcraft.ro\/#website\"},\"primaryImageOfPage\":{\"@id\":\"https:\/\/www.redowlcraft.ro\/produs\/cercei-din-lemn-intarsie-mosaic-wenge-3\/#primaryimage\"},\"image\":{\"@id\":\"https:\/\/www.redowlcraft.ro\/produs\/cercei-din-lemn-intarsie-mosaic-wenge-3\/#primaryimage\"},\"thumbnailUrl\":\"https:\/\/www.redowlcraft.ro\/wp-content\/uploads\/2026\/04\/Cercei-Intarsie-Mosaic-Wenge-3-Fata.jpg\",\"datePublished\":\"2026-04-30T17:27:24+00:00\",\"dateModified\":\"2026-04-30T17:32:57+00:00\",\"breadcrumb\":{\"@id\":\"https:\/\/www.redowlcraft.ro\/produs\/cercei-din-lemn-intarsie-mosaic-wenge-3\/#breadcrumb\"},\"inLanguage\":\"en-US\",\"potentialAction\":[{\"@type\":\"ReadAction\",\"target\":[\"https:\/\/www.redowlcraft.ro\/produs\/cercei-din-lemn-intarsie-mosaic-wenge-3\/\"]}]},{\"@type\":\"ImageObject\",\"inLanguage\":\"en-US\",\"@id\":\"https:\/\/www.redowlcraft.ro\/produs\/cercei-din-lemn-intarsie-mosaic-wenge-3\/#primaryimage\",\"url\":\"https:\/\/www.redowlcraft.ro\/wp-content\/uploads\/2026\/04\/Cercei-Intarsie-Mosaic-Wenge-3-Fata.jpg\",\"contentUrl\":\"https:\/\/www.redowlcraft.ro\/wp-content\/uploads\/2026\/04\/Cercei-Intarsie-Mosaic-Wenge-3-Fata.jpg\",\"width\":1500,\"height\":1500},{\"@type\":\"BreadcrumbList\",\"@id\":\"https:\/\/www.redowlcraft.ro\/produs\/cercei-din-lemn-intarsie-mosaic-wenge-3\/#breadcrumb\",\"itemListElement\":[{\"@type\":\"ListItem\",\"position\":1,\"name\":\"Prima pagin\u0103\",\"item\":\"https:\/\/www.redowlcraft.ro\/\"},{\"@type\":\"ListItem\",\"position\":2,\"name\":\"Magazin\",\"item\":\"https:\/\/www.redowlcraft.ro\/magazin\/\"},{\"@type\":\"ListItem\",\"position\":3,\"name\":\"Cercei din Lemn Intarsie Mosaic &#8211; Wenge 3\"}]},{\"@type\":\"WebSite\",\"@id\":\"https:\/\/www.redowlcraft.ro\/#website\",\"url\":\"https:\/\/www.redowlcraft.ro\/\",\"name\":\"RedOwlCraft\",\"description\":\"See yourself in a piece of wood!\",\"publisher\":{\"@id\":\"https:\/\/www.redowlcraft.ro\/#organization\"},\"potentialAction\":[{\"@type\":\"SearchAction\",\"target\":{\"@type\":\"EntryPoint\",\"urlTemplate\":\"https:\/\/www.redowlcraft.ro\/?s={search_term_string}\"},\"query-input\":{\"@type\":\"PropertyValueSpecification\",\"valueRequired\":true,\"valueName\":\"search_term_string\"}}],\"inLanguage\":\"en-US\"},{\"@type\":\"Organization\",\"@id\":\"https:\/\/www.redowlcraft.ro\/#organization\",\"name\":\"RedOwlCraft\",\"url\":\"https:\/\/www.redowlcraft.ro\/\",\"logo\":{\"@type\":\"ImageObject\",\"inLanguage\":\"en-US\",\"@id\":\"https:\/\/www.redowlcraft.ro\/#\/schema\/logo\/image\/\",\"url\":\"https:\/\/www.redowlcraft.ro\/wp-content\/uploads\/2024\/03\/cropped-logo-4.png\",\"contentUrl\":\"https:\/\/www.redowlcraft.ro\/wp-content\/uploads\/2024\/03\/cropped-logo-4.png\",\"width\":1103,\"height\":250,\"caption\":\"RedOwlCraft\"},\"image\":{\"@id\":\"https:\/\/www.redowlcraft.ro\/#\/schema\/logo\/image\/\"}}]}<\/script>\n<!-- \/ Yoast SEO plugin. -->","yoast_head_json":{"title":"Cercei din Lemn Intarsie Mosaic - Wenge 3 - RedOwlCraft","robots":{"index":"index","follow":"follow","max-snippet":"max-snippet:-1","max-image-preview":"max-image-preview:large","max-video-preview":"max-video-preview:-1"},"canonical":"https:\/\/www.redowlcraft.ro\/en\/product\/cercei-din-lemn-intarsie-mosaic-wenge-3\/","og_locale":"en_US","og_type":"article","og_title":"Cercei din Lemn Intarsie Mosaic - Wenge 3 - RedOwlCraft","og_description":"Cerceii din lemn Unicat, lucra\u021bi \u00een exclusivitate \u00een Atelierul RedOwlCraft\u00ae, sunt o \u00eembinare a me\u0219te\u0219ugului traditional cu cel modern. \u00cempletim \u00een f\u0103urirea lor vechea tehnic\u0103 a intarsiei cu frumuse\u021bea picturii manuale.","og_url":"https:\/\/www.redowlcraft.ro\/en\/product\/cercei-din-lemn-intarsie-mosaic-wenge-3\/","og_site_name":"RedOwlCraft","article_modified_time":"2026-04-30T17:32:57+00:00","og_image":[{"width":1500,"height":1500,"url":"https:\/\/www.redowlcraft.ro\/wp-content\/uploads\/2026\/04\/Cercei-Intarsie-Mosaic-Wenge-3-Fata.jpg","type":"image\/jpeg"}],"twitter_card":"summary_large_image","twitter_misc":{"Est. reading time":"2 minutes"},"schema":{"@context":"https:\/\/schema.org","@graph":[{"@type":"WebPage","@id":"https:\/\/www.redowlcraft.ro\/produs\/cercei-din-lemn-intarsie-mosaic-wenge-3\/","url":"https:\/\/www.redowlcraft.ro\/produs\/cercei-din-lemn-intarsie-mosaic-wenge-3\/","name":"Cercei din Lemn Intarsie Mosaic - Wenge 3 - RedOwlCraft","isPartOf":{"@id":"https:\/\/www.redowlcraft.ro\/#website"},"primaryImageOfPage":{"@id":"https:\/\/www.redowlcraft.ro\/produs\/cercei-din-lemn-intarsie-mosaic-wenge-3\/#primaryimage"},"image":{"@id":"https:\/\/www.redowlcraft.ro\/produs\/cercei-din-lemn-intarsie-mosaic-wenge-3\/#primaryimage"},"thumbnailUrl":"https:\/\/www.redowlcraft.ro\/wp-content\/uploads\/2026\/04\/Cercei-Intarsie-Mosaic-Wenge-3-Fata.jpg","datePublished":"2026-04-30T17:27:24+00:00","dateModified":"2026-04-30T17:32:57+00:00","breadcrumb":{"@id":"https:\/\/www.redowlcraft.ro\/produs\/cercei-din-lemn-intarsie-mosaic-wenge-3\/#breadcrumb"},"inLanguage":"en-US","potentialAction":[{"@type":"ReadAction","target":["https:\/\/www.redowlcraft.ro\/produs\/cercei-din-lemn-intarsie-mosaic-wenge-3\/"]}]},{"@type":"ImageObject","inLanguage":"en-US","@id":"https:\/\/www.redowlcraft.ro\/produs\/cercei-din-lemn-intarsie-mosaic-wenge-3\/#primaryimage","url":"https:\/\/www.redowlcraft.ro\/wp-content\/uploads\/2026\/04\/Cercei-Intarsie-Mosaic-Wenge-3-Fata.jpg","contentUrl":"https:\/\/www.redowlcraft.ro\/wp-content\/uploads\/2026\/04\/Cercei-Intarsie-Mosaic-Wenge-3-Fata.jpg","width":1500,"height":1500},{"@type":"BreadcrumbList","@id":"https:\/\/www.redowlcraft.ro\/produs\/cercei-din-lemn-intarsie-mosaic-wenge-3\/#breadcrumb","itemListElement":[{"@type":"ListItem","position":1,"name":"Prima pagin\u0103","item":"https:\/\/www.redowlcraft.ro\/"},{"@type":"ListItem","position":2,"name":"Magazin","item":"https:\/\/www.redowlcraft.ro\/magazin\/"},{"@type":"ListItem","position":3,"name":"Cercei din Lemn Intarsie Mosaic &#8211; Wenge 3"}]},{"@type":"WebSite","@id":"https:\/\/www.redowlcraft.ro\/#website","url":"https:\/\/www.redowlcraft.ro\/","name":"RedOwlCraft","description":"See yourself in a piece of wood!","publisher":{"@id":"https:\/\/www.redowlcraft.ro\/#organization"},"potentialAction":[{"@type":"SearchAction","target":{"@type":"EntryPoint","urlTemplate":"https:\/\/www.redowlcraft.ro\/?s={search_term_string}"},"query-input":{"@type":"PropertyValueSpecification","valueRequired":true,"valueName":"search_term_string"}}],"inLanguage":"en-US"},{"@type":"Organization","@id":"https:\/\/www.redowlcraft.ro\/#organization","name":"RedOwlCraft","url":"https:\/\/www.redowlcraft.ro\/","logo":{"@type":"ImageObject","inLanguage":"en-US","@id":"https:\/\/www.redowlcraft.ro\/#\/schema\/logo\/image\/","url":"https:\/\/www.redowlcraft.ro\/wp-content\/uploads\/2024\/03\/cropped-logo-4.png","contentUrl":"https:\/\/www.redowlcraft.ro\/wp-content\/uploads\/2024\/03\/cropped-logo-4.png","width":1103,"height":250,"caption":"RedOwlCraft"},"image":{"@id":"https:\/\/www.redowlcraft.ro\/#\/schema\/logo\/image\/"}}]}},"_links":{"self":[{"href":"https:\/\/www.redowlcraft.ro\/en\/wp-json\/wp\/v2\/product\/29116","targetHints":{"allow":["GET"]}}],"collection":[{"href":"https:\/\/www.redowlcraft.ro\/en\/wp-json\/wp\/v2\/product"}],"about":[{"href":"https:\/\/www.redowlcraft.ro\/en\/wp-json\/wp\/v2\/types\/product"}],"replies":[{"embeddable":true,"href":"https:\/\/www.redowlcraft.ro\/en\/wp-json\/wp\/v2\/comments?post=29116"}],"wp:featuredmedia":[{"embeddable":true,"href":"https:\/\/www.redowlcraft.ro\/en\/wp-json\/wp\/v2\/media\/29090"}],"wp:attachment":[{"href":"https:\/\/www.redowlcraft.ro\/en\/wp-json\/wp\/v2\/media?parent=29116"}],"wp:term":[{"taxonomy":"product_brand","embeddable":true,"href":"https:\/\/www.redowlcraft.ro\/en\/wp-json\/wp\/v2\/product_brand?post=29116"},{"taxonomy":"product_cat","embeddable":true,"href":"https:\/\/www.redowlcraft.ro\/en\/wp-json\/wp\/v2\/product_cat?post=29116"},{"taxonomy":"product_tag","embeddable":true,"href":"https:\/\/www.redowlcraft.ro\/en\/wp-json\/wp\/v2\/product_tag?post=29116"}],"curies":[{"name":"wp","href":"https:\/\/api.w.org\/{rel}","templated":true}]}}