{"id":28978,"date":"2026-04-16T19:09:39","date_gmt":"2026-04-16T17:09:39","guid":{"rendered":"https:\/\/www.redowlcraft.ro\/?post_type=product&#038;p=28978"},"modified":"2026-04-17T12:29:30","modified_gmt":"2026-04-17T10:29:30","slug":"decoratiune-din-lemn-pictata-manual-tacerea-care-admira","status":"publish","type":"product","link":"https:\/\/www.redowlcraft.ro\/en\/product\/decoratiune-din-lemn-pictata-manual-tacerea-care-admira\/","title":{"rendered":"Decora\u021biune din lemn pictat\u0103 manual &#8211; T\u0103cerea care Admir\u0103"},"content":{"rendered":"<div class=\"xdj266r x14z9mp xat24cr x1lziwak x1vvkbs x126k92a\">\n<p dir=\"auto\"><span style=\"font-size: 16px;\"><strong>&#8220;Tacerea care Admira&#8221;<\/strong> &#8211; din gama de Tablouri pictate pe lemn &#8211; <strong>&#8220;Mesaje din Gradina&#8221;<\/strong><\/span><\/p>\n<p dir=\"auto\"><span style=\"font-size: 16px;\"><span style=\"font-weight: 400;\">Te admir cu tot rafinamentul meu &#8211; <\/span><strong>Orhideea<\/strong><span style=\"font-weight: 400;\">,<br \/>\n<\/span>Te \u00een\u021beleg cu toat\u0103 mintea mea &#8211; <strong>Irisul<\/strong>.<br \/>\nM\u0103 g\u00e2ndesc la tine c\u00e2nd nu ar trebui &#8211; <strong>Panseluta<\/strong> si a\u0219tept:<br \/>\n<strong>Anemona<\/strong> &#8211; frumuse\u021bea ta efemer\u0103 merit\u0103 orice a\u0219teptare, chiar dac\u0103 \u0219tiu c\u0103 iubirea doare.<\/span><\/p>\n<\/div>\n<div dir=\"auto\"><\/div>\n<div dir=\"auto\"><\/div>\n<div dir=\"auto\">\n<p>Specifications:<br \/>\nArt Deco object 4 layers with wall hanging bracket<br \/>\nCrafted from wood, hand-painted with acrylic brushwork, treated with varnish<br \/>\nDimensiuni: 30x23x1.3cm, Greutate: 100g<\/p>\n<p>&nbsp;<\/p>\n<p>All our products are handcrafted and hand-painted with care, patience, and love for detail.\u00a0<strong>Tocmai de aceea, fiecare obiect este unic \u0219i prezint\u0103 diferen\u021be fa\u021b\u0103 de imaginile afi\u0219ate pe site.<\/strong><\/p>\n<\/div>\n<p>We strive for the delivered pieces to be as close as possible to the presented model, but the true beauty of handmade work lies in the fact that no creation is ever identical to another. These variations are not flaws, but expressions of authenticity and the artisanal character of each product.<\/p>\n<p>Thank you for your understanding and for appreciating the uniqueness of handmade work!<\/p>\n<p>Colec\u021bie 2026<\/p>","protected":false},"excerpt":{"rendered":"<p><span style=\"font-size: 16px;\"><strong>&#8220;Tacerea care Admira&#8221;<\/strong> &#8211; din gama de Tablouri pictate pe lemn &#8211; <strong>&#8220;Mesaje din Gradina&#8221;<\/strong><\/span><\/p>","protected":false},"featured_media":28977,"comment_status":"open","ping_status":"closed","template":"","meta":{"inline_featured_image":false},"product_brand":[],"product_cat":[297,298,226,194],"product_tag":[],"class_list":{"0":"post-28978","1":"product","2":"type-product","3":"status-publish","4":"has-post-thumbnail","6":"product_cat-tablouri-mesaje-din-gradina","7":"product_cat-toate-produsele","8":"product_cat-highly-objects","9":"product_cat-obiecte-din-lemn-pictate","11":"first","12":"instock","13":"taxable","14":"shipping-taxable","15":"purchasable","16":"product-type-simple"},"yoast_head":"<!-- This site is optimized with the Yoast SEO plugin v26.5 - https:\/\/yoast.com\/wordpress\/plugins\/seo\/ -->\n<title>Decora\u021biune din lemn pictat\u0103 manual - T\u0103cerea care Admir\u0103 - RedOwlCraft<\/title>\n<meta name=\"robots\" content=\"index, follow, max-snippet:-1, max-image-preview:large, max-video-preview:-1\" \/>\n<link rel=\"canonical\" href=\"https:\/\/www.redowlcraft.ro\/en\/product\/decoratiune-din-lemn-pictata-manual-tacerea-care-admira\/\" \/>\n<meta property=\"og:locale\" content=\"en_US\" \/>\n<meta property=\"og:type\" content=\"article\" \/>\n<meta property=\"og:title\" content=\"Decora\u021biune din lemn pictat\u0103 manual - T\u0103cerea care Admir\u0103 - RedOwlCraft\" \/>\n<meta property=\"og:description\" content=\"&quot;Tacerea care Admira&quot; - din gama de Tablouri pictate pe lemn - &quot;Mesaje din Gradina&quot;\" \/>\n<meta property=\"og:url\" content=\"https:\/\/www.redowlcraft.ro\/en\/product\/decoratiune-din-lemn-pictata-manual-tacerea-care-admira\/\" \/>\n<meta property=\"og:site_name\" content=\"RedOwlCraft\" \/>\n<meta property=\"article:modified_time\" content=\"2026-04-17T10:29:30+00:00\" \/>\n<meta property=\"og:image\" content=\"https:\/\/www.redowlcraft.ro\/wp-content\/uploads\/2026\/04\/Tacerea-care-Admira-Fata.jpg\" \/>\n\t<meta property=\"og:image:width\" content=\"1500\" \/>\n\t<meta property=\"og:image:height\" content=\"1500\" \/>\n\t<meta property=\"og:image:type\" content=\"image\/jpeg\" \/>\n<meta name=\"twitter:card\" content=\"summary_large_image\" \/>\n<meta name=\"twitter:label1\" content=\"Est. reading time\" \/>\n\t<meta name=\"twitter:data1\" content=\"2 minutes\" \/>\n<script type=\"application\/ld+json\" class=\"yoast-schema-graph\">{\"@context\":\"https:\/\/schema.org\",\"@graph\":[{\"@type\":\"WebPage\",\"@id\":\"https:\/\/www.redowlcraft.ro\/produs\/decoratiune-din-lemn-pictata-manual-tacerea-care-admira\/\",\"url\":\"https:\/\/www.redowlcraft.ro\/produs\/decoratiune-din-lemn-pictata-manual-tacerea-care-admira\/\",\"name\":\"Decora\u021biune din lemn pictat\u0103 manual - T\u0103cerea care Admir\u0103 - RedOwlCraft\",\"isPartOf\":{\"@id\":\"https:\/\/www.redowlcraft.ro\/#website\"},\"primaryImageOfPage\":{\"@id\":\"https:\/\/www.redowlcraft.ro\/produs\/decoratiune-din-lemn-pictata-manual-tacerea-care-admira\/#primaryimage\"},\"image\":{\"@id\":\"https:\/\/www.redowlcraft.ro\/produs\/decoratiune-din-lemn-pictata-manual-tacerea-care-admira\/#primaryimage\"},\"thumbnailUrl\":\"https:\/\/www.redowlcraft.ro\/wp-content\/uploads\/2026\/04\/Tacerea-care-Admira-Fata.jpg\",\"datePublished\":\"2026-04-16T17:09:39+00:00\",\"dateModified\":\"2026-04-17T10:29:30+00:00\",\"breadcrumb\":{\"@id\":\"https:\/\/www.redowlcraft.ro\/produs\/decoratiune-din-lemn-pictata-manual-tacerea-care-admira\/#breadcrumb\"},\"inLanguage\":\"en-US\",\"potentialAction\":[{\"@type\":\"ReadAction\",\"target\":[\"https:\/\/www.redowlcraft.ro\/produs\/decoratiune-din-lemn-pictata-manual-tacerea-care-admira\/\"]}]},{\"@type\":\"ImageObject\",\"inLanguage\":\"en-US\",\"@id\":\"https:\/\/www.redowlcraft.ro\/produs\/decoratiune-din-lemn-pictata-manual-tacerea-care-admira\/#primaryimage\",\"url\":\"https:\/\/www.redowlcraft.ro\/wp-content\/uploads\/2026\/04\/Tacerea-care-Admira-Fata.jpg\",\"contentUrl\":\"https:\/\/www.redowlcraft.ro\/wp-content\/uploads\/2026\/04\/Tacerea-care-Admira-Fata.jpg\",\"width\":1500,\"height\":1500},{\"@type\":\"BreadcrumbList\",\"@id\":\"https:\/\/www.redowlcraft.ro\/produs\/decoratiune-din-lemn-pictata-manual-tacerea-care-admira\/#breadcrumb\",\"itemListElement\":[{\"@type\":\"ListItem\",\"position\":1,\"name\":\"Prima pagin\u0103\",\"item\":\"https:\/\/www.redowlcraft.ro\/\"},{\"@type\":\"ListItem\",\"position\":2,\"name\":\"Magazin\",\"item\":\"https:\/\/www.redowlcraft.ro\/magazin\/\"},{\"@type\":\"ListItem\",\"position\":3,\"name\":\"Decora\u021biune din lemn pictat\u0103 manual &#8211; T\u0103cerea care Admir\u0103\"}]},{\"@type\":\"WebSite\",\"@id\":\"https:\/\/www.redowlcraft.ro\/#website\",\"url\":\"https:\/\/www.redowlcraft.ro\/\",\"name\":\"RedOwlCraft\",\"description\":\"See yourself in a piece of wood!\",\"publisher\":{\"@id\":\"https:\/\/www.redowlcraft.ro\/#organization\"},\"potentialAction\":[{\"@type\":\"SearchAction\",\"target\":{\"@type\":\"EntryPoint\",\"urlTemplate\":\"https:\/\/www.redowlcraft.ro\/?s={search_term_string}\"},\"query-input\":{\"@type\":\"PropertyValueSpecification\",\"valueRequired\":true,\"valueName\":\"search_term_string\"}}],\"inLanguage\":\"en-US\"},{\"@type\":\"Organization\",\"@id\":\"https:\/\/www.redowlcraft.ro\/#organization\",\"name\":\"RedOwlCraft\",\"url\":\"https:\/\/www.redowlcraft.ro\/\",\"logo\":{\"@type\":\"ImageObject\",\"inLanguage\":\"en-US\",\"@id\":\"https:\/\/www.redowlcraft.ro\/#\/schema\/logo\/image\/\",\"url\":\"https:\/\/www.redowlcraft.ro\/wp-content\/uploads\/2024\/03\/cropped-logo-4.png\",\"contentUrl\":\"https:\/\/www.redowlcraft.ro\/wp-content\/uploads\/2024\/03\/cropped-logo-4.png\",\"width\":1103,\"height\":250,\"caption\":\"RedOwlCraft\"},\"image\":{\"@id\":\"https:\/\/www.redowlcraft.ro\/#\/schema\/logo\/image\/\"}}]}<\/script>\n<!-- \/ Yoast SEO plugin. -->","yoast_head_json":{"title":"Decora\u021biune din lemn pictat\u0103 manual - T\u0103cerea care Admir\u0103 - RedOwlCraft","robots":{"index":"index","follow":"follow","max-snippet":"max-snippet:-1","max-image-preview":"max-image-preview:large","max-video-preview":"max-video-preview:-1"},"canonical":"https:\/\/www.redowlcraft.ro\/en\/product\/decoratiune-din-lemn-pictata-manual-tacerea-care-admira\/","og_locale":"en_US","og_type":"article","og_title":"Decora\u021biune din lemn pictat\u0103 manual - T\u0103cerea care Admir\u0103 - RedOwlCraft","og_description":"\"Tacerea care Admira\" - din gama de Tablouri pictate pe lemn - \"Mesaje din Gradina\"","og_url":"https:\/\/www.redowlcraft.ro\/en\/product\/decoratiune-din-lemn-pictata-manual-tacerea-care-admira\/","og_site_name":"RedOwlCraft","article_modified_time":"2026-04-17T10:29:30+00:00","og_image":[{"width":1500,"height":1500,"url":"https:\/\/www.redowlcraft.ro\/wp-content\/uploads\/2026\/04\/Tacerea-care-Admira-Fata.jpg","type":"image\/jpeg"}],"twitter_card":"summary_large_image","twitter_misc":{"Est. reading time":"2 minutes"},"schema":{"@context":"https:\/\/schema.org","@graph":[{"@type":"WebPage","@id":"https:\/\/www.redowlcraft.ro\/produs\/decoratiune-din-lemn-pictata-manual-tacerea-care-admira\/","url":"https:\/\/www.redowlcraft.ro\/produs\/decoratiune-din-lemn-pictata-manual-tacerea-care-admira\/","name":"Decora\u021biune din lemn pictat\u0103 manual - T\u0103cerea care Admir\u0103 - RedOwlCraft","isPartOf":{"@id":"https:\/\/www.redowlcraft.ro\/#website"},"primaryImageOfPage":{"@id":"https:\/\/www.redowlcraft.ro\/produs\/decoratiune-din-lemn-pictata-manual-tacerea-care-admira\/#primaryimage"},"image":{"@id":"https:\/\/www.redowlcraft.ro\/produs\/decoratiune-din-lemn-pictata-manual-tacerea-care-admira\/#primaryimage"},"thumbnailUrl":"https:\/\/www.redowlcraft.ro\/wp-content\/uploads\/2026\/04\/Tacerea-care-Admira-Fata.jpg","datePublished":"2026-04-16T17:09:39+00:00","dateModified":"2026-04-17T10:29:30+00:00","breadcrumb":{"@id":"https:\/\/www.redowlcraft.ro\/produs\/decoratiune-din-lemn-pictata-manual-tacerea-care-admira\/#breadcrumb"},"inLanguage":"en-US","potentialAction":[{"@type":"ReadAction","target":["https:\/\/www.redowlcraft.ro\/produs\/decoratiune-din-lemn-pictata-manual-tacerea-care-admira\/"]}]},{"@type":"ImageObject","inLanguage":"en-US","@id":"https:\/\/www.redowlcraft.ro\/produs\/decoratiune-din-lemn-pictata-manual-tacerea-care-admira\/#primaryimage","url":"https:\/\/www.redowlcraft.ro\/wp-content\/uploads\/2026\/04\/Tacerea-care-Admira-Fata.jpg","contentUrl":"https:\/\/www.redowlcraft.ro\/wp-content\/uploads\/2026\/04\/Tacerea-care-Admira-Fata.jpg","width":1500,"height":1500},{"@type":"BreadcrumbList","@id":"https:\/\/www.redowlcraft.ro\/produs\/decoratiune-din-lemn-pictata-manual-tacerea-care-admira\/#breadcrumb","itemListElement":[{"@type":"ListItem","position":1,"name":"Prima pagin\u0103","item":"https:\/\/www.redowlcraft.ro\/"},{"@type":"ListItem","position":2,"name":"Magazin","item":"https:\/\/www.redowlcraft.ro\/magazin\/"},{"@type":"ListItem","position":3,"name":"Decora\u021biune din lemn pictat\u0103 manual &#8211; T\u0103cerea care Admir\u0103"}]},{"@type":"WebSite","@id":"https:\/\/www.redowlcraft.ro\/#website","url":"https:\/\/www.redowlcraft.ro\/","name":"RedOwlCraft","description":"See yourself in a piece of wood!","publisher":{"@id":"https:\/\/www.redowlcraft.ro\/#organization"},"potentialAction":[{"@type":"SearchAction","target":{"@type":"EntryPoint","urlTemplate":"https:\/\/www.redowlcraft.ro\/?s={search_term_string}"},"query-input":{"@type":"PropertyValueSpecification","valueRequired":true,"valueName":"search_term_string"}}],"inLanguage":"en-US"},{"@type":"Organization","@id":"https:\/\/www.redowlcraft.ro\/#organization","name":"RedOwlCraft","url":"https:\/\/www.redowlcraft.ro\/","logo":{"@type":"ImageObject","inLanguage":"en-US","@id":"https:\/\/www.redowlcraft.ro\/#\/schema\/logo\/image\/","url":"https:\/\/www.redowlcraft.ro\/wp-content\/uploads\/2024\/03\/cropped-logo-4.png","contentUrl":"https:\/\/www.redowlcraft.ro\/wp-content\/uploads\/2024\/03\/cropped-logo-4.png","width":1103,"height":250,"caption":"RedOwlCraft"},"image":{"@id":"https:\/\/www.redowlcraft.ro\/#\/schema\/logo\/image\/"}}]}},"_links":{"self":[{"href":"https:\/\/www.redowlcraft.ro\/en\/wp-json\/wp\/v2\/product\/28978","targetHints":{"allow":["GET"]}}],"collection":[{"href":"https:\/\/www.redowlcraft.ro\/en\/wp-json\/wp\/v2\/product"}],"about":[{"href":"https:\/\/www.redowlcraft.ro\/en\/wp-json\/wp\/v2\/types\/product"}],"replies":[{"embeddable":true,"href":"https:\/\/www.redowlcraft.ro\/en\/wp-json\/wp\/v2\/comments?post=28978"}],"wp:featuredmedia":[{"embeddable":true,"href":"https:\/\/www.redowlcraft.ro\/en\/wp-json\/wp\/v2\/media\/28977"}],"wp:attachment":[{"href":"https:\/\/www.redowlcraft.ro\/en\/wp-json\/wp\/v2\/media?parent=28978"}],"wp:term":[{"taxonomy":"product_brand","embeddable":true,"href":"https:\/\/www.redowlcraft.ro\/en\/wp-json\/wp\/v2\/product_brand?post=28978"},{"taxonomy":"product_cat","embeddable":true,"href":"https:\/\/www.redowlcraft.ro\/en\/wp-json\/wp\/v2\/product_cat?post=28978"},{"taxonomy":"product_tag","embeddable":true,"href":"https:\/\/www.redowlcraft.ro\/en\/wp-json\/wp\/v2\/product_tag?post=28978"}],"curies":[{"name":"wp","href":"https:\/\/api.w.org\/{rel}","templated":true}]}}