{"id":28571,"date":"2026-02-19T17:51:04","date_gmt":"2026-02-19T15:51:04","guid":{"rendered":"https:\/\/www.redowlcraft.ro\/?post_type=product&#038;p=28571"},"modified":"2026-04-17T19:01:59","modified_gmt":"2026-04-17T17:01:59","slug":"amuleta-totem-pandantiv-din-lemn-the-bear-spirit","status":"publish","type":"product","link":"https:\/\/www.redowlcraft.ro\/en\/product\/amuleta-totem-pandantiv-din-lemn-the-bear-spirit\/","title":{"rendered":"Amuleta Totem &#8211; Pandantiv din Lemn The Bear Spirit"},"content":{"rendered":"<p>Spiritul Ursului ne <span class=\"word modified\" data-words=\"v\u0103,va\">va<\/span> <span class=\"word\" data-words=\"ghid\u0103,ghida\">ghida<\/span> spre a <span class=\"word\" data-words=\"g\u0103si,gasi\">g\u0103si<\/span> <span class=\"word\" data-words=\"esen\u021b\u0103,esen\u021ba,esenta\">esen\u021b\u0103<\/span> interiorului nostru <span class=\"word\" data-words=\"\u0219i,si\">\u0219i<\/span> <span class=\"word modified\" data-words=\"v\u0103,va\">va<\/span> <span class=\"word\" data-words=\"crea,cre\u0103\">crea<\/span> un <span class=\"word modified\" data-words=\"spatiu,spa\u021biu\">spa\u021biu<\/span> special <span class=\"word\" data-words=\"\u00een,in\">\u00een<\/span> sedimentarea unei <span class=\"word\" data-words=\"funda\u021bii,fundatii\">funda\u021bii<\/span> menite <span class=\"word\" data-words=\"s\u0103,sa,\u0219a\">s\u0103<\/span> ne <span class=\"word modified\" data-words=\"\u0219u\u0219tin\u0103,sus\u021bin\u0103,sustina\">sus\u021bin\u0103<\/span> <span class=\"word\" data-words=\"\u00een,in\">\u00een<\/span> timpuri agitate.<\/p>\n<p>Ursul <span class=\"word\" data-words=\"simbolizeaz\u0103,simbolizeaza\">simbolizeaz\u0103<\/span> puterea <span class=\"word\" data-words=\"\u0219i,si\">\u0219i<\/span> curajul <span class=\"word\" data-words=\"vindec\u0103rii,vindecarii\">vindec\u0103rii<\/span> <span class=\"word\" data-words=\"at\u00e2t,a\u021b\u00e2\u021b,atat\">at\u00e2t<\/span> fizice <span class=\"word\" data-words=\"c\u00e2t,c\u0103t,c\u0103\u021b,cat\">c\u00e2t<\/span> <span class=\"word\" data-words=\"\u0219i,si\">\u0219i<\/span> <span class=\"word\" data-words=\"emo\u021bionale,emotionale\">emo\u021bionale<\/span> <span class=\"word\" data-words=\"\u0219i,si\">\u0219i<\/span> spirituale.<\/p>\n<p>Specifications:<br \/>\nPiesa Handmade cu snur de piele ecologica<br \/>\nBeech wood<br \/>\nCuloare: wenge, lacuit cu lac pe baza de apa<br \/>\nDimensiuni: 6.7&#215;3.5&#215;0.4cm, Greutate: 5g<\/p>\n<p>Rezistente la apa; amuletele pot fi purtate impreuna cu uleiul esential preferat; pot fi folosite 1 max 2 picaturi de ulei esential la cateva zile<br \/>\nAcesta este un produs de calitate realizat manual de personal specializat si pasionat. Este o lucrare din lemn viu, astfel lemnul poate sa aiba imperfectiuni si caracteristici specifice lui. Desi lemnul este lacuit cu lac pe baza de apa, deci rezistent la apa, expunerea indelungata a obiectului in apa poate duce la deteriorarea lui. Aceste caracteristici particulare, nu trebuie considerate defecte, ci doar particularitati ale lemnului. (Din motivele de mai sus, nu exista mestesug in lemn sau tamplarii care ofera garantie; prin urmare, declinam orice responsabilitate.)<\/p>\n<p>THANK YOU SO MUCH FOR SUPPORTING AND LOOKING FOR INDEPENDENT ARTISTS!!!!<\/p>\n<p>Designed and produced by RedOwl Craft - 2018 Collection<\/p>\n<div class=\"mt-1 flex gap-3 empty:hidden -ml-2\">\n<div class=\"items-center justify-start rounded-xl p-1 flex\">\n<div class=\"flex items-center\"><\/div>\n<\/div>\n<\/div>","protected":false},"excerpt":{"rendered":"<p>Ursul <span class=\"word\" data-words=\"simbolizeaz\u0103,simbolizeaza\">simbolizeaz\u0103<\/span> puterea <span class=\"word\" data-words=\"\u0219i,si\">\u0219i<\/span> curajul <span class=\"word\" data-words=\"vindec\u0103rii,vindecarii\">vindec\u0103rii<\/span> <span class=\"word\" data-words=\"at\u00e2t,a\u021b\u00e2\u021b,atat\">at\u00e2t<\/span> fizice <span class=\"word\" data-words=\"c\u00e2t,c\u0103t,c\u0103\u021b,cat\">c\u00e2t<\/span> <span class=\"word\" data-words=\"\u0219i,si\">\u0219i<\/span> <span class=\"word\" data-words=\"emo\u021bionale,emotionale\">emo\u021bionale<\/span> <span class=\"word\" data-words=\"\u0219i,si\">\u0219i<\/span> spirituale.<\/p>","protected":false},"featured_media":26456,"comment_status":"open","ping_status":"closed","template":"","meta":{"inline_featured_image":false},"product_brand":[],"product_cat":[298,196,201],"product_tag":[256],"class_list":{"0":"post-28571","1":"product","2":"type-product","3":"status-publish","4":"has-post-thumbnail","6":"product_cat-toate-produsele","7":"product_cat-amulete-simboluri","8":"product_cat-totemuri","9":"product_tag-wenge","11":"first","12":"instock","13":"sale","14":"taxable","15":"shipping-taxable","16":"purchasable","17":"product-type-simple"},"yoast_head":"<!-- This site is optimized with the Yoast SEO plugin v26.5 - https:\/\/yoast.com\/wordpress\/plugins\/seo\/ -->\n<title>Amuleta Totem - Pandantiv din Lemn The Bear Spirit - RedOwlCraft<\/title>\n<meta name=\"robots\" content=\"index, follow, max-snippet:-1, max-image-preview:large, max-video-preview:-1\" \/>\n<link rel=\"canonical\" href=\"https:\/\/www.redowlcraft.ro\/en\/product\/amuleta-totem-pandantiv-din-lemn-the-bear-spirit\/\" \/>\n<meta property=\"og:locale\" content=\"en_US\" \/>\n<meta property=\"og:type\" content=\"article\" \/>\n<meta property=\"og:title\" content=\"Amuleta Totem - Pandantiv din Lemn The Bear Spirit - RedOwlCraft\" \/>\n<meta property=\"og:description\" content=\"Ursul simbolizeaz\u0103 puterea \u0219i curajul vindec\u0103rii at\u00e2t fizice c\u00e2t \u0219i emo\u021bionale \u0219i spirituale.\" \/>\n<meta property=\"og:url\" content=\"https:\/\/www.redowlcraft.ro\/en\/product\/amuleta-totem-pandantiv-din-lemn-the-bear-spirit\/\" \/>\n<meta property=\"og:site_name\" content=\"RedOwlCraft\" \/>\n<meta property=\"article:modified_time\" content=\"2026-04-17T17:01:59+00:00\" \/>\n<meta property=\"og:image\" content=\"https:\/\/www.redowlcraft.ro\/wp-content\/uploads\/2024\/09\/The-Bear-Spirit-Fata.jpg\" \/>\n\t<meta property=\"og:image:width\" content=\"1500\" \/>\n\t<meta property=\"og:image:height\" content=\"1500\" \/>\n\t<meta property=\"og:image:type\" content=\"image\/jpeg\" \/>\n<meta name=\"twitter:card\" content=\"summary_large_image\" \/>\n<meta name=\"twitter:label1\" content=\"Est. reading time\" \/>\n\t<meta name=\"twitter:data1\" content=\"2 minutes\" \/>\n<script type=\"application\/ld+json\" class=\"yoast-schema-graph\">{\"@context\":\"https:\/\/schema.org\",\"@graph\":[{\"@type\":\"WebPage\",\"@id\":\"https:\/\/www.redowlcraft.ro\/produs\/amuleta-totem-pandantiv-din-lemn-the-bear-spirit\/\",\"url\":\"https:\/\/www.redowlcraft.ro\/produs\/amuleta-totem-pandantiv-din-lemn-the-bear-spirit\/\",\"name\":\"Amuleta Totem - Pandantiv din Lemn The Bear Spirit - RedOwlCraft\",\"isPartOf\":{\"@id\":\"https:\/\/www.redowlcraft.ro\/#website\"},\"primaryImageOfPage\":{\"@id\":\"https:\/\/www.redowlcraft.ro\/produs\/amuleta-totem-pandantiv-din-lemn-the-bear-spirit\/#primaryimage\"},\"image\":{\"@id\":\"https:\/\/www.redowlcraft.ro\/produs\/amuleta-totem-pandantiv-din-lemn-the-bear-spirit\/#primaryimage\"},\"thumbnailUrl\":\"https:\/\/www.redowlcraft.ro\/wp-content\/uploads\/2024\/09\/The-Bear-Spirit-Fata.jpg\",\"datePublished\":\"2026-02-19T15:51:04+00:00\",\"dateModified\":\"2026-04-17T17:01:59+00:00\",\"breadcrumb\":{\"@id\":\"https:\/\/www.redowlcraft.ro\/produs\/amuleta-totem-pandantiv-din-lemn-the-bear-spirit\/#breadcrumb\"},\"inLanguage\":\"en-US\",\"potentialAction\":[{\"@type\":\"ReadAction\",\"target\":[\"https:\/\/www.redowlcraft.ro\/produs\/amuleta-totem-pandantiv-din-lemn-the-bear-spirit\/\"]}]},{\"@type\":\"ImageObject\",\"inLanguage\":\"en-US\",\"@id\":\"https:\/\/www.redowlcraft.ro\/produs\/amuleta-totem-pandantiv-din-lemn-the-bear-spirit\/#primaryimage\",\"url\":\"https:\/\/www.redowlcraft.ro\/wp-content\/uploads\/2024\/09\/The-Bear-Spirit-Fata.jpg\",\"contentUrl\":\"https:\/\/www.redowlcraft.ro\/wp-content\/uploads\/2024\/09\/The-Bear-Spirit-Fata.jpg\",\"width\":1500,\"height\":1500},{\"@type\":\"BreadcrumbList\",\"@id\":\"https:\/\/www.redowlcraft.ro\/produs\/amuleta-totem-pandantiv-din-lemn-the-bear-spirit\/#breadcrumb\",\"itemListElement\":[{\"@type\":\"ListItem\",\"position\":1,\"name\":\"Prima pagin\u0103\",\"item\":\"https:\/\/www.redowlcraft.ro\/\"},{\"@type\":\"ListItem\",\"position\":2,\"name\":\"Magazin\",\"item\":\"https:\/\/www.redowlcraft.ro\/magazin\/\"},{\"@type\":\"ListItem\",\"position\":3,\"name\":\"Amuleta Totem &#8211; Pandantiv din Lemn The Bear Spirit\"}]},{\"@type\":\"WebSite\",\"@id\":\"https:\/\/www.redowlcraft.ro\/#website\",\"url\":\"https:\/\/www.redowlcraft.ro\/\",\"name\":\"RedOwlCraft\",\"description\":\"See yourself in a piece of wood!\",\"publisher\":{\"@id\":\"https:\/\/www.redowlcraft.ro\/#organization\"},\"potentialAction\":[{\"@type\":\"SearchAction\",\"target\":{\"@type\":\"EntryPoint\",\"urlTemplate\":\"https:\/\/www.redowlcraft.ro\/?s={search_term_string}\"},\"query-input\":{\"@type\":\"PropertyValueSpecification\",\"valueRequired\":true,\"valueName\":\"search_term_string\"}}],\"inLanguage\":\"en-US\"},{\"@type\":\"Organization\",\"@id\":\"https:\/\/www.redowlcraft.ro\/#organization\",\"name\":\"RedOwlCraft\",\"url\":\"https:\/\/www.redowlcraft.ro\/\",\"logo\":{\"@type\":\"ImageObject\",\"inLanguage\":\"en-US\",\"@id\":\"https:\/\/www.redowlcraft.ro\/#\/schema\/logo\/image\/\",\"url\":\"https:\/\/www.redowlcraft.ro\/wp-content\/uploads\/2024\/03\/cropped-logo-4.png\",\"contentUrl\":\"https:\/\/www.redowlcraft.ro\/wp-content\/uploads\/2024\/03\/cropped-logo-4.png\",\"width\":1103,\"height\":250,\"caption\":\"RedOwlCraft\"},\"image\":{\"@id\":\"https:\/\/www.redowlcraft.ro\/#\/schema\/logo\/image\/\"}}]}<\/script>\n<!-- \/ Yoast SEO plugin. -->","yoast_head_json":{"title":"Amuleta Totem - Pandantiv din Lemn The Bear Spirit - RedOwlCraft","robots":{"index":"index","follow":"follow","max-snippet":"max-snippet:-1","max-image-preview":"max-image-preview:large","max-video-preview":"max-video-preview:-1"},"canonical":"https:\/\/www.redowlcraft.ro\/en\/product\/amuleta-totem-pandantiv-din-lemn-the-bear-spirit\/","og_locale":"en_US","og_type":"article","og_title":"Amuleta Totem - Pandantiv din Lemn The Bear Spirit - RedOwlCraft","og_description":"Ursul simbolizeaz\u0103 puterea \u0219i curajul vindec\u0103rii at\u00e2t fizice c\u00e2t \u0219i emo\u021bionale \u0219i spirituale.","og_url":"https:\/\/www.redowlcraft.ro\/en\/product\/amuleta-totem-pandantiv-din-lemn-the-bear-spirit\/","og_site_name":"RedOwlCraft","article_modified_time":"2026-04-17T17:01:59+00:00","og_image":[{"width":1500,"height":1500,"url":"https:\/\/www.redowlcraft.ro\/wp-content\/uploads\/2024\/09\/The-Bear-Spirit-Fata.jpg","type":"image\/jpeg"}],"twitter_card":"summary_large_image","twitter_misc":{"Est. reading time":"2 minutes"},"schema":{"@context":"https:\/\/schema.org","@graph":[{"@type":"WebPage","@id":"https:\/\/www.redowlcraft.ro\/produs\/amuleta-totem-pandantiv-din-lemn-the-bear-spirit\/","url":"https:\/\/www.redowlcraft.ro\/produs\/amuleta-totem-pandantiv-din-lemn-the-bear-spirit\/","name":"Amuleta Totem - Pandantiv din Lemn The Bear Spirit - RedOwlCraft","isPartOf":{"@id":"https:\/\/www.redowlcraft.ro\/#website"},"primaryImageOfPage":{"@id":"https:\/\/www.redowlcraft.ro\/produs\/amuleta-totem-pandantiv-din-lemn-the-bear-spirit\/#primaryimage"},"image":{"@id":"https:\/\/www.redowlcraft.ro\/produs\/amuleta-totem-pandantiv-din-lemn-the-bear-spirit\/#primaryimage"},"thumbnailUrl":"https:\/\/www.redowlcraft.ro\/wp-content\/uploads\/2024\/09\/The-Bear-Spirit-Fata.jpg","datePublished":"2026-02-19T15:51:04+00:00","dateModified":"2026-04-17T17:01:59+00:00","breadcrumb":{"@id":"https:\/\/www.redowlcraft.ro\/produs\/amuleta-totem-pandantiv-din-lemn-the-bear-spirit\/#breadcrumb"},"inLanguage":"en-US","potentialAction":[{"@type":"ReadAction","target":["https:\/\/www.redowlcraft.ro\/produs\/amuleta-totem-pandantiv-din-lemn-the-bear-spirit\/"]}]},{"@type":"ImageObject","inLanguage":"en-US","@id":"https:\/\/www.redowlcraft.ro\/produs\/amuleta-totem-pandantiv-din-lemn-the-bear-spirit\/#primaryimage","url":"https:\/\/www.redowlcraft.ro\/wp-content\/uploads\/2024\/09\/The-Bear-Spirit-Fata.jpg","contentUrl":"https:\/\/www.redowlcraft.ro\/wp-content\/uploads\/2024\/09\/The-Bear-Spirit-Fata.jpg","width":1500,"height":1500},{"@type":"BreadcrumbList","@id":"https:\/\/www.redowlcraft.ro\/produs\/amuleta-totem-pandantiv-din-lemn-the-bear-spirit\/#breadcrumb","itemListElement":[{"@type":"ListItem","position":1,"name":"Prima pagin\u0103","item":"https:\/\/www.redowlcraft.ro\/"},{"@type":"ListItem","position":2,"name":"Magazin","item":"https:\/\/www.redowlcraft.ro\/magazin\/"},{"@type":"ListItem","position":3,"name":"Amuleta Totem &#8211; Pandantiv din Lemn The Bear Spirit"}]},{"@type":"WebSite","@id":"https:\/\/www.redowlcraft.ro\/#website","url":"https:\/\/www.redowlcraft.ro\/","name":"RedOwlCraft","description":"See yourself in a piece of wood!","publisher":{"@id":"https:\/\/www.redowlcraft.ro\/#organization"},"potentialAction":[{"@type":"SearchAction","target":{"@type":"EntryPoint","urlTemplate":"https:\/\/www.redowlcraft.ro\/?s={search_term_string}"},"query-input":{"@type":"PropertyValueSpecification","valueRequired":true,"valueName":"search_term_string"}}],"inLanguage":"en-US"},{"@type":"Organization","@id":"https:\/\/www.redowlcraft.ro\/#organization","name":"RedOwlCraft","url":"https:\/\/www.redowlcraft.ro\/","logo":{"@type":"ImageObject","inLanguage":"en-US","@id":"https:\/\/www.redowlcraft.ro\/#\/schema\/logo\/image\/","url":"https:\/\/www.redowlcraft.ro\/wp-content\/uploads\/2024\/03\/cropped-logo-4.png","contentUrl":"https:\/\/www.redowlcraft.ro\/wp-content\/uploads\/2024\/03\/cropped-logo-4.png","width":1103,"height":250,"caption":"RedOwlCraft"},"image":{"@id":"https:\/\/www.redowlcraft.ro\/#\/schema\/logo\/image\/"}}]}},"_links":{"self":[{"href":"https:\/\/www.redowlcraft.ro\/en\/wp-json\/wp\/v2\/product\/28571","targetHints":{"allow":["GET"]}}],"collection":[{"href":"https:\/\/www.redowlcraft.ro\/en\/wp-json\/wp\/v2\/product"}],"about":[{"href":"https:\/\/www.redowlcraft.ro\/en\/wp-json\/wp\/v2\/types\/product"}],"replies":[{"embeddable":true,"href":"https:\/\/www.redowlcraft.ro\/en\/wp-json\/wp\/v2\/comments?post=28571"}],"wp:featuredmedia":[{"embeddable":true,"href":"https:\/\/www.redowlcraft.ro\/en\/wp-json\/wp\/v2\/media\/26456"}],"wp:attachment":[{"href":"https:\/\/www.redowlcraft.ro\/en\/wp-json\/wp\/v2\/media?parent=28571"}],"wp:term":[{"taxonomy":"product_brand","embeddable":true,"href":"https:\/\/www.redowlcraft.ro\/en\/wp-json\/wp\/v2\/product_brand?post=28571"},{"taxonomy":"product_cat","embeddable":true,"href":"https:\/\/www.redowlcraft.ro\/en\/wp-json\/wp\/v2\/product_cat?post=28571"},{"taxonomy":"product_tag","embeddable":true,"href":"https:\/\/www.redowlcraft.ro\/en\/wp-json\/wp\/v2\/product_tag?post=28571"}],"curies":[{"name":"wp","href":"https:\/\/api.w.org\/{rel}","templated":true}]}}