{"id":28382,"date":"2025-12-11T15:38:08","date_gmt":"2025-12-11T13:38:08","guid":{"rendered":"https:\/\/www.redowlcraft.ro\/?post_type=product&#038;p=28382"},"modified":"2026-04-17T12:37:43","modified_gmt":"2026-04-17T10:37:43","slug":"decoratiune-pom-de-craciun-motive-clopotei","status":"publish","type":"product","link":"https:\/\/www.redowlcraft.ro\/en\/product\/decoratiune-pom-de-craciun-motive-clopotei\/","title":{"rendered":"Decoratiune Pom de Craciun &#8211; Motiv Clopotei"},"content":{"rendered":"<p>Decora\u021biune pentru Pomul de Cr\u0103ciun \u2013 Motiv Clopo\u021bei lucrat\u0103 \u00een atelierul RedOwlCraft\u00ae \u00een lemn de fag \u0219i HDF vopsit manual \u00een acrilic.<\/p>\n<p>&nbsp;<\/p>\n<p>Specifica\u021bii:<br \/>\nLemn de Fag si HDF<br \/>\nCuloare: Nuc\u00a0\u0219i\u00a0acrilic,\u00a0l\u0103cuit\u00a0cu\u00a0lac\u00a0pe\u00a0baz\u0103\u00a0de\u00a0ap\u0103<br \/>\nDimensiuni: 10x10cm<br \/>\nGreutate: 10g<\/p>\n<p>&nbsp;<\/p>\n<p>Acesta este un produs de calitate realizat manual de personal specializat \u0219i pasionat. Este o lucrare din lemn viu, astfel lemnul poate s\u0103 aib\u0103 imperfec\u021biuni \u0219i caracteristici specifice lui. Aceste caracteristici particulare, nu trebuie considerate defecte, ci doar particularit\u0103\u021bi ale lemnului. Orice tip de lemn sau conglomerat de lemn, va suferi modific\u0103ri \u00een urm\u0103 expunerii la umiditate mare sau c\u0103ldur\u0103 excesiv\u0103 mai ales atunci c\u00e2nd obiectul este nou, ave\u021bi grij\u0103 s\u0103 evita\u021bi ploaia, expunerea direct\u0103 \u00een razele soarelui sau \u00een orice caz, contactul cu lichidele; (din motivele de mai sus, nu exist\u0103 me\u0219te\u0219ug \u00een lemn sau t\u00e2mpl\u0103rii care ofer\u0103 garan\u021bie)<\/p>\n<p>MUL\u021aUMIM FRUMOS PENTRU C\u0102 SUS\u021aINE\u021aI \u0218I C\u0102UTA\u021aI ARTI\u0218TII INDEPENDEN\u021aI!!!<\/p>\n<p>Design creat \u0219i obiect produs de RedOwlCraft\u00ae \u2013 Colec\u021bie 2019<\/p>","protected":false},"excerpt":{"rendered":"<p>Decora\u021biune pentru Pomul de Cr\u0103ciun \u2013 Motiv Clopo\u021bei lucrat\u0103 \u00een atelierul RedOwlCraft\u00ae \u00een lemn de fag \u0219i HDF vopsit manual \u00een acrilic.<\/p>","protected":false},"featured_media":28351,"comment_status":"open","ping_status":"closed","template":"","meta":{"inline_featured_image":false},"product_brand":[],"product_cat":[287,289,298],"product_tag":[],"class_list":{"0":"post-28382","1":"product","2":"type-product","3":"status-publish","4":"has-post-thumbnail","6":"product_cat-dcoratiuni-craciun","7":"product_cat-motive","8":"product_cat-toate-produsele","10":"first","11":"instock","12":"taxable","13":"shipping-taxable","14":"purchasable","15":"product-type-simple"},"yoast_head":"<!-- This site is optimized with the Yoast SEO plugin v26.5 - https:\/\/yoast.com\/wordpress\/plugins\/seo\/ -->\n<title>Decoratiune Pom de Craciun - Motiv Clopotei - RedOwlCraft<\/title>\n<meta name=\"robots\" content=\"index, follow, max-snippet:-1, max-image-preview:large, max-video-preview:-1\" \/>\n<link rel=\"canonical\" href=\"https:\/\/www.redowlcraft.ro\/en\/product\/decoratiune-pom-de-craciun-motive-clopotei\/\" \/>\n<meta property=\"og:locale\" content=\"en_US\" \/>\n<meta property=\"og:type\" content=\"article\" \/>\n<meta property=\"og:title\" content=\"Decoratiune Pom de Craciun - Motiv Clopotei - RedOwlCraft\" \/>\n<meta property=\"og:description\" content=\"Decora\u021biune pentru Pomul de Cr\u0103ciun \u2013 Motiv Clopo\u021bei lucrat\u0103 \u00een atelierul RedOwlCraft\u00ae \u00een lemn de fag \u0219i HDF vopsit manual \u00een acrilic.\" \/>\n<meta property=\"og:url\" content=\"https:\/\/www.redowlcraft.ro\/en\/product\/decoratiune-pom-de-craciun-motive-clopotei\/\" \/>\n<meta property=\"og:site_name\" content=\"RedOwlCraft\" \/>\n<meta property=\"article:modified_time\" content=\"2026-04-17T10:37:43+00:00\" \/>\n<meta property=\"og:image\" content=\"https:\/\/www.redowlcraft.ro\/wp-content\/uploads\/2025\/12\/Decoratiune-Pom-Craciun-Motiv-Clopotei-Fata.jpg\" \/>\n\t<meta property=\"og:image:width\" content=\"1500\" \/>\n\t<meta property=\"og:image:height\" content=\"1500\" \/>\n\t<meta property=\"og:image:type\" content=\"image\/jpeg\" \/>\n<meta name=\"twitter:card\" content=\"summary_large_image\" \/>\n<meta name=\"twitter:label1\" content=\"Est. reading time\" \/>\n\t<meta name=\"twitter:data1\" content=\"2 minutes\" \/>\n<script type=\"application\/ld+json\" class=\"yoast-schema-graph\">{\"@context\":\"https:\/\/schema.org\",\"@graph\":[{\"@type\":\"WebPage\",\"@id\":\"https:\/\/www.redowlcraft.ro\/produs\/decoratiune-pom-de-craciun-motive-clopotei\/\",\"url\":\"https:\/\/www.redowlcraft.ro\/produs\/decoratiune-pom-de-craciun-motive-clopotei\/\",\"name\":\"Decoratiune Pom de Craciun - Motiv Clopotei - RedOwlCraft\",\"isPartOf\":{\"@id\":\"https:\/\/www.redowlcraft.ro\/#website\"},\"primaryImageOfPage\":{\"@id\":\"https:\/\/www.redowlcraft.ro\/produs\/decoratiune-pom-de-craciun-motive-clopotei\/#primaryimage\"},\"image\":{\"@id\":\"https:\/\/www.redowlcraft.ro\/produs\/decoratiune-pom-de-craciun-motive-clopotei\/#primaryimage\"},\"thumbnailUrl\":\"https:\/\/www.redowlcraft.ro\/wp-content\/uploads\/2025\/12\/Decoratiune-Pom-Craciun-Motiv-Clopotei-Fata.jpg\",\"datePublished\":\"2025-12-11T13:38:08+00:00\",\"dateModified\":\"2026-04-17T10:37:43+00:00\",\"breadcrumb\":{\"@id\":\"https:\/\/www.redowlcraft.ro\/produs\/decoratiune-pom-de-craciun-motive-clopotei\/#breadcrumb\"},\"inLanguage\":\"en-US\",\"potentialAction\":[{\"@type\":\"ReadAction\",\"target\":[\"https:\/\/www.redowlcraft.ro\/produs\/decoratiune-pom-de-craciun-motive-clopotei\/\"]}]},{\"@type\":\"ImageObject\",\"inLanguage\":\"en-US\",\"@id\":\"https:\/\/www.redowlcraft.ro\/produs\/decoratiune-pom-de-craciun-motive-clopotei\/#primaryimage\",\"url\":\"https:\/\/www.redowlcraft.ro\/wp-content\/uploads\/2025\/12\/Decoratiune-Pom-Craciun-Motiv-Clopotei-Fata.jpg\",\"contentUrl\":\"https:\/\/www.redowlcraft.ro\/wp-content\/uploads\/2025\/12\/Decoratiune-Pom-Craciun-Motiv-Clopotei-Fata.jpg\",\"width\":1500,\"height\":1500},{\"@type\":\"BreadcrumbList\",\"@id\":\"https:\/\/www.redowlcraft.ro\/produs\/decoratiune-pom-de-craciun-motive-clopotei\/#breadcrumb\",\"itemListElement\":[{\"@type\":\"ListItem\",\"position\":1,\"name\":\"Prima pagin\u0103\",\"item\":\"https:\/\/www.redowlcraft.ro\/\"},{\"@type\":\"ListItem\",\"position\":2,\"name\":\"Magazin\",\"item\":\"https:\/\/www.redowlcraft.ro\/magazin\/\"},{\"@type\":\"ListItem\",\"position\":3,\"name\":\"Decoratiune Pom de Craciun &#8211; Motiv Clopotei\"}]},{\"@type\":\"WebSite\",\"@id\":\"https:\/\/www.redowlcraft.ro\/#website\",\"url\":\"https:\/\/www.redowlcraft.ro\/\",\"name\":\"RedOwlCraft\",\"description\":\"See yourself in a piece of wood!\",\"publisher\":{\"@id\":\"https:\/\/www.redowlcraft.ro\/#organization\"},\"potentialAction\":[{\"@type\":\"SearchAction\",\"target\":{\"@type\":\"EntryPoint\",\"urlTemplate\":\"https:\/\/www.redowlcraft.ro\/?s={search_term_string}\"},\"query-input\":{\"@type\":\"PropertyValueSpecification\",\"valueRequired\":true,\"valueName\":\"search_term_string\"}}],\"inLanguage\":\"en-US\"},{\"@type\":\"Organization\",\"@id\":\"https:\/\/www.redowlcraft.ro\/#organization\",\"name\":\"RedOwlCraft\",\"url\":\"https:\/\/www.redowlcraft.ro\/\",\"logo\":{\"@type\":\"ImageObject\",\"inLanguage\":\"en-US\",\"@id\":\"https:\/\/www.redowlcraft.ro\/#\/schema\/logo\/image\/\",\"url\":\"https:\/\/www.redowlcraft.ro\/wp-content\/uploads\/2024\/03\/cropped-logo-4.png\",\"contentUrl\":\"https:\/\/www.redowlcraft.ro\/wp-content\/uploads\/2024\/03\/cropped-logo-4.png\",\"width\":1103,\"height\":250,\"caption\":\"RedOwlCraft\"},\"image\":{\"@id\":\"https:\/\/www.redowlcraft.ro\/#\/schema\/logo\/image\/\"}}]}<\/script>\n<!-- \/ Yoast SEO plugin. -->","yoast_head_json":{"title":"Decoratiune Pom de Craciun - Motiv Clopotei - RedOwlCraft","robots":{"index":"index","follow":"follow","max-snippet":"max-snippet:-1","max-image-preview":"max-image-preview:large","max-video-preview":"max-video-preview:-1"},"canonical":"https:\/\/www.redowlcraft.ro\/en\/product\/decoratiune-pom-de-craciun-motive-clopotei\/","og_locale":"en_US","og_type":"article","og_title":"Decoratiune Pom de Craciun - Motiv Clopotei - RedOwlCraft","og_description":"Decora\u021biune pentru Pomul de Cr\u0103ciun \u2013 Motiv Clopo\u021bei lucrat\u0103 \u00een atelierul RedOwlCraft\u00ae \u00een lemn de fag \u0219i HDF vopsit manual \u00een acrilic.","og_url":"https:\/\/www.redowlcraft.ro\/en\/product\/decoratiune-pom-de-craciun-motive-clopotei\/","og_site_name":"RedOwlCraft","article_modified_time":"2026-04-17T10:37:43+00:00","og_image":[{"width":1500,"height":1500,"url":"https:\/\/www.redowlcraft.ro\/wp-content\/uploads\/2025\/12\/Decoratiune-Pom-Craciun-Motiv-Clopotei-Fata.jpg","type":"image\/jpeg"}],"twitter_card":"summary_large_image","twitter_misc":{"Est. reading time":"2 minutes"},"schema":{"@context":"https:\/\/schema.org","@graph":[{"@type":"WebPage","@id":"https:\/\/www.redowlcraft.ro\/produs\/decoratiune-pom-de-craciun-motive-clopotei\/","url":"https:\/\/www.redowlcraft.ro\/produs\/decoratiune-pom-de-craciun-motive-clopotei\/","name":"Decoratiune Pom de Craciun - Motiv Clopotei - RedOwlCraft","isPartOf":{"@id":"https:\/\/www.redowlcraft.ro\/#website"},"primaryImageOfPage":{"@id":"https:\/\/www.redowlcraft.ro\/produs\/decoratiune-pom-de-craciun-motive-clopotei\/#primaryimage"},"image":{"@id":"https:\/\/www.redowlcraft.ro\/produs\/decoratiune-pom-de-craciun-motive-clopotei\/#primaryimage"},"thumbnailUrl":"https:\/\/www.redowlcraft.ro\/wp-content\/uploads\/2025\/12\/Decoratiune-Pom-Craciun-Motiv-Clopotei-Fata.jpg","datePublished":"2025-12-11T13:38:08+00:00","dateModified":"2026-04-17T10:37:43+00:00","breadcrumb":{"@id":"https:\/\/www.redowlcraft.ro\/produs\/decoratiune-pom-de-craciun-motive-clopotei\/#breadcrumb"},"inLanguage":"en-US","potentialAction":[{"@type":"ReadAction","target":["https:\/\/www.redowlcraft.ro\/produs\/decoratiune-pom-de-craciun-motive-clopotei\/"]}]},{"@type":"ImageObject","inLanguage":"en-US","@id":"https:\/\/www.redowlcraft.ro\/produs\/decoratiune-pom-de-craciun-motive-clopotei\/#primaryimage","url":"https:\/\/www.redowlcraft.ro\/wp-content\/uploads\/2025\/12\/Decoratiune-Pom-Craciun-Motiv-Clopotei-Fata.jpg","contentUrl":"https:\/\/www.redowlcraft.ro\/wp-content\/uploads\/2025\/12\/Decoratiune-Pom-Craciun-Motiv-Clopotei-Fata.jpg","width":1500,"height":1500},{"@type":"BreadcrumbList","@id":"https:\/\/www.redowlcraft.ro\/produs\/decoratiune-pom-de-craciun-motive-clopotei\/#breadcrumb","itemListElement":[{"@type":"ListItem","position":1,"name":"Prima pagin\u0103","item":"https:\/\/www.redowlcraft.ro\/"},{"@type":"ListItem","position":2,"name":"Magazin","item":"https:\/\/www.redowlcraft.ro\/magazin\/"},{"@type":"ListItem","position":3,"name":"Decoratiune Pom de Craciun &#8211; Motiv Clopotei"}]},{"@type":"WebSite","@id":"https:\/\/www.redowlcraft.ro\/#website","url":"https:\/\/www.redowlcraft.ro\/","name":"RedOwlCraft","description":"See yourself in a piece of wood!","publisher":{"@id":"https:\/\/www.redowlcraft.ro\/#organization"},"potentialAction":[{"@type":"SearchAction","target":{"@type":"EntryPoint","urlTemplate":"https:\/\/www.redowlcraft.ro\/?s={search_term_string}"},"query-input":{"@type":"PropertyValueSpecification","valueRequired":true,"valueName":"search_term_string"}}],"inLanguage":"en-US"},{"@type":"Organization","@id":"https:\/\/www.redowlcraft.ro\/#organization","name":"RedOwlCraft","url":"https:\/\/www.redowlcraft.ro\/","logo":{"@type":"ImageObject","inLanguage":"en-US","@id":"https:\/\/www.redowlcraft.ro\/#\/schema\/logo\/image\/","url":"https:\/\/www.redowlcraft.ro\/wp-content\/uploads\/2024\/03\/cropped-logo-4.png","contentUrl":"https:\/\/www.redowlcraft.ro\/wp-content\/uploads\/2024\/03\/cropped-logo-4.png","width":1103,"height":250,"caption":"RedOwlCraft"},"image":{"@id":"https:\/\/www.redowlcraft.ro\/#\/schema\/logo\/image\/"}}]}},"_links":{"self":[{"href":"https:\/\/www.redowlcraft.ro\/en\/wp-json\/wp\/v2\/product\/28382","targetHints":{"allow":["GET"]}}],"collection":[{"href":"https:\/\/www.redowlcraft.ro\/en\/wp-json\/wp\/v2\/product"}],"about":[{"href":"https:\/\/www.redowlcraft.ro\/en\/wp-json\/wp\/v2\/types\/product"}],"replies":[{"embeddable":true,"href":"https:\/\/www.redowlcraft.ro\/en\/wp-json\/wp\/v2\/comments?post=28382"}],"wp:featuredmedia":[{"embeddable":true,"href":"https:\/\/www.redowlcraft.ro\/en\/wp-json\/wp\/v2\/media\/28351"}],"wp:attachment":[{"href":"https:\/\/www.redowlcraft.ro\/en\/wp-json\/wp\/v2\/media?parent=28382"}],"wp:term":[{"taxonomy":"product_brand","embeddable":true,"href":"https:\/\/www.redowlcraft.ro\/en\/wp-json\/wp\/v2\/product_brand?post=28382"},{"taxonomy":"product_cat","embeddable":true,"href":"https:\/\/www.redowlcraft.ro\/en\/wp-json\/wp\/v2\/product_cat?post=28382"},{"taxonomy":"product_tag","embeddable":true,"href":"https:\/\/www.redowlcraft.ro\/en\/wp-json\/wp\/v2\/product_tag?post=28382"}],"curies":[{"name":"wp","href":"https:\/\/api.w.org\/{rel}","templated":true}]}}