{"id":28347,"date":"2025-12-11T15:31:01","date_gmt":"2025-12-11T13:31:01","guid":{"rendered":"https:\/\/www.redowlcraft.ro\/?post_type=product&#038;p=28347"},"modified":"2026-04-17T12:37:44","modified_gmt":"2026-04-17T10:37:44","slug":"decoratiune-pom-de-craciun-intarsie-icecream","status":"publish","type":"product","link":"https:\/\/www.redowlcraft.ro\/en\/product\/decoratiune-pom-de-craciun-intarsie-icecream\/","title":{"rendered":"Decoratiune Pom de Craciun Intarsie &#8211; IceCream"},"content":{"rendered":"<p>Decora\u021biune pentru Pomul de Cr\u0103ciun &#8211; Intarsie lucrat\u0103 \u00een atelierul RedOwlCraft\u00ae \u00een lemn de fag cu inser\u021bii din lemn de fag pictate manual \u00een acrilic \u0219i tratate cu varnish.<\/p>\n<p>Intarsia, vechea art\u0103 a decor\u0103rii lemnului const\u0103 \u00een inserarea sau decorarea unei suprafe\u021be din lemn cu alte detalii din lemn, dar cu o textur\u0103 sau o culoare diferit\u0103.<\/p>\n<p>Decora\u021biunea poate\u00a0fi\u00a0folosit\u0103\u00a0\u0219i\u00a0c\u0103\u00a0suport pentru\u00a0pahare, ulterior\u00a0Cr\u0103ciunului.<\/p>\n<p>&nbsp;<\/p>\n<p>Specifica\u021bii:<\/p>\n<p>Beech wood<br \/>\nCuloare: natur\u00a0\u0219i\u00a0acrilic,\u00a0l\u0103cuit\u00a0cu\u00a0lac\u00a0pe\u00a0baz\u0103\u00a0de\u00a0ap\u0103\u00a0\u0219i\u00a0varnish<br \/>\nDimensiuni: 10.6&#215;11.8cm<br \/>\nGreutate: 10g<\/p>\n<p>&nbsp;<\/p>\n<p>Acesta este un produs de calitate realizat manual de personal specializat \u0219i pasionat. Este o lucrare din lemn viu, astfel lemnul poate s\u0103 aib\u0103 imperfec\u021biuni \u0219i caracteristici specifice lui. Aceste caracteristici particulare, nu trebuie considerate defecte, ci doar particularit\u0103\u021bi ale lemnului. Orice tip de lemn sau conglomerat de lemn, va suferi modific\u0103ri \u00een urm\u0103 expunerii la umiditate mare sau c\u0103ldur\u0103 excesiv\u0103 mai ales atunci c\u00e2nd obiectul este nou, ave\u021bi grij\u0103 s\u0103 evita\u021bi ploaia, expunerea direct\u0103 \u00een razele soarelui sau \u00een orice caz, contactul cu lichidele; (din motivele de mai sus, nu exist\u0103 me\u0219te\u0219ug \u00een lemn sau t\u00e2mpl\u0103rii care ofer\u0103 garan\u021bie)<\/p>\n<p>MUL\u021aUMIM FRUMOS PENTRU C\u0102 SUS\u021aINE\u021aI \u0218I C\u0102UTA\u021aI ARTI\u0218TII INDEPENDEN\u021aI!!!<\/p>\n<p>Design creat \u0219i obiect produs de RedOwlCraft\u00ae \u2013 Colec\u021bie 2025<\/p>","protected":false},"excerpt":{"rendered":"<p>Intarsia, vechea art\u0103 a decor\u0103rii lemnului const\u0103 \u00een inserarea sau decorarea unei suprafe\u021be din lemn cu alte detalii din lemn, dar cu o textur\u0103 sau o culoare diferit\u0103.<\/p>","protected":false},"featured_media":28332,"comment_status":"open","ping_status":"closed","template":"","meta":{"inline_featured_image":false},"product_brand":[],"product_cat":[287,288,298],"product_tag":[],"class_list":{"0":"post-28347","1":"product","2":"type-product","3":"status-publish","4":"has-post-thumbnail","6":"product_cat-dcoratiuni-craciun","7":"product_cat-intarsie","8":"product_cat-toate-produsele","10":"first","11":"instock","12":"taxable","13":"shipping-taxable","14":"purchasable","15":"product-type-simple"},"yoast_head":"<!-- This site is optimized with the Yoast SEO plugin v26.5 - https:\/\/yoast.com\/wordpress\/plugins\/seo\/ -->\n<title>Decoratiune Pom de Craciun Intarsie - IceCream - RedOwlCraft<\/title>\n<meta name=\"robots\" content=\"index, follow, max-snippet:-1, max-image-preview:large, max-video-preview:-1\" \/>\n<link rel=\"canonical\" href=\"https:\/\/www.redowlcraft.ro\/en\/product\/decoratiune-pom-de-craciun-intarsie-icecream\/\" \/>\n<meta property=\"og:locale\" content=\"en_US\" \/>\n<meta property=\"og:type\" content=\"article\" \/>\n<meta property=\"og:title\" content=\"Decoratiune Pom de Craciun Intarsie - IceCream - RedOwlCraft\" \/>\n<meta property=\"og:description\" content=\"Intarsia, vechea art\u0103 a decor\u0103rii lemnului const\u0103 \u00een inserarea sau decorarea unei suprafe\u021be din lemn cu alte detalii din lemn, dar cu o textur\u0103 sau o culoare diferit\u0103.\" \/>\n<meta property=\"og:url\" content=\"https:\/\/www.redowlcraft.ro\/en\/product\/decoratiune-pom-de-craciun-intarsie-icecream\/\" \/>\n<meta property=\"og:site_name\" content=\"RedOwlCraft\" \/>\n<meta property=\"article:modified_time\" content=\"2026-04-17T10:37:44+00:00\" \/>\n<meta property=\"og:image\" content=\"https:\/\/www.redowlcraft.ro\/wp-content\/uploads\/2025\/12\/Decoratiune-Pom-Craciun-Intarsie-IceCream-Fata.jpg\" \/>\n\t<meta property=\"og:image:width\" content=\"1500\" \/>\n\t<meta property=\"og:image:height\" content=\"1500\" \/>\n\t<meta property=\"og:image:type\" content=\"image\/jpeg\" \/>\n<meta name=\"twitter:card\" content=\"summary_large_image\" \/>\n<meta name=\"twitter:label1\" content=\"Est. reading time\" \/>\n\t<meta name=\"twitter:data1\" content=\"2 minutes\" \/>\n<script type=\"application\/ld+json\" class=\"yoast-schema-graph\">{\"@context\":\"https:\/\/schema.org\",\"@graph\":[{\"@type\":\"WebPage\",\"@id\":\"https:\/\/www.redowlcraft.ro\/produs\/decoratiune-pom-de-craciun-intarsie-icecream\/\",\"url\":\"https:\/\/www.redowlcraft.ro\/produs\/decoratiune-pom-de-craciun-intarsie-icecream\/\",\"name\":\"Decoratiune Pom de Craciun Intarsie - IceCream - RedOwlCraft\",\"isPartOf\":{\"@id\":\"https:\/\/www.redowlcraft.ro\/#website\"},\"primaryImageOfPage\":{\"@id\":\"https:\/\/www.redowlcraft.ro\/produs\/decoratiune-pom-de-craciun-intarsie-icecream\/#primaryimage\"},\"image\":{\"@id\":\"https:\/\/www.redowlcraft.ro\/produs\/decoratiune-pom-de-craciun-intarsie-icecream\/#primaryimage\"},\"thumbnailUrl\":\"https:\/\/www.redowlcraft.ro\/wp-content\/uploads\/2025\/12\/Decoratiune-Pom-Craciun-Intarsie-IceCream-Fata.jpg\",\"datePublished\":\"2025-12-11T13:31:01+00:00\",\"dateModified\":\"2026-04-17T10:37:44+00:00\",\"breadcrumb\":{\"@id\":\"https:\/\/www.redowlcraft.ro\/produs\/decoratiune-pom-de-craciun-intarsie-icecream\/#breadcrumb\"},\"inLanguage\":\"en-US\",\"potentialAction\":[{\"@type\":\"ReadAction\",\"target\":[\"https:\/\/www.redowlcraft.ro\/produs\/decoratiune-pom-de-craciun-intarsie-icecream\/\"]}]},{\"@type\":\"ImageObject\",\"inLanguage\":\"en-US\",\"@id\":\"https:\/\/www.redowlcraft.ro\/produs\/decoratiune-pom-de-craciun-intarsie-icecream\/#primaryimage\",\"url\":\"https:\/\/www.redowlcraft.ro\/wp-content\/uploads\/2025\/12\/Decoratiune-Pom-Craciun-Intarsie-IceCream-Fata.jpg\",\"contentUrl\":\"https:\/\/www.redowlcraft.ro\/wp-content\/uploads\/2025\/12\/Decoratiune-Pom-Craciun-Intarsie-IceCream-Fata.jpg\",\"width\":1500,\"height\":1500},{\"@type\":\"BreadcrumbList\",\"@id\":\"https:\/\/www.redowlcraft.ro\/produs\/decoratiune-pom-de-craciun-intarsie-icecream\/#breadcrumb\",\"itemListElement\":[{\"@type\":\"ListItem\",\"position\":1,\"name\":\"Prima pagin\u0103\",\"item\":\"https:\/\/www.redowlcraft.ro\/\"},{\"@type\":\"ListItem\",\"position\":2,\"name\":\"Magazin\",\"item\":\"https:\/\/www.redowlcraft.ro\/magazin\/\"},{\"@type\":\"ListItem\",\"position\":3,\"name\":\"Decoratiune Pom de Craciun Intarsie &#8211; IceCream\"}]},{\"@type\":\"WebSite\",\"@id\":\"https:\/\/www.redowlcraft.ro\/#website\",\"url\":\"https:\/\/www.redowlcraft.ro\/\",\"name\":\"RedOwlCraft\",\"description\":\"See yourself in a piece of wood!\",\"publisher\":{\"@id\":\"https:\/\/www.redowlcraft.ro\/#organization\"},\"potentialAction\":[{\"@type\":\"SearchAction\",\"target\":{\"@type\":\"EntryPoint\",\"urlTemplate\":\"https:\/\/www.redowlcraft.ro\/?s={search_term_string}\"},\"query-input\":{\"@type\":\"PropertyValueSpecification\",\"valueRequired\":true,\"valueName\":\"search_term_string\"}}],\"inLanguage\":\"en-US\"},{\"@type\":\"Organization\",\"@id\":\"https:\/\/www.redowlcraft.ro\/#organization\",\"name\":\"RedOwlCraft\",\"url\":\"https:\/\/www.redowlcraft.ro\/\",\"logo\":{\"@type\":\"ImageObject\",\"inLanguage\":\"en-US\",\"@id\":\"https:\/\/www.redowlcraft.ro\/#\/schema\/logo\/image\/\",\"url\":\"https:\/\/www.redowlcraft.ro\/wp-content\/uploads\/2024\/03\/cropped-logo-4.png\",\"contentUrl\":\"https:\/\/www.redowlcraft.ro\/wp-content\/uploads\/2024\/03\/cropped-logo-4.png\",\"width\":1103,\"height\":250,\"caption\":\"RedOwlCraft\"},\"image\":{\"@id\":\"https:\/\/www.redowlcraft.ro\/#\/schema\/logo\/image\/\"}}]}<\/script>\n<!-- \/ Yoast SEO plugin. -->","yoast_head_json":{"title":"Decoratiune Pom de Craciun Intarsie - IceCream - RedOwlCraft","robots":{"index":"index","follow":"follow","max-snippet":"max-snippet:-1","max-image-preview":"max-image-preview:large","max-video-preview":"max-video-preview:-1"},"canonical":"https:\/\/www.redowlcraft.ro\/en\/product\/decoratiune-pom-de-craciun-intarsie-icecream\/","og_locale":"en_US","og_type":"article","og_title":"Decoratiune Pom de Craciun Intarsie - IceCream - RedOwlCraft","og_description":"Intarsia, vechea art\u0103 a decor\u0103rii lemnului const\u0103 \u00een inserarea sau decorarea unei suprafe\u021be din lemn cu alte detalii din lemn, dar cu o textur\u0103 sau o culoare diferit\u0103.","og_url":"https:\/\/www.redowlcraft.ro\/en\/product\/decoratiune-pom-de-craciun-intarsie-icecream\/","og_site_name":"RedOwlCraft","article_modified_time":"2026-04-17T10:37:44+00:00","og_image":[{"width":1500,"height":1500,"url":"https:\/\/www.redowlcraft.ro\/wp-content\/uploads\/2025\/12\/Decoratiune-Pom-Craciun-Intarsie-IceCream-Fata.jpg","type":"image\/jpeg"}],"twitter_card":"summary_large_image","twitter_misc":{"Est. reading time":"2 minutes"},"schema":{"@context":"https:\/\/schema.org","@graph":[{"@type":"WebPage","@id":"https:\/\/www.redowlcraft.ro\/produs\/decoratiune-pom-de-craciun-intarsie-icecream\/","url":"https:\/\/www.redowlcraft.ro\/produs\/decoratiune-pom-de-craciun-intarsie-icecream\/","name":"Decoratiune Pom de Craciun Intarsie - IceCream - RedOwlCraft","isPartOf":{"@id":"https:\/\/www.redowlcraft.ro\/#website"},"primaryImageOfPage":{"@id":"https:\/\/www.redowlcraft.ro\/produs\/decoratiune-pom-de-craciun-intarsie-icecream\/#primaryimage"},"image":{"@id":"https:\/\/www.redowlcraft.ro\/produs\/decoratiune-pom-de-craciun-intarsie-icecream\/#primaryimage"},"thumbnailUrl":"https:\/\/www.redowlcraft.ro\/wp-content\/uploads\/2025\/12\/Decoratiune-Pom-Craciun-Intarsie-IceCream-Fata.jpg","datePublished":"2025-12-11T13:31:01+00:00","dateModified":"2026-04-17T10:37:44+00:00","breadcrumb":{"@id":"https:\/\/www.redowlcraft.ro\/produs\/decoratiune-pom-de-craciun-intarsie-icecream\/#breadcrumb"},"inLanguage":"en-US","potentialAction":[{"@type":"ReadAction","target":["https:\/\/www.redowlcraft.ro\/produs\/decoratiune-pom-de-craciun-intarsie-icecream\/"]}]},{"@type":"ImageObject","inLanguage":"en-US","@id":"https:\/\/www.redowlcraft.ro\/produs\/decoratiune-pom-de-craciun-intarsie-icecream\/#primaryimage","url":"https:\/\/www.redowlcraft.ro\/wp-content\/uploads\/2025\/12\/Decoratiune-Pom-Craciun-Intarsie-IceCream-Fata.jpg","contentUrl":"https:\/\/www.redowlcraft.ro\/wp-content\/uploads\/2025\/12\/Decoratiune-Pom-Craciun-Intarsie-IceCream-Fata.jpg","width":1500,"height":1500},{"@type":"BreadcrumbList","@id":"https:\/\/www.redowlcraft.ro\/produs\/decoratiune-pom-de-craciun-intarsie-icecream\/#breadcrumb","itemListElement":[{"@type":"ListItem","position":1,"name":"Prima pagin\u0103","item":"https:\/\/www.redowlcraft.ro\/"},{"@type":"ListItem","position":2,"name":"Magazin","item":"https:\/\/www.redowlcraft.ro\/magazin\/"},{"@type":"ListItem","position":3,"name":"Decoratiune Pom de Craciun Intarsie &#8211; IceCream"}]},{"@type":"WebSite","@id":"https:\/\/www.redowlcraft.ro\/#website","url":"https:\/\/www.redowlcraft.ro\/","name":"RedOwlCraft","description":"See yourself in a piece of wood!","publisher":{"@id":"https:\/\/www.redowlcraft.ro\/#organization"},"potentialAction":[{"@type":"SearchAction","target":{"@type":"EntryPoint","urlTemplate":"https:\/\/www.redowlcraft.ro\/?s={search_term_string}"},"query-input":{"@type":"PropertyValueSpecification","valueRequired":true,"valueName":"search_term_string"}}],"inLanguage":"en-US"},{"@type":"Organization","@id":"https:\/\/www.redowlcraft.ro\/#organization","name":"RedOwlCraft","url":"https:\/\/www.redowlcraft.ro\/","logo":{"@type":"ImageObject","inLanguage":"en-US","@id":"https:\/\/www.redowlcraft.ro\/#\/schema\/logo\/image\/","url":"https:\/\/www.redowlcraft.ro\/wp-content\/uploads\/2024\/03\/cropped-logo-4.png","contentUrl":"https:\/\/www.redowlcraft.ro\/wp-content\/uploads\/2024\/03\/cropped-logo-4.png","width":1103,"height":250,"caption":"RedOwlCraft"},"image":{"@id":"https:\/\/www.redowlcraft.ro\/#\/schema\/logo\/image\/"}}]}},"_links":{"self":[{"href":"https:\/\/www.redowlcraft.ro\/en\/wp-json\/wp\/v2\/product\/28347","targetHints":{"allow":["GET"]}}],"collection":[{"href":"https:\/\/www.redowlcraft.ro\/en\/wp-json\/wp\/v2\/product"}],"about":[{"href":"https:\/\/www.redowlcraft.ro\/en\/wp-json\/wp\/v2\/types\/product"}],"replies":[{"embeddable":true,"href":"https:\/\/www.redowlcraft.ro\/en\/wp-json\/wp\/v2\/comments?post=28347"}],"wp:featuredmedia":[{"embeddable":true,"href":"https:\/\/www.redowlcraft.ro\/en\/wp-json\/wp\/v2\/media\/28332"}],"wp:attachment":[{"href":"https:\/\/www.redowlcraft.ro\/en\/wp-json\/wp\/v2\/media?parent=28347"}],"wp:term":[{"taxonomy":"product_brand","embeddable":true,"href":"https:\/\/www.redowlcraft.ro\/en\/wp-json\/wp\/v2\/product_brand?post=28347"},{"taxonomy":"product_cat","embeddable":true,"href":"https:\/\/www.redowlcraft.ro\/en\/wp-json\/wp\/v2\/product_cat?post=28347"},{"taxonomy":"product_tag","embeddable":true,"href":"https:\/\/www.redowlcraft.ro\/en\/wp-json\/wp\/v2\/product_tag?post=28347"}],"curies":[{"name":"wp","href":"https:\/\/api.w.org\/{rel}","templated":true}]}}