{"id":27960,"date":"2025-03-21T18:28:24","date_gmt":"2025-03-21T16:28:24","guid":{"rendered":"https:\/\/redowlcraft.ro\/?post_type=product&#038;p=27960"},"modified":"2026-04-07T19:00:54","modified_gmt":"2026-04-07T17:00:54","slug":"cercei-din-lemn-intarsie-chain-verde","status":"publish","type":"product","link":"https:\/\/www.redowlcraft.ro\/en\/product\/cercei-din-lemn-intarsie-chain-verde\/","title":{"rendered":"Intarsie Chain Wood Earrings - Green"},"content":{"rendered":"<p>Cerceii din lemn Unicat, lucra\u021bi \u00een exclusivitate \u00een Atelierul RedOwlCraft\u00ae, sunt o \u00eembinare a me\u0219te\u0219ugului traditional cu cel modern. \u00cempletim \u00een f\u0103urirea lor vechea tehnic\u0103 a intarsiei cu frumuse\u021bea picturii manuale.<\/p>\n<p>Fiecare pereche este realizat\u0103 cu aten\u021bie \u0219i r\u0103bdare, buc\u0103\u021belele de lemn fiind pictate cu migal\u0103 pentru a forma un design armonios \u0219i elegant.<\/p>\n<p>Tehnica intarsiei adaug\u0103 un plus de rafinament, av\u00e2nd la baz\u0103 \u00eembinarea pieselor de lemn \u00eentr-un mod care pune \u00een eviden\u021b\u0103 textura natural\u0103 a lemnului cu nuan\u021bele \u00een care acesta este pictat.<\/p>\n<p>Aceste bijuterii sunt o alegere perfect\u0103 pentru cei care apreciaz\u0103 produsele Unicat lucrate manual. Designul lor elegant si deosebit le face potrivite at\u00e2t pentru o \u021binut\u0103 de zi cu zi, c\u00e2t \u0219i pentru ocazii speciale, ad\u0103ug\u00e2nd un strop de personalitate oric\u0103rei \u021binute.<\/p>\n<p><strong>Specifications:<\/strong><\/p>\n<p>Buc\u0103tic\u0103 de lemn lucrat\u0103 integral \u00een atelierul RedOwlCraft\u00ae, \u00eensotit\u0103 de elemente de baz\u0103 fabricate din o\u021bel inoxidabil de \u00eenalt\u0103 calitate, antialergenic.<br \/>\nBeech wood<br \/>\nCuloare: nuc, l\u0103cuit cu lac pe baz\u0103 de ap\u0103 si pictat \u00een acrilic<br \/>\nDimensiuni: 6&#215;1,5 cm<br \/>\nGreutate: 5g<\/p>","protected":false},"excerpt":{"rendered":"<p>Cerceii din lemn Unicat, lucra\u021bi \u00een exclusivitate \u00een Atelierul RedOwlCraft\u00ae, sunt o \u00eembinare a me\u0219te\u0219ugului traditional cu cel modern. \u00cempletim \u00een f\u0103urirea lor vechea tehnic\u0103 a intarsiei cu frumuse\u021bea picturii manuale.<\/p>","protected":false},"featured_media":27799,"comment_status":"open","ping_status":"closed","template":"","meta":{"inline_featured_image":false},"product_brand":[],"product_cat":[267,266],"product_tag":[236],"class_list":{"0":"post-27960","1":"product","2":"type-product","3":"status-publish","4":"has-post-thumbnail","6":"product_cat-cercei-intarsie-paint","7":"product_cat-intarsii","8":"product_tag-verde","10":"first","11":"instock","12":"taxable","13":"shipping-taxable","14":"purchasable","15":"product-type-simple"},"yoast_head":"<!-- This site is optimized with the Yoast SEO plugin v26.5 - https:\/\/yoast.com\/wordpress\/plugins\/seo\/ -->\n<title>Cercei din Lemn Intarsie Chain - Verde - RedOwlCraft<\/title>\n<meta name=\"robots\" content=\"index, follow, max-snippet:-1, max-image-preview:large, max-video-preview:-1\" \/>\n<link rel=\"canonical\" href=\"https:\/\/www.redowlcraft.ro\/en\/product\/cercei-din-lemn-intarsie-chain-verde\/\" \/>\n<meta property=\"og:locale\" content=\"en_US\" \/>\n<meta property=\"og:type\" content=\"article\" \/>\n<meta property=\"og:title\" content=\"Cercei din Lemn Intarsie Chain - Verde - RedOwlCraft\" \/>\n<meta property=\"og:description\" content=\"Cerceii din lemn Unicat, lucra\u021bi \u00een exclusivitate \u00een Atelierul RedOwlCraft\u00ae, sunt o \u00eembinare a me\u0219te\u0219ugului traditional cu cel modern. \u00cempletim \u00een f\u0103urirea lor vechea tehnic\u0103 a intarsiei cu frumuse\u021bea picturii manuale.\" \/>\n<meta property=\"og:url\" content=\"https:\/\/www.redowlcraft.ro\/en\/product\/cercei-din-lemn-intarsie-chain-verde\/\" \/>\n<meta property=\"og:site_name\" content=\"RedOwlCraft\" \/>\n<meta property=\"article:modified_time\" content=\"2026-04-07T17:00:54+00:00\" \/>\n<meta property=\"og:image\" content=\"https:\/\/www.redowlcraft.ro\/wp-content\/uploads\/2025\/03\/Cercei-Intarsie-Chain-Verde-Fata.jpg\" \/>\n\t<meta property=\"og:image:width\" content=\"1500\" \/>\n\t<meta property=\"og:image:height\" content=\"1500\" \/>\n\t<meta property=\"og:image:type\" content=\"image\/jpeg\" \/>\n<meta name=\"twitter:card\" content=\"summary_large_image\" \/>\n<meta name=\"twitter:label1\" content=\"Est. reading time\" \/>\n\t<meta name=\"twitter:data1\" content=\"2 minutes\" \/>\n<script type=\"application\/ld+json\" class=\"yoast-schema-graph\">{\"@context\":\"https:\/\/schema.org\",\"@graph\":[{\"@type\":\"WebPage\",\"@id\":\"https:\/\/www.redowlcraft.ro\/produs\/cercei-din-lemn-intarsie-chain-verde\/\",\"url\":\"https:\/\/www.redowlcraft.ro\/produs\/cercei-din-lemn-intarsie-chain-verde\/\",\"name\":\"Cercei din Lemn Intarsie Chain - Verde - RedOwlCraft\",\"isPartOf\":{\"@id\":\"https:\/\/www.redowlcraft.ro\/#website\"},\"primaryImageOfPage\":{\"@id\":\"https:\/\/www.redowlcraft.ro\/produs\/cercei-din-lemn-intarsie-chain-verde\/#primaryimage\"},\"image\":{\"@id\":\"https:\/\/www.redowlcraft.ro\/produs\/cercei-din-lemn-intarsie-chain-verde\/#primaryimage\"},\"thumbnailUrl\":\"https:\/\/www.redowlcraft.ro\/wp-content\/uploads\/2025\/03\/Cercei-Intarsie-Chain-Verde-Fata.jpg\",\"datePublished\":\"2025-03-21T16:28:24+00:00\",\"dateModified\":\"2026-04-07T17:00:54+00:00\",\"breadcrumb\":{\"@id\":\"https:\/\/www.redowlcraft.ro\/produs\/cercei-din-lemn-intarsie-chain-verde\/#breadcrumb\"},\"inLanguage\":\"en-US\",\"potentialAction\":[{\"@type\":\"ReadAction\",\"target\":[\"https:\/\/www.redowlcraft.ro\/produs\/cercei-din-lemn-intarsie-chain-verde\/\"]}]},{\"@type\":\"ImageObject\",\"inLanguage\":\"en-US\",\"@id\":\"https:\/\/www.redowlcraft.ro\/produs\/cercei-din-lemn-intarsie-chain-verde\/#primaryimage\",\"url\":\"https:\/\/www.redowlcraft.ro\/wp-content\/uploads\/2025\/03\/Cercei-Intarsie-Chain-Verde-Fata.jpg\",\"contentUrl\":\"https:\/\/www.redowlcraft.ro\/wp-content\/uploads\/2025\/03\/Cercei-Intarsie-Chain-Verde-Fata.jpg\",\"width\":1500,\"height\":1500},{\"@type\":\"BreadcrumbList\",\"@id\":\"https:\/\/www.redowlcraft.ro\/produs\/cercei-din-lemn-intarsie-chain-verde\/#breadcrumb\",\"itemListElement\":[{\"@type\":\"ListItem\",\"position\":1,\"name\":\"Prima pagin\u0103\",\"item\":\"https:\/\/www.redowlcraft.ro\/\"},{\"@type\":\"ListItem\",\"position\":2,\"name\":\"Magazin\",\"item\":\"https:\/\/www.redowlcraft.ro\/magazin\/\"},{\"@type\":\"ListItem\",\"position\":3,\"name\":\"Cercei din Lemn Intarsie Chain &#8211; Verde\"}]},{\"@type\":\"WebSite\",\"@id\":\"https:\/\/www.redowlcraft.ro\/#website\",\"url\":\"https:\/\/www.redowlcraft.ro\/\",\"name\":\"RedOwlCraft\",\"description\":\"See yourself in a piece of wood!\",\"publisher\":{\"@id\":\"https:\/\/www.redowlcraft.ro\/#organization\"},\"potentialAction\":[{\"@type\":\"SearchAction\",\"target\":{\"@type\":\"EntryPoint\",\"urlTemplate\":\"https:\/\/www.redowlcraft.ro\/?s={search_term_string}\"},\"query-input\":{\"@type\":\"PropertyValueSpecification\",\"valueRequired\":true,\"valueName\":\"search_term_string\"}}],\"inLanguage\":\"en-US\"},{\"@type\":\"Organization\",\"@id\":\"https:\/\/www.redowlcraft.ro\/#organization\",\"name\":\"RedOwlCraft\",\"url\":\"https:\/\/www.redowlcraft.ro\/\",\"logo\":{\"@type\":\"ImageObject\",\"inLanguage\":\"en-US\",\"@id\":\"https:\/\/www.redowlcraft.ro\/#\/schema\/logo\/image\/\",\"url\":\"https:\/\/www.redowlcraft.ro\/wp-content\/uploads\/2024\/03\/cropped-logo-4.png\",\"contentUrl\":\"https:\/\/www.redowlcraft.ro\/wp-content\/uploads\/2024\/03\/cropped-logo-4.png\",\"width\":1103,\"height\":250,\"caption\":\"RedOwlCraft\"},\"image\":{\"@id\":\"https:\/\/www.redowlcraft.ro\/#\/schema\/logo\/image\/\"}}]}<\/script>\n<!-- \/ Yoast SEO plugin. -->","yoast_head_json":{"title":"Cercei din Lemn Intarsie Chain - Verde - RedOwlCraft","robots":{"index":"index","follow":"follow","max-snippet":"max-snippet:-1","max-image-preview":"max-image-preview:large","max-video-preview":"max-video-preview:-1"},"canonical":"https:\/\/www.redowlcraft.ro\/en\/product\/cercei-din-lemn-intarsie-chain-verde\/","og_locale":"en_US","og_type":"article","og_title":"Cercei din Lemn Intarsie Chain - Verde - RedOwlCraft","og_description":"Cerceii din lemn Unicat, lucra\u021bi \u00een exclusivitate \u00een Atelierul RedOwlCraft\u00ae, sunt o \u00eembinare a me\u0219te\u0219ugului traditional cu cel modern. \u00cempletim \u00een f\u0103urirea lor vechea tehnic\u0103 a intarsiei cu frumuse\u021bea picturii manuale.","og_url":"https:\/\/www.redowlcraft.ro\/en\/product\/cercei-din-lemn-intarsie-chain-verde\/","og_site_name":"RedOwlCraft","article_modified_time":"2026-04-07T17:00:54+00:00","og_image":[{"width":1500,"height":1500,"url":"https:\/\/www.redowlcraft.ro\/wp-content\/uploads\/2025\/03\/Cercei-Intarsie-Chain-Verde-Fata.jpg","type":"image\/jpeg"}],"twitter_card":"summary_large_image","twitter_misc":{"Est. reading time":"2 minutes"},"schema":{"@context":"https:\/\/schema.org","@graph":[{"@type":"WebPage","@id":"https:\/\/www.redowlcraft.ro\/produs\/cercei-din-lemn-intarsie-chain-verde\/","url":"https:\/\/www.redowlcraft.ro\/produs\/cercei-din-lemn-intarsie-chain-verde\/","name":"Cercei din Lemn Intarsie Chain - Verde - RedOwlCraft","isPartOf":{"@id":"https:\/\/www.redowlcraft.ro\/#website"},"primaryImageOfPage":{"@id":"https:\/\/www.redowlcraft.ro\/produs\/cercei-din-lemn-intarsie-chain-verde\/#primaryimage"},"image":{"@id":"https:\/\/www.redowlcraft.ro\/produs\/cercei-din-lemn-intarsie-chain-verde\/#primaryimage"},"thumbnailUrl":"https:\/\/www.redowlcraft.ro\/wp-content\/uploads\/2025\/03\/Cercei-Intarsie-Chain-Verde-Fata.jpg","datePublished":"2025-03-21T16:28:24+00:00","dateModified":"2026-04-07T17:00:54+00:00","breadcrumb":{"@id":"https:\/\/www.redowlcraft.ro\/produs\/cercei-din-lemn-intarsie-chain-verde\/#breadcrumb"},"inLanguage":"en-US","potentialAction":[{"@type":"ReadAction","target":["https:\/\/www.redowlcraft.ro\/produs\/cercei-din-lemn-intarsie-chain-verde\/"]}]},{"@type":"ImageObject","inLanguage":"en-US","@id":"https:\/\/www.redowlcraft.ro\/produs\/cercei-din-lemn-intarsie-chain-verde\/#primaryimage","url":"https:\/\/www.redowlcraft.ro\/wp-content\/uploads\/2025\/03\/Cercei-Intarsie-Chain-Verde-Fata.jpg","contentUrl":"https:\/\/www.redowlcraft.ro\/wp-content\/uploads\/2025\/03\/Cercei-Intarsie-Chain-Verde-Fata.jpg","width":1500,"height":1500},{"@type":"BreadcrumbList","@id":"https:\/\/www.redowlcraft.ro\/produs\/cercei-din-lemn-intarsie-chain-verde\/#breadcrumb","itemListElement":[{"@type":"ListItem","position":1,"name":"Prima pagin\u0103","item":"https:\/\/www.redowlcraft.ro\/"},{"@type":"ListItem","position":2,"name":"Magazin","item":"https:\/\/www.redowlcraft.ro\/magazin\/"},{"@type":"ListItem","position":3,"name":"Cercei din Lemn Intarsie Chain &#8211; Verde"}]},{"@type":"WebSite","@id":"https:\/\/www.redowlcraft.ro\/#website","url":"https:\/\/www.redowlcraft.ro\/","name":"RedOwlCraft","description":"See yourself in a piece of wood!","publisher":{"@id":"https:\/\/www.redowlcraft.ro\/#organization"},"potentialAction":[{"@type":"SearchAction","target":{"@type":"EntryPoint","urlTemplate":"https:\/\/www.redowlcraft.ro\/?s={search_term_string}"},"query-input":{"@type":"PropertyValueSpecification","valueRequired":true,"valueName":"search_term_string"}}],"inLanguage":"en-US"},{"@type":"Organization","@id":"https:\/\/www.redowlcraft.ro\/#organization","name":"RedOwlCraft","url":"https:\/\/www.redowlcraft.ro\/","logo":{"@type":"ImageObject","inLanguage":"en-US","@id":"https:\/\/www.redowlcraft.ro\/#\/schema\/logo\/image\/","url":"https:\/\/www.redowlcraft.ro\/wp-content\/uploads\/2024\/03\/cropped-logo-4.png","contentUrl":"https:\/\/www.redowlcraft.ro\/wp-content\/uploads\/2024\/03\/cropped-logo-4.png","width":1103,"height":250,"caption":"RedOwlCraft"},"image":{"@id":"https:\/\/www.redowlcraft.ro\/#\/schema\/logo\/image\/"}}]}},"_links":{"self":[{"href":"https:\/\/www.redowlcraft.ro\/en\/wp-json\/wp\/v2\/product\/27960","targetHints":{"allow":["GET"]}}],"collection":[{"href":"https:\/\/www.redowlcraft.ro\/en\/wp-json\/wp\/v2\/product"}],"about":[{"href":"https:\/\/www.redowlcraft.ro\/en\/wp-json\/wp\/v2\/types\/product"}],"replies":[{"embeddable":true,"href":"https:\/\/www.redowlcraft.ro\/en\/wp-json\/wp\/v2\/comments?post=27960"}],"wp:featuredmedia":[{"embeddable":true,"href":"https:\/\/www.redowlcraft.ro\/en\/wp-json\/wp\/v2\/media\/27799"}],"wp:attachment":[{"href":"https:\/\/www.redowlcraft.ro\/en\/wp-json\/wp\/v2\/media?parent=27960"}],"wp:term":[{"taxonomy":"product_brand","embeddable":true,"href":"https:\/\/www.redowlcraft.ro\/en\/wp-json\/wp\/v2\/product_brand?post=27960"},{"taxonomy":"product_cat","embeddable":true,"href":"https:\/\/www.redowlcraft.ro\/en\/wp-json\/wp\/v2\/product_cat?post=27960"},{"taxonomy":"product_tag","embeddable":true,"href":"https:\/\/www.redowlcraft.ro\/en\/wp-json\/wp\/v2\/product_tag?post=27960"}],"curies":[{"name":"wp","href":"https:\/\/api.w.org\/{rel}","templated":true}]}}