{"id":27321,"date":"2025-02-21T15:01:00","date_gmt":"2025-02-21T13:01:00","guid":{"rendered":"https:\/\/s1.ddm.live\/?post_type=product&#038;p=27321"},"modified":"2026-04-30T11:39:49","modified_gmt":"2026-04-30T09:39:49","slug":"tablou-lemn-mandala-chakra-sacrala-svadisthana","status":"publish","type":"product","link":"https:\/\/www.redowlcraft.ro\/en\/product\/tablou-lemn-mandala-chakra-sacrala-svadisthana\/","title":{"rendered":"Wooden Mandala Wall Decoration \u2013 Sacral Chakra Svadhisthana"},"content":{"rendered":"<p>Svadhisthana means \u201cthe place of one\u2019s own being\u201d or \u201cthe dwelling of the self\u201d in Sanskrit, reflecting its deep connection with personal identity and emotions. It is considered the energetic center of creativity and procreation. It influences interpersonal relationships and the ability to feel and express emotions.<\/p>\n<p>This chakra also governs the ability to enjoy life and to find pleasure in sensory experiences. It is directly connected with the element of water, which represents fluidity, emotions, creativity, and changes.<\/p>\n<p>The Svadhisthana chakra is essential for personal and emotional development, offering a foundation for creativity, pleasure, and healthy relationships.<\/p>\n<p>Specifications:<br \/>\nArt Deco object 2 layers with wall hanging bracket<br \/>\nBeech wood<br \/>\nColor: walnut and bronze, varnished with water-based lacquer and acrylic<br \/>\nDimensions: diameter 30 cm, Weight: 300 g<\/p>\n<p>This is a quality product handcrafted by specialized and passionate staff. It is made of living wood, so the wood may have imperfections and specific characteristics. These particular characteristics should not be considered as defects, but only as peculiarities of the wood. Any type of wood or conglomerate of wood, will suffer changes after exposure to high humidity or excessive heat especially when the object is new, be careful to avoid rain, direct exposure to direct sunlight or in any case, contact with liquids; (for the above reasons, there is no craftsmanship in wood or carpentry that offers warranty).<\/p>\n<p>THANK YOU SO MUCH FOR SUPPORTING AND LOOKING FOR INDEPENDENT ARTISTS!!!!<\/p>\n<p>Designed and produced by RedOwl Craft - Collection 2019<\/p>","protected":false},"excerpt":{"rendered":"<p>Svadhisthana means \u201cthe place of one\u2019s own being\u201d or \u201cthe dwelling of the self\u201d in Sanskrit, reflecting its deep connection with personal identity and emotions. It is considered the energetic center of creativity and procreation. It influences interpersonal relationships and the ability to feel and express emotions.<\/p>","protected":false},"featured_media":27310,"comment_status":"open","ping_status":"closed","template":"","meta":{"inline_featured_image":false},"product_brand":[],"product_cat":[298,195],"product_tag":[263],"class_list":{"0":"post-27321","1":"product","2":"type-product","3":"status-publish","4":"has-post-thumbnail","6":"product_cat-toate-produsele","7":"product_cat-home-deco","8":"product_tag-home-deco-mandala","10":"first","11":"instock","12":"sale","13":"taxable","14":"shipping-taxable","15":"purchasable","16":"product-type-simple"},"yoast_head":"<!-- This site is optimized with the Yoast SEO plugin v26.5 - https:\/\/yoast.com\/wordpress\/plugins\/seo\/ -->\n<title>Tablou Lemn Mandala - Chakra Sacrala Svadisthana - RedOwlCraft<\/title>\n<meta name=\"robots\" content=\"index, follow, max-snippet:-1, max-image-preview:large, max-video-preview:-1\" \/>\n<link rel=\"canonical\" href=\"https:\/\/www.redowlcraft.ro\/en\/product\/tablou-lemn-mandala-chakra-sacrala-svadisthana\/\" \/>\n<meta property=\"og:locale\" content=\"en_US\" \/>\n<meta property=\"og:type\" content=\"article\" \/>\n<meta property=\"og:title\" content=\"Tablou Lemn Mandala - Chakra Sacrala Svadisthana - RedOwlCraft\" \/>\n<meta property=\"og:description\" content=\"Svadhisthana \u00eenseamn\u0103 &quot;locul propriei fiin\u021be&quot; sau &quot;re\u0219edin\u021ba sinelui&quot; \u00een sanscrit\u0103, reflecta leg\u0103tura sa profund\u0103 cu identitatea personal\u0103 \u0219i emo\u021biile. Este considerat\u0103 centrul energetic al creativit\u0103\u021bii \u0219i al procre\u0103rii. Ea influen\u021beaza rela\u021biile interpersonale \u0219i capacitatea de a sim\u021bi \u0219i de a exprima emo\u021biile.\" \/>\n<meta property=\"og:url\" content=\"https:\/\/www.redowlcraft.ro\/en\/product\/tablou-lemn-mandala-chakra-sacrala-svadisthana\/\" \/>\n<meta property=\"og:site_name\" content=\"RedOwlCraft\" \/>\n<meta property=\"article:modified_time\" content=\"2026-04-30T09:39:49+00:00\" \/>\n<meta property=\"og:image\" content=\"https:\/\/www.redowlcraft.ro\/wp-content\/uploads\/2025\/02\/Svadhishthana-Chakra-2-Fata.jpg\" \/>\n\t<meta property=\"og:image:width\" content=\"1500\" \/>\n\t<meta property=\"og:image:height\" content=\"1500\" \/>\n\t<meta property=\"og:image:type\" content=\"image\/jpeg\" \/>\n<meta name=\"twitter:card\" content=\"summary_large_image\" \/>\n<meta name=\"twitter:label1\" content=\"Est. reading time\" \/>\n\t<meta name=\"twitter:data1\" content=\"2 minutes\" \/>\n<script type=\"application\/ld+json\" class=\"yoast-schema-graph\">{\"@context\":\"https:\/\/schema.org\",\"@graph\":[{\"@type\":\"WebPage\",\"@id\":\"https:\/\/www.redowlcraft.ro\/produs\/tablou-lemn-mandala-chakra-sacrala-svadisthana\/\",\"url\":\"https:\/\/www.redowlcraft.ro\/produs\/tablou-lemn-mandala-chakra-sacrala-svadisthana\/\",\"name\":\"Tablou Lemn Mandala - Chakra Sacrala Svadisthana - RedOwlCraft\",\"isPartOf\":{\"@id\":\"https:\/\/www.redowlcraft.ro\/#website\"},\"primaryImageOfPage\":{\"@id\":\"https:\/\/www.redowlcraft.ro\/produs\/tablou-lemn-mandala-chakra-sacrala-svadisthana\/#primaryimage\"},\"image\":{\"@id\":\"https:\/\/www.redowlcraft.ro\/produs\/tablou-lemn-mandala-chakra-sacrala-svadisthana\/#primaryimage\"},\"thumbnailUrl\":\"https:\/\/www.redowlcraft.ro\/wp-content\/uploads\/2025\/02\/Svadhishthana-Chakra-2-Fata.jpg\",\"datePublished\":\"2025-02-21T13:01:00+00:00\",\"dateModified\":\"2026-04-30T09:39:49+00:00\",\"breadcrumb\":{\"@id\":\"https:\/\/www.redowlcraft.ro\/produs\/tablou-lemn-mandala-chakra-sacrala-svadisthana\/#breadcrumb\"},\"inLanguage\":\"en-US\",\"potentialAction\":[{\"@type\":\"ReadAction\",\"target\":[\"https:\/\/www.redowlcraft.ro\/produs\/tablou-lemn-mandala-chakra-sacrala-svadisthana\/\"]}]},{\"@type\":\"ImageObject\",\"inLanguage\":\"en-US\",\"@id\":\"https:\/\/www.redowlcraft.ro\/produs\/tablou-lemn-mandala-chakra-sacrala-svadisthana\/#primaryimage\",\"url\":\"https:\/\/www.redowlcraft.ro\/wp-content\/uploads\/2025\/02\/Svadhishthana-Chakra-2-Fata.jpg\",\"contentUrl\":\"https:\/\/www.redowlcraft.ro\/wp-content\/uploads\/2025\/02\/Svadhishthana-Chakra-2-Fata.jpg\",\"width\":1500,\"height\":1500},{\"@type\":\"BreadcrumbList\",\"@id\":\"https:\/\/www.redowlcraft.ro\/produs\/tablou-lemn-mandala-chakra-sacrala-svadisthana\/#breadcrumb\",\"itemListElement\":[{\"@type\":\"ListItem\",\"position\":1,\"name\":\"Prima pagin\u0103\",\"item\":\"https:\/\/www.redowlcraft.ro\/\"},{\"@type\":\"ListItem\",\"position\":2,\"name\":\"Magazin\",\"item\":\"https:\/\/www.redowlcraft.ro\/magazin\/\"},{\"@type\":\"ListItem\",\"position\":3,\"name\":\"Tablou Lemn Mandala &#8211; Chakra Sacrala Svadisthana\"}]},{\"@type\":\"WebSite\",\"@id\":\"https:\/\/www.redowlcraft.ro\/#website\",\"url\":\"https:\/\/www.redowlcraft.ro\/\",\"name\":\"RedOwlCraft\",\"description\":\"See yourself in a piece of wood!\",\"publisher\":{\"@id\":\"https:\/\/www.redowlcraft.ro\/#organization\"},\"potentialAction\":[{\"@type\":\"SearchAction\",\"target\":{\"@type\":\"EntryPoint\",\"urlTemplate\":\"https:\/\/www.redowlcraft.ro\/?s={search_term_string}\"},\"query-input\":{\"@type\":\"PropertyValueSpecification\",\"valueRequired\":true,\"valueName\":\"search_term_string\"}}],\"inLanguage\":\"en-US\"},{\"@type\":\"Organization\",\"@id\":\"https:\/\/www.redowlcraft.ro\/#organization\",\"name\":\"RedOwlCraft\",\"url\":\"https:\/\/www.redowlcraft.ro\/\",\"logo\":{\"@type\":\"ImageObject\",\"inLanguage\":\"en-US\",\"@id\":\"https:\/\/www.redowlcraft.ro\/#\/schema\/logo\/image\/\",\"url\":\"https:\/\/www.redowlcraft.ro\/wp-content\/uploads\/2024\/03\/cropped-logo-4.png\",\"contentUrl\":\"https:\/\/www.redowlcraft.ro\/wp-content\/uploads\/2024\/03\/cropped-logo-4.png\",\"width\":1103,\"height\":250,\"caption\":\"RedOwlCraft\"},\"image\":{\"@id\":\"https:\/\/www.redowlcraft.ro\/#\/schema\/logo\/image\/\"}}]}<\/script>\n<!-- \/ Yoast SEO plugin. -->","yoast_head_json":{"title":"Tablou Lemn Mandala - Chakra Sacrala Svadisthana - RedOwlCraft","robots":{"index":"index","follow":"follow","max-snippet":"max-snippet:-1","max-image-preview":"max-image-preview:large","max-video-preview":"max-video-preview:-1"},"canonical":"https:\/\/www.redowlcraft.ro\/en\/product\/tablou-lemn-mandala-chakra-sacrala-svadisthana\/","og_locale":"en_US","og_type":"article","og_title":"Tablou Lemn Mandala - Chakra Sacrala Svadisthana - RedOwlCraft","og_description":"Svadhisthana \u00eenseamn\u0103 \"locul propriei fiin\u021be\" sau \"re\u0219edin\u021ba sinelui\" \u00een sanscrit\u0103, reflecta leg\u0103tura sa profund\u0103 cu identitatea personal\u0103 \u0219i emo\u021biile. Este considerat\u0103 centrul energetic al creativit\u0103\u021bii \u0219i al procre\u0103rii. Ea influen\u021beaza rela\u021biile interpersonale \u0219i capacitatea de a sim\u021bi \u0219i de a exprima emo\u021biile.","og_url":"https:\/\/www.redowlcraft.ro\/en\/product\/tablou-lemn-mandala-chakra-sacrala-svadisthana\/","og_site_name":"RedOwlCraft","article_modified_time":"2026-04-30T09:39:49+00:00","og_image":[{"width":1500,"height":1500,"url":"https:\/\/www.redowlcraft.ro\/wp-content\/uploads\/2025\/02\/Svadhishthana-Chakra-2-Fata.jpg","type":"image\/jpeg"}],"twitter_card":"summary_large_image","twitter_misc":{"Est. reading time":"2 minutes"},"schema":{"@context":"https:\/\/schema.org","@graph":[{"@type":"WebPage","@id":"https:\/\/www.redowlcraft.ro\/produs\/tablou-lemn-mandala-chakra-sacrala-svadisthana\/","url":"https:\/\/www.redowlcraft.ro\/produs\/tablou-lemn-mandala-chakra-sacrala-svadisthana\/","name":"Tablou Lemn Mandala - Chakra Sacrala Svadisthana - RedOwlCraft","isPartOf":{"@id":"https:\/\/www.redowlcraft.ro\/#website"},"primaryImageOfPage":{"@id":"https:\/\/www.redowlcraft.ro\/produs\/tablou-lemn-mandala-chakra-sacrala-svadisthana\/#primaryimage"},"image":{"@id":"https:\/\/www.redowlcraft.ro\/produs\/tablou-lemn-mandala-chakra-sacrala-svadisthana\/#primaryimage"},"thumbnailUrl":"https:\/\/www.redowlcraft.ro\/wp-content\/uploads\/2025\/02\/Svadhishthana-Chakra-2-Fata.jpg","datePublished":"2025-02-21T13:01:00+00:00","dateModified":"2026-04-30T09:39:49+00:00","breadcrumb":{"@id":"https:\/\/www.redowlcraft.ro\/produs\/tablou-lemn-mandala-chakra-sacrala-svadisthana\/#breadcrumb"},"inLanguage":"en-US","potentialAction":[{"@type":"ReadAction","target":["https:\/\/www.redowlcraft.ro\/produs\/tablou-lemn-mandala-chakra-sacrala-svadisthana\/"]}]},{"@type":"ImageObject","inLanguage":"en-US","@id":"https:\/\/www.redowlcraft.ro\/produs\/tablou-lemn-mandala-chakra-sacrala-svadisthana\/#primaryimage","url":"https:\/\/www.redowlcraft.ro\/wp-content\/uploads\/2025\/02\/Svadhishthana-Chakra-2-Fata.jpg","contentUrl":"https:\/\/www.redowlcraft.ro\/wp-content\/uploads\/2025\/02\/Svadhishthana-Chakra-2-Fata.jpg","width":1500,"height":1500},{"@type":"BreadcrumbList","@id":"https:\/\/www.redowlcraft.ro\/produs\/tablou-lemn-mandala-chakra-sacrala-svadisthana\/#breadcrumb","itemListElement":[{"@type":"ListItem","position":1,"name":"Prima pagin\u0103","item":"https:\/\/www.redowlcraft.ro\/"},{"@type":"ListItem","position":2,"name":"Magazin","item":"https:\/\/www.redowlcraft.ro\/magazin\/"},{"@type":"ListItem","position":3,"name":"Tablou Lemn Mandala &#8211; Chakra Sacrala Svadisthana"}]},{"@type":"WebSite","@id":"https:\/\/www.redowlcraft.ro\/#website","url":"https:\/\/www.redowlcraft.ro\/","name":"RedOwlCraft","description":"See yourself in a piece of wood!","publisher":{"@id":"https:\/\/www.redowlcraft.ro\/#organization"},"potentialAction":[{"@type":"SearchAction","target":{"@type":"EntryPoint","urlTemplate":"https:\/\/www.redowlcraft.ro\/?s={search_term_string}"},"query-input":{"@type":"PropertyValueSpecification","valueRequired":true,"valueName":"search_term_string"}}],"inLanguage":"en-US"},{"@type":"Organization","@id":"https:\/\/www.redowlcraft.ro\/#organization","name":"RedOwlCraft","url":"https:\/\/www.redowlcraft.ro\/","logo":{"@type":"ImageObject","inLanguage":"en-US","@id":"https:\/\/www.redowlcraft.ro\/#\/schema\/logo\/image\/","url":"https:\/\/www.redowlcraft.ro\/wp-content\/uploads\/2024\/03\/cropped-logo-4.png","contentUrl":"https:\/\/www.redowlcraft.ro\/wp-content\/uploads\/2024\/03\/cropped-logo-4.png","width":1103,"height":250,"caption":"RedOwlCraft"},"image":{"@id":"https:\/\/www.redowlcraft.ro\/#\/schema\/logo\/image\/"}}]}},"_links":{"self":[{"href":"https:\/\/www.redowlcraft.ro\/en\/wp-json\/wp\/v2\/product\/27321","targetHints":{"allow":["GET"]}}],"collection":[{"href":"https:\/\/www.redowlcraft.ro\/en\/wp-json\/wp\/v2\/product"}],"about":[{"href":"https:\/\/www.redowlcraft.ro\/en\/wp-json\/wp\/v2\/types\/product"}],"replies":[{"embeddable":true,"href":"https:\/\/www.redowlcraft.ro\/en\/wp-json\/wp\/v2\/comments?post=27321"}],"wp:featuredmedia":[{"embeddable":true,"href":"https:\/\/www.redowlcraft.ro\/en\/wp-json\/wp\/v2\/media\/27310"}],"wp:attachment":[{"href":"https:\/\/www.redowlcraft.ro\/en\/wp-json\/wp\/v2\/media?parent=27321"}],"wp:term":[{"taxonomy":"product_brand","embeddable":true,"href":"https:\/\/www.redowlcraft.ro\/en\/wp-json\/wp\/v2\/product_brand?post=27321"},{"taxonomy":"product_cat","embeddable":true,"href":"https:\/\/www.redowlcraft.ro\/en\/wp-json\/wp\/v2\/product_cat?post=27321"},{"taxonomy":"product_tag","embeddable":true,"href":"https:\/\/www.redowlcraft.ro\/en\/wp-json\/wp\/v2\/product_tag?post=27321"}],"curies":[{"name":"wp","href":"https:\/\/api.w.org\/{rel}","templated":true}]}}