{"id":27319,"date":"2025-02-21T14:51:25","date_gmt":"2025-02-21T12:51:25","guid":{"rendered":"https:\/\/s1.ddm.live\/?post_type=product&#038;p=27319"},"modified":"2026-04-27T17:35:36","modified_gmt":"2026-04-27T15:35:36","slug":"tablou-lemn-mandala-chakra-inimii-anahata","status":"publish","type":"product","link":"https:\/\/www.redowlcraft.ro\/en\/product\/tablou-lemn-mandala-chakra-inimii-anahata\/","title":{"rendered":"Wooden Mandala Wall Decoration - Heart Chakra Anahata"},"content":{"rendered":"<p>Anahata means \u201cuntouched\u201d or \u201cunaffected\u201d in Sanskrit, suggesting a state of purity and inner peace.<\/p>\n<p>The Heart Chakra is associated with various positive qualities: love, peace, harmony, and compassion. It represents the balance between masculine and feminine energies, as well as the harmony between Heaven and Earth.<\/p>\n<p>When the Chakra is open and balanced, it manifests through a deep capacity to love and accept. Empathy and the ability to live in harmony with those around you are also characteristics of a balanced Heart Chakra.<\/p>\n<p>An imbalance may manifest as lack of trust, fear, jealousy, envy, sadness, lack of humanity or compassion, and even difficulty in forgiving.<\/p>\n<p>Anahata is the center of love, compassion, peace, and harmony. It is considered the home of the soul.<\/p>\n<p>By using Anahata (the Heart Chakra) in our home, at the office, or as an Amulet, we can permanently remove any blockage that may manifest at the level of the thymus, immune system, lungs, or even help prevent heart problems.<\/p>\n<p>Specifications:<br \/>\nArt Deco object 2 layers with wall hanging bracket<br \/>\nBeech wood<br \/>\nColor: walnut and bronze, varnished with water-based lacquer and acrylic<br \/>\nDimensions: diameter 30 cm, Weight: 300 g<\/p>\n<p>This is a quality product handcrafted by specialized and passionate staff. It is made of living wood, so the wood may have imperfections and specific characteristics. These particular characteristics should not be considered as defects, but only as peculiarities of the wood. Any type of wood or conglomerate of wood, will suffer changes after exposure to high humidity or excessive heat especially when the object is new, be careful to avoid rain, direct exposure to direct sunlight or in any case, contact with liquids; (for the above reasons, there is no craftsmanship in wood or carpentry that offers warranty).<\/p>\n<p>THANK YOU SO MUCH FOR SUPPORTING AND LOOKING FOR INDEPENDENT ARTISTS!!!!<\/p>\n<p>Designed and produced by RedOwl Craft - Collection 2019<\/p>\n<p>&nbsp;<\/p>","protected":false},"excerpt":{"rendered":"<p>Anahata \u00eenseamn\u0103 &#8220;neatins&#8221; sau &#8220;neafectat&#8221; \u00een sanscrit\u0103, suger\u00e2nd o stare de puritate \u0219i pace interioar\u0103. Chakra Inimii este asociat\u0103 cu diferite calit\u0103\u021bi pozitive. Iubirea, pacea, armonia \u0219i compasiunea. Ea este chilibrul dintre energiile masculine \u0219i feminine, dar \u0219i armonia dintre Cer \u0219i P\u0103m\u00e2nt.<\/p>","protected":false},"featured_media":27294,"comment_status":"open","ping_status":"closed","template":"","meta":{"inline_featured_image":false},"product_brand":[],"product_cat":[298,195],"product_tag":[263],"class_list":{"0":"post-27319","1":"product","2":"type-product","3":"status-publish","4":"has-post-thumbnail","6":"product_cat-toate-produsele","7":"product_cat-home-deco","8":"product_tag-home-deco-mandala","10":"first","11":"instock","12":"taxable","13":"shipping-taxable","14":"purchasable","15":"product-type-simple"},"yoast_head":"<!-- This site is optimized with the Yoast SEO plugin v26.5 - https:\/\/yoast.com\/wordpress\/plugins\/seo\/ -->\n<title>Tablou Lemn Mandala - Chakra Inimii Anahata - RedOwlCraft<\/title>\n<meta name=\"robots\" content=\"index, follow, max-snippet:-1, max-image-preview:large, max-video-preview:-1\" \/>\n<link rel=\"canonical\" href=\"https:\/\/www.redowlcraft.ro\/en\/product\/tablou-lemn-mandala-chakra-inimii-anahata\/\" \/>\n<meta property=\"og:locale\" content=\"en_US\" \/>\n<meta property=\"og:type\" content=\"article\" \/>\n<meta property=\"og:title\" content=\"Tablou Lemn Mandala - Chakra Inimii Anahata - RedOwlCraft\" \/>\n<meta property=\"og:description\" content=\"Anahata \u00eenseamn\u0103 &quot;neatins&quot; sau &quot;neafectat&quot; \u00een sanscrit\u0103, suger\u00e2nd o stare de puritate \u0219i pace interioar\u0103. Chakra Inimii este asociat\u0103 cu diferite calit\u0103\u021bi pozitive. Iubirea, pacea, armonia \u0219i compasiunea. Ea este chilibrul dintre energiile masculine \u0219i feminine, dar \u0219i armonia dintre Cer \u0219i P\u0103m\u00e2nt.\" \/>\n<meta property=\"og:url\" content=\"https:\/\/www.redowlcraft.ro\/en\/product\/tablou-lemn-mandala-chakra-inimii-anahata\/\" \/>\n<meta property=\"og:site_name\" content=\"RedOwlCraft\" \/>\n<meta property=\"article:modified_time\" content=\"2026-04-27T15:35:36+00:00\" \/>\n<meta property=\"og:image\" content=\"https:\/\/www.redowlcraft.ro\/wp-content\/uploads\/2025\/02\/Anahata-Chakra-4-Fata.jpg\" \/>\n\t<meta property=\"og:image:width\" content=\"1500\" \/>\n\t<meta property=\"og:image:height\" content=\"1500\" \/>\n\t<meta property=\"og:image:type\" content=\"image\/jpeg\" \/>\n<meta name=\"twitter:card\" content=\"summary_large_image\" \/>\n<meta name=\"twitter:label1\" content=\"Est. reading time\" \/>\n\t<meta name=\"twitter:data1\" content=\"2 minutes\" \/>\n<script type=\"application\/ld+json\" class=\"yoast-schema-graph\">{\"@context\":\"https:\/\/schema.org\",\"@graph\":[{\"@type\":\"WebPage\",\"@id\":\"https:\/\/www.redowlcraft.ro\/produs\/tablou-lemn-mandala-chakra-inimii-anahata\/\",\"url\":\"https:\/\/www.redowlcraft.ro\/produs\/tablou-lemn-mandala-chakra-inimii-anahata\/\",\"name\":\"Tablou Lemn Mandala - Chakra Inimii Anahata - RedOwlCraft\",\"isPartOf\":{\"@id\":\"https:\/\/www.redowlcraft.ro\/#website\"},\"primaryImageOfPage\":{\"@id\":\"https:\/\/www.redowlcraft.ro\/produs\/tablou-lemn-mandala-chakra-inimii-anahata\/#primaryimage\"},\"image\":{\"@id\":\"https:\/\/www.redowlcraft.ro\/produs\/tablou-lemn-mandala-chakra-inimii-anahata\/#primaryimage\"},\"thumbnailUrl\":\"https:\/\/www.redowlcraft.ro\/wp-content\/uploads\/2025\/02\/Anahata-Chakra-4-Fata.jpg\",\"datePublished\":\"2025-02-21T12:51:25+00:00\",\"dateModified\":\"2026-04-27T15:35:36+00:00\",\"breadcrumb\":{\"@id\":\"https:\/\/www.redowlcraft.ro\/produs\/tablou-lemn-mandala-chakra-inimii-anahata\/#breadcrumb\"},\"inLanguage\":\"en-US\",\"potentialAction\":[{\"@type\":\"ReadAction\",\"target\":[\"https:\/\/www.redowlcraft.ro\/produs\/tablou-lemn-mandala-chakra-inimii-anahata\/\"]}]},{\"@type\":\"ImageObject\",\"inLanguage\":\"en-US\",\"@id\":\"https:\/\/www.redowlcraft.ro\/produs\/tablou-lemn-mandala-chakra-inimii-anahata\/#primaryimage\",\"url\":\"https:\/\/www.redowlcraft.ro\/wp-content\/uploads\/2025\/02\/Anahata-Chakra-4-Fata.jpg\",\"contentUrl\":\"https:\/\/www.redowlcraft.ro\/wp-content\/uploads\/2025\/02\/Anahata-Chakra-4-Fata.jpg\",\"width\":1500,\"height\":1500},{\"@type\":\"BreadcrumbList\",\"@id\":\"https:\/\/www.redowlcraft.ro\/produs\/tablou-lemn-mandala-chakra-inimii-anahata\/#breadcrumb\",\"itemListElement\":[{\"@type\":\"ListItem\",\"position\":1,\"name\":\"Prima pagin\u0103\",\"item\":\"https:\/\/www.redowlcraft.ro\/\"},{\"@type\":\"ListItem\",\"position\":2,\"name\":\"Magazin\",\"item\":\"https:\/\/www.redowlcraft.ro\/magazin\/\"},{\"@type\":\"ListItem\",\"position\":3,\"name\":\"Tablou Lemn Mandala &#8211; Chakra Inimii Anahata\"}]},{\"@type\":\"WebSite\",\"@id\":\"https:\/\/www.redowlcraft.ro\/#website\",\"url\":\"https:\/\/www.redowlcraft.ro\/\",\"name\":\"RedOwlCraft\",\"description\":\"See yourself in a piece of wood!\",\"publisher\":{\"@id\":\"https:\/\/www.redowlcraft.ro\/#organization\"},\"potentialAction\":[{\"@type\":\"SearchAction\",\"target\":{\"@type\":\"EntryPoint\",\"urlTemplate\":\"https:\/\/www.redowlcraft.ro\/?s={search_term_string}\"},\"query-input\":{\"@type\":\"PropertyValueSpecification\",\"valueRequired\":true,\"valueName\":\"search_term_string\"}}],\"inLanguage\":\"en-US\"},{\"@type\":\"Organization\",\"@id\":\"https:\/\/www.redowlcraft.ro\/#organization\",\"name\":\"RedOwlCraft\",\"url\":\"https:\/\/www.redowlcraft.ro\/\",\"logo\":{\"@type\":\"ImageObject\",\"inLanguage\":\"en-US\",\"@id\":\"https:\/\/www.redowlcraft.ro\/#\/schema\/logo\/image\/\",\"url\":\"https:\/\/www.redowlcraft.ro\/wp-content\/uploads\/2024\/03\/cropped-logo-4.png\",\"contentUrl\":\"https:\/\/www.redowlcraft.ro\/wp-content\/uploads\/2024\/03\/cropped-logo-4.png\",\"width\":1103,\"height\":250,\"caption\":\"RedOwlCraft\"},\"image\":{\"@id\":\"https:\/\/www.redowlcraft.ro\/#\/schema\/logo\/image\/\"}}]}<\/script>\n<!-- \/ Yoast SEO plugin. -->","yoast_head_json":{"title":"Tablou Lemn Mandala - Chakra Inimii Anahata - RedOwlCraft","robots":{"index":"index","follow":"follow","max-snippet":"max-snippet:-1","max-image-preview":"max-image-preview:large","max-video-preview":"max-video-preview:-1"},"canonical":"https:\/\/www.redowlcraft.ro\/en\/product\/tablou-lemn-mandala-chakra-inimii-anahata\/","og_locale":"en_US","og_type":"article","og_title":"Tablou Lemn Mandala - Chakra Inimii Anahata - RedOwlCraft","og_description":"Anahata \u00eenseamn\u0103 \"neatins\" sau \"neafectat\" \u00een sanscrit\u0103, suger\u00e2nd o stare de puritate \u0219i pace interioar\u0103. Chakra Inimii este asociat\u0103 cu diferite calit\u0103\u021bi pozitive. Iubirea, pacea, armonia \u0219i compasiunea. Ea este chilibrul dintre energiile masculine \u0219i feminine, dar \u0219i armonia dintre Cer \u0219i P\u0103m\u00e2nt.","og_url":"https:\/\/www.redowlcraft.ro\/en\/product\/tablou-lemn-mandala-chakra-inimii-anahata\/","og_site_name":"RedOwlCraft","article_modified_time":"2026-04-27T15:35:36+00:00","og_image":[{"width":1500,"height":1500,"url":"https:\/\/www.redowlcraft.ro\/wp-content\/uploads\/2025\/02\/Anahata-Chakra-4-Fata.jpg","type":"image\/jpeg"}],"twitter_card":"summary_large_image","twitter_misc":{"Est. reading time":"2 minutes"},"schema":{"@context":"https:\/\/schema.org","@graph":[{"@type":"WebPage","@id":"https:\/\/www.redowlcraft.ro\/produs\/tablou-lemn-mandala-chakra-inimii-anahata\/","url":"https:\/\/www.redowlcraft.ro\/produs\/tablou-lemn-mandala-chakra-inimii-anahata\/","name":"Tablou Lemn Mandala - Chakra Inimii Anahata - RedOwlCraft","isPartOf":{"@id":"https:\/\/www.redowlcraft.ro\/#website"},"primaryImageOfPage":{"@id":"https:\/\/www.redowlcraft.ro\/produs\/tablou-lemn-mandala-chakra-inimii-anahata\/#primaryimage"},"image":{"@id":"https:\/\/www.redowlcraft.ro\/produs\/tablou-lemn-mandala-chakra-inimii-anahata\/#primaryimage"},"thumbnailUrl":"https:\/\/www.redowlcraft.ro\/wp-content\/uploads\/2025\/02\/Anahata-Chakra-4-Fata.jpg","datePublished":"2025-02-21T12:51:25+00:00","dateModified":"2026-04-27T15:35:36+00:00","breadcrumb":{"@id":"https:\/\/www.redowlcraft.ro\/produs\/tablou-lemn-mandala-chakra-inimii-anahata\/#breadcrumb"},"inLanguage":"en-US","potentialAction":[{"@type":"ReadAction","target":["https:\/\/www.redowlcraft.ro\/produs\/tablou-lemn-mandala-chakra-inimii-anahata\/"]}]},{"@type":"ImageObject","inLanguage":"en-US","@id":"https:\/\/www.redowlcraft.ro\/produs\/tablou-lemn-mandala-chakra-inimii-anahata\/#primaryimage","url":"https:\/\/www.redowlcraft.ro\/wp-content\/uploads\/2025\/02\/Anahata-Chakra-4-Fata.jpg","contentUrl":"https:\/\/www.redowlcraft.ro\/wp-content\/uploads\/2025\/02\/Anahata-Chakra-4-Fata.jpg","width":1500,"height":1500},{"@type":"BreadcrumbList","@id":"https:\/\/www.redowlcraft.ro\/produs\/tablou-lemn-mandala-chakra-inimii-anahata\/#breadcrumb","itemListElement":[{"@type":"ListItem","position":1,"name":"Prima pagin\u0103","item":"https:\/\/www.redowlcraft.ro\/"},{"@type":"ListItem","position":2,"name":"Magazin","item":"https:\/\/www.redowlcraft.ro\/magazin\/"},{"@type":"ListItem","position":3,"name":"Tablou Lemn Mandala &#8211; Chakra Inimii Anahata"}]},{"@type":"WebSite","@id":"https:\/\/www.redowlcraft.ro\/#website","url":"https:\/\/www.redowlcraft.ro\/","name":"RedOwlCraft","description":"See yourself in a piece of wood!","publisher":{"@id":"https:\/\/www.redowlcraft.ro\/#organization"},"potentialAction":[{"@type":"SearchAction","target":{"@type":"EntryPoint","urlTemplate":"https:\/\/www.redowlcraft.ro\/?s={search_term_string}"},"query-input":{"@type":"PropertyValueSpecification","valueRequired":true,"valueName":"search_term_string"}}],"inLanguage":"en-US"},{"@type":"Organization","@id":"https:\/\/www.redowlcraft.ro\/#organization","name":"RedOwlCraft","url":"https:\/\/www.redowlcraft.ro\/","logo":{"@type":"ImageObject","inLanguage":"en-US","@id":"https:\/\/www.redowlcraft.ro\/#\/schema\/logo\/image\/","url":"https:\/\/www.redowlcraft.ro\/wp-content\/uploads\/2024\/03\/cropped-logo-4.png","contentUrl":"https:\/\/www.redowlcraft.ro\/wp-content\/uploads\/2024\/03\/cropped-logo-4.png","width":1103,"height":250,"caption":"RedOwlCraft"},"image":{"@id":"https:\/\/www.redowlcraft.ro\/#\/schema\/logo\/image\/"}}]}},"_links":{"self":[{"href":"https:\/\/www.redowlcraft.ro\/en\/wp-json\/wp\/v2\/product\/27319","targetHints":{"allow":["GET"]}}],"collection":[{"href":"https:\/\/www.redowlcraft.ro\/en\/wp-json\/wp\/v2\/product"}],"about":[{"href":"https:\/\/www.redowlcraft.ro\/en\/wp-json\/wp\/v2\/types\/product"}],"replies":[{"embeddable":true,"href":"https:\/\/www.redowlcraft.ro\/en\/wp-json\/wp\/v2\/comments?post=27319"}],"wp:featuredmedia":[{"embeddable":true,"href":"https:\/\/www.redowlcraft.ro\/en\/wp-json\/wp\/v2\/media\/27294"}],"wp:attachment":[{"href":"https:\/\/www.redowlcraft.ro\/en\/wp-json\/wp\/v2\/media?parent=27319"}],"wp:term":[{"taxonomy":"product_brand","embeddable":true,"href":"https:\/\/www.redowlcraft.ro\/en\/wp-json\/wp\/v2\/product_brand?post=27319"},{"taxonomy":"product_cat","embeddable":true,"href":"https:\/\/www.redowlcraft.ro\/en\/wp-json\/wp\/v2\/product_cat?post=27319"},{"taxonomy":"product_tag","embeddable":true,"href":"https:\/\/www.redowlcraft.ro\/en\/wp-json\/wp\/v2\/product_tag?post=27319"}],"curies":[{"name":"wp","href":"https:\/\/api.w.org\/{rel}","templated":true}]}}