{"id":27195,"date":"2025-02-05T20:23:08","date_gmt":"2025-02-05T18:23:08","guid":{"rendered":"https:\/\/s1.ddm.live\/?post_type=product&#038;p=27195"},"modified":"2026-04-17T19:02:07","modified_gmt":"2026-04-17T17:02:07","slug":"amuleta-totem-pandantiv-din-lemn-the-dacic-spirit","status":"publish","type":"product","link":"https:\/\/www.redowlcraft.ro\/en\/product\/amuleta-totem-pandantiv-din-lemn-the-dacic-spirit\/","title":{"rendered":"Amuleta Totem &#8211; Pandantiv din Lemn The Dacic Spirit"},"content":{"rendered":"<div>\n<p>Dacii erau un popor care, la nivel de mas\u0103, se considerau fiin\u021be spirituale, nemuritoare, aflate \u00een planul fizic \u00eentr-un corp fizic. Pentru ei moartea nu era dec\u00e2t o cale de a merge la zeul lor suprem Zamolxes, zeul subp\u0103m\u00e2ntean al vegeta\u021biei \u0219i al fertilit\u0103\u021bii.<\/p>\n<p>Con\u0219tiin\u021ba spiritual\u0103 a dacilor era datoria preoteselor zei\u021bei Bendis, zei\u021b\u0103 Mama a P\u0103m\u00e2ntului. Ele aveau c\u0103 scop men\u021binerea \u0219i transmiterea con\u0219tiin\u021bei spirituale a poporului dac, \u00eentre\u021binerea sentimentului de fiin\u021b\u0103 spiritual\u0103 \u00een fiecare dintre ei \u0219i a credin\u021bei \u00een nemurire. Tot ele alimentau cu Energia Vie\u021bii sufletele femeilor dace \u0219i le ajutau s\u0103 transmit\u0103 copiilor con\u0219tiin\u021ba lor spiritual\u0103.<\/p>\n<\/div>\n<p>Specifications:<br \/>\nPiesa Handmade cu snur de piele ecologica<br \/>\nBeech wood<br \/>\nCuloare: wenge, lacuit cu lac pe baza de apa<br \/>\nDimensiuni: 6.7&#215;3.5&#215;0.4cm, Greutate: 5g<\/p>\n<p>Rezistente la apa; amuletele pot fi purtate impreuna cu uleiul esential preferat; pot fi folosite 1 max 2 picaturi de ulei esential la cateva zile<br \/>\nAcesta este un produs de calitate realizat manual de personal specializat si pasionat. Este o lucrare din lemn viu, astfel lemnul poate sa aiba imperfectiuni si caracteristici specifice lui. Desi lemnul este lacuit cu lac pe baza de apa, deci rezistent la apa, expunerea indelungata a obiectului in apa poate duce la deteriorarea lui. Aceste caracteristici particulare, nu trebuie considerate defecte, ci doar particularitati ale lemnului. (Din motivele de mai sus, nu exista mestesug in lemn sau tamplarii care ofera garantie)<\/p>\n<p>Designed and produced by RedOwl Craft - 2018 Collection<\/p>\n<div class=\"mt-1 flex gap-3 empty:hidden -ml-2\">\n<div class=\"items-center justify-start rounded-xl p-1 flex\">\n<div class=\"flex items-center\"><\/div>\n<\/div>\n<\/div>","protected":false},"excerpt":{"rendered":"<p>Dacii erau un popor care, la nivel de mas\u0103, se considerau fiin\u021be spirituale, nemuritoare, aflate \u00een planul fizic \u00eentr-un corp fizic. Pentru ei moartea nu era dec\u00e2t o cale de a merge la zeul lor suprem Zamolxes, zeul subp\u0103m\u00e2ntean al vegeta\u021biei \u0219i al fertilit\u0103\u021bii.<\/p>","protected":false},"featured_media":26452,"comment_status":"open","ping_status":"closed","template":"","meta":{"inline_featured_image":false},"product_brand":[],"product_cat":[298,196,201],"product_tag":[256],"class_list":{"0":"post-27195","1":"product","2":"type-product","3":"status-publish","4":"has-post-thumbnail","6":"product_cat-toate-produsele","7":"product_cat-amulete-simboluri","8":"product_cat-totemuri","9":"product_tag-wenge","11":"first","12":"instock","13":"sale","14":"taxable","15":"shipping-taxable","16":"purchasable","17":"product-type-simple"},"yoast_head":"<!-- This site is optimized with the Yoast SEO plugin v26.5 - https:\/\/yoast.com\/wordpress\/plugins\/seo\/ -->\n<title>Amuleta Totem - Pandantiv din Lemn The Dacic Spirit - RedOwlCraft<\/title>\n<meta name=\"robots\" content=\"index, follow, max-snippet:-1, max-image-preview:large, max-video-preview:-1\" \/>\n<link rel=\"canonical\" href=\"https:\/\/www.redowlcraft.ro\/en\/product\/amuleta-totem-pandantiv-din-lemn-the-dacic-spirit\/\" \/>\n<meta property=\"og:locale\" content=\"en_US\" \/>\n<meta property=\"og:type\" content=\"article\" \/>\n<meta property=\"og:title\" content=\"Amuleta Totem - Pandantiv din Lemn The Dacic Spirit - RedOwlCraft\" \/>\n<meta property=\"og:description\" content=\"Dacii erau un popor care, la nivel de mas\u0103, se considerau fiin\u021be spirituale, nemuritoare, aflate \u00een planul fizic \u00eentr-un corp fizic. Pentru ei moartea nu era dec\u00e2t o cale de a merge la zeul lor suprem Zamolxes, zeul subp\u0103m\u00e2ntean al vegeta\u021biei \u0219i al fertilit\u0103\u021bii.\" \/>\n<meta property=\"og:url\" content=\"https:\/\/www.redowlcraft.ro\/en\/product\/amuleta-totem-pandantiv-din-lemn-the-dacic-spirit\/\" \/>\n<meta property=\"og:site_name\" content=\"RedOwlCraft\" \/>\n<meta property=\"article:modified_time\" content=\"2026-04-17T17:02:07+00:00\" \/>\n<meta property=\"og:image\" content=\"https:\/\/www.redowlcraft.ro\/wp-content\/uploads\/2024\/09\/The-Dacic-Spirit-Fata.jpg\" \/>\n\t<meta property=\"og:image:width\" content=\"1500\" \/>\n\t<meta property=\"og:image:height\" content=\"1500\" \/>\n\t<meta property=\"og:image:type\" content=\"image\/jpeg\" \/>\n<meta name=\"twitter:card\" content=\"summary_large_image\" \/>\n<meta name=\"twitter:label1\" content=\"Est. reading time\" \/>\n\t<meta name=\"twitter:data1\" content=\"2 minutes\" \/>\n<script type=\"application\/ld+json\" class=\"yoast-schema-graph\">{\"@context\":\"https:\/\/schema.org\",\"@graph\":[{\"@type\":\"WebPage\",\"@id\":\"https:\/\/www.redowlcraft.ro\/produs\/amuleta-totem-pandantiv-din-lemn-the-dacic-spirit\/\",\"url\":\"https:\/\/www.redowlcraft.ro\/produs\/amuleta-totem-pandantiv-din-lemn-the-dacic-spirit\/\",\"name\":\"Amuleta Totem - Pandantiv din Lemn The Dacic Spirit - RedOwlCraft\",\"isPartOf\":{\"@id\":\"https:\/\/www.redowlcraft.ro\/#website\"},\"primaryImageOfPage\":{\"@id\":\"https:\/\/www.redowlcraft.ro\/produs\/amuleta-totem-pandantiv-din-lemn-the-dacic-spirit\/#primaryimage\"},\"image\":{\"@id\":\"https:\/\/www.redowlcraft.ro\/produs\/amuleta-totem-pandantiv-din-lemn-the-dacic-spirit\/#primaryimage\"},\"thumbnailUrl\":\"https:\/\/www.redowlcraft.ro\/wp-content\/uploads\/2024\/09\/The-Dacic-Spirit-Fata.jpg\",\"datePublished\":\"2025-02-05T18:23:08+00:00\",\"dateModified\":\"2026-04-17T17:02:07+00:00\",\"breadcrumb\":{\"@id\":\"https:\/\/www.redowlcraft.ro\/produs\/amuleta-totem-pandantiv-din-lemn-the-dacic-spirit\/#breadcrumb\"},\"inLanguage\":\"en-US\",\"potentialAction\":[{\"@type\":\"ReadAction\",\"target\":[\"https:\/\/www.redowlcraft.ro\/produs\/amuleta-totem-pandantiv-din-lemn-the-dacic-spirit\/\"]}]},{\"@type\":\"ImageObject\",\"inLanguage\":\"en-US\",\"@id\":\"https:\/\/www.redowlcraft.ro\/produs\/amuleta-totem-pandantiv-din-lemn-the-dacic-spirit\/#primaryimage\",\"url\":\"https:\/\/www.redowlcraft.ro\/wp-content\/uploads\/2024\/09\/The-Dacic-Spirit-Fata.jpg\",\"contentUrl\":\"https:\/\/www.redowlcraft.ro\/wp-content\/uploads\/2024\/09\/The-Dacic-Spirit-Fata.jpg\",\"width\":1500,\"height\":1500},{\"@type\":\"BreadcrumbList\",\"@id\":\"https:\/\/www.redowlcraft.ro\/produs\/amuleta-totem-pandantiv-din-lemn-the-dacic-spirit\/#breadcrumb\",\"itemListElement\":[{\"@type\":\"ListItem\",\"position\":1,\"name\":\"Prima pagin\u0103\",\"item\":\"https:\/\/www.redowlcraft.ro\/\"},{\"@type\":\"ListItem\",\"position\":2,\"name\":\"Magazin\",\"item\":\"https:\/\/www.redowlcraft.ro\/magazin\/\"},{\"@type\":\"ListItem\",\"position\":3,\"name\":\"Amuleta Totem &#8211; Pandantiv din Lemn The Dacic Spirit\"}]},{\"@type\":\"WebSite\",\"@id\":\"https:\/\/www.redowlcraft.ro\/#website\",\"url\":\"https:\/\/www.redowlcraft.ro\/\",\"name\":\"RedOwlCraft\",\"description\":\"See yourself in a piece of wood!\",\"publisher\":{\"@id\":\"https:\/\/www.redowlcraft.ro\/#organization\"},\"potentialAction\":[{\"@type\":\"SearchAction\",\"target\":{\"@type\":\"EntryPoint\",\"urlTemplate\":\"https:\/\/www.redowlcraft.ro\/?s={search_term_string}\"},\"query-input\":{\"@type\":\"PropertyValueSpecification\",\"valueRequired\":true,\"valueName\":\"search_term_string\"}}],\"inLanguage\":\"en-US\"},{\"@type\":\"Organization\",\"@id\":\"https:\/\/www.redowlcraft.ro\/#organization\",\"name\":\"RedOwlCraft\",\"url\":\"https:\/\/www.redowlcraft.ro\/\",\"logo\":{\"@type\":\"ImageObject\",\"inLanguage\":\"en-US\",\"@id\":\"https:\/\/www.redowlcraft.ro\/#\/schema\/logo\/image\/\",\"url\":\"https:\/\/www.redowlcraft.ro\/wp-content\/uploads\/2024\/03\/cropped-logo-4.png\",\"contentUrl\":\"https:\/\/www.redowlcraft.ro\/wp-content\/uploads\/2024\/03\/cropped-logo-4.png\",\"width\":1103,\"height\":250,\"caption\":\"RedOwlCraft\"},\"image\":{\"@id\":\"https:\/\/www.redowlcraft.ro\/#\/schema\/logo\/image\/\"}}]}<\/script>\n<!-- \/ Yoast SEO plugin. -->","yoast_head_json":{"title":"Amuleta Totem - Pandantiv din Lemn The Dacic Spirit - RedOwlCraft","robots":{"index":"index","follow":"follow","max-snippet":"max-snippet:-1","max-image-preview":"max-image-preview:large","max-video-preview":"max-video-preview:-1"},"canonical":"https:\/\/www.redowlcraft.ro\/en\/product\/amuleta-totem-pandantiv-din-lemn-the-dacic-spirit\/","og_locale":"en_US","og_type":"article","og_title":"Amuleta Totem - Pandantiv din Lemn The Dacic Spirit - RedOwlCraft","og_description":"Dacii erau un popor care, la nivel de mas\u0103, se considerau fiin\u021be spirituale, nemuritoare, aflate \u00een planul fizic \u00eentr-un corp fizic. Pentru ei moartea nu era dec\u00e2t o cale de a merge la zeul lor suprem Zamolxes, zeul subp\u0103m\u00e2ntean al vegeta\u021biei \u0219i al fertilit\u0103\u021bii.","og_url":"https:\/\/www.redowlcraft.ro\/en\/product\/amuleta-totem-pandantiv-din-lemn-the-dacic-spirit\/","og_site_name":"RedOwlCraft","article_modified_time":"2026-04-17T17:02:07+00:00","og_image":[{"width":1500,"height":1500,"url":"https:\/\/www.redowlcraft.ro\/wp-content\/uploads\/2024\/09\/The-Dacic-Spirit-Fata.jpg","type":"image\/jpeg"}],"twitter_card":"summary_large_image","twitter_misc":{"Est. reading time":"2 minutes"},"schema":{"@context":"https:\/\/schema.org","@graph":[{"@type":"WebPage","@id":"https:\/\/www.redowlcraft.ro\/produs\/amuleta-totem-pandantiv-din-lemn-the-dacic-spirit\/","url":"https:\/\/www.redowlcraft.ro\/produs\/amuleta-totem-pandantiv-din-lemn-the-dacic-spirit\/","name":"Amuleta Totem - Pandantiv din Lemn The Dacic Spirit - RedOwlCraft","isPartOf":{"@id":"https:\/\/www.redowlcraft.ro\/#website"},"primaryImageOfPage":{"@id":"https:\/\/www.redowlcraft.ro\/produs\/amuleta-totem-pandantiv-din-lemn-the-dacic-spirit\/#primaryimage"},"image":{"@id":"https:\/\/www.redowlcraft.ro\/produs\/amuleta-totem-pandantiv-din-lemn-the-dacic-spirit\/#primaryimage"},"thumbnailUrl":"https:\/\/www.redowlcraft.ro\/wp-content\/uploads\/2024\/09\/The-Dacic-Spirit-Fata.jpg","datePublished":"2025-02-05T18:23:08+00:00","dateModified":"2026-04-17T17:02:07+00:00","breadcrumb":{"@id":"https:\/\/www.redowlcraft.ro\/produs\/amuleta-totem-pandantiv-din-lemn-the-dacic-spirit\/#breadcrumb"},"inLanguage":"en-US","potentialAction":[{"@type":"ReadAction","target":["https:\/\/www.redowlcraft.ro\/produs\/amuleta-totem-pandantiv-din-lemn-the-dacic-spirit\/"]}]},{"@type":"ImageObject","inLanguage":"en-US","@id":"https:\/\/www.redowlcraft.ro\/produs\/amuleta-totem-pandantiv-din-lemn-the-dacic-spirit\/#primaryimage","url":"https:\/\/www.redowlcraft.ro\/wp-content\/uploads\/2024\/09\/The-Dacic-Spirit-Fata.jpg","contentUrl":"https:\/\/www.redowlcraft.ro\/wp-content\/uploads\/2024\/09\/The-Dacic-Spirit-Fata.jpg","width":1500,"height":1500},{"@type":"BreadcrumbList","@id":"https:\/\/www.redowlcraft.ro\/produs\/amuleta-totem-pandantiv-din-lemn-the-dacic-spirit\/#breadcrumb","itemListElement":[{"@type":"ListItem","position":1,"name":"Prima pagin\u0103","item":"https:\/\/www.redowlcraft.ro\/"},{"@type":"ListItem","position":2,"name":"Magazin","item":"https:\/\/www.redowlcraft.ro\/magazin\/"},{"@type":"ListItem","position":3,"name":"Amuleta Totem &#8211; Pandantiv din Lemn The Dacic Spirit"}]},{"@type":"WebSite","@id":"https:\/\/www.redowlcraft.ro\/#website","url":"https:\/\/www.redowlcraft.ro\/","name":"RedOwlCraft","description":"See yourself in a piece of wood!","publisher":{"@id":"https:\/\/www.redowlcraft.ro\/#organization"},"potentialAction":[{"@type":"SearchAction","target":{"@type":"EntryPoint","urlTemplate":"https:\/\/www.redowlcraft.ro\/?s={search_term_string}"},"query-input":{"@type":"PropertyValueSpecification","valueRequired":true,"valueName":"search_term_string"}}],"inLanguage":"en-US"},{"@type":"Organization","@id":"https:\/\/www.redowlcraft.ro\/#organization","name":"RedOwlCraft","url":"https:\/\/www.redowlcraft.ro\/","logo":{"@type":"ImageObject","inLanguage":"en-US","@id":"https:\/\/www.redowlcraft.ro\/#\/schema\/logo\/image\/","url":"https:\/\/www.redowlcraft.ro\/wp-content\/uploads\/2024\/03\/cropped-logo-4.png","contentUrl":"https:\/\/www.redowlcraft.ro\/wp-content\/uploads\/2024\/03\/cropped-logo-4.png","width":1103,"height":250,"caption":"RedOwlCraft"},"image":{"@id":"https:\/\/www.redowlcraft.ro\/#\/schema\/logo\/image\/"}}]}},"_links":{"self":[{"href":"https:\/\/www.redowlcraft.ro\/en\/wp-json\/wp\/v2\/product\/27195","targetHints":{"allow":["GET"]}}],"collection":[{"href":"https:\/\/www.redowlcraft.ro\/en\/wp-json\/wp\/v2\/product"}],"about":[{"href":"https:\/\/www.redowlcraft.ro\/en\/wp-json\/wp\/v2\/types\/product"}],"replies":[{"embeddable":true,"href":"https:\/\/www.redowlcraft.ro\/en\/wp-json\/wp\/v2\/comments?post=27195"}],"wp:featuredmedia":[{"embeddable":true,"href":"https:\/\/www.redowlcraft.ro\/en\/wp-json\/wp\/v2\/media\/26452"}],"wp:attachment":[{"href":"https:\/\/www.redowlcraft.ro\/en\/wp-json\/wp\/v2\/media?parent=27195"}],"wp:term":[{"taxonomy":"product_brand","embeddable":true,"href":"https:\/\/www.redowlcraft.ro\/en\/wp-json\/wp\/v2\/product_brand?post=27195"},{"taxonomy":"product_cat","embeddable":true,"href":"https:\/\/www.redowlcraft.ro\/en\/wp-json\/wp\/v2\/product_cat?post=27195"},{"taxonomy":"product_tag","embeddable":true,"href":"https:\/\/www.redowlcraft.ro\/en\/wp-json\/wp\/v2\/product_tag?post=27195"}],"curies":[{"name":"wp","href":"https:\/\/api.w.org\/{rel}","templated":true}]}}