{"id":27192,"date":"2025-02-05T14:29:22","date_gmt":"2025-02-05T12:29:22","guid":{"rendered":"https:\/\/s1.ddm.live\/?post_type=product&#038;p=27192"},"modified":"2026-04-17T19:02:19","modified_gmt":"2026-04-17T17:02:19","slug":"amuleta-totem-pandantiv-din-lemn-the-dragons-spirit-wenge","status":"publish","type":"product","link":"https:\/\/www.redowlcraft.ro\/en\/product\/amuleta-totem-pandantiv-din-lemn-the-dragons-spirit-wenge\/","title":{"rendered":"Amuleta Totem &#8211; Pandantiv din Lemn The Dragon Spirit"},"content":{"rendered":"<p>Descoper\u0103 Amuleta cu Spiritul Dragonului pentru a v\u0103 atinge toate obiectivele \u0219i pentru dep\u0103\u0219irea tuturor obstacolelor, cu \u00eencredere \u00een sine \u0219i putere.<\/p>\n<p>Dragonul, care este cel mai puternic simbol Yang, este considerat un simbol al norocului, deoarece se crede c\u0103 el emite o form\u0103 special\u0103 de energie CHI sau \u201eRespira\u021bie celest\u0103\u201d. Se spune c\u0103 acest Chi este deschizator de drumuri, iti dezvaluie oportunitatile pe care nu le vezi, atrage bog\u0103\u021bia, cre\u0219terea, norocul, dezvoltarea, abunden\u021ba \u0219i succesul.<\/p>\n<p>Dragonii simbolizeaz\u0103 dep\u0103\u0219irea provoc\u0103rilor ap\u0103rute, reprezint\u0103 o c\u0103l\u0103torie plin\u0103 de curaj \u0219i perseveren\u021b\u0103. Simbolul Dragonului revars\u0103 o mare Protec\u021bie \u0219i ofer\u0103 Leadershipul c\u0103tre concretizarea ini\u021biativelor \u0219i proiectelor personale.<\/p>\n<p>Specifications:<br \/>\nPiesa Handmade cu snur de piele ecologica<br \/>\nBeech wood<br \/>\nCuloare: wenge, lacuit cu lac pe baza de apa<br \/>\nDimensiuni: 6.7&#215;3.5&#215;0.4cm, Greutate: 5g<\/p>\n<p>Rezistente la apa; amuletele pot fi purtate impreuna cu uleiul esential preferat; pot fi folosite 1 max 2 picaturi de ulei esential la cateva zile<br \/>\nAcesta este un produs de calitate realizat manual de personal specializat si pasionat. Este o lucrare din lemn viu, astfel lemnul poate sa aiba imperfectiuni si caracteristici specifice lui. Desi lemnul este lacuit cu lac pe baza de apa, deci rezistent la apa, expunerea indelungata a obiectului in apa poate duce la deteriorarea lui. Aceste caracteristici particulare, nu trebuie considerate defecte, ci doar particularitati ale lemnului. (Din motivele de mai sus, nu exista mestesug in lemn sau tamplarii care ofera garantie; prin urmare, declinam orice responsabilitate.)<\/p>\n<p>THANK YOU SO MUCH FOR SUPPORTING AND LOOKING FOR INDEPENDENT ARTISTS!!!!<\/p>\n<p>Designed and produced by RedOwl Craft - 2018 Collection<\/p>\n<div class=\"mt-1 flex gap-3 empty:hidden -ml-2\">\n<div class=\"items-center justify-start rounded-xl p-1 flex\">\n<div class=\"flex items-center\"><\/div>\n<\/div>\n<\/div>","protected":false},"excerpt":{"rendered":"<p>Descoper\u0103 Amuleta cu Spiritul Dragonului pentru a v\u0103 atinge toate obiectivele \u0219i pentru dep\u0103\u0219irea tuturor obstacolelor, cu \u00eencredere \u00een sine \u0219i putere.<\/p>","protected":false},"featured_media":26448,"comment_status":"open","ping_status":"closed","template":"","meta":{"inline_featured_image":false},"product_brand":[],"product_cat":[298,196,201],"product_tag":[256],"class_list":{"0":"post-27192","1":"product","2":"type-product","3":"status-publish","4":"has-post-thumbnail","6":"product_cat-toate-produsele","7":"product_cat-amulete-simboluri","8":"product_cat-totemuri","9":"product_tag-wenge","11":"first","12":"instock","13":"sale","14":"taxable","15":"shipping-taxable","16":"purchasable","17":"product-type-simple"},"yoast_head":"<!-- This site is optimized with the Yoast SEO plugin v26.5 - https:\/\/yoast.com\/wordpress\/plugins\/seo\/ -->\n<title>Amuleta Totem - Pandantiv din Lemn The Dragon Spirit - RedOwlCraft<\/title>\n<meta name=\"robots\" content=\"index, follow, max-snippet:-1, max-image-preview:large, max-video-preview:-1\" \/>\n<link rel=\"canonical\" href=\"https:\/\/www.redowlcraft.ro\/en\/product\/amuleta-totem-pandantiv-din-lemn-the-dragons-spirit-wenge\/\" \/>\n<meta property=\"og:locale\" content=\"en_US\" \/>\n<meta property=\"og:type\" content=\"article\" \/>\n<meta property=\"og:title\" content=\"Amuleta Totem - Pandantiv din Lemn The Dragon Spirit - RedOwlCraft\" \/>\n<meta property=\"og:description\" content=\"Descoper\u0103 Amuleta cu Spiritul Dragonului pentru a v\u0103 atinge toate obiectivele \u0219i pentru dep\u0103\u0219irea tuturor obstacolelor, cu \u00eencredere \u00een sine \u0219i putere.\" \/>\n<meta property=\"og:url\" content=\"https:\/\/www.redowlcraft.ro\/en\/product\/amuleta-totem-pandantiv-din-lemn-the-dragons-spirit-wenge\/\" \/>\n<meta property=\"og:site_name\" content=\"RedOwlCraft\" \/>\n<meta property=\"article:modified_time\" content=\"2026-04-17T17:02:19+00:00\" \/>\n<meta property=\"og:image\" content=\"https:\/\/www.redowlcraft.ro\/wp-content\/uploads\/2024\/09\/The-Dragon-Spirit-Fata.jpg\" \/>\n\t<meta property=\"og:image:width\" content=\"1500\" \/>\n\t<meta property=\"og:image:height\" content=\"1500\" \/>\n\t<meta property=\"og:image:type\" content=\"image\/jpeg\" \/>\n<meta name=\"twitter:card\" content=\"summary_large_image\" \/>\n<meta name=\"twitter:label1\" content=\"Est. reading time\" \/>\n\t<meta name=\"twitter:data1\" content=\"2 minutes\" \/>\n<script type=\"application\/ld+json\" class=\"yoast-schema-graph\">{\"@context\":\"https:\/\/schema.org\",\"@graph\":[{\"@type\":\"WebPage\",\"@id\":\"https:\/\/www.redowlcraft.ro\/produs\/amuleta-totem-pandantiv-din-lemn-the-dragons-spirit-wenge\/\",\"url\":\"https:\/\/www.redowlcraft.ro\/produs\/amuleta-totem-pandantiv-din-lemn-the-dragons-spirit-wenge\/\",\"name\":\"Amuleta Totem - Pandantiv din Lemn The Dragon Spirit - RedOwlCraft\",\"isPartOf\":{\"@id\":\"https:\/\/www.redowlcraft.ro\/#website\"},\"primaryImageOfPage\":{\"@id\":\"https:\/\/www.redowlcraft.ro\/produs\/amuleta-totem-pandantiv-din-lemn-the-dragons-spirit-wenge\/#primaryimage\"},\"image\":{\"@id\":\"https:\/\/www.redowlcraft.ro\/produs\/amuleta-totem-pandantiv-din-lemn-the-dragons-spirit-wenge\/#primaryimage\"},\"thumbnailUrl\":\"https:\/\/www.redowlcraft.ro\/wp-content\/uploads\/2024\/09\/The-Dragon-Spirit-Fata.jpg\",\"datePublished\":\"2025-02-05T12:29:22+00:00\",\"dateModified\":\"2026-04-17T17:02:19+00:00\",\"breadcrumb\":{\"@id\":\"https:\/\/www.redowlcraft.ro\/produs\/amuleta-totem-pandantiv-din-lemn-the-dragons-spirit-wenge\/#breadcrumb\"},\"inLanguage\":\"en-US\",\"potentialAction\":[{\"@type\":\"ReadAction\",\"target\":[\"https:\/\/www.redowlcraft.ro\/produs\/amuleta-totem-pandantiv-din-lemn-the-dragons-spirit-wenge\/\"]}]},{\"@type\":\"ImageObject\",\"inLanguage\":\"en-US\",\"@id\":\"https:\/\/www.redowlcraft.ro\/produs\/amuleta-totem-pandantiv-din-lemn-the-dragons-spirit-wenge\/#primaryimage\",\"url\":\"https:\/\/www.redowlcraft.ro\/wp-content\/uploads\/2024\/09\/The-Dragon-Spirit-Fata.jpg\",\"contentUrl\":\"https:\/\/www.redowlcraft.ro\/wp-content\/uploads\/2024\/09\/The-Dragon-Spirit-Fata.jpg\",\"width\":1500,\"height\":1500},{\"@type\":\"BreadcrumbList\",\"@id\":\"https:\/\/www.redowlcraft.ro\/produs\/amuleta-totem-pandantiv-din-lemn-the-dragons-spirit-wenge\/#breadcrumb\",\"itemListElement\":[{\"@type\":\"ListItem\",\"position\":1,\"name\":\"Prima pagin\u0103\",\"item\":\"https:\/\/www.redowlcraft.ro\/\"},{\"@type\":\"ListItem\",\"position\":2,\"name\":\"Magazin\",\"item\":\"https:\/\/www.redowlcraft.ro\/magazin\/\"},{\"@type\":\"ListItem\",\"position\":3,\"name\":\"Amuleta Totem &#8211; Pandantiv din Lemn The Dragon Spirit\"}]},{\"@type\":\"WebSite\",\"@id\":\"https:\/\/www.redowlcraft.ro\/#website\",\"url\":\"https:\/\/www.redowlcraft.ro\/\",\"name\":\"RedOwlCraft\",\"description\":\"See yourself in a piece of wood!\",\"publisher\":{\"@id\":\"https:\/\/www.redowlcraft.ro\/#organization\"},\"potentialAction\":[{\"@type\":\"SearchAction\",\"target\":{\"@type\":\"EntryPoint\",\"urlTemplate\":\"https:\/\/www.redowlcraft.ro\/?s={search_term_string}\"},\"query-input\":{\"@type\":\"PropertyValueSpecification\",\"valueRequired\":true,\"valueName\":\"search_term_string\"}}],\"inLanguage\":\"en-US\"},{\"@type\":\"Organization\",\"@id\":\"https:\/\/www.redowlcraft.ro\/#organization\",\"name\":\"RedOwlCraft\",\"url\":\"https:\/\/www.redowlcraft.ro\/\",\"logo\":{\"@type\":\"ImageObject\",\"inLanguage\":\"en-US\",\"@id\":\"https:\/\/www.redowlcraft.ro\/#\/schema\/logo\/image\/\",\"url\":\"https:\/\/www.redowlcraft.ro\/wp-content\/uploads\/2024\/03\/cropped-logo-4.png\",\"contentUrl\":\"https:\/\/www.redowlcraft.ro\/wp-content\/uploads\/2024\/03\/cropped-logo-4.png\",\"width\":1103,\"height\":250,\"caption\":\"RedOwlCraft\"},\"image\":{\"@id\":\"https:\/\/www.redowlcraft.ro\/#\/schema\/logo\/image\/\"}}]}<\/script>\n<!-- \/ Yoast SEO plugin. -->","yoast_head_json":{"title":"Amuleta Totem - Pandantiv din Lemn The Dragon Spirit - RedOwlCraft","robots":{"index":"index","follow":"follow","max-snippet":"max-snippet:-1","max-image-preview":"max-image-preview:large","max-video-preview":"max-video-preview:-1"},"canonical":"https:\/\/www.redowlcraft.ro\/en\/product\/amuleta-totem-pandantiv-din-lemn-the-dragons-spirit-wenge\/","og_locale":"en_US","og_type":"article","og_title":"Amuleta Totem - Pandantiv din Lemn The Dragon Spirit - RedOwlCraft","og_description":"Descoper\u0103 Amuleta cu Spiritul Dragonului pentru a v\u0103 atinge toate obiectivele \u0219i pentru dep\u0103\u0219irea tuturor obstacolelor, cu \u00eencredere \u00een sine \u0219i putere.","og_url":"https:\/\/www.redowlcraft.ro\/en\/product\/amuleta-totem-pandantiv-din-lemn-the-dragons-spirit-wenge\/","og_site_name":"RedOwlCraft","article_modified_time":"2026-04-17T17:02:19+00:00","og_image":[{"width":1500,"height":1500,"url":"https:\/\/www.redowlcraft.ro\/wp-content\/uploads\/2024\/09\/The-Dragon-Spirit-Fata.jpg","type":"image\/jpeg"}],"twitter_card":"summary_large_image","twitter_misc":{"Est. reading time":"2 minutes"},"schema":{"@context":"https:\/\/schema.org","@graph":[{"@type":"WebPage","@id":"https:\/\/www.redowlcraft.ro\/produs\/amuleta-totem-pandantiv-din-lemn-the-dragons-spirit-wenge\/","url":"https:\/\/www.redowlcraft.ro\/produs\/amuleta-totem-pandantiv-din-lemn-the-dragons-spirit-wenge\/","name":"Amuleta Totem - Pandantiv din Lemn The Dragon Spirit - RedOwlCraft","isPartOf":{"@id":"https:\/\/www.redowlcraft.ro\/#website"},"primaryImageOfPage":{"@id":"https:\/\/www.redowlcraft.ro\/produs\/amuleta-totem-pandantiv-din-lemn-the-dragons-spirit-wenge\/#primaryimage"},"image":{"@id":"https:\/\/www.redowlcraft.ro\/produs\/amuleta-totem-pandantiv-din-lemn-the-dragons-spirit-wenge\/#primaryimage"},"thumbnailUrl":"https:\/\/www.redowlcraft.ro\/wp-content\/uploads\/2024\/09\/The-Dragon-Spirit-Fata.jpg","datePublished":"2025-02-05T12:29:22+00:00","dateModified":"2026-04-17T17:02:19+00:00","breadcrumb":{"@id":"https:\/\/www.redowlcraft.ro\/produs\/amuleta-totem-pandantiv-din-lemn-the-dragons-spirit-wenge\/#breadcrumb"},"inLanguage":"en-US","potentialAction":[{"@type":"ReadAction","target":["https:\/\/www.redowlcraft.ro\/produs\/amuleta-totem-pandantiv-din-lemn-the-dragons-spirit-wenge\/"]}]},{"@type":"ImageObject","inLanguage":"en-US","@id":"https:\/\/www.redowlcraft.ro\/produs\/amuleta-totem-pandantiv-din-lemn-the-dragons-spirit-wenge\/#primaryimage","url":"https:\/\/www.redowlcraft.ro\/wp-content\/uploads\/2024\/09\/The-Dragon-Spirit-Fata.jpg","contentUrl":"https:\/\/www.redowlcraft.ro\/wp-content\/uploads\/2024\/09\/The-Dragon-Spirit-Fata.jpg","width":1500,"height":1500},{"@type":"BreadcrumbList","@id":"https:\/\/www.redowlcraft.ro\/produs\/amuleta-totem-pandantiv-din-lemn-the-dragons-spirit-wenge\/#breadcrumb","itemListElement":[{"@type":"ListItem","position":1,"name":"Prima pagin\u0103","item":"https:\/\/www.redowlcraft.ro\/"},{"@type":"ListItem","position":2,"name":"Magazin","item":"https:\/\/www.redowlcraft.ro\/magazin\/"},{"@type":"ListItem","position":3,"name":"Amuleta Totem &#8211; Pandantiv din Lemn The Dragon Spirit"}]},{"@type":"WebSite","@id":"https:\/\/www.redowlcraft.ro\/#website","url":"https:\/\/www.redowlcraft.ro\/","name":"RedOwlCraft","description":"See yourself in a piece of wood!","publisher":{"@id":"https:\/\/www.redowlcraft.ro\/#organization"},"potentialAction":[{"@type":"SearchAction","target":{"@type":"EntryPoint","urlTemplate":"https:\/\/www.redowlcraft.ro\/?s={search_term_string}"},"query-input":{"@type":"PropertyValueSpecification","valueRequired":true,"valueName":"search_term_string"}}],"inLanguage":"en-US"},{"@type":"Organization","@id":"https:\/\/www.redowlcraft.ro\/#organization","name":"RedOwlCraft","url":"https:\/\/www.redowlcraft.ro\/","logo":{"@type":"ImageObject","inLanguage":"en-US","@id":"https:\/\/www.redowlcraft.ro\/#\/schema\/logo\/image\/","url":"https:\/\/www.redowlcraft.ro\/wp-content\/uploads\/2024\/03\/cropped-logo-4.png","contentUrl":"https:\/\/www.redowlcraft.ro\/wp-content\/uploads\/2024\/03\/cropped-logo-4.png","width":1103,"height":250,"caption":"RedOwlCraft"},"image":{"@id":"https:\/\/www.redowlcraft.ro\/#\/schema\/logo\/image\/"}}]}},"_links":{"self":[{"href":"https:\/\/www.redowlcraft.ro\/en\/wp-json\/wp\/v2\/product\/27192","targetHints":{"allow":["GET"]}}],"collection":[{"href":"https:\/\/www.redowlcraft.ro\/en\/wp-json\/wp\/v2\/product"}],"about":[{"href":"https:\/\/www.redowlcraft.ro\/en\/wp-json\/wp\/v2\/types\/product"}],"replies":[{"embeddable":true,"href":"https:\/\/www.redowlcraft.ro\/en\/wp-json\/wp\/v2\/comments?post=27192"}],"wp:featuredmedia":[{"embeddable":true,"href":"https:\/\/www.redowlcraft.ro\/en\/wp-json\/wp\/v2\/media\/26448"}],"wp:attachment":[{"href":"https:\/\/www.redowlcraft.ro\/en\/wp-json\/wp\/v2\/media?parent=27192"}],"wp:term":[{"taxonomy":"product_brand","embeddable":true,"href":"https:\/\/www.redowlcraft.ro\/en\/wp-json\/wp\/v2\/product_brand?post=27192"},{"taxonomy":"product_cat","embeddable":true,"href":"https:\/\/www.redowlcraft.ro\/en\/wp-json\/wp\/v2\/product_cat?post=27192"},{"taxonomy":"product_tag","embeddable":true,"href":"https:\/\/www.redowlcraft.ro\/en\/wp-json\/wp\/v2\/product_tag?post=27192"}],"curies":[{"name":"wp","href":"https:\/\/api.w.org\/{rel}","templated":true}]}}