{"id":27143,"date":"2025-01-28T18:13:56","date_gmt":"2025-01-28T16:13:56","guid":{"rendered":"https:\/\/s1.ddm.live\/?post_type=product&#038;p=27143"},"modified":"2026-04-17T17:18:05","modified_gmt":"2026-04-17T15:18:05","slug":"cercei-din-lemn-fantasy-spiral-flower-wenge","status":"publish","type":"product","link":"https:\/\/www.redowlcraft.ro\/en\/product\/cercei-din-lemn-fantasy-spiral-flower-wenge\/","title":{"rendered":"Cercei din Lemn Fantasy Spiral Flower wenge"},"content":{"rendered":"<p>Fiecare pereche de cercei din aceast\u0103 colec\u021bie \u00eembin\u0103 delicate\u021bea naturii cu magia unui univers fantastic. Realiza\u021bi din lemn de fag, ace\u0219ti cercei sunt concepu\u021bi pentru a ad\u0103uga un strop de mister \u0219i elegan\u021b\u0103 \u021binutelor tale. Design-urile inspirate din mitologie, creaturi fantastice \u0219i simboluri antice se \u00eembin\u0103 armonios cu textura natural\u0103 a lemnului, cre\u00e2nd bijuterii unice, ce spun o poveste.<\/p>\n<p>De la cercei \u00een form\u0103 de aripi de fluture, p\u00e2n\u0103 la formele geometrice sacre care amintesc de o lume fermecat\u0103, fiecare detaliu este meticulos creeat pentru a reflecta esen\u021ba unui univers de basm.<\/p>\n<p>Textura fin\u0103 a lemnului de fag, al\u0103turi de duritatea lui, este combinat\u0103 cu un strat protector de lac rezistent la ap\u0103, pentru a creea un element de design delicat dar \u0219i rezistent \u0219i durabil \u00een timp.<\/p>\n<p>Ideal pentru iubitorii de fantasy, ace\u0219ti cercei nu doar completeaz\u0103 \u021binutele, ci \u0219i te transport\u0103 \u00eentr-o lume imaginar\u0103, unde fiecare zi este o aventur\u0103. Fiecare pereche poate fi personalizat\u0103 pentru a reflecta stilul \u0219i personalitatea celui care o poart\u0103, f\u0103c\u00e2ndu-i nu doar un accesoriu, ci \u0219i o pies\u0103 de artizanat cu o poveste proprie.<\/p>\n<p><strong>Specifications:<\/strong><\/p>\n<p>Bucatica de lemn lucrata integral in atelierul RedOwlCraft insotita de \u00a0elemente de baz\u0103 fabricate din o\u021bel inoxidabil de \u00eenalt\u0103 calitate antialergenic.<br \/>\nBeech wood<br \/>\nCuloare: wenge, lacuit cu lac pe baza de apa<br \/>\nDimensiuni: 45&#215;45 mm<br \/>\nGreutate: 5g<\/p>","protected":false},"excerpt":{"rendered":"<p>Fiecare pereche de cercei din aceast\u0103 colec\u021bie \u00eembin\u0103 delicate\u021bea naturii cu magia unui univers fantastic. Realiza\u021bi din lemn de fag, ace\u0219ti cercei sunt concepu\u021bi pentru a ad\u0103uga un strop de mister \u0219i elegan\u021b\u0103 \u021binutelor tale. Design-urile inspirate din mitologie, creaturi fantastice \u0219i simboluri antice se \u00eembin\u0103 armonios cu textura natural\u0103 a lemnului, cre\u00e2nd bijuterii unice, ce spun o poveste.<\/p>","protected":false},"featured_media":27057,"comment_status":"open","ping_status":"closed","template":"","meta":{"inline_featured_image":false},"product_brand":[],"product_cat":[298,204],"product_tag":[243,256],"class_list":{"0":"post-27143","1":"product","2":"type-product","3":"status-publish","4":"has-post-thumbnail","6":"product_cat-toate-produsele","7":"product_cat-cercei-fantasy","8":"product_tag-geometric","9":"product_tag-wenge","11":"first","12":"instock","13":"sale","14":"taxable","15":"shipping-taxable","16":"purchasable","17":"product-type-simple"},"yoast_head":"<!-- This site is optimized with the Yoast SEO plugin v26.5 - https:\/\/yoast.com\/wordpress\/plugins\/seo\/ -->\n<title>Cercei din Lemn Fantasy Spiral Flower wenge - RedOwlCraft<\/title>\n<meta name=\"robots\" content=\"index, follow, max-snippet:-1, max-image-preview:large, max-video-preview:-1\" \/>\n<link rel=\"canonical\" href=\"https:\/\/www.redowlcraft.ro\/en\/product\/cercei-din-lemn-fantasy-spiral-flower-wenge\/\" \/>\n<meta property=\"og:locale\" content=\"en_US\" \/>\n<meta property=\"og:type\" content=\"article\" \/>\n<meta property=\"og:title\" content=\"Cercei din Lemn Fantasy Spiral Flower wenge - RedOwlCraft\" \/>\n<meta property=\"og:description\" content=\"Fiecare pereche de cercei din aceast\u0103 colec\u021bie \u00eembin\u0103 delicate\u021bea naturii cu magia unui univers fantastic. Realiza\u021bi din lemn de fag, ace\u0219ti cercei sunt concepu\u021bi pentru a ad\u0103uga un strop de mister \u0219i elegan\u021b\u0103 \u021binutelor tale. Design-urile inspirate din mitologie, creaturi fantastice \u0219i simboluri antice se \u00eembin\u0103 armonios cu textura natural\u0103 a lemnului, cre\u00e2nd bijuterii unice, ce spun o poveste.\" \/>\n<meta property=\"og:url\" content=\"https:\/\/www.redowlcraft.ro\/en\/product\/cercei-din-lemn-fantasy-spiral-flower-wenge\/\" \/>\n<meta property=\"og:site_name\" content=\"RedOwlCraft\" \/>\n<meta property=\"article:modified_time\" content=\"2026-04-17T15:18:05+00:00\" \/>\n<meta property=\"og:image\" content=\"https:\/\/www.redowlcraft.ro\/wp-content\/uploads\/2025\/01\/Cercei-Fantasy-Spiral-Flower-Wenge-Fata.jpg\" \/>\n\t<meta property=\"og:image:width\" content=\"1500\" \/>\n\t<meta property=\"og:image:height\" content=\"1500\" \/>\n\t<meta property=\"og:image:type\" content=\"image\/jpeg\" \/>\n<meta name=\"twitter:card\" content=\"summary_large_image\" \/>\n<meta name=\"twitter:label1\" content=\"Est. reading time\" \/>\n\t<meta name=\"twitter:data1\" content=\"2 minutes\" \/>\n<script type=\"application\/ld+json\" class=\"yoast-schema-graph\">{\"@context\":\"https:\/\/schema.org\",\"@graph\":[{\"@type\":\"WebPage\",\"@id\":\"https:\/\/www.redowlcraft.ro\/produs\/cercei-din-lemn-fantasy-spiral-flower-wenge\/\",\"url\":\"https:\/\/www.redowlcraft.ro\/produs\/cercei-din-lemn-fantasy-spiral-flower-wenge\/\",\"name\":\"Cercei din Lemn Fantasy Spiral Flower wenge - RedOwlCraft\",\"isPartOf\":{\"@id\":\"https:\/\/www.redowlcraft.ro\/#website\"},\"primaryImageOfPage\":{\"@id\":\"https:\/\/www.redowlcraft.ro\/produs\/cercei-din-lemn-fantasy-spiral-flower-wenge\/#primaryimage\"},\"image\":{\"@id\":\"https:\/\/www.redowlcraft.ro\/produs\/cercei-din-lemn-fantasy-spiral-flower-wenge\/#primaryimage\"},\"thumbnailUrl\":\"https:\/\/www.redowlcraft.ro\/wp-content\/uploads\/2025\/01\/Cercei-Fantasy-Spiral-Flower-Wenge-Fata.jpg\",\"datePublished\":\"2025-01-28T16:13:56+00:00\",\"dateModified\":\"2026-04-17T15:18:05+00:00\",\"breadcrumb\":{\"@id\":\"https:\/\/www.redowlcraft.ro\/produs\/cercei-din-lemn-fantasy-spiral-flower-wenge\/#breadcrumb\"},\"inLanguage\":\"en-US\",\"potentialAction\":[{\"@type\":\"ReadAction\",\"target\":[\"https:\/\/www.redowlcraft.ro\/produs\/cercei-din-lemn-fantasy-spiral-flower-wenge\/\"]}]},{\"@type\":\"ImageObject\",\"inLanguage\":\"en-US\",\"@id\":\"https:\/\/www.redowlcraft.ro\/produs\/cercei-din-lemn-fantasy-spiral-flower-wenge\/#primaryimage\",\"url\":\"https:\/\/www.redowlcraft.ro\/wp-content\/uploads\/2025\/01\/Cercei-Fantasy-Spiral-Flower-Wenge-Fata.jpg\",\"contentUrl\":\"https:\/\/www.redowlcraft.ro\/wp-content\/uploads\/2025\/01\/Cercei-Fantasy-Spiral-Flower-Wenge-Fata.jpg\",\"width\":1500,\"height\":1500},{\"@type\":\"BreadcrumbList\",\"@id\":\"https:\/\/www.redowlcraft.ro\/produs\/cercei-din-lemn-fantasy-spiral-flower-wenge\/#breadcrumb\",\"itemListElement\":[{\"@type\":\"ListItem\",\"position\":1,\"name\":\"Prima pagin\u0103\",\"item\":\"https:\/\/www.redowlcraft.ro\/\"},{\"@type\":\"ListItem\",\"position\":2,\"name\":\"Magazin\",\"item\":\"https:\/\/www.redowlcraft.ro\/magazin\/\"},{\"@type\":\"ListItem\",\"position\":3,\"name\":\"Cercei din Lemn Fantasy Spiral Flower wenge\"}]},{\"@type\":\"WebSite\",\"@id\":\"https:\/\/www.redowlcraft.ro\/#website\",\"url\":\"https:\/\/www.redowlcraft.ro\/\",\"name\":\"RedOwlCraft\",\"description\":\"See yourself in a piece of wood!\",\"publisher\":{\"@id\":\"https:\/\/www.redowlcraft.ro\/#organization\"},\"potentialAction\":[{\"@type\":\"SearchAction\",\"target\":{\"@type\":\"EntryPoint\",\"urlTemplate\":\"https:\/\/www.redowlcraft.ro\/?s={search_term_string}\"},\"query-input\":{\"@type\":\"PropertyValueSpecification\",\"valueRequired\":true,\"valueName\":\"search_term_string\"}}],\"inLanguage\":\"en-US\"},{\"@type\":\"Organization\",\"@id\":\"https:\/\/www.redowlcraft.ro\/#organization\",\"name\":\"RedOwlCraft\",\"url\":\"https:\/\/www.redowlcraft.ro\/\",\"logo\":{\"@type\":\"ImageObject\",\"inLanguage\":\"en-US\",\"@id\":\"https:\/\/www.redowlcraft.ro\/#\/schema\/logo\/image\/\",\"url\":\"https:\/\/www.redowlcraft.ro\/wp-content\/uploads\/2024\/03\/cropped-logo-4.png\",\"contentUrl\":\"https:\/\/www.redowlcraft.ro\/wp-content\/uploads\/2024\/03\/cropped-logo-4.png\",\"width\":1103,\"height\":250,\"caption\":\"RedOwlCraft\"},\"image\":{\"@id\":\"https:\/\/www.redowlcraft.ro\/#\/schema\/logo\/image\/\"}}]}<\/script>\n<!-- \/ Yoast SEO plugin. -->","yoast_head_json":{"title":"Cercei din Lemn Fantasy Spiral Flower wenge - RedOwlCraft","robots":{"index":"index","follow":"follow","max-snippet":"max-snippet:-1","max-image-preview":"max-image-preview:large","max-video-preview":"max-video-preview:-1"},"canonical":"https:\/\/www.redowlcraft.ro\/en\/product\/cercei-din-lemn-fantasy-spiral-flower-wenge\/","og_locale":"en_US","og_type":"article","og_title":"Cercei din Lemn Fantasy Spiral Flower wenge - RedOwlCraft","og_description":"Fiecare pereche de cercei din aceast\u0103 colec\u021bie \u00eembin\u0103 delicate\u021bea naturii cu magia unui univers fantastic. Realiza\u021bi din lemn de fag, ace\u0219ti cercei sunt concepu\u021bi pentru a ad\u0103uga un strop de mister \u0219i elegan\u021b\u0103 \u021binutelor tale. Design-urile inspirate din mitologie, creaturi fantastice \u0219i simboluri antice se \u00eembin\u0103 armonios cu textura natural\u0103 a lemnului, cre\u00e2nd bijuterii unice, ce spun o poveste.","og_url":"https:\/\/www.redowlcraft.ro\/en\/product\/cercei-din-lemn-fantasy-spiral-flower-wenge\/","og_site_name":"RedOwlCraft","article_modified_time":"2026-04-17T15:18:05+00:00","og_image":[{"width":1500,"height":1500,"url":"https:\/\/www.redowlcraft.ro\/wp-content\/uploads\/2025\/01\/Cercei-Fantasy-Spiral-Flower-Wenge-Fata.jpg","type":"image\/jpeg"}],"twitter_card":"summary_large_image","twitter_misc":{"Est. reading time":"2 minutes"},"schema":{"@context":"https:\/\/schema.org","@graph":[{"@type":"WebPage","@id":"https:\/\/www.redowlcraft.ro\/produs\/cercei-din-lemn-fantasy-spiral-flower-wenge\/","url":"https:\/\/www.redowlcraft.ro\/produs\/cercei-din-lemn-fantasy-spiral-flower-wenge\/","name":"Cercei din Lemn Fantasy Spiral Flower wenge - RedOwlCraft","isPartOf":{"@id":"https:\/\/www.redowlcraft.ro\/#website"},"primaryImageOfPage":{"@id":"https:\/\/www.redowlcraft.ro\/produs\/cercei-din-lemn-fantasy-spiral-flower-wenge\/#primaryimage"},"image":{"@id":"https:\/\/www.redowlcraft.ro\/produs\/cercei-din-lemn-fantasy-spiral-flower-wenge\/#primaryimage"},"thumbnailUrl":"https:\/\/www.redowlcraft.ro\/wp-content\/uploads\/2025\/01\/Cercei-Fantasy-Spiral-Flower-Wenge-Fata.jpg","datePublished":"2025-01-28T16:13:56+00:00","dateModified":"2026-04-17T15:18:05+00:00","breadcrumb":{"@id":"https:\/\/www.redowlcraft.ro\/produs\/cercei-din-lemn-fantasy-spiral-flower-wenge\/#breadcrumb"},"inLanguage":"en-US","potentialAction":[{"@type":"ReadAction","target":["https:\/\/www.redowlcraft.ro\/produs\/cercei-din-lemn-fantasy-spiral-flower-wenge\/"]}]},{"@type":"ImageObject","inLanguage":"en-US","@id":"https:\/\/www.redowlcraft.ro\/produs\/cercei-din-lemn-fantasy-spiral-flower-wenge\/#primaryimage","url":"https:\/\/www.redowlcraft.ro\/wp-content\/uploads\/2025\/01\/Cercei-Fantasy-Spiral-Flower-Wenge-Fata.jpg","contentUrl":"https:\/\/www.redowlcraft.ro\/wp-content\/uploads\/2025\/01\/Cercei-Fantasy-Spiral-Flower-Wenge-Fata.jpg","width":1500,"height":1500},{"@type":"BreadcrumbList","@id":"https:\/\/www.redowlcraft.ro\/produs\/cercei-din-lemn-fantasy-spiral-flower-wenge\/#breadcrumb","itemListElement":[{"@type":"ListItem","position":1,"name":"Prima pagin\u0103","item":"https:\/\/www.redowlcraft.ro\/"},{"@type":"ListItem","position":2,"name":"Magazin","item":"https:\/\/www.redowlcraft.ro\/magazin\/"},{"@type":"ListItem","position":3,"name":"Cercei din Lemn Fantasy Spiral Flower wenge"}]},{"@type":"WebSite","@id":"https:\/\/www.redowlcraft.ro\/#website","url":"https:\/\/www.redowlcraft.ro\/","name":"RedOwlCraft","description":"See yourself in a piece of wood!","publisher":{"@id":"https:\/\/www.redowlcraft.ro\/#organization"},"potentialAction":[{"@type":"SearchAction","target":{"@type":"EntryPoint","urlTemplate":"https:\/\/www.redowlcraft.ro\/?s={search_term_string}"},"query-input":{"@type":"PropertyValueSpecification","valueRequired":true,"valueName":"search_term_string"}}],"inLanguage":"en-US"},{"@type":"Organization","@id":"https:\/\/www.redowlcraft.ro\/#organization","name":"RedOwlCraft","url":"https:\/\/www.redowlcraft.ro\/","logo":{"@type":"ImageObject","inLanguage":"en-US","@id":"https:\/\/www.redowlcraft.ro\/#\/schema\/logo\/image\/","url":"https:\/\/www.redowlcraft.ro\/wp-content\/uploads\/2024\/03\/cropped-logo-4.png","contentUrl":"https:\/\/www.redowlcraft.ro\/wp-content\/uploads\/2024\/03\/cropped-logo-4.png","width":1103,"height":250,"caption":"RedOwlCraft"},"image":{"@id":"https:\/\/www.redowlcraft.ro\/#\/schema\/logo\/image\/"}}]}},"_links":{"self":[{"href":"https:\/\/www.redowlcraft.ro\/en\/wp-json\/wp\/v2\/product\/27143","targetHints":{"allow":["GET"]}}],"collection":[{"href":"https:\/\/www.redowlcraft.ro\/en\/wp-json\/wp\/v2\/product"}],"about":[{"href":"https:\/\/www.redowlcraft.ro\/en\/wp-json\/wp\/v2\/types\/product"}],"replies":[{"embeddable":true,"href":"https:\/\/www.redowlcraft.ro\/en\/wp-json\/wp\/v2\/comments?post=27143"}],"wp:featuredmedia":[{"embeddable":true,"href":"https:\/\/www.redowlcraft.ro\/en\/wp-json\/wp\/v2\/media\/27057"}],"wp:attachment":[{"href":"https:\/\/www.redowlcraft.ro\/en\/wp-json\/wp\/v2\/media?parent=27143"}],"wp:term":[{"taxonomy":"product_brand","embeddable":true,"href":"https:\/\/www.redowlcraft.ro\/en\/wp-json\/wp\/v2\/product_brand?post=27143"},{"taxonomy":"product_cat","embeddable":true,"href":"https:\/\/www.redowlcraft.ro\/en\/wp-json\/wp\/v2\/product_cat?post=27143"},{"taxonomy":"product_tag","embeddable":true,"href":"https:\/\/www.redowlcraft.ro\/en\/wp-json\/wp\/v2\/product_tag?post=27143"}],"curies":[{"name":"wp","href":"https:\/\/api.w.org\/{rel}","templated":true}]}}