{"id":26406,"date":"2024-09-19T16:19:14","date_gmt":"2024-09-19T14:19:14","guid":{"rendered":"https:\/\/s1.ddm.live\/?post_type=product&#038;p=26406"},"modified":"2026-04-30T11:35:57","modified_gmt":"2026-04-30T09:35:57","slug":"tablou-lemn-pictat-manual-the-tree-of-life-pamant-rotund","status":"publish","type":"product","link":"https:\/\/www.redowlcraft.ro\/en\/product\/tablou-lemn-pictat-manual-the-tree-of-life-pamant-rotund\/","title":{"rendered":"Tablou lemn pictat manual &#8211; The Tree of Life &#8211; rotund"},"content":{"rendered":"<p><strong>Tree of Life \u2013 Simbolul Universal al Vie\u021bii, Echilibrului \u0219i Conexiunii<\/strong><\/p>\n<p><strong>Tree of Life<\/strong>, cunoscut \u0219i ca \u201eArborele Vie\u021bii\u201d, este un simbol antic care apare \u00een diverse culturi \u0219i religii din \u00eentreaga lume, reprezent\u00e2nd conexiunea \u00eentre toate formele de via\u021b\u0103, echilibrul dintre for\u021bele universale \u0219i evolu\u021bia personal\u0103. Acest simbol captivant \u0219i plin de semnifica\u021bii este un talisman popular, c\u0103utat de cei care doresc s\u0103 aduc\u0103 mai mult\u0103 armonie \u0219i \u00een\u021belepciune \u00een via\u021ba lor.<\/p>\n<p>Simbol Celtic stravechi Copacul Vietii sugereaza ideea ca toate formele de viata de pe Pamant sunt interconectate. Cu putere, intelepciune si longevitate, coroanele copacilor se intrepatrund, astfel pot oferi adapost diferitelor specii de flora si fauna. Legenda Celta spune ca oamenii veneau din copaci, iar ei erau priviti ca niste fapturi magice. Copacii erau considerati gardienii pamantului si slujeau la granita dintre lumi; dintre cea lumeasca si cea a spiritelor.<\/p>\n<h3><strong>Semnifica\u021bia Tree of Life:<\/strong><\/h3>\n<p><strong>Conexiunea Universal\u0103:<\/strong> Arborele Vie\u021bii simbolizeaz\u0103 interconectarea tuturor fiin\u021belor vii. Ramurile sale se \u00eentind spre cer, leg\u00e2ndu-se de energia divin\u0103, \u00een timp ce r\u0103d\u0103cinile sale ad\u00e2nci sunt conectate la p\u0103m\u00e2nt, simboliz\u00e2nd echilibrul dintre cer \u0219i p\u0103m\u00e2nt, \u00eentre material \u0219i spiritual.<\/p>\n<p><strong>Ciclul Vie\u021bii:<\/strong> Un alt aspect al simbolului este <strong>regenerarea<\/strong> \u0219i <strong>continuitatea<\/strong>. La fel ca un copac care \u00ee\u0219i pierde frunzele \u0219i \u00eenflore\u0219te din nou, Tree of Life simbolizeaz\u0103 rena\u0219terea, transformarea \u0219i rezilien\u021ba.<\/p>\n<p><strong>\u00cent\u0103rirea Leg\u0103turilor Familiale:<\/strong> De-a lungul vremii, acest simbol a fost interpretat ca o reprezentare a <strong>familiei<\/strong>, unde r\u0103d\u0103cinile simbolizeaz\u0103 str\u0103mo\u0219ii, iar ramurile \u2013 genera\u021biile viitoare. Este folosit ca un simbol de protec\u021bie \u0219i de sprijin pentru familii \u0219i rela\u021bii.<\/p>\n<p><strong>Cunoa\u0219tere \u0219i \u00cen\u021belepciune:<\/strong> Tree of Life este de asemenea un simbol al <strong>cre\u0219terii spirituale<\/strong> \u0219i al dob\u00e2ndirii de cuno\u0219tin\u021be \u0219i \u00een\u021belepciune de-a lungul vie\u021bii.<\/p>\n<h3><strong>Beneficiile Purt\u0103rii sau De\u021binerii Simbolului Tree of Life:<\/strong><\/h3>\n<ul>\n<li><strong>Energie Pozitiv\u0103:<\/strong> Acest simbol este purtat de mul\u021bi pentru a atrage <strong>energie pozitiv\u0103<\/strong>, <strong>prosperitate<\/strong> \u0219i echilibru \u00een via\u021ba de zi cu zi.<\/li>\n<li><strong>Protec\u021bie:<\/strong> Este v\u0103zut ca un talisman protector, care aduce siguran\u021b\u0103 \u0219i securitate \u00een toate aspectele vie\u021bii.<\/li>\n<li><strong>Cre\u0219tere Personal\u0103:<\/strong> Tree of Life este un simbol al dezvolt\u0103rii personale \u0219i al <strong>expansiunii spirituale<\/strong>. Este perfect pentru cei care caut\u0103 o leg\u0103tur\u0103 mai profund\u0103 cu ei \u00een\u0219i\u0219i \u0219i cu lumea din jurul lor.<\/li>\n<\/ul>\n<h3><strong>Utilizare \u00een Bijuterii \u0219i Decora\u021biuni:<\/strong><\/h3>\n<p>Tree of Life este un simbol extrem de popular \u00een <strong>bijuterii<\/strong> \u2013 amulete, pandantive \u0219i br\u0103\u021b\u0103ri \u2013 precum \u0219i \u00een <strong>decora\u021biuni interioare<\/strong>. Purtarea sau afi\u0219area acestui simbol \u00een cas\u0103 aduce <strong>armonie<\/strong> \u0219i <strong>bun\u0103stare<\/strong>.<\/p>\n<h3><strong>De ce s\u0103 Alegi Simbolul Tree of Life?<\/strong><\/h3>\n<ul>\n<li>Este un <strong>cadou perfect<\/strong> pentru cei dragi, simboliz\u00e2nd <strong>iubirea etern\u0103<\/strong>, conexiunea \u0219i sus\u021binerea.<\/li>\n<li>O alegere excelent\u0103 pentru cei care doresc s\u0103 \u00ee\u0219i <strong>\u00eembr\u0103\u021bi\u0219eze spiritualitatea<\/strong> \u0219i s\u0103 aduc\u0103 echilibru \u0219i pace \u00een via\u021ba lor.<\/li>\n<li>Ideal pentru cei care vor s\u0103 \u00ee\u0219i decoreze spa\u021biul cu un simbol <strong>puternic \u0219i semnificativ<\/strong>, care aduce energie pozitiv\u0103.<\/li>\n<\/ul>\n<h3><strong>\u00cembun\u0103t\u0103\u021birea Energiei Vie\u021bii Tale cu Tree of Life:<\/strong><\/h3>\n<p>Dac\u0103 e\u0219ti \u00een c\u0103utarea unui simbol de echilibru, <strong>stabilitate<\/strong> \u0219i conexiune cu natura, <strong>Tree of Life<\/strong> este un talisman perfect. El te ajut\u0103 s\u0103 \u00ee\u021bi creezi un mediu plin de <strong>energie pozitiv\u0103<\/strong> \u0219i <strong>cre\u0219tere spiritual\u0103<\/strong>, ghid\u00e2ndu-te spre <strong>armonie<\/strong> \u00een toate aspectele vie\u021bii tale.<\/p>\n<p>Alege <strong>Tree of Life<\/strong> pentru a-\u021bi transforma via\u021ba \u0219i a aduce mai mult\u0103 lumin\u0103, conexiune \u0219i \u00een\u021belepciune \u00een fiecare zi.<\/p>\n<p>Specifications:<br \/>\nArt Deco object 4 layers with wall hanging bracket<br \/>\nLemn de Fag, lacuit cu lac pe baza de apa si acrylic<br \/>\nDimensiuni: diametru 35cm<br \/>\nGreutate: 700g<\/p>\n<p>This is a quality product handcrafted by specialized and passionate staff. It is made of living wood, so the wood may have imperfections and specific characteristics. These particular characteristics should not be considered as defects, but only as peculiarities of the wood. Any type of wood or conglomerate of wood, will undergo changes after exposure to high humidity or excessive heat especially when the object is new, be careful to avoid rain, direct exposure to direct sunlight or in any case, contact with liquids (for the above reasons, there is no wood craftsmanship or carpentry that offers warranty)<\/p>\n<p>THANK YOU SO MUCH FOR SUPPORTING AND LOOKING FOR INDEPENDENT ARTISTS!!!!<\/p>\n<p>Designed and produced by RedOwl Craft - 2018 Collection<\/p>","protected":false},"excerpt":{"rendered":"<p><strong>Tree of Life<\/strong>, cunoscut \u0219i ca \u201eArborele Vie\u021bii\u201d, este un simbol antic care apare \u00een diverse culturi \u0219i religii din \u00eentreaga lume, reprezent\u00e2nd conexiunea \u00eentre toate formele de via\u021b\u0103, echilibrul dintre for\u021bele universale \u0219i evolu\u021bia personal\u0103. Acest simbol captivant \u0219i plin de semnifica\u021bii este un talisman popular, c\u0103utat de cei care doresc s\u0103 aduc\u0103 mai mult\u0103 armonie \u0219i \u00een\u021belepciune \u00een via\u021ba lor.<\/p>","protected":false},"featured_media":28195,"comment_status":"open","ping_status":"closed","template":"","meta":{"inline_featured_image":false},"product_brand":[],"product_cat":[298,195],"product_tag":[262,246],"class_list":{"0":"post-26406","1":"product","2":"type-product","3":"status-publish","4":"has-post-thumbnail","6":"product_cat-toate-produsele","7":"product_cat-home-deco","8":"product_tag-home-deco-simbol","9":"product_tag-pamant","11":"first","12":"instock","13":"sale","14":"taxable","15":"shipping-taxable","16":"purchasable","17":"product-type-simple"},"yoast_head":"<!-- This site is optimized with the Yoast SEO plugin v26.5 - https:\/\/yoast.com\/wordpress\/plugins\/seo\/ -->\n<title>Tablou lemn pictat manual - The Tree of Life - rotund - RedOwlCraft<\/title>\n<meta name=\"robots\" content=\"index, follow, max-snippet:-1, max-image-preview:large, max-video-preview:-1\" \/>\n<link rel=\"canonical\" href=\"https:\/\/www.redowlcraft.ro\/en\/product\/tablou-lemn-pictat-manual-the-tree-of-life-pamant-rotund\/\" \/>\n<meta property=\"og:locale\" content=\"en_US\" \/>\n<meta property=\"og:type\" content=\"article\" \/>\n<meta property=\"og:title\" content=\"Tablou lemn pictat manual - The Tree of Life - rotund - RedOwlCraft\" \/>\n<meta property=\"og:description\" content=\"Tree of Life, cunoscut \u0219i ca \u201eArborele Vie\u021bii\u201d, este un simbol antic care apare \u00een diverse culturi \u0219i religii din \u00eentreaga lume, reprezent\u00e2nd conexiunea \u00eentre toate formele de via\u021b\u0103, echilibrul dintre for\u021bele universale \u0219i evolu\u021bia personal\u0103. Acest simbol captivant \u0219i plin de semnifica\u021bii este un talisman popular, c\u0103utat de cei care doresc s\u0103 aduc\u0103 mai mult\u0103 armonie \u0219i \u00een\u021belepciune \u00een via\u021ba lor.\" \/>\n<meta property=\"og:url\" content=\"https:\/\/www.redowlcraft.ro\/en\/product\/tablou-lemn-pictat-manual-the-tree-of-life-pamant-rotund\/\" \/>\n<meta property=\"og:site_name\" content=\"RedOwlCraft\" \/>\n<meta property=\"article:modified_time\" content=\"2026-04-30T09:35:57+00:00\" \/>\n<meta property=\"og:image\" content=\"https:\/\/www.redowlcraft.ro\/wp-content\/uploads\/2025\/08\/Tree-of-Life-Mandala-Maro-Rotund.jpg\" \/>\n\t<meta property=\"og:image:width\" content=\"1500\" \/>\n\t<meta property=\"og:image:height\" content=\"1500\" \/>\n\t<meta property=\"og:image:type\" content=\"image\/jpeg\" \/>\n<meta name=\"twitter:card\" content=\"summary_large_image\" \/>\n<meta name=\"twitter:label1\" content=\"Est. reading time\" \/>\n\t<meta name=\"twitter:data1\" content=\"4 minutes\" \/>\n<script type=\"application\/ld+json\" class=\"yoast-schema-graph\">{\"@context\":\"https:\/\/schema.org\",\"@graph\":[{\"@type\":\"WebPage\",\"@id\":\"https:\/\/www.redowlcraft.ro\/produs\/tablou-lemn-pictat-manual-the-tree-of-life-pamant-rotund\/\",\"url\":\"https:\/\/www.redowlcraft.ro\/produs\/tablou-lemn-pictat-manual-the-tree-of-life-pamant-rotund\/\",\"name\":\"Tablou lemn pictat manual - The Tree of Life - rotund - RedOwlCraft\",\"isPartOf\":{\"@id\":\"https:\/\/www.redowlcraft.ro\/#website\"},\"primaryImageOfPage\":{\"@id\":\"https:\/\/www.redowlcraft.ro\/produs\/tablou-lemn-pictat-manual-the-tree-of-life-pamant-rotund\/#primaryimage\"},\"image\":{\"@id\":\"https:\/\/www.redowlcraft.ro\/produs\/tablou-lemn-pictat-manual-the-tree-of-life-pamant-rotund\/#primaryimage\"},\"thumbnailUrl\":\"https:\/\/www.redowlcraft.ro\/wp-content\/uploads\/2025\/08\/Tree-of-Life-Mandala-Maro-Rotund.jpg\",\"datePublished\":\"2024-09-19T14:19:14+00:00\",\"dateModified\":\"2026-04-30T09:35:57+00:00\",\"breadcrumb\":{\"@id\":\"https:\/\/www.redowlcraft.ro\/produs\/tablou-lemn-pictat-manual-the-tree-of-life-pamant-rotund\/#breadcrumb\"},\"inLanguage\":\"en-US\",\"potentialAction\":[{\"@type\":\"ReadAction\",\"target\":[\"https:\/\/www.redowlcraft.ro\/produs\/tablou-lemn-pictat-manual-the-tree-of-life-pamant-rotund\/\"]}]},{\"@type\":\"ImageObject\",\"inLanguage\":\"en-US\",\"@id\":\"https:\/\/www.redowlcraft.ro\/produs\/tablou-lemn-pictat-manual-the-tree-of-life-pamant-rotund\/#primaryimage\",\"url\":\"https:\/\/www.redowlcraft.ro\/wp-content\/uploads\/2025\/08\/Tree-of-Life-Mandala-Maro-Rotund.jpg\",\"contentUrl\":\"https:\/\/www.redowlcraft.ro\/wp-content\/uploads\/2025\/08\/Tree-of-Life-Mandala-Maro-Rotund.jpg\",\"width\":1500,\"height\":1500},{\"@type\":\"BreadcrumbList\",\"@id\":\"https:\/\/www.redowlcraft.ro\/produs\/tablou-lemn-pictat-manual-the-tree-of-life-pamant-rotund\/#breadcrumb\",\"itemListElement\":[{\"@type\":\"ListItem\",\"position\":1,\"name\":\"Prima pagin\u0103\",\"item\":\"https:\/\/www.redowlcraft.ro\/\"},{\"@type\":\"ListItem\",\"position\":2,\"name\":\"Magazin\",\"item\":\"https:\/\/www.redowlcraft.ro\/magazin\/\"},{\"@type\":\"ListItem\",\"position\":3,\"name\":\"Tablou lemn pictat manual &#8211; The Tree of Life &#8211; rotund\"}]},{\"@type\":\"WebSite\",\"@id\":\"https:\/\/www.redowlcraft.ro\/#website\",\"url\":\"https:\/\/www.redowlcraft.ro\/\",\"name\":\"RedOwlCraft\",\"description\":\"See yourself in a piece of wood!\",\"publisher\":{\"@id\":\"https:\/\/www.redowlcraft.ro\/#organization\"},\"potentialAction\":[{\"@type\":\"SearchAction\",\"target\":{\"@type\":\"EntryPoint\",\"urlTemplate\":\"https:\/\/www.redowlcraft.ro\/?s={search_term_string}\"},\"query-input\":{\"@type\":\"PropertyValueSpecification\",\"valueRequired\":true,\"valueName\":\"search_term_string\"}}],\"inLanguage\":\"en-US\"},{\"@type\":\"Organization\",\"@id\":\"https:\/\/www.redowlcraft.ro\/#organization\",\"name\":\"RedOwlCraft\",\"url\":\"https:\/\/www.redowlcraft.ro\/\",\"logo\":{\"@type\":\"ImageObject\",\"inLanguage\":\"en-US\",\"@id\":\"https:\/\/www.redowlcraft.ro\/#\/schema\/logo\/image\/\",\"url\":\"https:\/\/www.redowlcraft.ro\/wp-content\/uploads\/2024\/03\/cropped-logo-4.png\",\"contentUrl\":\"https:\/\/www.redowlcraft.ro\/wp-content\/uploads\/2024\/03\/cropped-logo-4.png\",\"width\":1103,\"height\":250,\"caption\":\"RedOwlCraft\"},\"image\":{\"@id\":\"https:\/\/www.redowlcraft.ro\/#\/schema\/logo\/image\/\"}}]}<\/script>\n<!-- \/ Yoast SEO plugin. -->","yoast_head_json":{"title":"Tablou lemn pictat manual - The Tree of Life - rotund - RedOwlCraft","robots":{"index":"index","follow":"follow","max-snippet":"max-snippet:-1","max-image-preview":"max-image-preview:large","max-video-preview":"max-video-preview:-1"},"canonical":"https:\/\/www.redowlcraft.ro\/en\/product\/tablou-lemn-pictat-manual-the-tree-of-life-pamant-rotund\/","og_locale":"en_US","og_type":"article","og_title":"Tablou lemn pictat manual - The Tree of Life - rotund - RedOwlCraft","og_description":"Tree of Life, cunoscut \u0219i ca \u201eArborele Vie\u021bii\u201d, este un simbol antic care apare \u00een diverse culturi \u0219i religii din \u00eentreaga lume, reprezent\u00e2nd conexiunea \u00eentre toate formele de via\u021b\u0103, echilibrul dintre for\u021bele universale \u0219i evolu\u021bia personal\u0103. Acest simbol captivant \u0219i plin de semnifica\u021bii este un talisman popular, c\u0103utat de cei care doresc s\u0103 aduc\u0103 mai mult\u0103 armonie \u0219i \u00een\u021belepciune \u00een via\u021ba lor.","og_url":"https:\/\/www.redowlcraft.ro\/en\/product\/tablou-lemn-pictat-manual-the-tree-of-life-pamant-rotund\/","og_site_name":"RedOwlCraft","article_modified_time":"2026-04-30T09:35:57+00:00","og_image":[{"width":1500,"height":1500,"url":"https:\/\/www.redowlcraft.ro\/wp-content\/uploads\/2025\/08\/Tree-of-Life-Mandala-Maro-Rotund.jpg","type":"image\/jpeg"}],"twitter_card":"summary_large_image","twitter_misc":{"Est. reading time":"4 minutes"},"schema":{"@context":"https:\/\/schema.org","@graph":[{"@type":"WebPage","@id":"https:\/\/www.redowlcraft.ro\/produs\/tablou-lemn-pictat-manual-the-tree-of-life-pamant-rotund\/","url":"https:\/\/www.redowlcraft.ro\/produs\/tablou-lemn-pictat-manual-the-tree-of-life-pamant-rotund\/","name":"Tablou lemn pictat manual - The Tree of Life - rotund - RedOwlCraft","isPartOf":{"@id":"https:\/\/www.redowlcraft.ro\/#website"},"primaryImageOfPage":{"@id":"https:\/\/www.redowlcraft.ro\/produs\/tablou-lemn-pictat-manual-the-tree-of-life-pamant-rotund\/#primaryimage"},"image":{"@id":"https:\/\/www.redowlcraft.ro\/produs\/tablou-lemn-pictat-manual-the-tree-of-life-pamant-rotund\/#primaryimage"},"thumbnailUrl":"https:\/\/www.redowlcraft.ro\/wp-content\/uploads\/2025\/08\/Tree-of-Life-Mandala-Maro-Rotund.jpg","datePublished":"2024-09-19T14:19:14+00:00","dateModified":"2026-04-30T09:35:57+00:00","breadcrumb":{"@id":"https:\/\/www.redowlcraft.ro\/produs\/tablou-lemn-pictat-manual-the-tree-of-life-pamant-rotund\/#breadcrumb"},"inLanguage":"en-US","potentialAction":[{"@type":"ReadAction","target":["https:\/\/www.redowlcraft.ro\/produs\/tablou-lemn-pictat-manual-the-tree-of-life-pamant-rotund\/"]}]},{"@type":"ImageObject","inLanguage":"en-US","@id":"https:\/\/www.redowlcraft.ro\/produs\/tablou-lemn-pictat-manual-the-tree-of-life-pamant-rotund\/#primaryimage","url":"https:\/\/www.redowlcraft.ro\/wp-content\/uploads\/2025\/08\/Tree-of-Life-Mandala-Maro-Rotund.jpg","contentUrl":"https:\/\/www.redowlcraft.ro\/wp-content\/uploads\/2025\/08\/Tree-of-Life-Mandala-Maro-Rotund.jpg","width":1500,"height":1500},{"@type":"BreadcrumbList","@id":"https:\/\/www.redowlcraft.ro\/produs\/tablou-lemn-pictat-manual-the-tree-of-life-pamant-rotund\/#breadcrumb","itemListElement":[{"@type":"ListItem","position":1,"name":"Prima pagin\u0103","item":"https:\/\/www.redowlcraft.ro\/"},{"@type":"ListItem","position":2,"name":"Magazin","item":"https:\/\/www.redowlcraft.ro\/magazin\/"},{"@type":"ListItem","position":3,"name":"Tablou lemn pictat manual &#8211; The Tree of Life &#8211; rotund"}]},{"@type":"WebSite","@id":"https:\/\/www.redowlcraft.ro\/#website","url":"https:\/\/www.redowlcraft.ro\/","name":"RedOwlCraft","description":"See yourself in a piece of wood!","publisher":{"@id":"https:\/\/www.redowlcraft.ro\/#organization"},"potentialAction":[{"@type":"SearchAction","target":{"@type":"EntryPoint","urlTemplate":"https:\/\/www.redowlcraft.ro\/?s={search_term_string}"},"query-input":{"@type":"PropertyValueSpecification","valueRequired":true,"valueName":"search_term_string"}}],"inLanguage":"en-US"},{"@type":"Organization","@id":"https:\/\/www.redowlcraft.ro\/#organization","name":"RedOwlCraft","url":"https:\/\/www.redowlcraft.ro\/","logo":{"@type":"ImageObject","inLanguage":"en-US","@id":"https:\/\/www.redowlcraft.ro\/#\/schema\/logo\/image\/","url":"https:\/\/www.redowlcraft.ro\/wp-content\/uploads\/2024\/03\/cropped-logo-4.png","contentUrl":"https:\/\/www.redowlcraft.ro\/wp-content\/uploads\/2024\/03\/cropped-logo-4.png","width":1103,"height":250,"caption":"RedOwlCraft"},"image":{"@id":"https:\/\/www.redowlcraft.ro\/#\/schema\/logo\/image\/"}}]}},"_links":{"self":[{"href":"https:\/\/www.redowlcraft.ro\/en\/wp-json\/wp\/v2\/product\/26406","targetHints":{"allow":["GET"]}}],"collection":[{"href":"https:\/\/www.redowlcraft.ro\/en\/wp-json\/wp\/v2\/product"}],"about":[{"href":"https:\/\/www.redowlcraft.ro\/en\/wp-json\/wp\/v2\/types\/product"}],"replies":[{"embeddable":true,"href":"https:\/\/www.redowlcraft.ro\/en\/wp-json\/wp\/v2\/comments?post=26406"}],"wp:featuredmedia":[{"embeddable":true,"href":"https:\/\/www.redowlcraft.ro\/en\/wp-json\/wp\/v2\/media\/28195"}],"wp:attachment":[{"href":"https:\/\/www.redowlcraft.ro\/en\/wp-json\/wp\/v2\/media?parent=26406"}],"wp:term":[{"taxonomy":"product_brand","embeddable":true,"href":"https:\/\/www.redowlcraft.ro\/en\/wp-json\/wp\/v2\/product_brand?post=26406"},{"taxonomy":"product_cat","embeddable":true,"href":"https:\/\/www.redowlcraft.ro\/en\/wp-json\/wp\/v2\/product_cat?post=26406"},{"taxonomy":"product_tag","embeddable":true,"href":"https:\/\/www.redowlcraft.ro\/en\/wp-json\/wp\/v2\/product_tag?post=26406"}],"curies":[{"name":"wp","href":"https:\/\/api.w.org\/{rel}","templated":true}]}}