{"id":26401,"date":"2024-09-19T13:26:18","date_gmt":"2024-09-19T11:26:18","guid":{"rendered":"https:\/\/s1.ddm.live\/?post_type=product&#038;p=26401"},"modified":"2026-04-07T19:11:55","modified_gmt":"2026-04-07T17:11:55","slug":"tablou-pictat-din-lemn-the-phoenix-foc","status":"publish","type":"product","link":"https:\/\/www.redowlcraft.ro\/en\/product\/tablou-pictat-din-lemn-the-phoenix-foc\/","title":{"rendered":"Tablou lemn pictat manual &#8211; The Phoenix &#8211; Foc"},"content":{"rendered":"<p><strong>Phoenix \u2013 Simbolul Rena\u0219terii \u0219i al Transform\u0103rii<\/strong><\/p>\n<p>Phoenixul este unul dintre cele mai puternice \u0219i cunoscute simboluri ale regener\u0103rii, rena\u0219terii \u0219i transform\u0103rii. \u00cenr\u0103d\u0103cinat \u00een mitologie, acest simbol legendar reprezint\u0103 triumful asupra provoc\u0103rilor \u0219i abilitatea de a rena\u0219te din propria cenu\u0219\u0103. \u00cen mitologiile din \u00eentreaga lume \u2013 de la Egiptul Antic la Grecia \u0219i China \u2013 Phoenixul este asociat cu imortalitatea, puterea spiritual\u0103 \u0219i via\u021ba etern\u0103.<\/p>\n<p>Creatura mitica, Phoenixul este simbolul Longevitatii. Simbol Yin, al nasterii, al invierii, daca este prezent in camera de odihna a casei, sustine armonia in familie, iubirea si dezvoltarea armonioasa a copiilor.<\/p>\n<h3>Semnifica\u021bia Phoenixului<\/h3>\n<p>Phoenixul este un simbol al ciclicit\u0103\u021bii vie\u021bii, al schimb\u0103rii \u0219i al evolu\u021biei continue. Aceast\u0103 pas\u0103re mitic\u0103 arde \u0219i se ridic\u0103 din propria cenu\u0219\u0103, fiind un memento al faptului c\u0103 din orice pierdere sau dificultate poate ap\u0103rea un nou \u00eenceput. Este adesea asociat cu vindecarea, regenerarea \u0219i abilitatea de a se reinventa. A purta sau a avea un simbol al Phoenixului \u00een via\u021ba ta poate atrage energiile pozitive ale puterii interioare \u0219i ale rezisten\u021bei.<\/p>\n<h3>Phoenixul ca Simbol al Succesului \u0219i Rena\u0219terii<\/h3>\n<p>Pentru cei care trec prin perioade dificile sau transform\u0103ri personale, simbolul Phoenixului ofer\u0103 speran\u021b\u0103 \u0219i motiva\u021bie. Este o reprezentare a rezisten\u021bei \u0219i a capacit\u0103\u021bii de a dep\u0103\u0219i obstacolele. Este ideal pentru cei care caut\u0103 s\u0103-\u0219i \u00eembr\u0103\u021bi\u0219eze propria evolu\u021bie, s\u0103 lase \u00een urm\u0103 trecutul \u0219i s\u0103 \u00ee\u0219i reconstruiasc\u0103 via\u021ba cu o energie nou\u0103 \u0219i revitalizat\u0103.<\/p>\n<h3>De ce s\u0103 alegi simbolul Phoenixului?<\/h3>\n<p>Dac\u0103 \u00ee\u021bi dore\u0219ti un simbol puternic al transform\u0103rii, Phoenixul este alegerea perfect\u0103. Aduc\u00e2nd vibra\u021biile regener\u0103rii \u0219i ale evolu\u021biei continue, acesta poate fi un talisman de protec\u021bie \u0219i succes. Fie c\u0103 \u00eel por\u021bi sub form\u0103 de bijuterie sau \u00eel integrezi \u00een spa\u021biul t\u0103u, energia Phoenixului te va ajuta s\u0103 te ridici deasupra dificult\u0103\u021bilor \u0219i s\u0103 \u00ee\u021bi tr\u0103ie\u0219ti via\u021ba cu determinare \u0219i curaj.<\/p>\n<p><strong>Atrage transformarea \u0219i rena\u0219terea \u00een via\u021ba ta cu simbolul Phoenixului \u2013 simbolul suprem al puterii, al \u00eennoirii \u0219i al succesului etern.<\/strong><\/p>\n<p>&nbsp;<\/p>\n<p>Art Deco object 4 layers with wall hanging bracket<br \/>\nLemn de Fag, lacuit cu lac pe baza de apa si pictat in acrylic<br \/>\nDimensiuni: 60x29x1.4cm<br \/>\nGreutate: 750g<\/p>\n<p>This is a quality product handcrafted by specialized and passionate staff. It is made of living wood, so the wood may have imperfections and specific characteristics. These particular characteristics should not be considered as defects, but only as peculiarities of the wood. Any type of wood or conglomerate of wood, will suffer changes after exposure to high humidity or excessive heat especially when the object is new, be careful to avoid rain, direct exposure to direct sunlight or in any case, contact with liquids; (for the above reasons, there is no craftsmanship in wood or carpentry that offers warranty).<\/p>\n<p>THANK YOU SO MUCH FOR SUPPORTING AND LOOKING FOR INDEPENDENT ARTISTS!!!!<\/p>\n<p>Creat si produs de RedOwl Craft &#8211; Colectie 2020<\/p>","protected":false},"excerpt":{"rendered":"<p>Phoenixul este unul dintre cele mai puternice \u0219i cunoscute simboluri ale regener\u0103rii, rena\u0219terii \u0219i transform\u0103rii. \u00cenr\u0103d\u0103cinat \u00een mitologie, acest simbol legendar reprezint\u0103 triumful asupra provoc\u0103rilor \u0219i abilitatea de a rena\u0219te din propria cenu\u0219\u0103. \u00cen mitologiile din \u00eentreaga lume \u2013 de la Egiptul Antic la Grecia \u0219i China \u2013 Phoenixul este asociat cu imortalitatea, puterea spiritual\u0103 \u0219i via\u021ba etern\u0103.<\/p>","protected":false},"featured_media":27229,"comment_status":"open","ping_status":"closed","template":"","meta":{"inline_featured_image":false},"product_brand":[],"product_cat":[195],"product_tag":[244,262],"class_list":{"0":"post-26401","1":"product","2":"type-product","3":"status-publish","4":"has-post-thumbnail","6":"product_cat-home-deco","7":"product_tag-foc","8":"product_tag-home-deco-simbol","10":"first","11":"instock","12":"taxable","13":"shipping-taxable","14":"purchasable","15":"product-type-simple"},"yoast_head":"<!-- This site is optimized with the Yoast SEO plugin v26.5 - https:\/\/yoast.com\/wordpress\/plugins\/seo\/ -->\n<title>Tablou lemn pictat manual - The Phoenix - Foc - RedOwlCraft<\/title>\n<meta name=\"robots\" content=\"index, follow, max-snippet:-1, max-image-preview:large, max-video-preview:-1\" \/>\n<link rel=\"canonical\" href=\"https:\/\/www.redowlcraft.ro\/en\/product\/tablou-pictat-din-lemn-the-phoenix-foc\/\" \/>\n<meta property=\"og:locale\" content=\"en_US\" \/>\n<meta property=\"og:type\" content=\"article\" \/>\n<meta property=\"og:title\" content=\"Tablou lemn pictat manual - The Phoenix - Foc - RedOwlCraft\" \/>\n<meta property=\"og:description\" content=\"Phoenixul este unul dintre cele mai puternice \u0219i cunoscute simboluri ale regener\u0103rii, rena\u0219terii \u0219i transform\u0103rii. \u00cenr\u0103d\u0103cinat \u00een mitologie, acest simbol legendar reprezint\u0103 triumful asupra provoc\u0103rilor \u0219i abilitatea de a rena\u0219te din propria cenu\u0219\u0103. \u00cen mitologiile din \u00eentreaga lume \u2013 de la Egiptul Antic la Grecia \u0219i China \u2013 Phoenixul este asociat cu imortalitatea, puterea spiritual\u0103 \u0219i via\u021ba etern\u0103.\" \/>\n<meta property=\"og:url\" content=\"https:\/\/www.redowlcraft.ro\/en\/product\/tablou-pictat-din-lemn-the-phoenix-foc\/\" \/>\n<meta property=\"og:site_name\" content=\"RedOwlCraft\" \/>\n<meta property=\"article:modified_time\" content=\"2026-04-07T17:11:55+00:00\" \/>\n<meta property=\"og:image\" content=\"https:\/\/www.redowlcraft.ro\/wp-content\/uploads\/2025\/02\/Phoenix-Foc-Fata.jpg\" \/>\n\t<meta property=\"og:image:width\" content=\"1500\" \/>\n\t<meta property=\"og:image:height\" content=\"1500\" \/>\n\t<meta property=\"og:image:type\" content=\"image\/jpeg\" \/>\n<meta name=\"twitter:card\" content=\"summary_large_image\" \/>\n<meta name=\"twitter:label1\" content=\"Est. reading time\" \/>\n\t<meta name=\"twitter:data1\" content=\"3 minutes\" \/>\n<script type=\"application\/ld+json\" class=\"yoast-schema-graph\">{\"@context\":\"https:\/\/schema.org\",\"@graph\":[{\"@type\":\"WebPage\",\"@id\":\"https:\/\/www.redowlcraft.ro\/produs\/tablou-pictat-din-lemn-the-phoenix-foc\/\",\"url\":\"https:\/\/www.redowlcraft.ro\/produs\/tablou-pictat-din-lemn-the-phoenix-foc\/\",\"name\":\"Tablou lemn pictat manual - The Phoenix - Foc - RedOwlCraft\",\"isPartOf\":{\"@id\":\"https:\/\/www.redowlcraft.ro\/#website\"},\"primaryImageOfPage\":{\"@id\":\"https:\/\/www.redowlcraft.ro\/produs\/tablou-pictat-din-lemn-the-phoenix-foc\/#primaryimage\"},\"image\":{\"@id\":\"https:\/\/www.redowlcraft.ro\/produs\/tablou-pictat-din-lemn-the-phoenix-foc\/#primaryimage\"},\"thumbnailUrl\":\"https:\/\/www.redowlcraft.ro\/wp-content\/uploads\/2025\/02\/Phoenix-Foc-Fata.jpg\",\"datePublished\":\"2024-09-19T11:26:18+00:00\",\"dateModified\":\"2026-04-07T17:11:55+00:00\",\"breadcrumb\":{\"@id\":\"https:\/\/www.redowlcraft.ro\/produs\/tablou-pictat-din-lemn-the-phoenix-foc\/#breadcrumb\"},\"inLanguage\":\"en-US\",\"potentialAction\":[{\"@type\":\"ReadAction\",\"target\":[\"https:\/\/www.redowlcraft.ro\/produs\/tablou-pictat-din-lemn-the-phoenix-foc\/\"]}]},{\"@type\":\"ImageObject\",\"inLanguage\":\"en-US\",\"@id\":\"https:\/\/www.redowlcraft.ro\/produs\/tablou-pictat-din-lemn-the-phoenix-foc\/#primaryimage\",\"url\":\"https:\/\/www.redowlcraft.ro\/wp-content\/uploads\/2025\/02\/Phoenix-Foc-Fata.jpg\",\"contentUrl\":\"https:\/\/www.redowlcraft.ro\/wp-content\/uploads\/2025\/02\/Phoenix-Foc-Fata.jpg\",\"width\":1500,\"height\":1500},{\"@type\":\"BreadcrumbList\",\"@id\":\"https:\/\/www.redowlcraft.ro\/produs\/tablou-pictat-din-lemn-the-phoenix-foc\/#breadcrumb\",\"itemListElement\":[{\"@type\":\"ListItem\",\"position\":1,\"name\":\"Prima pagin\u0103\",\"item\":\"https:\/\/www.redowlcraft.ro\/\"},{\"@type\":\"ListItem\",\"position\":2,\"name\":\"Magazin\",\"item\":\"https:\/\/www.redowlcraft.ro\/magazin\/\"},{\"@type\":\"ListItem\",\"position\":3,\"name\":\"Tablou lemn pictat manual &#8211; The Phoenix &#8211; Foc\"}]},{\"@type\":\"WebSite\",\"@id\":\"https:\/\/www.redowlcraft.ro\/#website\",\"url\":\"https:\/\/www.redowlcraft.ro\/\",\"name\":\"RedOwlCraft\",\"description\":\"See yourself in a piece of wood!\",\"publisher\":{\"@id\":\"https:\/\/www.redowlcraft.ro\/#organization\"},\"potentialAction\":[{\"@type\":\"SearchAction\",\"target\":{\"@type\":\"EntryPoint\",\"urlTemplate\":\"https:\/\/www.redowlcraft.ro\/?s={search_term_string}\"},\"query-input\":{\"@type\":\"PropertyValueSpecification\",\"valueRequired\":true,\"valueName\":\"search_term_string\"}}],\"inLanguage\":\"en-US\"},{\"@type\":\"Organization\",\"@id\":\"https:\/\/www.redowlcraft.ro\/#organization\",\"name\":\"RedOwlCraft\",\"url\":\"https:\/\/www.redowlcraft.ro\/\",\"logo\":{\"@type\":\"ImageObject\",\"inLanguage\":\"en-US\",\"@id\":\"https:\/\/www.redowlcraft.ro\/#\/schema\/logo\/image\/\",\"url\":\"https:\/\/www.redowlcraft.ro\/wp-content\/uploads\/2024\/03\/cropped-logo-4.png\",\"contentUrl\":\"https:\/\/www.redowlcraft.ro\/wp-content\/uploads\/2024\/03\/cropped-logo-4.png\",\"width\":1103,\"height\":250,\"caption\":\"RedOwlCraft\"},\"image\":{\"@id\":\"https:\/\/www.redowlcraft.ro\/#\/schema\/logo\/image\/\"}}]}<\/script>\n<!-- \/ Yoast SEO plugin. -->","yoast_head_json":{"title":"Tablou lemn pictat manual - The Phoenix - Foc - RedOwlCraft","robots":{"index":"index","follow":"follow","max-snippet":"max-snippet:-1","max-image-preview":"max-image-preview:large","max-video-preview":"max-video-preview:-1"},"canonical":"https:\/\/www.redowlcraft.ro\/en\/product\/tablou-pictat-din-lemn-the-phoenix-foc\/","og_locale":"en_US","og_type":"article","og_title":"Tablou lemn pictat manual - The Phoenix - Foc - RedOwlCraft","og_description":"Phoenixul este unul dintre cele mai puternice \u0219i cunoscute simboluri ale regener\u0103rii, rena\u0219terii \u0219i transform\u0103rii. \u00cenr\u0103d\u0103cinat \u00een mitologie, acest simbol legendar reprezint\u0103 triumful asupra provoc\u0103rilor \u0219i abilitatea de a rena\u0219te din propria cenu\u0219\u0103. \u00cen mitologiile din \u00eentreaga lume \u2013 de la Egiptul Antic la Grecia \u0219i China \u2013 Phoenixul este asociat cu imortalitatea, puterea spiritual\u0103 \u0219i via\u021ba etern\u0103.","og_url":"https:\/\/www.redowlcraft.ro\/en\/product\/tablou-pictat-din-lemn-the-phoenix-foc\/","og_site_name":"RedOwlCraft","article_modified_time":"2026-04-07T17:11:55+00:00","og_image":[{"width":1500,"height":1500,"url":"https:\/\/www.redowlcraft.ro\/wp-content\/uploads\/2025\/02\/Phoenix-Foc-Fata.jpg","type":"image\/jpeg"}],"twitter_card":"summary_large_image","twitter_misc":{"Est. reading time":"3 minutes"},"schema":{"@context":"https:\/\/schema.org","@graph":[{"@type":"WebPage","@id":"https:\/\/www.redowlcraft.ro\/produs\/tablou-pictat-din-lemn-the-phoenix-foc\/","url":"https:\/\/www.redowlcraft.ro\/produs\/tablou-pictat-din-lemn-the-phoenix-foc\/","name":"Tablou lemn pictat manual - The Phoenix - Foc - RedOwlCraft","isPartOf":{"@id":"https:\/\/www.redowlcraft.ro\/#website"},"primaryImageOfPage":{"@id":"https:\/\/www.redowlcraft.ro\/produs\/tablou-pictat-din-lemn-the-phoenix-foc\/#primaryimage"},"image":{"@id":"https:\/\/www.redowlcraft.ro\/produs\/tablou-pictat-din-lemn-the-phoenix-foc\/#primaryimage"},"thumbnailUrl":"https:\/\/www.redowlcraft.ro\/wp-content\/uploads\/2025\/02\/Phoenix-Foc-Fata.jpg","datePublished":"2024-09-19T11:26:18+00:00","dateModified":"2026-04-07T17:11:55+00:00","breadcrumb":{"@id":"https:\/\/www.redowlcraft.ro\/produs\/tablou-pictat-din-lemn-the-phoenix-foc\/#breadcrumb"},"inLanguage":"en-US","potentialAction":[{"@type":"ReadAction","target":["https:\/\/www.redowlcraft.ro\/produs\/tablou-pictat-din-lemn-the-phoenix-foc\/"]}]},{"@type":"ImageObject","inLanguage":"en-US","@id":"https:\/\/www.redowlcraft.ro\/produs\/tablou-pictat-din-lemn-the-phoenix-foc\/#primaryimage","url":"https:\/\/www.redowlcraft.ro\/wp-content\/uploads\/2025\/02\/Phoenix-Foc-Fata.jpg","contentUrl":"https:\/\/www.redowlcraft.ro\/wp-content\/uploads\/2025\/02\/Phoenix-Foc-Fata.jpg","width":1500,"height":1500},{"@type":"BreadcrumbList","@id":"https:\/\/www.redowlcraft.ro\/produs\/tablou-pictat-din-lemn-the-phoenix-foc\/#breadcrumb","itemListElement":[{"@type":"ListItem","position":1,"name":"Prima pagin\u0103","item":"https:\/\/www.redowlcraft.ro\/"},{"@type":"ListItem","position":2,"name":"Magazin","item":"https:\/\/www.redowlcraft.ro\/magazin\/"},{"@type":"ListItem","position":3,"name":"Tablou lemn pictat manual &#8211; The Phoenix &#8211; Foc"}]},{"@type":"WebSite","@id":"https:\/\/www.redowlcraft.ro\/#website","url":"https:\/\/www.redowlcraft.ro\/","name":"RedOwlCraft","description":"See yourself in a piece of wood!","publisher":{"@id":"https:\/\/www.redowlcraft.ro\/#organization"},"potentialAction":[{"@type":"SearchAction","target":{"@type":"EntryPoint","urlTemplate":"https:\/\/www.redowlcraft.ro\/?s={search_term_string}"},"query-input":{"@type":"PropertyValueSpecification","valueRequired":true,"valueName":"search_term_string"}}],"inLanguage":"en-US"},{"@type":"Organization","@id":"https:\/\/www.redowlcraft.ro\/#organization","name":"RedOwlCraft","url":"https:\/\/www.redowlcraft.ro\/","logo":{"@type":"ImageObject","inLanguage":"en-US","@id":"https:\/\/www.redowlcraft.ro\/#\/schema\/logo\/image\/","url":"https:\/\/www.redowlcraft.ro\/wp-content\/uploads\/2024\/03\/cropped-logo-4.png","contentUrl":"https:\/\/www.redowlcraft.ro\/wp-content\/uploads\/2024\/03\/cropped-logo-4.png","width":1103,"height":250,"caption":"RedOwlCraft"},"image":{"@id":"https:\/\/www.redowlcraft.ro\/#\/schema\/logo\/image\/"}}]}},"_links":{"self":[{"href":"https:\/\/www.redowlcraft.ro\/en\/wp-json\/wp\/v2\/product\/26401","targetHints":{"allow":["GET"]}}],"collection":[{"href":"https:\/\/www.redowlcraft.ro\/en\/wp-json\/wp\/v2\/product"}],"about":[{"href":"https:\/\/www.redowlcraft.ro\/en\/wp-json\/wp\/v2\/types\/product"}],"replies":[{"embeddable":true,"href":"https:\/\/www.redowlcraft.ro\/en\/wp-json\/wp\/v2\/comments?post=26401"}],"wp:featuredmedia":[{"embeddable":true,"href":"https:\/\/www.redowlcraft.ro\/en\/wp-json\/wp\/v2\/media\/27229"}],"wp:attachment":[{"href":"https:\/\/www.redowlcraft.ro\/en\/wp-json\/wp\/v2\/media?parent=26401"}],"wp:term":[{"taxonomy":"product_brand","embeddable":true,"href":"https:\/\/www.redowlcraft.ro\/en\/wp-json\/wp\/v2\/product_brand?post=26401"},{"taxonomy":"product_cat","embeddable":true,"href":"https:\/\/www.redowlcraft.ro\/en\/wp-json\/wp\/v2\/product_cat?post=26401"},{"taxonomy":"product_tag","embeddable":true,"href":"https:\/\/www.redowlcraft.ro\/en\/wp-json\/wp\/v2\/product_tag?post=26401"}],"curies":[{"name":"wp","href":"https:\/\/api.w.org\/{rel}","templated":true}]}}