{"id":26394,"date":"2024-09-05T19:21:57","date_gmt":"2024-09-05T17:21:57","guid":{"rendered":"https:\/\/s1.ddm.live\/?post_type=product&#038;p=26394"},"modified":"2026-04-17T12:30:42","modified_gmt":"2026-04-17T10:30:42","slug":"amuleta-pandantiv-din-lemn-runa-ingwaz","status":"publish","type":"product","link":"https:\/\/www.redowlcraft.ro\/en\/product\/amuleta-pandantiv-din-lemn-runa-ingwaz\/","title":{"rendered":"Ingwaz rune wooden pendant amulet"},"content":{"rendered":"<p><strong>Ingwaz \u2013 Runa Protec\u021biei Casei \u0219i a Noi \u00cenceputuri<\/strong><\/p>\n<p>Ingwaz este runa crea\u021biei \u0219i evolu\u021biei, simboliz\u00e2nd protec\u021bia c\u0103minului \u0219i facilitarea noilor \u00eenceputuri. Folosind Ingwaz, vei experimenta mi\u0219care deplin\u0103 \u0219i abunden\u021b\u0103, ob\u021bin\u00e2nd cele mai bune rezultate \u00een via\u021ba personal\u0103 \u0219i \u00een proiectele tale profesionale. Ingwaz ofer\u0103 protec\u021bie pentru casa ta, fie c\u0103 este vorba despre locuin\u021ba fizic\u0103 sau despre c\u0103minul t\u0103u interior \u0219i sufletesc.<\/p>\n<p>Aceast\u0103 run\u0103 faciliteaz\u0103 cre\u0219terea interioar\u0103, odihna \u0219i activarea copilului t\u0103u interior, asigur\u00e2ndu-se c\u0103 totul func\u021bioneaz\u0103 \u00een favoarea ta. Este momentul ideal pentru a beneficia de energia pozitiv\u0103 a Ingwaz \u0219i pentru a avansa \u00een direc\u021biile dorite.<\/p>\n<p>Integreaz\u0103 Runa Ingwaz pentru a aduce protec\u021bie, abunden\u021b\u0103 \u0219i succes \u00een via\u021ba ta, sprijinind noile \u00eenceputuri \u0219i dezvoltarea personal\u0103.<\/p>\n<p><strong>Specifications: <\/strong><\/p>\n<p>Piesa Handmade din Lemn de Fag cu snur sintetic rezistent<br \/>\nColor: walnut, lacquered with water-based varnish<br \/>\nDimensiuni: 3 x 2.2 x 0.8cm,<br \/>\nGreutate: 5g<\/p>\n<p>Rezistente la apa; amuletele pot fi purtate impreuna cu uleiul esential preferat; pot fi folosite 1 max 2 picaturi de ulei esential la cateva zile<br \/>\nThis is a quality product handcrafted by specialized and passionate staff. It is made of living wood, so the wood may have imperfections and specific characteristics. These particular characteristics should not be considered as defects, but only as peculiarities of the wood. Any type of wood or conglomerate of wood, will suffer changes after exposure to high humidity or excessive heat especially when the object is new, be careful to avoid rain, direct exposure to direct sunlight or in any case, contact with liquids; (for the above reasons, there is no craftsmanship in wood or carpentry that offers warranty).<\/p>\n<p>THANK YOU SO MUCH FOR SUPPORTING AND LOOKING FOR INDEPENDENT ARTISTS!!!!<\/p>\n<p>Creat si produs de RedOwl Craft \u2013 Colectie 2021<\/p>","protected":false},"excerpt":{"rendered":"<p>Ingwaz este runa crea\u021biei \u0219i evolu\u021biei, simboliz\u00e2nd protec\u021bia c\u0103minului \u0219i facilitarea noilor \u00eenceputuri. Folosind Ingwaz, vei experimenta mi\u0219care deplin\u0103 \u0219i abunden\u021b\u0103, ob\u021bin\u00e2nd cele mai bune rezultate \u00een via\u021ba personal\u0103 \u0219i \u00een proiectele tale profesionale. Ingwaz ofer\u0103 protec\u021bie pentru casa ta, fie c\u0103 este vorba despre locuin\u021ba fizic\u0103 sau despre c\u0103minul t\u0103u interior \u0219i sufletesc.<\/p>","protected":false},"featured_media":26568,"comment_status":"open","ping_status":"closed","template":"","meta":{"inline_featured_image":false},"product_brand":[],"product_cat":[298,196,197],"product_tag":[257],"class_list":{"0":"post-26394","1":"product","2":"type-product","3":"status-publish","4":"has-post-thumbnail","6":"product_cat-toate-produsele","7":"product_cat-amulete-simboluri","8":"product_cat-rune","9":"product_tag-nuc","11":"first","12":"instock","13":"taxable","14":"shipping-taxable","15":"purchasable","16":"product-type-simple"},"yoast_head":"<!-- This site is optimized with the Yoast SEO plugin v26.5 - https:\/\/yoast.com\/wordpress\/plugins\/seo\/ -->\n<title>Amuleta pandantiv din lemn runa Ingwaz - RedOwlCraft<\/title>\n<meta name=\"robots\" content=\"index, follow, max-snippet:-1, max-image-preview:large, max-video-preview:-1\" \/>\n<link rel=\"canonical\" href=\"https:\/\/www.redowlcraft.ro\/en\/product\/amuleta-pandantiv-din-lemn-runa-ingwaz\/\" \/>\n<meta property=\"og:locale\" content=\"en_US\" \/>\n<meta property=\"og:type\" content=\"article\" \/>\n<meta property=\"og:title\" content=\"Amuleta pandantiv din lemn runa Ingwaz - RedOwlCraft\" \/>\n<meta property=\"og:description\" content=\"Ingwaz este runa crea\u021biei \u0219i evolu\u021biei, simboliz\u00e2nd protec\u021bia c\u0103minului \u0219i facilitarea noilor \u00eenceputuri. Folosind Ingwaz, vei experimenta mi\u0219care deplin\u0103 \u0219i abunden\u021b\u0103, ob\u021bin\u00e2nd cele mai bune rezultate \u00een via\u021ba personal\u0103 \u0219i \u00een proiectele tale profesionale. Ingwaz ofer\u0103 protec\u021bie pentru casa ta, fie c\u0103 este vorba despre locuin\u021ba fizic\u0103 sau despre c\u0103minul t\u0103u interior \u0219i sufletesc.\" \/>\n<meta property=\"og:url\" content=\"https:\/\/www.redowlcraft.ro\/en\/product\/amuleta-pandantiv-din-lemn-runa-ingwaz\/\" \/>\n<meta property=\"og:site_name\" content=\"RedOwlCraft\" \/>\n<meta property=\"article:modified_time\" content=\"2026-04-17T10:30:42+00:00\" \/>\n<meta property=\"og:image\" content=\"https:\/\/www.redowlcraft.ro\/wp-content\/uploads\/2024\/09\/Ingwaz-Fata.jpg\" \/>\n\t<meta property=\"og:image:width\" content=\"1500\" \/>\n\t<meta property=\"og:image:height\" content=\"1500\" \/>\n\t<meta property=\"og:image:type\" content=\"image\/jpeg\" \/>\n<meta name=\"twitter:card\" content=\"summary_large_image\" \/>\n<meta name=\"twitter:label1\" content=\"Est. reading time\" \/>\n\t<meta name=\"twitter:data1\" content=\"2 minutes\" \/>\n<script type=\"application\/ld+json\" class=\"yoast-schema-graph\">{\"@context\":\"https:\/\/schema.org\",\"@graph\":[{\"@type\":\"WebPage\",\"@id\":\"https:\/\/www.redowlcraft.ro\/produs\/amuleta-pandantiv-din-lemn-runa-ingwaz\/\",\"url\":\"https:\/\/www.redowlcraft.ro\/produs\/amuleta-pandantiv-din-lemn-runa-ingwaz\/\",\"name\":\"Amuleta pandantiv din lemn runa Ingwaz - RedOwlCraft\",\"isPartOf\":{\"@id\":\"https:\/\/www.redowlcraft.ro\/#website\"},\"primaryImageOfPage\":{\"@id\":\"https:\/\/www.redowlcraft.ro\/produs\/amuleta-pandantiv-din-lemn-runa-ingwaz\/#primaryimage\"},\"image\":{\"@id\":\"https:\/\/www.redowlcraft.ro\/produs\/amuleta-pandantiv-din-lemn-runa-ingwaz\/#primaryimage\"},\"thumbnailUrl\":\"https:\/\/www.redowlcraft.ro\/wp-content\/uploads\/2024\/09\/Ingwaz-Fata.jpg\",\"datePublished\":\"2024-09-05T17:21:57+00:00\",\"dateModified\":\"2026-04-17T10:30:42+00:00\",\"breadcrumb\":{\"@id\":\"https:\/\/www.redowlcraft.ro\/produs\/amuleta-pandantiv-din-lemn-runa-ingwaz\/#breadcrumb\"},\"inLanguage\":\"en-US\",\"potentialAction\":[{\"@type\":\"ReadAction\",\"target\":[\"https:\/\/www.redowlcraft.ro\/produs\/amuleta-pandantiv-din-lemn-runa-ingwaz\/\"]}]},{\"@type\":\"ImageObject\",\"inLanguage\":\"en-US\",\"@id\":\"https:\/\/www.redowlcraft.ro\/produs\/amuleta-pandantiv-din-lemn-runa-ingwaz\/#primaryimage\",\"url\":\"https:\/\/www.redowlcraft.ro\/wp-content\/uploads\/2024\/09\/Ingwaz-Fata.jpg\",\"contentUrl\":\"https:\/\/www.redowlcraft.ro\/wp-content\/uploads\/2024\/09\/Ingwaz-Fata.jpg\",\"width\":1500,\"height\":1500},{\"@type\":\"BreadcrumbList\",\"@id\":\"https:\/\/www.redowlcraft.ro\/produs\/amuleta-pandantiv-din-lemn-runa-ingwaz\/#breadcrumb\",\"itemListElement\":[{\"@type\":\"ListItem\",\"position\":1,\"name\":\"Prima pagin\u0103\",\"item\":\"https:\/\/www.redowlcraft.ro\/\"},{\"@type\":\"ListItem\",\"position\":2,\"name\":\"Magazin\",\"item\":\"https:\/\/www.redowlcraft.ro\/magazin\/\"},{\"@type\":\"ListItem\",\"position\":3,\"name\":\"Amuleta pandantiv din lemn runa Ingwaz\"}]},{\"@type\":\"WebSite\",\"@id\":\"https:\/\/www.redowlcraft.ro\/#website\",\"url\":\"https:\/\/www.redowlcraft.ro\/\",\"name\":\"RedOwlCraft\",\"description\":\"See yourself in a piece of wood!\",\"publisher\":{\"@id\":\"https:\/\/www.redowlcraft.ro\/#organization\"},\"potentialAction\":[{\"@type\":\"SearchAction\",\"target\":{\"@type\":\"EntryPoint\",\"urlTemplate\":\"https:\/\/www.redowlcraft.ro\/?s={search_term_string}\"},\"query-input\":{\"@type\":\"PropertyValueSpecification\",\"valueRequired\":true,\"valueName\":\"search_term_string\"}}],\"inLanguage\":\"en-US\"},{\"@type\":\"Organization\",\"@id\":\"https:\/\/www.redowlcraft.ro\/#organization\",\"name\":\"RedOwlCraft\",\"url\":\"https:\/\/www.redowlcraft.ro\/\",\"logo\":{\"@type\":\"ImageObject\",\"inLanguage\":\"en-US\",\"@id\":\"https:\/\/www.redowlcraft.ro\/#\/schema\/logo\/image\/\",\"url\":\"https:\/\/www.redowlcraft.ro\/wp-content\/uploads\/2024\/03\/cropped-logo-4.png\",\"contentUrl\":\"https:\/\/www.redowlcraft.ro\/wp-content\/uploads\/2024\/03\/cropped-logo-4.png\",\"width\":1103,\"height\":250,\"caption\":\"RedOwlCraft\"},\"image\":{\"@id\":\"https:\/\/www.redowlcraft.ro\/#\/schema\/logo\/image\/\"}}]}<\/script>\n<!-- \/ Yoast SEO plugin. -->","yoast_head_json":{"title":"Amuleta pandantiv din lemn runa Ingwaz - RedOwlCraft","robots":{"index":"index","follow":"follow","max-snippet":"max-snippet:-1","max-image-preview":"max-image-preview:large","max-video-preview":"max-video-preview:-1"},"canonical":"https:\/\/www.redowlcraft.ro\/en\/product\/amuleta-pandantiv-din-lemn-runa-ingwaz\/","og_locale":"en_US","og_type":"article","og_title":"Amuleta pandantiv din lemn runa Ingwaz - RedOwlCraft","og_description":"Ingwaz este runa crea\u021biei \u0219i evolu\u021biei, simboliz\u00e2nd protec\u021bia c\u0103minului \u0219i facilitarea noilor \u00eenceputuri. Folosind Ingwaz, vei experimenta mi\u0219care deplin\u0103 \u0219i abunden\u021b\u0103, ob\u021bin\u00e2nd cele mai bune rezultate \u00een via\u021ba personal\u0103 \u0219i \u00een proiectele tale profesionale. Ingwaz ofer\u0103 protec\u021bie pentru casa ta, fie c\u0103 este vorba despre locuin\u021ba fizic\u0103 sau despre c\u0103minul t\u0103u interior \u0219i sufletesc.","og_url":"https:\/\/www.redowlcraft.ro\/en\/product\/amuleta-pandantiv-din-lemn-runa-ingwaz\/","og_site_name":"RedOwlCraft","article_modified_time":"2026-04-17T10:30:42+00:00","og_image":[{"width":1500,"height":1500,"url":"https:\/\/www.redowlcraft.ro\/wp-content\/uploads\/2024\/09\/Ingwaz-Fata.jpg","type":"image\/jpeg"}],"twitter_card":"summary_large_image","twitter_misc":{"Est. reading time":"2 minutes"},"schema":{"@context":"https:\/\/schema.org","@graph":[{"@type":"WebPage","@id":"https:\/\/www.redowlcraft.ro\/produs\/amuleta-pandantiv-din-lemn-runa-ingwaz\/","url":"https:\/\/www.redowlcraft.ro\/produs\/amuleta-pandantiv-din-lemn-runa-ingwaz\/","name":"Amuleta pandantiv din lemn runa Ingwaz - RedOwlCraft","isPartOf":{"@id":"https:\/\/www.redowlcraft.ro\/#website"},"primaryImageOfPage":{"@id":"https:\/\/www.redowlcraft.ro\/produs\/amuleta-pandantiv-din-lemn-runa-ingwaz\/#primaryimage"},"image":{"@id":"https:\/\/www.redowlcraft.ro\/produs\/amuleta-pandantiv-din-lemn-runa-ingwaz\/#primaryimage"},"thumbnailUrl":"https:\/\/www.redowlcraft.ro\/wp-content\/uploads\/2024\/09\/Ingwaz-Fata.jpg","datePublished":"2024-09-05T17:21:57+00:00","dateModified":"2026-04-17T10:30:42+00:00","breadcrumb":{"@id":"https:\/\/www.redowlcraft.ro\/produs\/amuleta-pandantiv-din-lemn-runa-ingwaz\/#breadcrumb"},"inLanguage":"en-US","potentialAction":[{"@type":"ReadAction","target":["https:\/\/www.redowlcraft.ro\/produs\/amuleta-pandantiv-din-lemn-runa-ingwaz\/"]}]},{"@type":"ImageObject","inLanguage":"en-US","@id":"https:\/\/www.redowlcraft.ro\/produs\/amuleta-pandantiv-din-lemn-runa-ingwaz\/#primaryimage","url":"https:\/\/www.redowlcraft.ro\/wp-content\/uploads\/2024\/09\/Ingwaz-Fata.jpg","contentUrl":"https:\/\/www.redowlcraft.ro\/wp-content\/uploads\/2024\/09\/Ingwaz-Fata.jpg","width":1500,"height":1500},{"@type":"BreadcrumbList","@id":"https:\/\/www.redowlcraft.ro\/produs\/amuleta-pandantiv-din-lemn-runa-ingwaz\/#breadcrumb","itemListElement":[{"@type":"ListItem","position":1,"name":"Prima pagin\u0103","item":"https:\/\/www.redowlcraft.ro\/"},{"@type":"ListItem","position":2,"name":"Magazin","item":"https:\/\/www.redowlcraft.ro\/magazin\/"},{"@type":"ListItem","position":3,"name":"Amuleta pandantiv din lemn runa Ingwaz"}]},{"@type":"WebSite","@id":"https:\/\/www.redowlcraft.ro\/#website","url":"https:\/\/www.redowlcraft.ro\/","name":"RedOwlCraft","description":"See yourself in a piece of wood!","publisher":{"@id":"https:\/\/www.redowlcraft.ro\/#organization"},"potentialAction":[{"@type":"SearchAction","target":{"@type":"EntryPoint","urlTemplate":"https:\/\/www.redowlcraft.ro\/?s={search_term_string}"},"query-input":{"@type":"PropertyValueSpecification","valueRequired":true,"valueName":"search_term_string"}}],"inLanguage":"en-US"},{"@type":"Organization","@id":"https:\/\/www.redowlcraft.ro\/#organization","name":"RedOwlCraft","url":"https:\/\/www.redowlcraft.ro\/","logo":{"@type":"ImageObject","inLanguage":"en-US","@id":"https:\/\/www.redowlcraft.ro\/#\/schema\/logo\/image\/","url":"https:\/\/www.redowlcraft.ro\/wp-content\/uploads\/2024\/03\/cropped-logo-4.png","contentUrl":"https:\/\/www.redowlcraft.ro\/wp-content\/uploads\/2024\/03\/cropped-logo-4.png","width":1103,"height":250,"caption":"RedOwlCraft"},"image":{"@id":"https:\/\/www.redowlcraft.ro\/#\/schema\/logo\/image\/"}}]}},"_links":{"self":[{"href":"https:\/\/www.redowlcraft.ro\/en\/wp-json\/wp\/v2\/product\/26394","targetHints":{"allow":["GET"]}}],"collection":[{"href":"https:\/\/www.redowlcraft.ro\/en\/wp-json\/wp\/v2\/product"}],"about":[{"href":"https:\/\/www.redowlcraft.ro\/en\/wp-json\/wp\/v2\/types\/product"}],"replies":[{"embeddable":true,"href":"https:\/\/www.redowlcraft.ro\/en\/wp-json\/wp\/v2\/comments?post=26394"}],"wp:featuredmedia":[{"embeddable":true,"href":"https:\/\/www.redowlcraft.ro\/en\/wp-json\/wp\/v2\/media\/26568"}],"wp:attachment":[{"href":"https:\/\/www.redowlcraft.ro\/en\/wp-json\/wp\/v2\/media?parent=26394"}],"wp:term":[{"taxonomy":"product_brand","embeddable":true,"href":"https:\/\/www.redowlcraft.ro\/en\/wp-json\/wp\/v2\/product_brand?post=26394"},{"taxonomy":"product_cat","embeddable":true,"href":"https:\/\/www.redowlcraft.ro\/en\/wp-json\/wp\/v2\/product_cat?post=26394"},{"taxonomy":"product_tag","embeddable":true,"href":"https:\/\/www.redowlcraft.ro\/en\/wp-json\/wp\/v2\/product_tag?post=26394"}],"curies":[{"name":"wp","href":"https:\/\/api.w.org\/{rel}","templated":true}]}}