{"id":26378,"date":"2024-09-05T15:04:15","date_gmt":"2024-09-05T13:04:15","guid":{"rendered":"https:\/\/s1.ddm.live\/?post_type=product&#038;p=26378"},"modified":"2026-04-17T17:14:45","modified_gmt":"2026-04-17T15:14:45","slug":"amuleta-pandantiv-din-lemn-runa-hagalaz","status":"publish","type":"product","link":"https:\/\/www.redowlcraft.ro\/en\/product\/amuleta-pandantiv-din-lemn-runa-hagalaz\/","title":{"rendered":"Runa Hagalaz wooden pendant amulet"},"content":{"rendered":"<p><strong>Hagalaz \u2013 Runa Transform\u0103rii, Libert\u0103\u021bii \u0219i Cheia Vie\u021bii<\/strong><\/p>\n<p>Hagalaz este runa rena\u0219terii, a transform\u0103rii \u0219i a eliber\u0103rii.<\/p>\n<p>Ea simbolizeaza controlul \u00een cadrul unui progres evolutiv. Folosind-o po\u021bi accesa puterea de a dep\u0103\u0219i momente de criz\u0103 profund\u0103. Astfel poti transforma schimb\u0103rile majore din via\u021ba ta \u00een oportunit\u0103\u021bi de cre\u0219tere. Hagalaz manifest\u0103 subcon\u0219tientul, ghid\u00e2ndu-te prin treziri spirituale \u0219i transform\u0103ri necesare pentru evolu\u021bia personal\u0103.<\/p>\n<p>Aceasta este runa schimb\u0103rii \u0219i a libert\u0103\u021bii, oferindu-\u021bi cheia vie\u021bii pentru a dep\u0103\u0219i blocajele \u0219i a g\u0103si for\u021ba de a \u00eembr\u0103\u021bi\u0219a noile \u00eenceputuri.<\/p>\n<p>Integreaz\u0103 Runa Hagalaz \u00een via\u021ba ta pentru a declan\u0219a procesul de rena\u0219tere, a controla evolu\u021bia personal\u0103 \u0219i a ob\u021bine libertatea adev\u0103rat\u0103 prin transformare profund\u0103.<\/p>\n<p><strong>Specifications: <\/strong><\/p>\n<p>Piesa Handmade din Lemn de Fag cu snur sintetic rezistent<br \/>\nColor: walnut, lacquered with water-based varnish<br \/>\nDimensiuni: 3 x 2.2 x 0.8cm,<br \/>\nGreutate: 5g<\/p>\n<p>Rezistente la apa; amuletele pot fi purtate impreuna cu uleiul esential preferat; pot fi folosite 1 max 2 picaturi de ulei esential la cateva zile<br \/>\nThis is a quality product handcrafted by specialized and passionate staff. It is made of living wood, so the wood may have imperfections and specific characteristics. These particular characteristics should not be considered as defects, but only as peculiarities of the wood. Any type of wood or conglomerate of wood, will suffer changes after exposure to high humidity or excessive heat especially when the object is new, be careful to avoid rain, direct exposure to direct sunlight or in any case, contact with liquids; (for the above reasons, there is no craftsmanship in wood or carpentry that offers warranty).<\/p>\n<p>THANK YOU SO MUCH FOR SUPPORTING AND LOOKING FOR INDEPENDENT ARTISTS!!!!<\/p>\n<p>Creat si produs de RedOwl Craft \u2013 Colectie 2021<\/p>","protected":false},"excerpt":{"rendered":"<p>Hagalaz este runa rena\u0219terii, a transform\u0103rii \u0219i a eliber\u0103rii. Ea simbolizeaza controlul \u00een cadrul unui progres evolutiv. Folosind-o po\u021bi accesa puterea de a dep\u0103\u0219i momente de criz\u0103 profund\u0103. Astfel poti transforma schimb\u0103rile majore din via\u021ba ta \u00een oportunit\u0103\u021bi de cre\u0219tere. Hagalaz manifest\u0103 subcon\u0219tientul, ghid\u00e2ndu-te prin treziri spirituale \u0219i transform\u0103ri necesare pentru evolu\u021bia personal\u0103.<\/p>","protected":false},"featured_media":26556,"comment_status":"open","ping_status":"closed","template":"","meta":{"inline_featured_image":false},"product_brand":[],"product_cat":[298,196,197],"product_tag":[257],"class_list":{"0":"post-26378","1":"product","2":"type-product","3":"status-publish","4":"has-post-thumbnail","6":"product_cat-toate-produsele","7":"product_cat-amulete-simboluri","8":"product_cat-rune","9":"product_tag-nuc","11":"first","12":"instock","13":"sale","14":"taxable","15":"shipping-taxable","16":"purchasable","17":"product-type-simple"},"yoast_head":"<!-- This site is optimized with the Yoast SEO plugin v26.5 - https:\/\/yoast.com\/wordpress\/plugins\/seo\/ -->\n<title>Amuleta pandantiv din lemn runa Hagalaz - RedOwlCraft<\/title>\n<meta name=\"robots\" content=\"index, follow, max-snippet:-1, max-image-preview:large, max-video-preview:-1\" \/>\n<link rel=\"canonical\" href=\"https:\/\/www.redowlcraft.ro\/en\/product\/amuleta-pandantiv-din-lemn-runa-hagalaz\/\" \/>\n<meta property=\"og:locale\" content=\"en_US\" \/>\n<meta property=\"og:type\" content=\"article\" \/>\n<meta property=\"og:title\" content=\"Amuleta pandantiv din lemn runa Hagalaz - RedOwlCraft\" \/>\n<meta property=\"og:description\" content=\"Hagalaz este runa rena\u0219terii, a transform\u0103rii \u0219i a eliber\u0103rii. Ea simbolizeaza controlul \u00een cadrul unui progres evolutiv. Folosind-o po\u021bi accesa puterea de a dep\u0103\u0219i momente de criz\u0103 profund\u0103. Astfel poti transforma schimb\u0103rile majore din via\u021ba ta \u00een oportunit\u0103\u021bi de cre\u0219tere. Hagalaz manifest\u0103 subcon\u0219tientul, ghid\u00e2ndu-te prin treziri spirituale \u0219i transform\u0103ri necesare pentru evolu\u021bia personal\u0103.\" \/>\n<meta property=\"og:url\" content=\"https:\/\/www.redowlcraft.ro\/en\/product\/amuleta-pandantiv-din-lemn-runa-hagalaz\/\" \/>\n<meta property=\"og:site_name\" content=\"RedOwlCraft\" \/>\n<meta property=\"article:modified_time\" content=\"2026-04-17T15:14:45+00:00\" \/>\n<meta property=\"og:image\" content=\"https:\/\/www.redowlcraft.ro\/wp-content\/uploads\/2024\/09\/Hagalaz-Fata.jpg\" \/>\n\t<meta property=\"og:image:width\" content=\"1500\" \/>\n\t<meta property=\"og:image:height\" content=\"1500\" \/>\n\t<meta property=\"og:image:type\" content=\"image\/jpeg\" \/>\n<meta name=\"twitter:card\" content=\"summary_large_image\" \/>\n<meta name=\"twitter:label1\" content=\"Est. reading time\" \/>\n\t<meta name=\"twitter:data1\" content=\"2 minutes\" \/>\n<script type=\"application\/ld+json\" class=\"yoast-schema-graph\">{\"@context\":\"https:\/\/schema.org\",\"@graph\":[{\"@type\":\"WebPage\",\"@id\":\"https:\/\/www.redowlcraft.ro\/produs\/amuleta-pandantiv-din-lemn-runa-hagalaz\/\",\"url\":\"https:\/\/www.redowlcraft.ro\/produs\/amuleta-pandantiv-din-lemn-runa-hagalaz\/\",\"name\":\"Amuleta pandantiv din lemn runa Hagalaz - RedOwlCraft\",\"isPartOf\":{\"@id\":\"https:\/\/www.redowlcraft.ro\/#website\"},\"primaryImageOfPage\":{\"@id\":\"https:\/\/www.redowlcraft.ro\/produs\/amuleta-pandantiv-din-lemn-runa-hagalaz\/#primaryimage\"},\"image\":{\"@id\":\"https:\/\/www.redowlcraft.ro\/produs\/amuleta-pandantiv-din-lemn-runa-hagalaz\/#primaryimage\"},\"thumbnailUrl\":\"https:\/\/www.redowlcraft.ro\/wp-content\/uploads\/2024\/09\/Hagalaz-Fata.jpg\",\"datePublished\":\"2024-09-05T13:04:15+00:00\",\"dateModified\":\"2026-04-17T15:14:45+00:00\",\"breadcrumb\":{\"@id\":\"https:\/\/www.redowlcraft.ro\/produs\/amuleta-pandantiv-din-lemn-runa-hagalaz\/#breadcrumb\"},\"inLanguage\":\"en-US\",\"potentialAction\":[{\"@type\":\"ReadAction\",\"target\":[\"https:\/\/www.redowlcraft.ro\/produs\/amuleta-pandantiv-din-lemn-runa-hagalaz\/\"]}]},{\"@type\":\"ImageObject\",\"inLanguage\":\"en-US\",\"@id\":\"https:\/\/www.redowlcraft.ro\/produs\/amuleta-pandantiv-din-lemn-runa-hagalaz\/#primaryimage\",\"url\":\"https:\/\/www.redowlcraft.ro\/wp-content\/uploads\/2024\/09\/Hagalaz-Fata.jpg\",\"contentUrl\":\"https:\/\/www.redowlcraft.ro\/wp-content\/uploads\/2024\/09\/Hagalaz-Fata.jpg\",\"width\":1500,\"height\":1500},{\"@type\":\"BreadcrumbList\",\"@id\":\"https:\/\/www.redowlcraft.ro\/produs\/amuleta-pandantiv-din-lemn-runa-hagalaz\/#breadcrumb\",\"itemListElement\":[{\"@type\":\"ListItem\",\"position\":1,\"name\":\"Prima pagin\u0103\",\"item\":\"https:\/\/www.redowlcraft.ro\/\"},{\"@type\":\"ListItem\",\"position\":2,\"name\":\"Magazin\",\"item\":\"https:\/\/www.redowlcraft.ro\/magazin\/\"},{\"@type\":\"ListItem\",\"position\":3,\"name\":\"Amuleta pandantiv din lemn runa Hagalaz\"}]},{\"@type\":\"WebSite\",\"@id\":\"https:\/\/www.redowlcraft.ro\/#website\",\"url\":\"https:\/\/www.redowlcraft.ro\/\",\"name\":\"RedOwlCraft\",\"description\":\"See yourself in a piece of wood!\",\"publisher\":{\"@id\":\"https:\/\/www.redowlcraft.ro\/#organization\"},\"potentialAction\":[{\"@type\":\"SearchAction\",\"target\":{\"@type\":\"EntryPoint\",\"urlTemplate\":\"https:\/\/www.redowlcraft.ro\/?s={search_term_string}\"},\"query-input\":{\"@type\":\"PropertyValueSpecification\",\"valueRequired\":true,\"valueName\":\"search_term_string\"}}],\"inLanguage\":\"en-US\"},{\"@type\":\"Organization\",\"@id\":\"https:\/\/www.redowlcraft.ro\/#organization\",\"name\":\"RedOwlCraft\",\"url\":\"https:\/\/www.redowlcraft.ro\/\",\"logo\":{\"@type\":\"ImageObject\",\"inLanguage\":\"en-US\",\"@id\":\"https:\/\/www.redowlcraft.ro\/#\/schema\/logo\/image\/\",\"url\":\"https:\/\/www.redowlcraft.ro\/wp-content\/uploads\/2024\/03\/cropped-logo-4.png\",\"contentUrl\":\"https:\/\/www.redowlcraft.ro\/wp-content\/uploads\/2024\/03\/cropped-logo-4.png\",\"width\":1103,\"height\":250,\"caption\":\"RedOwlCraft\"},\"image\":{\"@id\":\"https:\/\/www.redowlcraft.ro\/#\/schema\/logo\/image\/\"}}]}<\/script>\n<!-- \/ Yoast SEO plugin. -->","yoast_head_json":{"title":"Amuleta pandantiv din lemn runa Hagalaz - RedOwlCraft","robots":{"index":"index","follow":"follow","max-snippet":"max-snippet:-1","max-image-preview":"max-image-preview:large","max-video-preview":"max-video-preview:-1"},"canonical":"https:\/\/www.redowlcraft.ro\/en\/product\/amuleta-pandantiv-din-lemn-runa-hagalaz\/","og_locale":"en_US","og_type":"article","og_title":"Amuleta pandantiv din lemn runa Hagalaz - RedOwlCraft","og_description":"Hagalaz este runa rena\u0219terii, a transform\u0103rii \u0219i a eliber\u0103rii. Ea simbolizeaza controlul \u00een cadrul unui progres evolutiv. Folosind-o po\u021bi accesa puterea de a dep\u0103\u0219i momente de criz\u0103 profund\u0103. Astfel poti transforma schimb\u0103rile majore din via\u021ba ta \u00een oportunit\u0103\u021bi de cre\u0219tere. Hagalaz manifest\u0103 subcon\u0219tientul, ghid\u00e2ndu-te prin treziri spirituale \u0219i transform\u0103ri necesare pentru evolu\u021bia personal\u0103.","og_url":"https:\/\/www.redowlcraft.ro\/en\/product\/amuleta-pandantiv-din-lemn-runa-hagalaz\/","og_site_name":"RedOwlCraft","article_modified_time":"2026-04-17T15:14:45+00:00","og_image":[{"width":1500,"height":1500,"url":"https:\/\/www.redowlcraft.ro\/wp-content\/uploads\/2024\/09\/Hagalaz-Fata.jpg","type":"image\/jpeg"}],"twitter_card":"summary_large_image","twitter_misc":{"Est. reading time":"2 minutes"},"schema":{"@context":"https:\/\/schema.org","@graph":[{"@type":"WebPage","@id":"https:\/\/www.redowlcraft.ro\/produs\/amuleta-pandantiv-din-lemn-runa-hagalaz\/","url":"https:\/\/www.redowlcraft.ro\/produs\/amuleta-pandantiv-din-lemn-runa-hagalaz\/","name":"Amuleta pandantiv din lemn runa Hagalaz - RedOwlCraft","isPartOf":{"@id":"https:\/\/www.redowlcraft.ro\/#website"},"primaryImageOfPage":{"@id":"https:\/\/www.redowlcraft.ro\/produs\/amuleta-pandantiv-din-lemn-runa-hagalaz\/#primaryimage"},"image":{"@id":"https:\/\/www.redowlcraft.ro\/produs\/amuleta-pandantiv-din-lemn-runa-hagalaz\/#primaryimage"},"thumbnailUrl":"https:\/\/www.redowlcraft.ro\/wp-content\/uploads\/2024\/09\/Hagalaz-Fata.jpg","datePublished":"2024-09-05T13:04:15+00:00","dateModified":"2026-04-17T15:14:45+00:00","breadcrumb":{"@id":"https:\/\/www.redowlcraft.ro\/produs\/amuleta-pandantiv-din-lemn-runa-hagalaz\/#breadcrumb"},"inLanguage":"en-US","potentialAction":[{"@type":"ReadAction","target":["https:\/\/www.redowlcraft.ro\/produs\/amuleta-pandantiv-din-lemn-runa-hagalaz\/"]}]},{"@type":"ImageObject","inLanguage":"en-US","@id":"https:\/\/www.redowlcraft.ro\/produs\/amuleta-pandantiv-din-lemn-runa-hagalaz\/#primaryimage","url":"https:\/\/www.redowlcraft.ro\/wp-content\/uploads\/2024\/09\/Hagalaz-Fata.jpg","contentUrl":"https:\/\/www.redowlcraft.ro\/wp-content\/uploads\/2024\/09\/Hagalaz-Fata.jpg","width":1500,"height":1500},{"@type":"BreadcrumbList","@id":"https:\/\/www.redowlcraft.ro\/produs\/amuleta-pandantiv-din-lemn-runa-hagalaz\/#breadcrumb","itemListElement":[{"@type":"ListItem","position":1,"name":"Prima pagin\u0103","item":"https:\/\/www.redowlcraft.ro\/"},{"@type":"ListItem","position":2,"name":"Magazin","item":"https:\/\/www.redowlcraft.ro\/magazin\/"},{"@type":"ListItem","position":3,"name":"Amuleta pandantiv din lemn runa Hagalaz"}]},{"@type":"WebSite","@id":"https:\/\/www.redowlcraft.ro\/#website","url":"https:\/\/www.redowlcraft.ro\/","name":"RedOwlCraft","description":"See yourself in a piece of wood!","publisher":{"@id":"https:\/\/www.redowlcraft.ro\/#organization"},"potentialAction":[{"@type":"SearchAction","target":{"@type":"EntryPoint","urlTemplate":"https:\/\/www.redowlcraft.ro\/?s={search_term_string}"},"query-input":{"@type":"PropertyValueSpecification","valueRequired":true,"valueName":"search_term_string"}}],"inLanguage":"en-US"},{"@type":"Organization","@id":"https:\/\/www.redowlcraft.ro\/#organization","name":"RedOwlCraft","url":"https:\/\/www.redowlcraft.ro\/","logo":{"@type":"ImageObject","inLanguage":"en-US","@id":"https:\/\/www.redowlcraft.ro\/#\/schema\/logo\/image\/","url":"https:\/\/www.redowlcraft.ro\/wp-content\/uploads\/2024\/03\/cropped-logo-4.png","contentUrl":"https:\/\/www.redowlcraft.ro\/wp-content\/uploads\/2024\/03\/cropped-logo-4.png","width":1103,"height":250,"caption":"RedOwlCraft"},"image":{"@id":"https:\/\/www.redowlcraft.ro\/#\/schema\/logo\/image\/"}}]}},"_links":{"self":[{"href":"https:\/\/www.redowlcraft.ro\/en\/wp-json\/wp\/v2\/product\/26378","targetHints":{"allow":["GET"]}}],"collection":[{"href":"https:\/\/www.redowlcraft.ro\/en\/wp-json\/wp\/v2\/product"}],"about":[{"href":"https:\/\/www.redowlcraft.ro\/en\/wp-json\/wp\/v2\/types\/product"}],"replies":[{"embeddable":true,"href":"https:\/\/www.redowlcraft.ro\/en\/wp-json\/wp\/v2\/comments?post=26378"}],"wp:featuredmedia":[{"embeddable":true,"href":"https:\/\/www.redowlcraft.ro\/en\/wp-json\/wp\/v2\/media\/26556"}],"wp:attachment":[{"href":"https:\/\/www.redowlcraft.ro\/en\/wp-json\/wp\/v2\/media?parent=26378"}],"wp:term":[{"taxonomy":"product_brand","embeddable":true,"href":"https:\/\/www.redowlcraft.ro\/en\/wp-json\/wp\/v2\/product_brand?post=26378"},{"taxonomy":"product_cat","embeddable":true,"href":"https:\/\/www.redowlcraft.ro\/en\/wp-json\/wp\/v2\/product_cat?post=26378"},{"taxonomy":"product_tag","embeddable":true,"href":"https:\/\/www.redowlcraft.ro\/en\/wp-json\/wp\/v2\/product_tag?post=26378"}],"curies":[{"name":"wp","href":"https:\/\/api.w.org\/{rel}","templated":true}]}}