{"id":26373,"date":"2024-09-03T18:09:35","date_gmt":"2024-09-03T16:09:35","guid":{"rendered":"https:\/\/s1.ddm.live\/?post_type=product&#038;p=26373"},"modified":"2026-04-17T12:30:48","modified_gmt":"2026-04-17T10:30:48","slug":"amuleta-pandantiv-din-lemn-runa-kenaz","status":"publish","type":"product","link":"https:\/\/www.redowlcraft.ro\/en\/product\/amuleta-pandantiv-din-lemn-runa-kenaz\/","title":{"rendered":"Amuleta Pandantiv din lemn runa Kenaz"},"content":{"rendered":"<p><strong>Kenaz \u2013 Runa Focului, Cunoa\u0219terii \u0219i Transform\u0103rii Interioare<\/strong><\/p>\n<p>Kenaz este runa care simbolizeaz\u0103 focul interior, sexualitatea, cunoa\u0219terea \u0219i adev\u0103rul. Folosind Kenaz, vei avea acces la informa\u021bii esen\u021biale \u0219i vei dob\u00e2ndi claritate \u00een g\u00e2ndire, permi\u021b\u00e2ndu-\u021bi s\u0103 \u00ee\u021bi eliberezi creativitatea \u0219i s\u0103 \u00ee\u021bi dezvol\u021bi aptitudinile. Aceast\u0103 run\u0103 este at\u00e2t profesorul, c\u00e2t \u0219i cursantul, ghid\u00e2ndu-te \u00een procesul de \u00eenv\u0103\u021bare \u0219i transformare personal\u0103.<\/p>\n<p>Kenaz reprezint\u0103 lumina interioar\u0103 care te conduce \u00een c\u0103utarea adev\u0103rului \u0219i \u00een explorarea celor mai profunde aspecte ale fiin\u021bei tale. Este runa care te ajut\u0103 s\u0103 descoperi noi perspective \u0219i s\u0103 \u00ee\u021bi aprinzi focul pasiunii \u0219i al cunoa\u0219terii.<\/p>\n<p>Integreaz\u0103 Runa Kenaz \u00een via\u021ba ta pentru a accesa cunoa\u0219terea profund\u0103, a stimula creativitatea \u0219i a g\u0103si adev\u0103rul interior care te va ghida pe calea transform\u0103rii \u0219i evolu\u021biei personale.<\/p>\n<p><strong>Specifications: <\/strong><\/p>\n<p>Piesa Handmade din Lemn de Fag cu snur sintetic rezistent<br \/>\nColor: walnut, lacquered with water-based varnish<br \/>\nDimensiuni: 3 x 2.2 x 0.8cm,<br \/>\nGreutate: 5g<\/p>\n<p>Rezistente la apa; amuletele pot fi purtate impreuna cu uleiul esential preferat; pot fi folosite 1 max 2 picaturi de ulei esential la cateva zile<br \/>\nThis is a quality product handcrafted by specialized and passionate staff. It is made of living wood, so the wood may have imperfections and specific characteristics. These particular characteristics should not be considered as defects, but only as peculiarities of the wood. Any type of wood or conglomerate of wood, will suffer changes after exposure to high humidity or excessive heat especially when the object is new, be careful to avoid rain, direct exposure to direct sunlight or in any case, contact with liquids; (for the above reasons, there is no craftsmanship in wood or carpentry that offers warranty).<\/p>\n<p>THANK YOU SO MUCH FOR SUPPORTING AND LOOKING FOR INDEPENDENT ARTISTS!!!!<\/p>\n<p>Creat si produs de RedOwl Craft \u2013 Colectie 2021<\/p>","protected":false},"excerpt":{"rendered":"<p>Kenaz este runa care simbolizeaz\u0103 focul interior, sexualitatea, cunoa\u0219terea \u0219i adev\u0103rul. Folosind Kenaz, vei avea acces la informa\u021bii esen\u021biale \u0219i vei dob\u00e2ndi claritate \u00een g\u00e2ndire, permi\u021b\u00e2ndu-\u021bi s\u0103 \u00ee\u021bi eliberezi creativitatea \u0219i s\u0103 \u00ee\u021bi dezvol\u021bi aptitudinile. Aceast\u0103 run\u0103 este at\u00e2t profesorul, c\u00e2t \u0219i cursantul, ghid\u00e2ndu-te \u00een procesul de \u00eenv\u0103\u021bare \u0219i transformare personal\u0103.<\/p>","protected":false},"featured_media":26586,"comment_status":"open","ping_status":"closed","template":"","meta":{"inline_featured_image":false},"product_brand":[],"product_cat":[298,196,197],"product_tag":[257],"class_list":{"0":"post-26373","1":"product","2":"type-product","3":"status-publish","4":"has-post-thumbnail","6":"product_cat-toate-produsele","7":"product_cat-amulete-simboluri","8":"product_cat-rune","9":"product_tag-nuc","11":"first","12":"instock","13":"taxable","14":"shipping-taxable","15":"purchasable","16":"product-type-simple"},"yoast_head":"<!-- This site is optimized with the Yoast SEO plugin v26.5 - https:\/\/yoast.com\/wordpress\/plugins\/seo\/ -->\n<title>Amuleta Pandantiv din lemn runa Kenaz - RedOwlCraft<\/title>\n<meta name=\"robots\" content=\"index, follow, max-snippet:-1, max-image-preview:large, max-video-preview:-1\" \/>\n<link rel=\"canonical\" href=\"https:\/\/www.redowlcraft.ro\/en\/product\/amuleta-pandantiv-din-lemn-runa-kenaz\/\" \/>\n<meta property=\"og:locale\" content=\"en_US\" \/>\n<meta property=\"og:type\" content=\"article\" \/>\n<meta property=\"og:title\" content=\"Amuleta Pandantiv din lemn runa Kenaz - RedOwlCraft\" \/>\n<meta property=\"og:description\" content=\"Kenaz este runa care simbolizeaz\u0103 focul interior, sexualitatea, cunoa\u0219terea \u0219i adev\u0103rul. Folosind Kenaz, vei avea acces la informa\u021bii esen\u021biale \u0219i vei dob\u00e2ndi claritate \u00een g\u00e2ndire, permi\u021b\u00e2ndu-\u021bi s\u0103 \u00ee\u021bi eliberezi creativitatea \u0219i s\u0103 \u00ee\u021bi dezvol\u021bi aptitudinile. Aceast\u0103 run\u0103 este at\u00e2t profesorul, c\u00e2t \u0219i cursantul, ghid\u00e2ndu-te \u00een procesul de \u00eenv\u0103\u021bare \u0219i transformare personal\u0103.\" \/>\n<meta property=\"og:url\" content=\"https:\/\/www.redowlcraft.ro\/en\/product\/amuleta-pandantiv-din-lemn-runa-kenaz\/\" \/>\n<meta property=\"og:site_name\" content=\"RedOwlCraft\" \/>\n<meta property=\"article:modified_time\" content=\"2026-04-17T10:30:48+00:00\" \/>\n<meta property=\"og:image\" content=\"https:\/\/www.redowlcraft.ro\/wp-content\/uploads\/2024\/09\/Kenaz-Fata.jpg\" \/>\n\t<meta property=\"og:image:width\" content=\"1500\" \/>\n\t<meta property=\"og:image:height\" content=\"1500\" \/>\n\t<meta property=\"og:image:type\" content=\"image\/jpeg\" \/>\n<meta name=\"twitter:card\" content=\"summary_large_image\" \/>\n<meta name=\"twitter:label1\" content=\"Est. reading time\" \/>\n\t<meta name=\"twitter:data1\" content=\"2 minutes\" \/>\n<script type=\"application\/ld+json\" class=\"yoast-schema-graph\">{\"@context\":\"https:\/\/schema.org\",\"@graph\":[{\"@type\":\"WebPage\",\"@id\":\"https:\/\/www.redowlcraft.ro\/produs\/amuleta-pandantiv-din-lemn-runa-kenaz\/\",\"url\":\"https:\/\/www.redowlcraft.ro\/produs\/amuleta-pandantiv-din-lemn-runa-kenaz\/\",\"name\":\"Amuleta Pandantiv din lemn runa Kenaz - RedOwlCraft\",\"isPartOf\":{\"@id\":\"https:\/\/www.redowlcraft.ro\/#website\"},\"primaryImageOfPage\":{\"@id\":\"https:\/\/www.redowlcraft.ro\/produs\/amuleta-pandantiv-din-lemn-runa-kenaz\/#primaryimage\"},\"image\":{\"@id\":\"https:\/\/www.redowlcraft.ro\/produs\/amuleta-pandantiv-din-lemn-runa-kenaz\/#primaryimage\"},\"thumbnailUrl\":\"https:\/\/www.redowlcraft.ro\/wp-content\/uploads\/2024\/09\/Kenaz-Fata.jpg\",\"datePublished\":\"2024-09-03T16:09:35+00:00\",\"dateModified\":\"2026-04-17T10:30:48+00:00\",\"breadcrumb\":{\"@id\":\"https:\/\/www.redowlcraft.ro\/produs\/amuleta-pandantiv-din-lemn-runa-kenaz\/#breadcrumb\"},\"inLanguage\":\"en-US\",\"potentialAction\":[{\"@type\":\"ReadAction\",\"target\":[\"https:\/\/www.redowlcraft.ro\/produs\/amuleta-pandantiv-din-lemn-runa-kenaz\/\"]}]},{\"@type\":\"ImageObject\",\"inLanguage\":\"en-US\",\"@id\":\"https:\/\/www.redowlcraft.ro\/produs\/amuleta-pandantiv-din-lemn-runa-kenaz\/#primaryimage\",\"url\":\"https:\/\/www.redowlcraft.ro\/wp-content\/uploads\/2024\/09\/Kenaz-Fata.jpg\",\"contentUrl\":\"https:\/\/www.redowlcraft.ro\/wp-content\/uploads\/2024\/09\/Kenaz-Fata.jpg\",\"width\":1500,\"height\":1500},{\"@type\":\"BreadcrumbList\",\"@id\":\"https:\/\/www.redowlcraft.ro\/produs\/amuleta-pandantiv-din-lemn-runa-kenaz\/#breadcrumb\",\"itemListElement\":[{\"@type\":\"ListItem\",\"position\":1,\"name\":\"Prima pagin\u0103\",\"item\":\"https:\/\/www.redowlcraft.ro\/\"},{\"@type\":\"ListItem\",\"position\":2,\"name\":\"Magazin\",\"item\":\"https:\/\/www.redowlcraft.ro\/magazin\/\"},{\"@type\":\"ListItem\",\"position\":3,\"name\":\"Amuleta Pandantiv din lemn runa Kenaz\"}]},{\"@type\":\"WebSite\",\"@id\":\"https:\/\/www.redowlcraft.ro\/#website\",\"url\":\"https:\/\/www.redowlcraft.ro\/\",\"name\":\"RedOwlCraft\",\"description\":\"See yourself in a piece of wood!\",\"publisher\":{\"@id\":\"https:\/\/www.redowlcraft.ro\/#organization\"},\"potentialAction\":[{\"@type\":\"SearchAction\",\"target\":{\"@type\":\"EntryPoint\",\"urlTemplate\":\"https:\/\/www.redowlcraft.ro\/?s={search_term_string}\"},\"query-input\":{\"@type\":\"PropertyValueSpecification\",\"valueRequired\":true,\"valueName\":\"search_term_string\"}}],\"inLanguage\":\"en-US\"},{\"@type\":\"Organization\",\"@id\":\"https:\/\/www.redowlcraft.ro\/#organization\",\"name\":\"RedOwlCraft\",\"url\":\"https:\/\/www.redowlcraft.ro\/\",\"logo\":{\"@type\":\"ImageObject\",\"inLanguage\":\"en-US\",\"@id\":\"https:\/\/www.redowlcraft.ro\/#\/schema\/logo\/image\/\",\"url\":\"https:\/\/www.redowlcraft.ro\/wp-content\/uploads\/2024\/03\/cropped-logo-4.png\",\"contentUrl\":\"https:\/\/www.redowlcraft.ro\/wp-content\/uploads\/2024\/03\/cropped-logo-4.png\",\"width\":1103,\"height\":250,\"caption\":\"RedOwlCraft\"},\"image\":{\"@id\":\"https:\/\/www.redowlcraft.ro\/#\/schema\/logo\/image\/\"}}]}<\/script>\n<!-- \/ Yoast SEO plugin. -->","yoast_head_json":{"title":"Amuleta Pandantiv din lemn runa Kenaz - RedOwlCraft","robots":{"index":"index","follow":"follow","max-snippet":"max-snippet:-1","max-image-preview":"max-image-preview:large","max-video-preview":"max-video-preview:-1"},"canonical":"https:\/\/www.redowlcraft.ro\/en\/product\/amuleta-pandantiv-din-lemn-runa-kenaz\/","og_locale":"en_US","og_type":"article","og_title":"Amuleta Pandantiv din lemn runa Kenaz - RedOwlCraft","og_description":"Kenaz este runa care simbolizeaz\u0103 focul interior, sexualitatea, cunoa\u0219terea \u0219i adev\u0103rul. Folosind Kenaz, vei avea acces la informa\u021bii esen\u021biale \u0219i vei dob\u00e2ndi claritate \u00een g\u00e2ndire, permi\u021b\u00e2ndu-\u021bi s\u0103 \u00ee\u021bi eliberezi creativitatea \u0219i s\u0103 \u00ee\u021bi dezvol\u021bi aptitudinile. Aceast\u0103 run\u0103 este at\u00e2t profesorul, c\u00e2t \u0219i cursantul, ghid\u00e2ndu-te \u00een procesul de \u00eenv\u0103\u021bare \u0219i transformare personal\u0103.","og_url":"https:\/\/www.redowlcraft.ro\/en\/product\/amuleta-pandantiv-din-lemn-runa-kenaz\/","og_site_name":"RedOwlCraft","article_modified_time":"2026-04-17T10:30:48+00:00","og_image":[{"width":1500,"height":1500,"url":"https:\/\/www.redowlcraft.ro\/wp-content\/uploads\/2024\/09\/Kenaz-Fata.jpg","type":"image\/jpeg"}],"twitter_card":"summary_large_image","twitter_misc":{"Est. reading time":"2 minutes"},"schema":{"@context":"https:\/\/schema.org","@graph":[{"@type":"WebPage","@id":"https:\/\/www.redowlcraft.ro\/produs\/amuleta-pandantiv-din-lemn-runa-kenaz\/","url":"https:\/\/www.redowlcraft.ro\/produs\/amuleta-pandantiv-din-lemn-runa-kenaz\/","name":"Amuleta Pandantiv din lemn runa Kenaz - RedOwlCraft","isPartOf":{"@id":"https:\/\/www.redowlcraft.ro\/#website"},"primaryImageOfPage":{"@id":"https:\/\/www.redowlcraft.ro\/produs\/amuleta-pandantiv-din-lemn-runa-kenaz\/#primaryimage"},"image":{"@id":"https:\/\/www.redowlcraft.ro\/produs\/amuleta-pandantiv-din-lemn-runa-kenaz\/#primaryimage"},"thumbnailUrl":"https:\/\/www.redowlcraft.ro\/wp-content\/uploads\/2024\/09\/Kenaz-Fata.jpg","datePublished":"2024-09-03T16:09:35+00:00","dateModified":"2026-04-17T10:30:48+00:00","breadcrumb":{"@id":"https:\/\/www.redowlcraft.ro\/produs\/amuleta-pandantiv-din-lemn-runa-kenaz\/#breadcrumb"},"inLanguage":"en-US","potentialAction":[{"@type":"ReadAction","target":["https:\/\/www.redowlcraft.ro\/produs\/amuleta-pandantiv-din-lemn-runa-kenaz\/"]}]},{"@type":"ImageObject","inLanguage":"en-US","@id":"https:\/\/www.redowlcraft.ro\/produs\/amuleta-pandantiv-din-lemn-runa-kenaz\/#primaryimage","url":"https:\/\/www.redowlcraft.ro\/wp-content\/uploads\/2024\/09\/Kenaz-Fata.jpg","contentUrl":"https:\/\/www.redowlcraft.ro\/wp-content\/uploads\/2024\/09\/Kenaz-Fata.jpg","width":1500,"height":1500},{"@type":"BreadcrumbList","@id":"https:\/\/www.redowlcraft.ro\/produs\/amuleta-pandantiv-din-lemn-runa-kenaz\/#breadcrumb","itemListElement":[{"@type":"ListItem","position":1,"name":"Prima pagin\u0103","item":"https:\/\/www.redowlcraft.ro\/"},{"@type":"ListItem","position":2,"name":"Magazin","item":"https:\/\/www.redowlcraft.ro\/magazin\/"},{"@type":"ListItem","position":3,"name":"Amuleta Pandantiv din lemn runa Kenaz"}]},{"@type":"WebSite","@id":"https:\/\/www.redowlcraft.ro\/#website","url":"https:\/\/www.redowlcraft.ro\/","name":"RedOwlCraft","description":"See yourself in a piece of wood!","publisher":{"@id":"https:\/\/www.redowlcraft.ro\/#organization"},"potentialAction":[{"@type":"SearchAction","target":{"@type":"EntryPoint","urlTemplate":"https:\/\/www.redowlcraft.ro\/?s={search_term_string}"},"query-input":{"@type":"PropertyValueSpecification","valueRequired":true,"valueName":"search_term_string"}}],"inLanguage":"en-US"},{"@type":"Organization","@id":"https:\/\/www.redowlcraft.ro\/#organization","name":"RedOwlCraft","url":"https:\/\/www.redowlcraft.ro\/","logo":{"@type":"ImageObject","inLanguage":"en-US","@id":"https:\/\/www.redowlcraft.ro\/#\/schema\/logo\/image\/","url":"https:\/\/www.redowlcraft.ro\/wp-content\/uploads\/2024\/03\/cropped-logo-4.png","contentUrl":"https:\/\/www.redowlcraft.ro\/wp-content\/uploads\/2024\/03\/cropped-logo-4.png","width":1103,"height":250,"caption":"RedOwlCraft"},"image":{"@id":"https:\/\/www.redowlcraft.ro\/#\/schema\/logo\/image\/"}}]}},"_links":{"self":[{"href":"https:\/\/www.redowlcraft.ro\/en\/wp-json\/wp\/v2\/product\/26373","targetHints":{"allow":["GET"]}}],"collection":[{"href":"https:\/\/www.redowlcraft.ro\/en\/wp-json\/wp\/v2\/product"}],"about":[{"href":"https:\/\/www.redowlcraft.ro\/en\/wp-json\/wp\/v2\/types\/product"}],"replies":[{"embeddable":true,"href":"https:\/\/www.redowlcraft.ro\/en\/wp-json\/wp\/v2\/comments?post=26373"}],"wp:featuredmedia":[{"embeddable":true,"href":"https:\/\/www.redowlcraft.ro\/en\/wp-json\/wp\/v2\/media\/26586"}],"wp:attachment":[{"href":"https:\/\/www.redowlcraft.ro\/en\/wp-json\/wp\/v2\/media?parent=26373"}],"wp:term":[{"taxonomy":"product_brand","embeddable":true,"href":"https:\/\/www.redowlcraft.ro\/en\/wp-json\/wp\/v2\/product_brand?post=26373"},{"taxonomy":"product_cat","embeddable":true,"href":"https:\/\/www.redowlcraft.ro\/en\/wp-json\/wp\/v2\/product_cat?post=26373"},{"taxonomy":"product_tag","embeddable":true,"href":"https:\/\/www.redowlcraft.ro\/en\/wp-json\/wp\/v2\/product_tag?post=26373"}],"curies":[{"name":"wp","href":"https:\/\/api.w.org\/{rel}","templated":true}]}}