{"id":26366,"date":"2024-09-03T16:09:10","date_gmt":"2024-09-03T14:09:10","guid":{"rendered":"https:\/\/s1.ddm.live\/?post_type=product&#038;p=26366"},"modified":"2026-04-17T12:30:49","modified_gmt":"2026-04-17T10:30:49","slug":"amuleta-pandantiv-din-lemn-runa-uruz","status":"publish","type":"product","link":"https:\/\/www.redowlcraft.ro\/en\/product\/amuleta-pandantiv-din-lemn-runa-uruz\/","title":{"rendered":"Amuleta Pandantiv din lemn runa Uruz"},"content":{"rendered":"<p><strong>Uruz \u2013 Runa Puterii, Independen\u021bei \u0219i Voin\u021bei pentru Persisten\u021b\u0103 \u0219i Rezisten\u021b\u0103<\/strong><\/p>\n<p>Uruz este Runa care simbolizeaz\u0103 puterea, independen\u021ba \u0219i voin\u021ba, fiind un aliat puternic \u00een fa\u021ba sl\u0103biciunii, inconsecven\u021bei \u0219i ignoran\u021bei. A doua run\u0103 din alfabetul runic, Uruz este esen\u021bial\u0103 pentru cei care doresc s\u0103 \u00ee\u0219i dezvolte persisten\u021ba, s\u0103 \u00ee\u0219i creasc\u0103 rezisten\u021ba \u0219i s\u0103 \u00ee\u0219i regenereze for\u021bele interioare. Aceast\u0103 Run\u0103 are capacitatea de a for\u021ba circumstan\u021be fericite s\u0103 se manifeste, oferindu-\u021bi control asupra agresivit\u0103\u021bii \u0219i a energiei dezl\u0103n\u021buite, promov\u00e2nd totodat\u0103 vindecarea fizic\u0103.<\/p>\n<p>Uruz este un simbol al for\u021bei brute \u0219i al tenacit\u0103\u021bii, \u00eembin\u00e2nd curajul cu perseveren\u021ba \u00een fa\u021ba tuturor provoc\u0103rilor. De asemenea, runa Uruz atrage admira\u021bia \u0219i interesul sexului opus, fiind un catalizator pentru \u00eencrederea \u00een sine \u0219i puterea personal\u0103. Aceasta este Runa For\u021bei \u0219i a determin\u0103rii, ghid\u00e2ndu-te s\u0103 dep\u0103\u0219e\u0219ti orice obstacol \u0219i s\u0103 triumfi \u00eempotriva tuturor \u0219anselor.<\/p>\n<p>Integreaz\u0103 Runa Uruz \u00een via\u021ba ta pentru a cultiva puterea interioar\u0103, independen\u021ba \u0219i capacitatea de a persevera \u00een orice situa\u021bie.<\/p>\n<p><strong>Specifications: <\/strong><\/p>\n<p>Piesa Handmade din Lemn de Fag cu snur sintetic rezistent<br \/>\nColor: walnut, lacquered with water-based varnish<br \/>\nDimensiuni: 3 x 2.2 x 0.8cm,<br \/>\nGreutate: 5g<\/p>\n<p>Rezistente la apa; amuletele pot fi purtate impreuna cu uleiul esential preferat; pot fi folosite 1 max 2 picaturi de ulei esential la cateva zile<br \/>\nThis is a quality product handcrafted by specialized and passionate staff. It is made of living wood, so the wood may have imperfections and specific characteristics. These particular characteristics should not be considered as defects, but only as peculiarities of the wood. Any type of wood or conglomerate of wood, will suffer changes after exposure to high humidity or excessive heat especially when the object is new, be careful to avoid rain, direct exposure to direct sunlight or in any case, contact with liquids; (for the above reasons, there is no craftsmanship in wood or carpentry that offers warranty).<\/p>\n<p>THANK YOU SO MUCH FOR SUPPORTING AND LOOKING FOR INDEPENDENT ARTISTS!!!!<\/p>\n<p>Creat si produs de RedOwl Craft \u2013 Colectie 2021<\/p>","protected":false},"excerpt":{"rendered":"<p>Uruz este Runa care simbolizeaz\u0103 puterea, independen\u021ba \u0219i voin\u021ba, fiind un aliat puternic \u00een fa\u021ba sl\u0103biciunii, inconsecven\u021bei \u0219i ignoran\u021bei. A doua run\u0103 din alfabetul runic, Uruz este esen\u021bial\u0103 pentru cei care doresc s\u0103 \u00ee\u0219i dezvolte persisten\u021ba, s\u0103 \u00ee\u0219i creasc\u0103 rezisten\u021ba \u0219i s\u0103 \u00ee\u0219i regenereze for\u021bele interioare. Aceast\u0103 Run\u0103 are capacitatea de a for\u021ba circumstan\u021be fericite s\u0103 se manifeste, oferindu-\u021bi control asupra agresivit\u0103\u021bii \u0219i a energiei dezl\u0103n\u021buite, promov\u00e2nd totodat\u0103 vindecarea fizic\u0103.<\/p>","protected":false},"featured_media":26646,"comment_status":"open","ping_status":"closed","template":"","meta":{"inline_featured_image":false},"product_brand":[],"product_cat":[298,196,197],"product_tag":[257],"class_list":{"0":"post-26366","1":"product","2":"type-product","3":"status-publish","4":"has-post-thumbnail","6":"product_cat-toate-produsele","7":"product_cat-amulete-simboluri","8":"product_cat-rune","9":"product_tag-nuc","11":"first","12":"instock","13":"taxable","14":"shipping-taxable","15":"purchasable","16":"product-type-simple"},"yoast_head":"<!-- This site is optimized with the Yoast SEO plugin v26.5 - https:\/\/yoast.com\/wordpress\/plugins\/seo\/ -->\n<title>Amuleta Pandantiv din lemn runa Uruz - RedOwlCraft<\/title>\n<meta name=\"robots\" content=\"index, follow, max-snippet:-1, max-image-preview:large, max-video-preview:-1\" \/>\n<link rel=\"canonical\" href=\"https:\/\/www.redowlcraft.ro\/en\/product\/amuleta-pandantiv-din-lemn-runa-uruz\/\" \/>\n<meta property=\"og:locale\" content=\"en_US\" \/>\n<meta property=\"og:type\" content=\"article\" \/>\n<meta property=\"og:title\" content=\"Amuleta Pandantiv din lemn runa Uruz - RedOwlCraft\" \/>\n<meta property=\"og:description\" content=\"Uruz este Runa care simbolizeaz\u0103 puterea, independen\u021ba \u0219i voin\u021ba, fiind un aliat puternic \u00een fa\u021ba sl\u0103biciunii, inconsecven\u021bei \u0219i ignoran\u021bei. A doua run\u0103 din alfabetul runic, Uruz este esen\u021bial\u0103 pentru cei care doresc s\u0103 \u00ee\u0219i dezvolte persisten\u021ba, s\u0103 \u00ee\u0219i creasc\u0103 rezisten\u021ba \u0219i s\u0103 \u00ee\u0219i regenereze for\u021bele interioare. Aceast\u0103 Run\u0103 are capacitatea de a for\u021ba circumstan\u021be fericite s\u0103 se manifeste, oferindu-\u021bi control asupra agresivit\u0103\u021bii \u0219i a energiei dezl\u0103n\u021buite, promov\u00e2nd totodat\u0103 vindecarea fizic\u0103.\" \/>\n<meta property=\"og:url\" content=\"https:\/\/www.redowlcraft.ro\/en\/product\/amuleta-pandantiv-din-lemn-runa-uruz\/\" \/>\n<meta property=\"og:site_name\" content=\"RedOwlCraft\" \/>\n<meta property=\"article:modified_time\" content=\"2026-04-17T10:30:49+00:00\" \/>\n<meta property=\"og:image\" content=\"https:\/\/www.redowlcraft.ro\/wp-content\/uploads\/2024\/09\/Uruz-Fata.jpg\" \/>\n\t<meta property=\"og:image:width\" content=\"1500\" \/>\n\t<meta property=\"og:image:height\" content=\"1500\" \/>\n\t<meta property=\"og:image:type\" content=\"image\/jpeg\" \/>\n<meta name=\"twitter:card\" content=\"summary_large_image\" \/>\n<meta name=\"twitter:label1\" content=\"Est. reading time\" \/>\n\t<meta name=\"twitter:data1\" content=\"2 minutes\" \/>\n<script type=\"application\/ld+json\" class=\"yoast-schema-graph\">{\"@context\":\"https:\/\/schema.org\",\"@graph\":[{\"@type\":\"WebPage\",\"@id\":\"https:\/\/www.redowlcraft.ro\/produs\/amuleta-pandantiv-din-lemn-runa-uruz\/\",\"url\":\"https:\/\/www.redowlcraft.ro\/produs\/amuleta-pandantiv-din-lemn-runa-uruz\/\",\"name\":\"Amuleta Pandantiv din lemn runa Uruz - RedOwlCraft\",\"isPartOf\":{\"@id\":\"https:\/\/www.redowlcraft.ro\/#website\"},\"primaryImageOfPage\":{\"@id\":\"https:\/\/www.redowlcraft.ro\/produs\/amuleta-pandantiv-din-lemn-runa-uruz\/#primaryimage\"},\"image\":{\"@id\":\"https:\/\/www.redowlcraft.ro\/produs\/amuleta-pandantiv-din-lemn-runa-uruz\/#primaryimage\"},\"thumbnailUrl\":\"https:\/\/www.redowlcraft.ro\/wp-content\/uploads\/2024\/09\/Uruz-Fata.jpg\",\"datePublished\":\"2024-09-03T14:09:10+00:00\",\"dateModified\":\"2026-04-17T10:30:49+00:00\",\"breadcrumb\":{\"@id\":\"https:\/\/www.redowlcraft.ro\/produs\/amuleta-pandantiv-din-lemn-runa-uruz\/#breadcrumb\"},\"inLanguage\":\"en-US\",\"potentialAction\":[{\"@type\":\"ReadAction\",\"target\":[\"https:\/\/www.redowlcraft.ro\/produs\/amuleta-pandantiv-din-lemn-runa-uruz\/\"]}]},{\"@type\":\"ImageObject\",\"inLanguage\":\"en-US\",\"@id\":\"https:\/\/www.redowlcraft.ro\/produs\/amuleta-pandantiv-din-lemn-runa-uruz\/#primaryimage\",\"url\":\"https:\/\/www.redowlcraft.ro\/wp-content\/uploads\/2024\/09\/Uruz-Fata.jpg\",\"contentUrl\":\"https:\/\/www.redowlcraft.ro\/wp-content\/uploads\/2024\/09\/Uruz-Fata.jpg\",\"width\":1500,\"height\":1500},{\"@type\":\"BreadcrumbList\",\"@id\":\"https:\/\/www.redowlcraft.ro\/produs\/amuleta-pandantiv-din-lemn-runa-uruz\/#breadcrumb\",\"itemListElement\":[{\"@type\":\"ListItem\",\"position\":1,\"name\":\"Prima pagin\u0103\",\"item\":\"https:\/\/www.redowlcraft.ro\/\"},{\"@type\":\"ListItem\",\"position\":2,\"name\":\"Magazin\",\"item\":\"https:\/\/www.redowlcraft.ro\/magazin\/\"},{\"@type\":\"ListItem\",\"position\":3,\"name\":\"Amuleta Pandantiv din lemn runa Uruz\"}]},{\"@type\":\"WebSite\",\"@id\":\"https:\/\/www.redowlcraft.ro\/#website\",\"url\":\"https:\/\/www.redowlcraft.ro\/\",\"name\":\"RedOwlCraft\",\"description\":\"See yourself in a piece of wood!\",\"publisher\":{\"@id\":\"https:\/\/www.redowlcraft.ro\/#organization\"},\"potentialAction\":[{\"@type\":\"SearchAction\",\"target\":{\"@type\":\"EntryPoint\",\"urlTemplate\":\"https:\/\/www.redowlcraft.ro\/?s={search_term_string}\"},\"query-input\":{\"@type\":\"PropertyValueSpecification\",\"valueRequired\":true,\"valueName\":\"search_term_string\"}}],\"inLanguage\":\"en-US\"},{\"@type\":\"Organization\",\"@id\":\"https:\/\/www.redowlcraft.ro\/#organization\",\"name\":\"RedOwlCraft\",\"url\":\"https:\/\/www.redowlcraft.ro\/\",\"logo\":{\"@type\":\"ImageObject\",\"inLanguage\":\"en-US\",\"@id\":\"https:\/\/www.redowlcraft.ro\/#\/schema\/logo\/image\/\",\"url\":\"https:\/\/www.redowlcraft.ro\/wp-content\/uploads\/2024\/03\/cropped-logo-4.png\",\"contentUrl\":\"https:\/\/www.redowlcraft.ro\/wp-content\/uploads\/2024\/03\/cropped-logo-4.png\",\"width\":1103,\"height\":250,\"caption\":\"RedOwlCraft\"},\"image\":{\"@id\":\"https:\/\/www.redowlcraft.ro\/#\/schema\/logo\/image\/\"}}]}<\/script>\n<!-- \/ Yoast SEO plugin. -->","yoast_head_json":{"title":"Amuleta Pandantiv din lemn runa Uruz - RedOwlCraft","robots":{"index":"index","follow":"follow","max-snippet":"max-snippet:-1","max-image-preview":"max-image-preview:large","max-video-preview":"max-video-preview:-1"},"canonical":"https:\/\/www.redowlcraft.ro\/en\/product\/amuleta-pandantiv-din-lemn-runa-uruz\/","og_locale":"en_US","og_type":"article","og_title":"Amuleta Pandantiv din lemn runa Uruz - RedOwlCraft","og_description":"Uruz este Runa care simbolizeaz\u0103 puterea, independen\u021ba \u0219i voin\u021ba, fiind un aliat puternic \u00een fa\u021ba sl\u0103biciunii, inconsecven\u021bei \u0219i ignoran\u021bei. A doua run\u0103 din alfabetul runic, Uruz este esen\u021bial\u0103 pentru cei care doresc s\u0103 \u00ee\u0219i dezvolte persisten\u021ba, s\u0103 \u00ee\u0219i creasc\u0103 rezisten\u021ba \u0219i s\u0103 \u00ee\u0219i regenereze for\u021bele interioare. Aceast\u0103 Run\u0103 are capacitatea de a for\u021ba circumstan\u021be fericite s\u0103 se manifeste, oferindu-\u021bi control asupra agresivit\u0103\u021bii \u0219i a energiei dezl\u0103n\u021buite, promov\u00e2nd totodat\u0103 vindecarea fizic\u0103.","og_url":"https:\/\/www.redowlcraft.ro\/en\/product\/amuleta-pandantiv-din-lemn-runa-uruz\/","og_site_name":"RedOwlCraft","article_modified_time":"2026-04-17T10:30:49+00:00","og_image":[{"width":1500,"height":1500,"url":"https:\/\/www.redowlcraft.ro\/wp-content\/uploads\/2024\/09\/Uruz-Fata.jpg","type":"image\/jpeg"}],"twitter_card":"summary_large_image","twitter_misc":{"Est. reading time":"2 minutes"},"schema":{"@context":"https:\/\/schema.org","@graph":[{"@type":"WebPage","@id":"https:\/\/www.redowlcraft.ro\/produs\/amuleta-pandantiv-din-lemn-runa-uruz\/","url":"https:\/\/www.redowlcraft.ro\/produs\/amuleta-pandantiv-din-lemn-runa-uruz\/","name":"Amuleta Pandantiv din lemn runa Uruz - RedOwlCraft","isPartOf":{"@id":"https:\/\/www.redowlcraft.ro\/#website"},"primaryImageOfPage":{"@id":"https:\/\/www.redowlcraft.ro\/produs\/amuleta-pandantiv-din-lemn-runa-uruz\/#primaryimage"},"image":{"@id":"https:\/\/www.redowlcraft.ro\/produs\/amuleta-pandantiv-din-lemn-runa-uruz\/#primaryimage"},"thumbnailUrl":"https:\/\/www.redowlcraft.ro\/wp-content\/uploads\/2024\/09\/Uruz-Fata.jpg","datePublished":"2024-09-03T14:09:10+00:00","dateModified":"2026-04-17T10:30:49+00:00","breadcrumb":{"@id":"https:\/\/www.redowlcraft.ro\/produs\/amuleta-pandantiv-din-lemn-runa-uruz\/#breadcrumb"},"inLanguage":"en-US","potentialAction":[{"@type":"ReadAction","target":["https:\/\/www.redowlcraft.ro\/produs\/amuleta-pandantiv-din-lemn-runa-uruz\/"]}]},{"@type":"ImageObject","inLanguage":"en-US","@id":"https:\/\/www.redowlcraft.ro\/produs\/amuleta-pandantiv-din-lemn-runa-uruz\/#primaryimage","url":"https:\/\/www.redowlcraft.ro\/wp-content\/uploads\/2024\/09\/Uruz-Fata.jpg","contentUrl":"https:\/\/www.redowlcraft.ro\/wp-content\/uploads\/2024\/09\/Uruz-Fata.jpg","width":1500,"height":1500},{"@type":"BreadcrumbList","@id":"https:\/\/www.redowlcraft.ro\/produs\/amuleta-pandantiv-din-lemn-runa-uruz\/#breadcrumb","itemListElement":[{"@type":"ListItem","position":1,"name":"Prima pagin\u0103","item":"https:\/\/www.redowlcraft.ro\/"},{"@type":"ListItem","position":2,"name":"Magazin","item":"https:\/\/www.redowlcraft.ro\/magazin\/"},{"@type":"ListItem","position":3,"name":"Amuleta Pandantiv din lemn runa Uruz"}]},{"@type":"WebSite","@id":"https:\/\/www.redowlcraft.ro\/#website","url":"https:\/\/www.redowlcraft.ro\/","name":"RedOwlCraft","description":"See yourself in a piece of wood!","publisher":{"@id":"https:\/\/www.redowlcraft.ro\/#organization"},"potentialAction":[{"@type":"SearchAction","target":{"@type":"EntryPoint","urlTemplate":"https:\/\/www.redowlcraft.ro\/?s={search_term_string}"},"query-input":{"@type":"PropertyValueSpecification","valueRequired":true,"valueName":"search_term_string"}}],"inLanguage":"en-US"},{"@type":"Organization","@id":"https:\/\/www.redowlcraft.ro\/#organization","name":"RedOwlCraft","url":"https:\/\/www.redowlcraft.ro\/","logo":{"@type":"ImageObject","inLanguage":"en-US","@id":"https:\/\/www.redowlcraft.ro\/#\/schema\/logo\/image\/","url":"https:\/\/www.redowlcraft.ro\/wp-content\/uploads\/2024\/03\/cropped-logo-4.png","contentUrl":"https:\/\/www.redowlcraft.ro\/wp-content\/uploads\/2024\/03\/cropped-logo-4.png","width":1103,"height":250,"caption":"RedOwlCraft"},"image":{"@id":"https:\/\/www.redowlcraft.ro\/#\/schema\/logo\/image\/"}}]}},"_links":{"self":[{"href":"https:\/\/www.redowlcraft.ro\/en\/wp-json\/wp\/v2\/product\/26366","targetHints":{"allow":["GET"]}}],"collection":[{"href":"https:\/\/www.redowlcraft.ro\/en\/wp-json\/wp\/v2\/product"}],"about":[{"href":"https:\/\/www.redowlcraft.ro\/en\/wp-json\/wp\/v2\/types\/product"}],"replies":[{"embeddable":true,"href":"https:\/\/www.redowlcraft.ro\/en\/wp-json\/wp\/v2\/comments?post=26366"}],"wp:featuredmedia":[{"embeddable":true,"href":"https:\/\/www.redowlcraft.ro\/en\/wp-json\/wp\/v2\/media\/26646"}],"wp:attachment":[{"href":"https:\/\/www.redowlcraft.ro\/en\/wp-json\/wp\/v2\/media?parent=26366"}],"wp:term":[{"taxonomy":"product_brand","embeddable":true,"href":"https:\/\/www.redowlcraft.ro\/en\/wp-json\/wp\/v2\/product_brand?post=26366"},{"taxonomy":"product_cat","embeddable":true,"href":"https:\/\/www.redowlcraft.ro\/en\/wp-json\/wp\/v2\/product_cat?post=26366"},{"taxonomy":"product_tag","embeddable":true,"href":"https:\/\/www.redowlcraft.ro\/en\/wp-json\/wp\/v2\/product_tag?post=26366"}],"curies":[{"name":"wp","href":"https:\/\/api.w.org\/{rel}","templated":true}]}}