{"id":26365,"date":"2024-09-03T15:47:58","date_gmt":"2024-09-03T13:47:58","guid":{"rendered":"https:\/\/s1.ddm.live\/?post_type=product&#038;p=26365"},"modified":"2026-04-24T12:21:49","modified_gmt":"2026-04-24T10:21:49","slug":"amuleta-pandantiv-din-lemn-runa-fehu","status":"publish","type":"product","link":"https:\/\/www.redowlcraft.ro\/en\/product\/amuleta-pandantiv-din-lemn-runa-fehu\/","title":{"rendered":"Fehu runa wooden pendant amulet"},"content":{"rendered":"<p><strong>Fehu \u2013 Runa Bog\u0103\u021biei \u0219i Abunden\u021bei pentru Transform\u0103ri Puternice<\/strong><\/p>\n<p>Fehu, cunoscut\u0103 ca Runa Mamei, simbolizeaz\u0103 bog\u0103\u021bia, bun\u0103starea \u0219i abunden\u021ba, fiind prima run\u0103 din alfabetul runic. Rezon\u00e2nd cu energia divin\u0103 a str\u0103mo\u0219ilor, Fehu este un instrument puternic \u00eempotriva procrastin\u0103rii, \u00eencuraj\u00e2nd ac\u021biunea imediat\u0103 \u0219i determinarea. Folosirea acestei rune \u00ee\u021bi asigur\u0103 un flux constant \u0219i clar al manifest\u0103rilor tale, ghid\u00e2ndu-te c\u0103tre succes.<\/p>\n<p>Fehu reprezint\u0103 un proces creativ continuu, f\u0103r\u0103 loc pentru stagnare. Oportunit\u0103\u021bile sunt prezente \u0219i trebuie \u00eembr\u0103\u021bi\u0219ate cu deschidere \u0219i con\u0219tien\u021b\u0103. Coinciden\u021bele apar pentru a te ghida, iar aceast\u0103 run\u0103 te ajut\u0103 s\u0103 r\u0103m\u00e2i \u00een armonie cu aceste semne. Considerat\u0103 Runa Norocului, Fehu \u00ee\u021bi aduce prosperitate \u0219i te ajut\u0103 s\u0103 transformi energia poten\u021bialului \u00een realitate.<\/p>\n<p>Integreaz\u0103 Runa Fehu \u00een via\u021ba ta pentru a atrage abunden\u021b\u0103 \u0219i pentru a \u00eencuraja Transform\u0103ri Pozitive \u0219i Puternice.<\/p>\n<p><strong>Specifications: <\/strong><\/p>\n<p>Piesa Handmade din Lemn de Fag cu snur sintetic rezistent<br \/>\nColor: walnut, lacquered with water-based varnish<br \/>\nDimensiuni: 3 x 2.2 x 0.8cm,<br \/>\nGreutate: 5g<\/p>\n<p>Rezistente la apa; amuletele pot fi purtate impreuna cu uleiul esential preferat; pot fi folosite 1 max 2 picaturi de ulei esential la cateva zile<br \/>\nThis is a quality product handcrafted by specialized and passionate staff. It is made of living wood, so the wood may have imperfections and specific characteristics. These particular characteristics should not be considered as defects, but only as peculiarities of the wood. Any type of wood or conglomerate of wood, will suffer changes after exposure to high humidity or excessive heat especially when the object is new, be careful to avoid rain, direct exposure to direct sunlight or in any case, contact with liquids; (for the above reasons, there is no craftsmanship in wood or carpentry that offers warranty).<\/p>\n<p>THANK YOU SO MUCH FOR SUPPORTING AND LOOKING FOR INDEPENDENT ARTISTS!!!!<\/p>\n<p>Creat si produs de RedOwl Craft \u2013 Colectie 2021<\/p>","protected":false},"excerpt":{"rendered":"<p>Fehu, cunoscut\u0103 ca Runa Mamei, simbolizeaz\u0103 bog\u0103\u021bia, bun\u0103starea \u0219i abunden\u021ba, fiind prima run\u0103 din alfabetul runic. Rezon\u00e2nd cu energia divin\u0103 a str\u0103mo\u0219ilor, Fehu este un instrument puternic \u00eempotriva procrastin\u0103rii, \u00eencuraj\u00e2nd ac\u021biunea imediat\u0103 \u0219i determinarea. Folosirea acestei rune \u00ee\u021bi asigur\u0103 un flux constant \u0219i clar al manifest\u0103rilor tale, ghid\u00e2ndu-te c\u0103tre succes.<\/p>","protected":false},"featured_media":26544,"comment_status":"open","ping_status":"closed","template":"","meta":{"inline_featured_image":false},"product_brand":[],"product_cat":[298,196,197],"product_tag":[257],"class_list":{"0":"post-26365","1":"product","2":"type-product","3":"status-publish","4":"has-post-thumbnail","6":"product_cat-toate-produsele","7":"product_cat-amulete-simboluri","8":"product_cat-rune","9":"product_tag-nuc","11":"first","12":"instock","13":"taxable","14":"shipping-taxable","15":"purchasable","16":"product-type-simple"},"yoast_head":"<!-- This site is optimized with the Yoast SEO plugin v26.5 - https:\/\/yoast.com\/wordpress\/plugins\/seo\/ -->\n<title>Amuleta Pandantiv din lemn runa Fehu - RedOwlCraft<\/title>\n<meta name=\"robots\" content=\"index, follow, max-snippet:-1, max-image-preview:large, max-video-preview:-1\" \/>\n<link rel=\"canonical\" href=\"https:\/\/www.redowlcraft.ro\/en\/product\/amuleta-pandantiv-din-lemn-runa-fehu\/\" \/>\n<meta property=\"og:locale\" content=\"en_US\" \/>\n<meta property=\"og:type\" content=\"article\" \/>\n<meta property=\"og:title\" content=\"Amuleta Pandantiv din lemn runa Fehu - RedOwlCraft\" \/>\n<meta property=\"og:description\" content=\"Fehu, cunoscut\u0103 ca Runa Mamei, simbolizeaz\u0103 bog\u0103\u021bia, bun\u0103starea \u0219i abunden\u021ba, fiind prima run\u0103 din alfabetul runic. Rezon\u00e2nd cu energia divin\u0103 a str\u0103mo\u0219ilor, Fehu este un instrument puternic \u00eempotriva procrastin\u0103rii, \u00eencuraj\u00e2nd ac\u021biunea imediat\u0103 \u0219i determinarea. Folosirea acestei rune \u00ee\u021bi asigur\u0103 un flux constant \u0219i clar al manifest\u0103rilor tale, ghid\u00e2ndu-te c\u0103tre succes.\" \/>\n<meta property=\"og:url\" content=\"https:\/\/www.redowlcraft.ro\/en\/product\/amuleta-pandantiv-din-lemn-runa-fehu\/\" \/>\n<meta property=\"og:site_name\" content=\"RedOwlCraft\" \/>\n<meta property=\"article:modified_time\" content=\"2026-04-24T10:21:49+00:00\" \/>\n<meta property=\"og:image\" content=\"https:\/\/www.redowlcraft.ro\/wp-content\/uploads\/2024\/09\/Fehu-Fata.jpg\" \/>\n\t<meta property=\"og:image:width\" content=\"1500\" \/>\n\t<meta property=\"og:image:height\" content=\"1500\" \/>\n\t<meta property=\"og:image:type\" content=\"image\/jpeg\" \/>\n<meta name=\"twitter:card\" content=\"summary_large_image\" \/>\n<meta name=\"twitter:label1\" content=\"Est. reading time\" \/>\n\t<meta name=\"twitter:data1\" content=\"2 minutes\" \/>\n<script type=\"application\/ld+json\" class=\"yoast-schema-graph\">{\"@context\":\"https:\/\/schema.org\",\"@graph\":[{\"@type\":\"WebPage\",\"@id\":\"https:\/\/www.redowlcraft.ro\/produs\/amuleta-pandantiv-din-lemn-runa-fehu\/\",\"url\":\"https:\/\/www.redowlcraft.ro\/produs\/amuleta-pandantiv-din-lemn-runa-fehu\/\",\"name\":\"Amuleta Pandantiv din lemn runa Fehu - RedOwlCraft\",\"isPartOf\":{\"@id\":\"https:\/\/www.redowlcraft.ro\/#website\"},\"primaryImageOfPage\":{\"@id\":\"https:\/\/www.redowlcraft.ro\/produs\/amuleta-pandantiv-din-lemn-runa-fehu\/#primaryimage\"},\"image\":{\"@id\":\"https:\/\/www.redowlcraft.ro\/produs\/amuleta-pandantiv-din-lemn-runa-fehu\/#primaryimage\"},\"thumbnailUrl\":\"https:\/\/www.redowlcraft.ro\/wp-content\/uploads\/2024\/09\/Fehu-Fata.jpg\",\"datePublished\":\"2024-09-03T13:47:58+00:00\",\"dateModified\":\"2026-04-24T10:21:49+00:00\",\"breadcrumb\":{\"@id\":\"https:\/\/www.redowlcraft.ro\/produs\/amuleta-pandantiv-din-lemn-runa-fehu\/#breadcrumb\"},\"inLanguage\":\"en-US\",\"potentialAction\":[{\"@type\":\"ReadAction\",\"target\":[\"https:\/\/www.redowlcraft.ro\/produs\/amuleta-pandantiv-din-lemn-runa-fehu\/\"]}]},{\"@type\":\"ImageObject\",\"inLanguage\":\"en-US\",\"@id\":\"https:\/\/www.redowlcraft.ro\/produs\/amuleta-pandantiv-din-lemn-runa-fehu\/#primaryimage\",\"url\":\"https:\/\/www.redowlcraft.ro\/wp-content\/uploads\/2024\/09\/Fehu-Fata.jpg\",\"contentUrl\":\"https:\/\/www.redowlcraft.ro\/wp-content\/uploads\/2024\/09\/Fehu-Fata.jpg\",\"width\":1500,\"height\":1500},{\"@type\":\"BreadcrumbList\",\"@id\":\"https:\/\/www.redowlcraft.ro\/produs\/amuleta-pandantiv-din-lemn-runa-fehu\/#breadcrumb\",\"itemListElement\":[{\"@type\":\"ListItem\",\"position\":1,\"name\":\"Prima pagin\u0103\",\"item\":\"https:\/\/www.redowlcraft.ro\/\"},{\"@type\":\"ListItem\",\"position\":2,\"name\":\"Magazin\",\"item\":\"https:\/\/www.redowlcraft.ro\/magazin\/\"},{\"@type\":\"ListItem\",\"position\":3,\"name\":\"Amuleta Pandantiv din lemn runa Fehu\"}]},{\"@type\":\"WebSite\",\"@id\":\"https:\/\/www.redowlcraft.ro\/#website\",\"url\":\"https:\/\/www.redowlcraft.ro\/\",\"name\":\"RedOwlCraft\",\"description\":\"See yourself in a piece of wood!\",\"publisher\":{\"@id\":\"https:\/\/www.redowlcraft.ro\/#organization\"},\"potentialAction\":[{\"@type\":\"SearchAction\",\"target\":{\"@type\":\"EntryPoint\",\"urlTemplate\":\"https:\/\/www.redowlcraft.ro\/?s={search_term_string}\"},\"query-input\":{\"@type\":\"PropertyValueSpecification\",\"valueRequired\":true,\"valueName\":\"search_term_string\"}}],\"inLanguage\":\"en-US\"},{\"@type\":\"Organization\",\"@id\":\"https:\/\/www.redowlcraft.ro\/#organization\",\"name\":\"RedOwlCraft\",\"url\":\"https:\/\/www.redowlcraft.ro\/\",\"logo\":{\"@type\":\"ImageObject\",\"inLanguage\":\"en-US\",\"@id\":\"https:\/\/www.redowlcraft.ro\/#\/schema\/logo\/image\/\",\"url\":\"https:\/\/www.redowlcraft.ro\/wp-content\/uploads\/2024\/03\/cropped-logo-4.png\",\"contentUrl\":\"https:\/\/www.redowlcraft.ro\/wp-content\/uploads\/2024\/03\/cropped-logo-4.png\",\"width\":1103,\"height\":250,\"caption\":\"RedOwlCraft\"},\"image\":{\"@id\":\"https:\/\/www.redowlcraft.ro\/#\/schema\/logo\/image\/\"}}]}<\/script>\n<!-- \/ Yoast SEO plugin. -->","yoast_head_json":{"title":"Amuleta Pandantiv din lemn runa Fehu - RedOwlCraft","robots":{"index":"index","follow":"follow","max-snippet":"max-snippet:-1","max-image-preview":"max-image-preview:large","max-video-preview":"max-video-preview:-1"},"canonical":"https:\/\/www.redowlcraft.ro\/en\/product\/amuleta-pandantiv-din-lemn-runa-fehu\/","og_locale":"en_US","og_type":"article","og_title":"Amuleta Pandantiv din lemn runa Fehu - RedOwlCraft","og_description":"Fehu, cunoscut\u0103 ca Runa Mamei, simbolizeaz\u0103 bog\u0103\u021bia, bun\u0103starea \u0219i abunden\u021ba, fiind prima run\u0103 din alfabetul runic. Rezon\u00e2nd cu energia divin\u0103 a str\u0103mo\u0219ilor, Fehu este un instrument puternic \u00eempotriva procrastin\u0103rii, \u00eencuraj\u00e2nd ac\u021biunea imediat\u0103 \u0219i determinarea. Folosirea acestei rune \u00ee\u021bi asigur\u0103 un flux constant \u0219i clar al manifest\u0103rilor tale, ghid\u00e2ndu-te c\u0103tre succes.","og_url":"https:\/\/www.redowlcraft.ro\/en\/product\/amuleta-pandantiv-din-lemn-runa-fehu\/","og_site_name":"RedOwlCraft","article_modified_time":"2026-04-24T10:21:49+00:00","og_image":[{"width":1500,"height":1500,"url":"https:\/\/www.redowlcraft.ro\/wp-content\/uploads\/2024\/09\/Fehu-Fata.jpg","type":"image\/jpeg"}],"twitter_card":"summary_large_image","twitter_misc":{"Est. reading time":"2 minutes"},"schema":{"@context":"https:\/\/schema.org","@graph":[{"@type":"WebPage","@id":"https:\/\/www.redowlcraft.ro\/produs\/amuleta-pandantiv-din-lemn-runa-fehu\/","url":"https:\/\/www.redowlcraft.ro\/produs\/amuleta-pandantiv-din-lemn-runa-fehu\/","name":"Amuleta Pandantiv din lemn runa Fehu - RedOwlCraft","isPartOf":{"@id":"https:\/\/www.redowlcraft.ro\/#website"},"primaryImageOfPage":{"@id":"https:\/\/www.redowlcraft.ro\/produs\/amuleta-pandantiv-din-lemn-runa-fehu\/#primaryimage"},"image":{"@id":"https:\/\/www.redowlcraft.ro\/produs\/amuleta-pandantiv-din-lemn-runa-fehu\/#primaryimage"},"thumbnailUrl":"https:\/\/www.redowlcraft.ro\/wp-content\/uploads\/2024\/09\/Fehu-Fata.jpg","datePublished":"2024-09-03T13:47:58+00:00","dateModified":"2026-04-24T10:21:49+00:00","breadcrumb":{"@id":"https:\/\/www.redowlcraft.ro\/produs\/amuleta-pandantiv-din-lemn-runa-fehu\/#breadcrumb"},"inLanguage":"en-US","potentialAction":[{"@type":"ReadAction","target":["https:\/\/www.redowlcraft.ro\/produs\/amuleta-pandantiv-din-lemn-runa-fehu\/"]}]},{"@type":"ImageObject","inLanguage":"en-US","@id":"https:\/\/www.redowlcraft.ro\/produs\/amuleta-pandantiv-din-lemn-runa-fehu\/#primaryimage","url":"https:\/\/www.redowlcraft.ro\/wp-content\/uploads\/2024\/09\/Fehu-Fata.jpg","contentUrl":"https:\/\/www.redowlcraft.ro\/wp-content\/uploads\/2024\/09\/Fehu-Fata.jpg","width":1500,"height":1500},{"@type":"BreadcrumbList","@id":"https:\/\/www.redowlcraft.ro\/produs\/amuleta-pandantiv-din-lemn-runa-fehu\/#breadcrumb","itemListElement":[{"@type":"ListItem","position":1,"name":"Prima pagin\u0103","item":"https:\/\/www.redowlcraft.ro\/"},{"@type":"ListItem","position":2,"name":"Magazin","item":"https:\/\/www.redowlcraft.ro\/magazin\/"},{"@type":"ListItem","position":3,"name":"Amuleta Pandantiv din lemn runa Fehu"}]},{"@type":"WebSite","@id":"https:\/\/www.redowlcraft.ro\/#website","url":"https:\/\/www.redowlcraft.ro\/","name":"RedOwlCraft","description":"See yourself in a piece of wood!","publisher":{"@id":"https:\/\/www.redowlcraft.ro\/#organization"},"potentialAction":[{"@type":"SearchAction","target":{"@type":"EntryPoint","urlTemplate":"https:\/\/www.redowlcraft.ro\/?s={search_term_string}"},"query-input":{"@type":"PropertyValueSpecification","valueRequired":true,"valueName":"search_term_string"}}],"inLanguage":"en-US"},{"@type":"Organization","@id":"https:\/\/www.redowlcraft.ro\/#organization","name":"RedOwlCraft","url":"https:\/\/www.redowlcraft.ro\/","logo":{"@type":"ImageObject","inLanguage":"en-US","@id":"https:\/\/www.redowlcraft.ro\/#\/schema\/logo\/image\/","url":"https:\/\/www.redowlcraft.ro\/wp-content\/uploads\/2024\/03\/cropped-logo-4.png","contentUrl":"https:\/\/www.redowlcraft.ro\/wp-content\/uploads\/2024\/03\/cropped-logo-4.png","width":1103,"height":250,"caption":"RedOwlCraft"},"image":{"@id":"https:\/\/www.redowlcraft.ro\/#\/schema\/logo\/image\/"}}]}},"_links":{"self":[{"href":"https:\/\/www.redowlcraft.ro\/en\/wp-json\/wp\/v2\/product\/26365","targetHints":{"allow":["GET"]}}],"collection":[{"href":"https:\/\/www.redowlcraft.ro\/en\/wp-json\/wp\/v2\/product"}],"about":[{"href":"https:\/\/www.redowlcraft.ro\/en\/wp-json\/wp\/v2\/types\/product"}],"replies":[{"embeddable":true,"href":"https:\/\/www.redowlcraft.ro\/en\/wp-json\/wp\/v2\/comments?post=26365"}],"wp:featuredmedia":[{"embeddable":true,"href":"https:\/\/www.redowlcraft.ro\/en\/wp-json\/wp\/v2\/media\/26544"}],"wp:attachment":[{"href":"https:\/\/www.redowlcraft.ro\/en\/wp-json\/wp\/v2\/media?parent=26365"}],"wp:term":[{"taxonomy":"product_brand","embeddable":true,"href":"https:\/\/www.redowlcraft.ro\/en\/wp-json\/wp\/v2\/product_brand?post=26365"},{"taxonomy":"product_cat","embeddable":true,"href":"https:\/\/www.redowlcraft.ro\/en\/wp-json\/wp\/v2\/product_cat?post=26365"},{"taxonomy":"product_tag","embeddable":true,"href":"https:\/\/www.redowlcraft.ro\/en\/wp-json\/wp\/v2\/product_tag?post=26365"}],"curies":[{"name":"wp","href":"https:\/\/api.w.org\/{rel}","templated":true}]}}