{"id":26363,"date":"2024-09-02T19:30:36","date_gmt":"2024-09-02T17:30:36","guid":{"rendered":"https:\/\/s1.ddm.live\/?post_type=product&#038;p=26363"},"modified":"2026-04-17T12:30:50","modified_gmt":"2026-04-17T10:30:50","slug":"amuleta-pandantiv-din-lemn-cho-ku-rei-wenge","status":"publish","type":"product","link":"https:\/\/www.redowlcraft.ro\/en\/product\/amuleta-pandantiv-din-lemn-cho-ku-rei-wenge\/","title":{"rendered":"Amuleta Pandantiv din Lemn Cho Ku Rei wenge"},"content":{"rendered":"<p>Cho Ku Rei este un simbol esen\u021bial \u00een Reiki. Este utilizat pentru a \u00eemp\u0103m\u00e2nta \u0219i a stabiliza energiile \u00een corp. Acest simbol ajut\u0103 la &#8220;sigilarea&#8221; energiei pozitive, concentr\u00e2nd aten\u021bia asupra vindec\u0103rii \u0219i cur\u0103\u021b\u0103rii fizice.<\/p>\n<p>Practicienii de Reiki \u00eel folosesc pentru a-\u0219i \u00eent\u0103ri puterea \u00eenainte de \u0219edin\u021bele de healing, fiind un instrument valoros pentru cei care doresc s\u0103 \u00eembun\u0103t\u0103\u021beasc\u0103 starea lor de bine.<\/p>\n<p>Cho Ku Rei poate fi folosit de oricine pentru vindecarea mental\u0103 \u0219i emo\u021bional\u0103, precum \u0219i pentru \u00eembun\u0103t\u0103\u021birea rela\u021biilor interumane. Este deosebit de eficient \u00een tratamentul dependen\u021belor \u0219i \u00een lucrul cu emo\u021bii precum triste\u021bea, frica, \u00eengrijorarea, durerea, furia sau frustrarea. Utilizat pentru a vindeca g\u00e2ndurile negative, Cho Ku Rei ajut\u0103 la \u00eenlocuirea acestora cu credin\u021be \u0219i g\u00e2nduri noi, mai productive.<\/p>\n<p>\u00cen combina\u021bie cu simbolul Distant Healing, Cho Ku Rei devine un instrument puternic pentru vindecarea traumelor din trecut \u0219i a situa\u021biilor dureroase. Acest simbol poate transcende timpul \u0219i spa\u021biul, mobiliz\u00e2nd energia pentru sus\u021binerea viselor lucide, g\u0103sirea obiectelor pierdute \u0219i \u00eenv\u0103\u021barea materialelor noi.<\/p>\n<p>Adaug\u0103 Cho Ku Rei \u00een practica ta de healing pentru a amplifica efectele pozitive \u0219i pentru a aduce echilibru \u0219i armonie \u00een via\u021ba ta.<\/p>\n<p>&nbsp;<\/p>\n<p>Specifications:<br \/>\nPiesa Handmade cu snur de piele ecologica<br \/>\nBeech wood<br \/>\nCuloare: wenge, lacuit cu lac pe baza de apa<br \/>\nDimensiuni: 5x5x0.4cm, Greutate: 5g<\/p>\n<p>Rezistente la apa; amuletele pot fi purtate impreuna cu uleiul esential preferat; pot fi folosite 1 max 2 picaturi de ulei esential la cateva zile<br \/>\nThis is a quality product handcrafted by specialized and passionate staff. It is made of living wood, so the wood may have imperfections and specific characteristics. These particular characteristics should not be considered as defects, but only as peculiarities of the wood. Any type of wood or conglomerate of wood, will suffer changes after exposure to high humidity or excessive heat especially when the object is new, be careful to avoid rain, direct exposure to direct sunlight or in any case, contact with liquids; (for the above reasons, there is no craftsmanship in wood or carpentry that offers warranty).<\/p>\n<p>THANK YOU SO MUCH FOR SUPPORTING AND LOOKING FOR INDEPENDENT ARTISTS!!!!<\/p>\n<p>Creat si produs de RedOwl Craft &#8211; Colectie 2024<\/p>","protected":false},"excerpt":{"rendered":"<p>Cho Ku Rei este un simbol esen\u021bial \u00een Reiki. Este utilizat pentru a \u00eemp\u0103m\u00e2nta \u0219i a stabiliza energiile \u00een corp. Acest simbol ajut\u0103 la &#8220;sigilarea&#8221; energiei pozitive, concentr\u00e2nd aten\u021bia asupra vindec\u0103rii \u0219i cur\u0103\u021b\u0103rii fizice.<\/p>","protected":false},"featured_media":26489,"comment_status":"open","ping_status":"closed","template":"","meta":{"inline_featured_image":false},"product_brand":[],"product_cat":[298,196,199],"product_tag":[256],"class_list":{"0":"post-26363","1":"product","2":"type-product","3":"status-publish","4":"has-post-thumbnail","6":"product_cat-toate-produsele","7":"product_cat-amulete-simboluri","8":"product_cat-antic","9":"product_tag-wenge","11":"first","12":"instock","13":"taxable","14":"shipping-taxable","15":"purchasable","16":"product-type-simple"},"yoast_head":"<!-- This site is optimized with the Yoast SEO plugin v26.5 - https:\/\/yoast.com\/wordpress\/plugins\/seo\/ -->\n<title>Amuleta Pandantiv din Lemn Cho Ku Rei wenge - RedOwlCraft<\/title>\n<meta name=\"robots\" content=\"index, follow, max-snippet:-1, max-image-preview:large, max-video-preview:-1\" \/>\n<link rel=\"canonical\" href=\"https:\/\/www.redowlcraft.ro\/en\/product\/amuleta-pandantiv-din-lemn-cho-ku-rei-wenge\/\" \/>\n<meta property=\"og:locale\" content=\"en_US\" \/>\n<meta property=\"og:type\" content=\"article\" \/>\n<meta property=\"og:title\" content=\"Amuleta Pandantiv din Lemn Cho Ku Rei wenge - RedOwlCraft\" \/>\n<meta property=\"og:description\" content=\"Cho Ku Rei este un simbol esen\u021bial \u00een Reiki. Este utilizat pentru a \u00eemp\u0103m\u00e2nta \u0219i a stabiliza energiile \u00een corp. Acest simbol ajut\u0103 la &quot;sigilarea&quot; energiei pozitive, concentr\u00e2nd aten\u021bia asupra vindec\u0103rii \u0219i cur\u0103\u021b\u0103rii fizice.\" \/>\n<meta property=\"og:url\" content=\"https:\/\/www.redowlcraft.ro\/en\/product\/amuleta-pandantiv-din-lemn-cho-ku-rei-wenge\/\" \/>\n<meta property=\"og:site_name\" content=\"RedOwlCraft\" \/>\n<meta property=\"article:modified_time\" content=\"2026-04-17T10:30:50+00:00\" \/>\n<meta property=\"og:image\" content=\"https:\/\/www.redowlcraft.ro\/wp-content\/uploads\/2024\/09\/Cho-Ku-Rei-Wenge-Fata.jpg\" \/>\n\t<meta property=\"og:image:width\" content=\"1500\" \/>\n\t<meta property=\"og:image:height\" content=\"1500\" \/>\n\t<meta property=\"og:image:type\" content=\"image\/jpeg\" \/>\n<meta name=\"twitter:card\" content=\"summary_large_image\" \/>\n<meta name=\"twitter:label1\" content=\"Est. reading time\" \/>\n\t<meta name=\"twitter:data1\" content=\"3 minutes\" \/>\n<script type=\"application\/ld+json\" class=\"yoast-schema-graph\">{\"@context\":\"https:\/\/schema.org\",\"@graph\":[{\"@type\":\"WebPage\",\"@id\":\"https:\/\/www.redowlcraft.ro\/produs\/amuleta-pandantiv-din-lemn-cho-ku-rei-wenge\/\",\"url\":\"https:\/\/www.redowlcraft.ro\/produs\/amuleta-pandantiv-din-lemn-cho-ku-rei-wenge\/\",\"name\":\"Amuleta Pandantiv din Lemn Cho Ku Rei wenge - RedOwlCraft\",\"isPartOf\":{\"@id\":\"https:\/\/www.redowlcraft.ro\/#website\"},\"primaryImageOfPage\":{\"@id\":\"https:\/\/www.redowlcraft.ro\/produs\/amuleta-pandantiv-din-lemn-cho-ku-rei-wenge\/#primaryimage\"},\"image\":{\"@id\":\"https:\/\/www.redowlcraft.ro\/produs\/amuleta-pandantiv-din-lemn-cho-ku-rei-wenge\/#primaryimage\"},\"thumbnailUrl\":\"https:\/\/www.redowlcraft.ro\/wp-content\/uploads\/2024\/09\/Cho-Ku-Rei-Wenge-Fata.jpg\",\"datePublished\":\"2024-09-02T17:30:36+00:00\",\"dateModified\":\"2026-04-17T10:30:50+00:00\",\"breadcrumb\":{\"@id\":\"https:\/\/www.redowlcraft.ro\/produs\/amuleta-pandantiv-din-lemn-cho-ku-rei-wenge\/#breadcrumb\"},\"inLanguage\":\"en-US\",\"potentialAction\":[{\"@type\":\"ReadAction\",\"target\":[\"https:\/\/www.redowlcraft.ro\/produs\/amuleta-pandantiv-din-lemn-cho-ku-rei-wenge\/\"]}]},{\"@type\":\"ImageObject\",\"inLanguage\":\"en-US\",\"@id\":\"https:\/\/www.redowlcraft.ro\/produs\/amuleta-pandantiv-din-lemn-cho-ku-rei-wenge\/#primaryimage\",\"url\":\"https:\/\/www.redowlcraft.ro\/wp-content\/uploads\/2024\/09\/Cho-Ku-Rei-Wenge-Fata.jpg\",\"contentUrl\":\"https:\/\/www.redowlcraft.ro\/wp-content\/uploads\/2024\/09\/Cho-Ku-Rei-Wenge-Fata.jpg\",\"width\":1500,\"height\":1500},{\"@type\":\"BreadcrumbList\",\"@id\":\"https:\/\/www.redowlcraft.ro\/produs\/amuleta-pandantiv-din-lemn-cho-ku-rei-wenge\/#breadcrumb\",\"itemListElement\":[{\"@type\":\"ListItem\",\"position\":1,\"name\":\"Prima pagin\u0103\",\"item\":\"https:\/\/www.redowlcraft.ro\/\"},{\"@type\":\"ListItem\",\"position\":2,\"name\":\"Magazin\",\"item\":\"https:\/\/www.redowlcraft.ro\/magazin\/\"},{\"@type\":\"ListItem\",\"position\":3,\"name\":\"Amuleta Pandantiv din Lemn Cho Ku Rei wenge\"}]},{\"@type\":\"WebSite\",\"@id\":\"https:\/\/www.redowlcraft.ro\/#website\",\"url\":\"https:\/\/www.redowlcraft.ro\/\",\"name\":\"RedOwlCraft\",\"description\":\"See yourself in a piece of wood!\",\"publisher\":{\"@id\":\"https:\/\/www.redowlcraft.ro\/#organization\"},\"potentialAction\":[{\"@type\":\"SearchAction\",\"target\":{\"@type\":\"EntryPoint\",\"urlTemplate\":\"https:\/\/www.redowlcraft.ro\/?s={search_term_string}\"},\"query-input\":{\"@type\":\"PropertyValueSpecification\",\"valueRequired\":true,\"valueName\":\"search_term_string\"}}],\"inLanguage\":\"en-US\"},{\"@type\":\"Organization\",\"@id\":\"https:\/\/www.redowlcraft.ro\/#organization\",\"name\":\"RedOwlCraft\",\"url\":\"https:\/\/www.redowlcraft.ro\/\",\"logo\":{\"@type\":\"ImageObject\",\"inLanguage\":\"en-US\",\"@id\":\"https:\/\/www.redowlcraft.ro\/#\/schema\/logo\/image\/\",\"url\":\"https:\/\/www.redowlcraft.ro\/wp-content\/uploads\/2024\/03\/cropped-logo-4.png\",\"contentUrl\":\"https:\/\/www.redowlcraft.ro\/wp-content\/uploads\/2024\/03\/cropped-logo-4.png\",\"width\":1103,\"height\":250,\"caption\":\"RedOwlCraft\"},\"image\":{\"@id\":\"https:\/\/www.redowlcraft.ro\/#\/schema\/logo\/image\/\"}}]}<\/script>\n<!-- \/ Yoast SEO plugin. -->","yoast_head_json":{"title":"Amuleta Pandantiv din Lemn Cho Ku Rei wenge - RedOwlCraft","robots":{"index":"index","follow":"follow","max-snippet":"max-snippet:-1","max-image-preview":"max-image-preview:large","max-video-preview":"max-video-preview:-1"},"canonical":"https:\/\/www.redowlcraft.ro\/en\/product\/amuleta-pandantiv-din-lemn-cho-ku-rei-wenge\/","og_locale":"en_US","og_type":"article","og_title":"Amuleta Pandantiv din Lemn Cho Ku Rei wenge - RedOwlCraft","og_description":"Cho Ku Rei este un simbol esen\u021bial \u00een Reiki. Este utilizat pentru a \u00eemp\u0103m\u00e2nta \u0219i a stabiliza energiile \u00een corp. Acest simbol ajut\u0103 la \"sigilarea\" energiei pozitive, concentr\u00e2nd aten\u021bia asupra vindec\u0103rii \u0219i cur\u0103\u021b\u0103rii fizice.","og_url":"https:\/\/www.redowlcraft.ro\/en\/product\/amuleta-pandantiv-din-lemn-cho-ku-rei-wenge\/","og_site_name":"RedOwlCraft","article_modified_time":"2026-04-17T10:30:50+00:00","og_image":[{"width":1500,"height":1500,"url":"https:\/\/www.redowlcraft.ro\/wp-content\/uploads\/2024\/09\/Cho-Ku-Rei-Wenge-Fata.jpg","type":"image\/jpeg"}],"twitter_card":"summary_large_image","twitter_misc":{"Est. reading time":"3 minutes"},"schema":{"@context":"https:\/\/schema.org","@graph":[{"@type":"WebPage","@id":"https:\/\/www.redowlcraft.ro\/produs\/amuleta-pandantiv-din-lemn-cho-ku-rei-wenge\/","url":"https:\/\/www.redowlcraft.ro\/produs\/amuleta-pandantiv-din-lemn-cho-ku-rei-wenge\/","name":"Amuleta Pandantiv din Lemn Cho Ku Rei wenge - RedOwlCraft","isPartOf":{"@id":"https:\/\/www.redowlcraft.ro\/#website"},"primaryImageOfPage":{"@id":"https:\/\/www.redowlcraft.ro\/produs\/amuleta-pandantiv-din-lemn-cho-ku-rei-wenge\/#primaryimage"},"image":{"@id":"https:\/\/www.redowlcraft.ro\/produs\/amuleta-pandantiv-din-lemn-cho-ku-rei-wenge\/#primaryimage"},"thumbnailUrl":"https:\/\/www.redowlcraft.ro\/wp-content\/uploads\/2024\/09\/Cho-Ku-Rei-Wenge-Fata.jpg","datePublished":"2024-09-02T17:30:36+00:00","dateModified":"2026-04-17T10:30:50+00:00","breadcrumb":{"@id":"https:\/\/www.redowlcraft.ro\/produs\/amuleta-pandantiv-din-lemn-cho-ku-rei-wenge\/#breadcrumb"},"inLanguage":"en-US","potentialAction":[{"@type":"ReadAction","target":["https:\/\/www.redowlcraft.ro\/produs\/amuleta-pandantiv-din-lemn-cho-ku-rei-wenge\/"]}]},{"@type":"ImageObject","inLanguage":"en-US","@id":"https:\/\/www.redowlcraft.ro\/produs\/amuleta-pandantiv-din-lemn-cho-ku-rei-wenge\/#primaryimage","url":"https:\/\/www.redowlcraft.ro\/wp-content\/uploads\/2024\/09\/Cho-Ku-Rei-Wenge-Fata.jpg","contentUrl":"https:\/\/www.redowlcraft.ro\/wp-content\/uploads\/2024\/09\/Cho-Ku-Rei-Wenge-Fata.jpg","width":1500,"height":1500},{"@type":"BreadcrumbList","@id":"https:\/\/www.redowlcraft.ro\/produs\/amuleta-pandantiv-din-lemn-cho-ku-rei-wenge\/#breadcrumb","itemListElement":[{"@type":"ListItem","position":1,"name":"Prima pagin\u0103","item":"https:\/\/www.redowlcraft.ro\/"},{"@type":"ListItem","position":2,"name":"Magazin","item":"https:\/\/www.redowlcraft.ro\/magazin\/"},{"@type":"ListItem","position":3,"name":"Amuleta Pandantiv din Lemn Cho Ku Rei wenge"}]},{"@type":"WebSite","@id":"https:\/\/www.redowlcraft.ro\/#website","url":"https:\/\/www.redowlcraft.ro\/","name":"RedOwlCraft","description":"See yourself in a piece of wood!","publisher":{"@id":"https:\/\/www.redowlcraft.ro\/#organization"},"potentialAction":[{"@type":"SearchAction","target":{"@type":"EntryPoint","urlTemplate":"https:\/\/www.redowlcraft.ro\/?s={search_term_string}"},"query-input":{"@type":"PropertyValueSpecification","valueRequired":true,"valueName":"search_term_string"}}],"inLanguage":"en-US"},{"@type":"Organization","@id":"https:\/\/www.redowlcraft.ro\/#organization","name":"RedOwlCraft","url":"https:\/\/www.redowlcraft.ro\/","logo":{"@type":"ImageObject","inLanguage":"en-US","@id":"https:\/\/www.redowlcraft.ro\/#\/schema\/logo\/image\/","url":"https:\/\/www.redowlcraft.ro\/wp-content\/uploads\/2024\/03\/cropped-logo-4.png","contentUrl":"https:\/\/www.redowlcraft.ro\/wp-content\/uploads\/2024\/03\/cropped-logo-4.png","width":1103,"height":250,"caption":"RedOwlCraft"},"image":{"@id":"https:\/\/www.redowlcraft.ro\/#\/schema\/logo\/image\/"}}]}},"_links":{"self":[{"href":"https:\/\/www.redowlcraft.ro\/en\/wp-json\/wp\/v2\/product\/26363","targetHints":{"allow":["GET"]}}],"collection":[{"href":"https:\/\/www.redowlcraft.ro\/en\/wp-json\/wp\/v2\/product"}],"about":[{"href":"https:\/\/www.redowlcraft.ro\/en\/wp-json\/wp\/v2\/types\/product"}],"replies":[{"embeddable":true,"href":"https:\/\/www.redowlcraft.ro\/en\/wp-json\/wp\/v2\/comments?post=26363"}],"wp:featuredmedia":[{"embeddable":true,"href":"https:\/\/www.redowlcraft.ro\/en\/wp-json\/wp\/v2\/media\/26489"}],"wp:attachment":[{"href":"https:\/\/www.redowlcraft.ro\/en\/wp-json\/wp\/v2\/media?parent=26363"}],"wp:term":[{"taxonomy":"product_brand","embeddable":true,"href":"https:\/\/www.redowlcraft.ro\/en\/wp-json\/wp\/v2\/product_brand?post=26363"},{"taxonomy":"product_cat","embeddable":true,"href":"https:\/\/www.redowlcraft.ro\/en\/wp-json\/wp\/v2\/product_cat?post=26363"},{"taxonomy":"product_tag","embeddable":true,"href":"https:\/\/www.redowlcraft.ro\/en\/wp-json\/wp\/v2\/product_tag?post=26363"}],"curies":[{"name":"wp","href":"https:\/\/api.w.org\/{rel}","templated":true}]}}