{"id":26359,"date":"2024-09-02T19:10:06","date_gmt":"2024-09-02T17:10:06","guid":{"rendered":"https:\/\/s1.ddm.live\/?post_type=product&#038;p=26359"},"modified":"2026-04-17T19:01:30","modified_gmt":"2026-04-17T17:01:30","slug":"amuleta-pandantiv-din-lemn-simbolul-fu-%e7%a6%8f-wenge","status":"publish","type":"product","link":"https:\/\/www.redowlcraft.ro\/en\/product\/amuleta-pandantiv-din-lemn-simbolul-fu-%e7%a6%8f-wenge\/","title":{"rendered":"Amuleta Pandantiv din lemn Simbolul FU (\u798f) wenge"},"content":{"rendered":"<p>Simbolul FU (\u798f) reprezint\u0103 binecuv\u00e2ntarea \u0219i norocul. Este unul dintre cele mai importante caractere din cultura chinez\u0103. Impreuna cu: LU (\u7984) \u2013 Prosperitate, SHU (\u5bff) \u2013 Longevitate \u0219i XI (\u559c) \u2013 Fericire, FU face parte din cvartetul sacru de simboluri chineze\u0219ti care guverneaz\u0103 via\u021ba \u0219i atrage energii pozitive.<\/p>\n<p>Acest simbol este str\u00e2ns legat de Anul Nou Chinezesc, fiind considerat o invita\u021bie pentru prosperitate \u0219i abunden\u021b\u0103 \u00een via\u021ba ta.<\/p>\n<p>Simbolul FU este utilizat frecvent ca amuleta\/ talisman pentru a aduce noroc \u0219i avere. Este un element esen\u021bial \u00een tradi\u021biile \u0219i credin\u021bele chineze\u0219ti.<\/p>\n<p>Adaug\u0103 acest simbol puternic \u00een casa ta sau poart\u0103-l ca amulet\u0103 pentru a atrage binecuv\u00e2nt\u0103ri \u0219i succes \u00een toate aspectele vie\u021bii.<\/p>\n<p>Specifications:<br \/>\nPiesa Handmade cu snur de piele ecologica<br \/>\nBeech wood<br \/>\nCuloare: wenge, lacuit cu lac pe baza de apa<br \/>\nDimensiuni: 5x5x0.4cm, Greutate: 5g<\/p>\n<p>Rezistente la apa; amuletele pot fi purtate impreuna cu uleiul esential preferat; pot fi folosite 1 max 2 picaturi de ulei esential la cateva zile<br \/>\nThis is a quality product handcrafted by specialized and passionate staff. It is made of living wood, so the wood may have imperfections and specific characteristics. These particular characteristics should not be considered as defects, but only as peculiarities of the wood. Any type of wood or conglomerate of wood, will suffer changes after exposure to high humidity or excessive heat especially when the object is new, be careful to avoid rain, direct exposure to direct sunlight or in any case, contact with liquids; (for the above reasons, there is no craftsmanship in wood or carpentry that offers warranty).<\/p>\n<p>THANK YOU SO MUCH FOR SUPPORTING AND LOOKING FOR INDEPENDENT ARTISTS!!!!<\/p>\n<p>Creat si produs de RedOwl Craft &#8211; Colectie 2024<\/p>","protected":false},"excerpt":{"rendered":"<p>Simbolul FU (\u798f) reprezint\u0103 binecuv\u00e2ntarea \u0219i norocul, fiind unul dintre cele mai importante caractere din cultura chinez\u0103. Al\u0103turi de LU (\u7984) \u2013 Prosperitate, SHU (\u5bff) \u2013 Longevitate \u0219i XI (\u559c) \u2013 Fericire, FU face parte din cvartetul sacru de simboluri chineze\u0219ti care guverneaz\u0103 via\u021ba \u0219i atrag energii pozitive. Acest simbol este str\u00e2ns legat de Anul Nou Chinezesc, fiind considerat o invita\u021bie pentru prosperitate \u0219i abunden\u021b\u0103 \u00een via\u021ba ta.<\/p>","protected":false},"featured_media":26481,"comment_status":"open","ping_status":"closed","template":"","meta":{"inline_featured_image":false},"product_brand":[],"product_cat":[298,196,199],"product_tag":[256],"class_list":{"0":"post-26359","1":"product","2":"type-product","3":"status-publish","4":"has-post-thumbnail","6":"product_cat-toate-produsele","7":"product_cat-amulete-simboluri","8":"product_cat-antic","9":"product_tag-wenge","11":"first","12":"instock","13":"sale","14":"taxable","15":"shipping-taxable","16":"purchasable","17":"product-type-simple"},"yoast_head":"<!-- This site is optimized with the Yoast SEO plugin v26.5 - https:\/\/yoast.com\/wordpress\/plugins\/seo\/ -->\n<title>Amuleta Pandantiv din lemn Simbolul FU (\u798f) wenge - RedOwlCraft<\/title>\n<meta name=\"robots\" content=\"index, follow, max-snippet:-1, max-image-preview:large, max-video-preview:-1\" \/>\n<link rel=\"canonical\" href=\"https:\/\/www.redowlcraft.ro\/en\/product\/amuleta-pandantiv-din-lemn-simbolul-fu-\u798f-wenge\/\" \/>\n<meta property=\"og:locale\" content=\"en_US\" \/>\n<meta property=\"og:type\" content=\"article\" \/>\n<meta property=\"og:title\" content=\"Amuleta Pandantiv din lemn Simbolul FU (\u798f) wenge - RedOwlCraft\" \/>\n<meta property=\"og:description\" content=\"Simbolul FU (\u798f) reprezint\u0103 binecuv\u00e2ntarea \u0219i norocul, fiind unul dintre cele mai importante caractere din cultura chinez\u0103. Al\u0103turi de LU (\u7984) \u2013 Prosperitate, SHU (\u5bff) \u2013 Longevitate \u0219i XI (\u559c) \u2013 Fericire, FU face parte din cvartetul sacru de simboluri chineze\u0219ti care guverneaz\u0103 via\u021ba \u0219i atrag energii pozitive. Acest simbol este str\u00e2ns legat de Anul Nou Chinezesc, fiind considerat o invita\u021bie pentru prosperitate \u0219i abunden\u021b\u0103 \u00een via\u021ba ta.\" \/>\n<meta property=\"og:url\" content=\"https:\/\/www.redowlcraft.ro\/en\/product\/amuleta-pandantiv-din-lemn-simbolul-fu-\u798f-wenge\/\" \/>\n<meta property=\"og:site_name\" content=\"RedOwlCraft\" \/>\n<meta property=\"article:modified_time\" content=\"2026-04-17T17:01:30+00:00\" \/>\n<meta property=\"og:image\" content=\"https:\/\/www.redowlcraft.ro\/wp-content\/uploads\/2024\/09\/Fu-Wenge-Fata.jpg\" \/>\n\t<meta property=\"og:image:width\" content=\"1500\" \/>\n\t<meta property=\"og:image:height\" content=\"1500\" \/>\n\t<meta property=\"og:image:type\" content=\"image\/jpeg\" \/>\n<meta name=\"twitter:card\" content=\"summary_large_image\" \/>\n<meta name=\"twitter:label1\" content=\"Est. reading time\" \/>\n\t<meta name=\"twitter:data1\" content=\"2 minutes\" \/>\n<script type=\"application\/ld+json\" class=\"yoast-schema-graph\">{\"@context\":\"https:\/\/schema.org\",\"@graph\":[{\"@type\":\"WebPage\",\"@id\":\"https:\/\/www.redowlcraft.ro\/produs\/amuleta-pandantiv-din-lemn-simbolul-fu-%e7%a6%8f-wenge\/\",\"url\":\"https:\/\/www.redowlcraft.ro\/produs\/amuleta-pandantiv-din-lemn-simbolul-fu-%e7%a6%8f-wenge\/\",\"name\":\"Amuleta Pandantiv din lemn Simbolul FU (\u798f) wenge - RedOwlCraft\",\"isPartOf\":{\"@id\":\"https:\/\/www.redowlcraft.ro\/#website\"},\"primaryImageOfPage\":{\"@id\":\"https:\/\/www.redowlcraft.ro\/produs\/amuleta-pandantiv-din-lemn-simbolul-fu-%e7%a6%8f-wenge\/#primaryimage\"},\"image\":{\"@id\":\"https:\/\/www.redowlcraft.ro\/produs\/amuleta-pandantiv-din-lemn-simbolul-fu-%e7%a6%8f-wenge\/#primaryimage\"},\"thumbnailUrl\":\"https:\/\/www.redowlcraft.ro\/wp-content\/uploads\/2024\/09\/Fu-Wenge-Fata.jpg\",\"datePublished\":\"2024-09-02T17:10:06+00:00\",\"dateModified\":\"2026-04-17T17:01:30+00:00\",\"breadcrumb\":{\"@id\":\"https:\/\/www.redowlcraft.ro\/produs\/amuleta-pandantiv-din-lemn-simbolul-fu-%e7%a6%8f-wenge\/#breadcrumb\"},\"inLanguage\":\"en-US\",\"potentialAction\":[{\"@type\":\"ReadAction\",\"target\":[\"https:\/\/www.redowlcraft.ro\/produs\/amuleta-pandantiv-din-lemn-simbolul-fu-%e7%a6%8f-wenge\/\"]}]},{\"@type\":\"ImageObject\",\"inLanguage\":\"en-US\",\"@id\":\"https:\/\/www.redowlcraft.ro\/produs\/amuleta-pandantiv-din-lemn-simbolul-fu-%e7%a6%8f-wenge\/#primaryimage\",\"url\":\"https:\/\/www.redowlcraft.ro\/wp-content\/uploads\/2024\/09\/Fu-Wenge-Fata.jpg\",\"contentUrl\":\"https:\/\/www.redowlcraft.ro\/wp-content\/uploads\/2024\/09\/Fu-Wenge-Fata.jpg\",\"width\":1500,\"height\":1500},{\"@type\":\"BreadcrumbList\",\"@id\":\"https:\/\/www.redowlcraft.ro\/produs\/amuleta-pandantiv-din-lemn-simbolul-fu-%e7%a6%8f-wenge\/#breadcrumb\",\"itemListElement\":[{\"@type\":\"ListItem\",\"position\":1,\"name\":\"Prima pagin\u0103\",\"item\":\"https:\/\/www.redowlcraft.ro\/\"},{\"@type\":\"ListItem\",\"position\":2,\"name\":\"Magazin\",\"item\":\"https:\/\/www.redowlcraft.ro\/magazin\/\"},{\"@type\":\"ListItem\",\"position\":3,\"name\":\"Amuleta Pandantiv din lemn Simbolul FU (\u798f) wenge\"}]},{\"@type\":\"WebSite\",\"@id\":\"https:\/\/www.redowlcraft.ro\/#website\",\"url\":\"https:\/\/www.redowlcraft.ro\/\",\"name\":\"RedOwlCraft\",\"description\":\"See yourself in a piece of wood!\",\"publisher\":{\"@id\":\"https:\/\/www.redowlcraft.ro\/#organization\"},\"potentialAction\":[{\"@type\":\"SearchAction\",\"target\":{\"@type\":\"EntryPoint\",\"urlTemplate\":\"https:\/\/www.redowlcraft.ro\/?s={search_term_string}\"},\"query-input\":{\"@type\":\"PropertyValueSpecification\",\"valueRequired\":true,\"valueName\":\"search_term_string\"}}],\"inLanguage\":\"en-US\"},{\"@type\":\"Organization\",\"@id\":\"https:\/\/www.redowlcraft.ro\/#organization\",\"name\":\"RedOwlCraft\",\"url\":\"https:\/\/www.redowlcraft.ro\/\",\"logo\":{\"@type\":\"ImageObject\",\"inLanguage\":\"en-US\",\"@id\":\"https:\/\/www.redowlcraft.ro\/#\/schema\/logo\/image\/\",\"url\":\"https:\/\/www.redowlcraft.ro\/wp-content\/uploads\/2024\/03\/cropped-logo-4.png\",\"contentUrl\":\"https:\/\/www.redowlcraft.ro\/wp-content\/uploads\/2024\/03\/cropped-logo-4.png\",\"width\":1103,\"height\":250,\"caption\":\"RedOwlCraft\"},\"image\":{\"@id\":\"https:\/\/www.redowlcraft.ro\/#\/schema\/logo\/image\/\"}}]}<\/script>\n<!-- \/ Yoast SEO plugin. -->","yoast_head_json":{"title":"Amuleta Pandantiv din lemn Simbolul FU (\u798f) wenge - RedOwlCraft","robots":{"index":"index","follow":"follow","max-snippet":"max-snippet:-1","max-image-preview":"max-image-preview:large","max-video-preview":"max-video-preview:-1"},"canonical":"https:\/\/www.redowlcraft.ro\/en\/product\/amuleta-pandantiv-din-lemn-simbolul-fu-\u798f-wenge\/","og_locale":"en_US","og_type":"article","og_title":"Amuleta Pandantiv din lemn Simbolul FU (\u798f) wenge - RedOwlCraft","og_description":"Simbolul FU (\u798f) reprezint\u0103 binecuv\u00e2ntarea \u0219i norocul, fiind unul dintre cele mai importante caractere din cultura chinez\u0103. Al\u0103turi de LU (\u7984) \u2013 Prosperitate, SHU (\u5bff) \u2013 Longevitate \u0219i XI (\u559c) \u2013 Fericire, FU face parte din cvartetul sacru de simboluri chineze\u0219ti care guverneaz\u0103 via\u021ba \u0219i atrag energii pozitive. Acest simbol este str\u00e2ns legat de Anul Nou Chinezesc, fiind considerat o invita\u021bie pentru prosperitate \u0219i abunden\u021b\u0103 \u00een via\u021ba ta.","og_url":"https:\/\/www.redowlcraft.ro\/en\/product\/amuleta-pandantiv-din-lemn-simbolul-fu-\u798f-wenge\/","og_site_name":"RedOwlCraft","article_modified_time":"2026-04-17T17:01:30+00:00","og_image":[{"width":1500,"height":1500,"url":"https:\/\/www.redowlcraft.ro\/wp-content\/uploads\/2024\/09\/Fu-Wenge-Fata.jpg","type":"image\/jpeg"}],"twitter_card":"summary_large_image","twitter_misc":{"Est. reading time":"2 minutes"},"schema":{"@context":"https:\/\/schema.org","@graph":[{"@type":"WebPage","@id":"https:\/\/www.redowlcraft.ro\/produs\/amuleta-pandantiv-din-lemn-simbolul-fu-%e7%a6%8f-wenge\/","url":"https:\/\/www.redowlcraft.ro\/produs\/amuleta-pandantiv-din-lemn-simbolul-fu-%e7%a6%8f-wenge\/","name":"Amuleta Pandantiv din lemn Simbolul FU (\u798f) wenge - RedOwlCraft","isPartOf":{"@id":"https:\/\/www.redowlcraft.ro\/#website"},"primaryImageOfPage":{"@id":"https:\/\/www.redowlcraft.ro\/produs\/amuleta-pandantiv-din-lemn-simbolul-fu-%e7%a6%8f-wenge\/#primaryimage"},"image":{"@id":"https:\/\/www.redowlcraft.ro\/produs\/amuleta-pandantiv-din-lemn-simbolul-fu-%e7%a6%8f-wenge\/#primaryimage"},"thumbnailUrl":"https:\/\/www.redowlcraft.ro\/wp-content\/uploads\/2024\/09\/Fu-Wenge-Fata.jpg","datePublished":"2024-09-02T17:10:06+00:00","dateModified":"2026-04-17T17:01:30+00:00","breadcrumb":{"@id":"https:\/\/www.redowlcraft.ro\/produs\/amuleta-pandantiv-din-lemn-simbolul-fu-%e7%a6%8f-wenge\/#breadcrumb"},"inLanguage":"en-US","potentialAction":[{"@type":"ReadAction","target":["https:\/\/www.redowlcraft.ro\/produs\/amuleta-pandantiv-din-lemn-simbolul-fu-%e7%a6%8f-wenge\/"]}]},{"@type":"ImageObject","inLanguage":"en-US","@id":"https:\/\/www.redowlcraft.ro\/produs\/amuleta-pandantiv-din-lemn-simbolul-fu-%e7%a6%8f-wenge\/#primaryimage","url":"https:\/\/www.redowlcraft.ro\/wp-content\/uploads\/2024\/09\/Fu-Wenge-Fata.jpg","contentUrl":"https:\/\/www.redowlcraft.ro\/wp-content\/uploads\/2024\/09\/Fu-Wenge-Fata.jpg","width":1500,"height":1500},{"@type":"BreadcrumbList","@id":"https:\/\/www.redowlcraft.ro\/produs\/amuleta-pandantiv-din-lemn-simbolul-fu-%e7%a6%8f-wenge\/#breadcrumb","itemListElement":[{"@type":"ListItem","position":1,"name":"Prima pagin\u0103","item":"https:\/\/www.redowlcraft.ro\/"},{"@type":"ListItem","position":2,"name":"Magazin","item":"https:\/\/www.redowlcraft.ro\/magazin\/"},{"@type":"ListItem","position":3,"name":"Amuleta Pandantiv din lemn Simbolul FU (\u798f) wenge"}]},{"@type":"WebSite","@id":"https:\/\/www.redowlcraft.ro\/#website","url":"https:\/\/www.redowlcraft.ro\/","name":"RedOwlCraft","description":"See yourself in a piece of wood!","publisher":{"@id":"https:\/\/www.redowlcraft.ro\/#organization"},"potentialAction":[{"@type":"SearchAction","target":{"@type":"EntryPoint","urlTemplate":"https:\/\/www.redowlcraft.ro\/?s={search_term_string}"},"query-input":{"@type":"PropertyValueSpecification","valueRequired":true,"valueName":"search_term_string"}}],"inLanguage":"en-US"},{"@type":"Organization","@id":"https:\/\/www.redowlcraft.ro\/#organization","name":"RedOwlCraft","url":"https:\/\/www.redowlcraft.ro\/","logo":{"@type":"ImageObject","inLanguage":"en-US","@id":"https:\/\/www.redowlcraft.ro\/#\/schema\/logo\/image\/","url":"https:\/\/www.redowlcraft.ro\/wp-content\/uploads\/2024\/03\/cropped-logo-4.png","contentUrl":"https:\/\/www.redowlcraft.ro\/wp-content\/uploads\/2024\/03\/cropped-logo-4.png","width":1103,"height":250,"caption":"RedOwlCraft"},"image":{"@id":"https:\/\/www.redowlcraft.ro\/#\/schema\/logo\/image\/"}}]}},"_links":{"self":[{"href":"https:\/\/www.redowlcraft.ro\/en\/wp-json\/wp\/v2\/product\/26359","targetHints":{"allow":["GET"]}}],"collection":[{"href":"https:\/\/www.redowlcraft.ro\/en\/wp-json\/wp\/v2\/product"}],"about":[{"href":"https:\/\/www.redowlcraft.ro\/en\/wp-json\/wp\/v2\/types\/product"}],"replies":[{"embeddable":true,"href":"https:\/\/www.redowlcraft.ro\/en\/wp-json\/wp\/v2\/comments?post=26359"}],"wp:featuredmedia":[{"embeddable":true,"href":"https:\/\/www.redowlcraft.ro\/en\/wp-json\/wp\/v2\/media\/26481"}],"wp:attachment":[{"href":"https:\/\/www.redowlcraft.ro\/en\/wp-json\/wp\/v2\/media?parent=26359"}],"wp:term":[{"taxonomy":"product_brand","embeddable":true,"href":"https:\/\/www.redowlcraft.ro\/en\/wp-json\/wp\/v2\/product_brand?post=26359"},{"taxonomy":"product_cat","embeddable":true,"href":"https:\/\/www.redowlcraft.ro\/en\/wp-json\/wp\/v2\/product_cat?post=26359"},{"taxonomy":"product_tag","embeddable":true,"href":"https:\/\/www.redowlcraft.ro\/en\/wp-json\/wp\/v2\/product_tag?post=26359"}],"curies":[{"name":"wp","href":"https:\/\/api.w.org\/{rel}","templated":true}]}}