{"id":26356,"date":"2024-09-02T18:44:33","date_gmt":"2024-09-02T16:44:33","guid":{"rendered":"https:\/\/s1.ddm.live\/?post_type=product&#038;p=26356"},"modified":"2026-04-17T12:30:52","modified_gmt":"2026-04-17T10:30:52","slug":"amuleta-din-lemn-soarele-si-luna","status":"publish","type":"product","link":"https:\/\/www.redowlcraft.ro\/en\/product\/amuleta-din-lemn-soarele-si-luna\/","title":{"rendered":"Amuleta Pandantiv din lemn Soarele si Luna nuc"},"content":{"rendered":"<p>Soarele \u0219i Luna, \u00eempreun\u0103, reprezint\u0103 polaritatea dintre energiile feminine \u0219i masculine . Ea oferera un simbol profund al echilibrului interior. Aceast\u0103 amulet\u0103 este creat\u0103 pentru a armoniza energiile YANG \u0219i YIN din via\u021ba ta.<\/p>\n<p>Soarele simbolizeaz\u0103 focul YANG, exprim\u00e2nd fermitate, for\u021b\u0103 \u0219i putere, \u00een timp ce Luna \u00eentruchipeaz\u0103 calmul rece al energiei YIN, aduc\u00e2nd frumuse\u021be \u0219i hr\u0103nire spiritual\u0103. Aceste dou\u0103 for\u021be opuse sunt inseparabile, cre\u00e2nd un Tot Unitar care guverneaz\u0103 ciclul etern al zilei \u0219i nop\u021bii.<\/p>\n<p>\u00cen multe culturi \u0219i religii, Soarele \u0219i Luna sunt v\u0103zute ca simboluri ale rena\u0219terii, viselor \u0219i creativit\u0103\u021bii, aduc\u00e2nd protec\u021bie \u0219i inspira\u021bie celor care le poart\u0103. Folose\u0219te aceast\u0103 amulet\u0103 pentru a-\u021bi echilibra energiile interioare \u0219i pentru a aduce armonie \u00een via\u021ba ta.<\/p>\n<p>&nbsp;<\/p>\n<p>Specifications:<br \/>\nPiesa Handmade cu snur de piele ecologica<br \/>\nBeech wood<br \/>\nColor: walnut, lacquered with water-based varnish<br \/>\nDimensiuni: 5x5x0.4cm, Greutate: 5g<\/p>\n<p>Rezistente la apa; amuletele pot fi purtate impreuna cu uleiul esential preferat; pot fi folosite 1 max 2 picaturi de ulei esential la cateva zile<br \/>\nThis is a quality product handcrafted by specialized and passionate staff. It is made of living wood, so the wood may have imperfections and specific characteristics. These particular characteristics should not be considered as defects, but only as peculiarities of the wood. Any type of wood or conglomerate of wood, will suffer changes after exposure to high humidity or excessive heat especially when the object is new, be careful to avoid rain, direct exposure to direct sunlight or in any case, contact with liquids; (for the above reasons, there is no craftsmanship in wood or carpentry that offers warranty).<\/p>\n<p>THANK YOU SO MUCH FOR SUPPORTING AND LOOKING FOR INDEPENDENT ARTISTS!!!!<\/p>\n<p>Creat si produs de RedOwl Craft &#8211; Colectie 2024<\/p>","protected":false},"excerpt":{"rendered":"<div class=\"flex max-w-full flex-col flex-grow\">\n<div class=\"min-h-[20px] text-message flex w-full flex-col items-end gap-2 break-words [.text-message+&amp;]:mt-5 overflow-x-auto whitespace-normal\" dir=\"auto\" data-message-author-role=\"assistant\" data-message-id=\"473cb85e-8c54-4938-8eb5-287469dc3310\">\n<div class=\"flex w-full flex-col gap-1 empty:hidden first:pt-[3px]\">\n<div class=\"markdown prose w-full break-words dark:prose-invert light\">\n<p>Soarele \u0219i Luna, \u00eempreun\u0103, reprezint\u0103 polaritatea dintre energiile feminine \u0219i masculine, oferind un simbol profund al echilibrului interior. Aceast\u0103 amulet\u0103 este creat\u0103 pentru a armoniza energiile YANG \u0219i YIN din via\u021ba ta. Soarele simbolizeaz\u0103 focul YANG, exprim\u00e2nd fermitate, for\u021b\u0103 \u0219i putere, \u00een timp ce Luna \u00eentruchipeaz\u0103 calmul rece al energiei YIN, aduc\u00e2nd frumuse\u021be \u0219i hr\u0103nire spiritual\u0103. Aceste dou\u0103 for\u021be opuse sunt inseparabile, cre\u00e2nd un Tot Unitar care guverneaz\u0103 ciclul etern al zilei \u0219i nop\u021bii.<\/p>\n<\/div>\n<\/div>\n<\/div>\n<\/div>","protected":false},"featured_media":26465,"comment_status":"open","ping_status":"closed","template":"","meta":{"inline_featured_image":false},"product_brand":[],"product_cat":[298,196,199],"product_tag":[257],"class_list":{"0":"post-26356","1":"product","2":"type-product","3":"status-publish","4":"has-post-thumbnail","6":"product_cat-toate-produsele","7":"product_cat-amulete-simboluri","8":"product_cat-antic","9":"product_tag-nuc","11":"first","12":"instock","13":"taxable","14":"shipping-taxable","15":"purchasable","16":"product-type-simple"},"yoast_head":"<!-- This site is optimized with the Yoast SEO plugin v26.5 - https:\/\/yoast.com\/wordpress\/plugins\/seo\/ -->\n<title>Amuleta Pandantiv din lemn Soarele si Luna nuc - RedOwlCraft<\/title>\n<meta name=\"robots\" content=\"index, follow, max-snippet:-1, max-image-preview:large, max-video-preview:-1\" \/>\n<link rel=\"canonical\" href=\"https:\/\/www.redowlcraft.ro\/en\/product\/amuleta-din-lemn-soarele-si-luna\/\" \/>\n<meta property=\"og:locale\" content=\"en_US\" \/>\n<meta property=\"og:type\" content=\"article\" \/>\n<meta property=\"og:title\" content=\"Amuleta Pandantiv din lemn Soarele si Luna nuc - RedOwlCraft\" \/>\n<meta property=\"og:description\" content=\"Soarele \u0219i Luna, \u00eempreun\u0103, reprezint\u0103 polaritatea dintre energiile feminine \u0219i masculine, oferind un simbol profund al echilibrului interior. Aceast\u0103 amulet\u0103 este creat\u0103 pentru a armoniza energiile YANG \u0219i YIN din via\u021ba ta. Soarele simbolizeaz\u0103 focul YANG, exprim\u00e2nd fermitate, for\u021b\u0103 \u0219i putere, \u00een timp ce Luna \u00eentruchipeaz\u0103 calmul rece al energiei YIN, aduc\u00e2nd frumuse\u021be \u0219i hr\u0103nire spiritual\u0103. Aceste dou\u0103 for\u021be opuse sunt inseparabile, cre\u00e2nd un Tot Unitar care guverneaz\u0103 ciclul etern al zilei \u0219i nop\u021bii.\" \/>\n<meta property=\"og:url\" content=\"https:\/\/www.redowlcraft.ro\/en\/product\/amuleta-din-lemn-soarele-si-luna\/\" \/>\n<meta property=\"og:site_name\" content=\"RedOwlCraft\" \/>\n<meta property=\"article:modified_time\" content=\"2026-04-17T10:30:52+00:00\" \/>\n<meta property=\"og:image\" content=\"https:\/\/www.redowlcraft.ro\/wp-content\/uploads\/2024\/09\/Soarele-si-Luna-Nuc-Fata.jpg\" \/>\n\t<meta property=\"og:image:width\" content=\"1500\" \/>\n\t<meta property=\"og:image:height\" content=\"1500\" \/>\n\t<meta property=\"og:image:type\" content=\"image\/jpeg\" \/>\n<meta name=\"twitter:card\" content=\"summary_large_image\" \/>\n<meta name=\"twitter:label1\" content=\"Est. reading time\" \/>\n\t<meta name=\"twitter:data1\" content=\"2 minutes\" \/>\n<script type=\"application\/ld+json\" class=\"yoast-schema-graph\">{\"@context\":\"https:\/\/schema.org\",\"@graph\":[{\"@type\":\"WebPage\",\"@id\":\"https:\/\/www.redowlcraft.ro\/produs\/amuleta-din-lemn-soarele-si-luna\/\",\"url\":\"https:\/\/www.redowlcraft.ro\/produs\/amuleta-din-lemn-soarele-si-luna\/\",\"name\":\"Amuleta Pandantiv din lemn Soarele si Luna nuc - RedOwlCraft\",\"isPartOf\":{\"@id\":\"https:\/\/www.redowlcraft.ro\/#website\"},\"primaryImageOfPage\":{\"@id\":\"https:\/\/www.redowlcraft.ro\/produs\/amuleta-din-lemn-soarele-si-luna\/#primaryimage\"},\"image\":{\"@id\":\"https:\/\/www.redowlcraft.ro\/produs\/amuleta-din-lemn-soarele-si-luna\/#primaryimage\"},\"thumbnailUrl\":\"https:\/\/www.redowlcraft.ro\/wp-content\/uploads\/2024\/09\/Soarele-si-Luna-Nuc-Fata.jpg\",\"datePublished\":\"2024-09-02T16:44:33+00:00\",\"dateModified\":\"2026-04-17T10:30:52+00:00\",\"breadcrumb\":{\"@id\":\"https:\/\/www.redowlcraft.ro\/produs\/amuleta-din-lemn-soarele-si-luna\/#breadcrumb\"},\"inLanguage\":\"en-US\",\"potentialAction\":[{\"@type\":\"ReadAction\",\"target\":[\"https:\/\/www.redowlcraft.ro\/produs\/amuleta-din-lemn-soarele-si-luna\/\"]}]},{\"@type\":\"ImageObject\",\"inLanguage\":\"en-US\",\"@id\":\"https:\/\/www.redowlcraft.ro\/produs\/amuleta-din-lemn-soarele-si-luna\/#primaryimage\",\"url\":\"https:\/\/www.redowlcraft.ro\/wp-content\/uploads\/2024\/09\/Soarele-si-Luna-Nuc-Fata.jpg\",\"contentUrl\":\"https:\/\/www.redowlcraft.ro\/wp-content\/uploads\/2024\/09\/Soarele-si-Luna-Nuc-Fata.jpg\",\"width\":1500,\"height\":1500},{\"@type\":\"BreadcrumbList\",\"@id\":\"https:\/\/www.redowlcraft.ro\/produs\/amuleta-din-lemn-soarele-si-luna\/#breadcrumb\",\"itemListElement\":[{\"@type\":\"ListItem\",\"position\":1,\"name\":\"Prima pagin\u0103\",\"item\":\"https:\/\/www.redowlcraft.ro\/\"},{\"@type\":\"ListItem\",\"position\":2,\"name\":\"Magazin\",\"item\":\"https:\/\/www.redowlcraft.ro\/magazin\/\"},{\"@type\":\"ListItem\",\"position\":3,\"name\":\"Amuleta Pandantiv din lemn Soarele si Luna nuc\"}]},{\"@type\":\"WebSite\",\"@id\":\"https:\/\/www.redowlcraft.ro\/#website\",\"url\":\"https:\/\/www.redowlcraft.ro\/\",\"name\":\"RedOwlCraft\",\"description\":\"See yourself in a piece of wood!\",\"publisher\":{\"@id\":\"https:\/\/www.redowlcraft.ro\/#organization\"},\"potentialAction\":[{\"@type\":\"SearchAction\",\"target\":{\"@type\":\"EntryPoint\",\"urlTemplate\":\"https:\/\/www.redowlcraft.ro\/?s={search_term_string}\"},\"query-input\":{\"@type\":\"PropertyValueSpecification\",\"valueRequired\":true,\"valueName\":\"search_term_string\"}}],\"inLanguage\":\"en-US\"},{\"@type\":\"Organization\",\"@id\":\"https:\/\/www.redowlcraft.ro\/#organization\",\"name\":\"RedOwlCraft\",\"url\":\"https:\/\/www.redowlcraft.ro\/\",\"logo\":{\"@type\":\"ImageObject\",\"inLanguage\":\"en-US\",\"@id\":\"https:\/\/www.redowlcraft.ro\/#\/schema\/logo\/image\/\",\"url\":\"https:\/\/www.redowlcraft.ro\/wp-content\/uploads\/2024\/03\/cropped-logo-4.png\",\"contentUrl\":\"https:\/\/www.redowlcraft.ro\/wp-content\/uploads\/2024\/03\/cropped-logo-4.png\",\"width\":1103,\"height\":250,\"caption\":\"RedOwlCraft\"},\"image\":{\"@id\":\"https:\/\/www.redowlcraft.ro\/#\/schema\/logo\/image\/\"}}]}<\/script>\n<!-- \/ Yoast SEO plugin. -->","yoast_head_json":{"title":"Amuleta Pandantiv din lemn Soarele si Luna nuc - RedOwlCraft","robots":{"index":"index","follow":"follow","max-snippet":"max-snippet:-1","max-image-preview":"max-image-preview:large","max-video-preview":"max-video-preview:-1"},"canonical":"https:\/\/www.redowlcraft.ro\/en\/product\/amuleta-din-lemn-soarele-si-luna\/","og_locale":"en_US","og_type":"article","og_title":"Amuleta Pandantiv din lemn Soarele si Luna nuc - RedOwlCraft","og_description":"Soarele \u0219i Luna, \u00eempreun\u0103, reprezint\u0103 polaritatea dintre energiile feminine \u0219i masculine, oferind un simbol profund al echilibrului interior. Aceast\u0103 amulet\u0103 este creat\u0103 pentru a armoniza energiile YANG \u0219i YIN din via\u021ba ta. Soarele simbolizeaz\u0103 focul YANG, exprim\u00e2nd fermitate, for\u021b\u0103 \u0219i putere, \u00een timp ce Luna \u00eentruchipeaz\u0103 calmul rece al energiei YIN, aduc\u00e2nd frumuse\u021be \u0219i hr\u0103nire spiritual\u0103. Aceste dou\u0103 for\u021be opuse sunt inseparabile, cre\u00e2nd un Tot Unitar care guverneaz\u0103 ciclul etern al zilei \u0219i nop\u021bii.","og_url":"https:\/\/www.redowlcraft.ro\/en\/product\/amuleta-din-lemn-soarele-si-luna\/","og_site_name":"RedOwlCraft","article_modified_time":"2026-04-17T10:30:52+00:00","og_image":[{"width":1500,"height":1500,"url":"https:\/\/www.redowlcraft.ro\/wp-content\/uploads\/2024\/09\/Soarele-si-Luna-Nuc-Fata.jpg","type":"image\/jpeg"}],"twitter_card":"summary_large_image","twitter_misc":{"Est. reading time":"2 minutes"},"schema":{"@context":"https:\/\/schema.org","@graph":[{"@type":"WebPage","@id":"https:\/\/www.redowlcraft.ro\/produs\/amuleta-din-lemn-soarele-si-luna\/","url":"https:\/\/www.redowlcraft.ro\/produs\/amuleta-din-lemn-soarele-si-luna\/","name":"Amuleta Pandantiv din lemn Soarele si Luna nuc - RedOwlCraft","isPartOf":{"@id":"https:\/\/www.redowlcraft.ro\/#website"},"primaryImageOfPage":{"@id":"https:\/\/www.redowlcraft.ro\/produs\/amuleta-din-lemn-soarele-si-luna\/#primaryimage"},"image":{"@id":"https:\/\/www.redowlcraft.ro\/produs\/amuleta-din-lemn-soarele-si-luna\/#primaryimage"},"thumbnailUrl":"https:\/\/www.redowlcraft.ro\/wp-content\/uploads\/2024\/09\/Soarele-si-Luna-Nuc-Fata.jpg","datePublished":"2024-09-02T16:44:33+00:00","dateModified":"2026-04-17T10:30:52+00:00","breadcrumb":{"@id":"https:\/\/www.redowlcraft.ro\/produs\/amuleta-din-lemn-soarele-si-luna\/#breadcrumb"},"inLanguage":"en-US","potentialAction":[{"@type":"ReadAction","target":["https:\/\/www.redowlcraft.ro\/produs\/amuleta-din-lemn-soarele-si-luna\/"]}]},{"@type":"ImageObject","inLanguage":"en-US","@id":"https:\/\/www.redowlcraft.ro\/produs\/amuleta-din-lemn-soarele-si-luna\/#primaryimage","url":"https:\/\/www.redowlcraft.ro\/wp-content\/uploads\/2024\/09\/Soarele-si-Luna-Nuc-Fata.jpg","contentUrl":"https:\/\/www.redowlcraft.ro\/wp-content\/uploads\/2024\/09\/Soarele-si-Luna-Nuc-Fata.jpg","width":1500,"height":1500},{"@type":"BreadcrumbList","@id":"https:\/\/www.redowlcraft.ro\/produs\/amuleta-din-lemn-soarele-si-luna\/#breadcrumb","itemListElement":[{"@type":"ListItem","position":1,"name":"Prima pagin\u0103","item":"https:\/\/www.redowlcraft.ro\/"},{"@type":"ListItem","position":2,"name":"Magazin","item":"https:\/\/www.redowlcraft.ro\/magazin\/"},{"@type":"ListItem","position":3,"name":"Amuleta Pandantiv din lemn Soarele si Luna nuc"}]},{"@type":"WebSite","@id":"https:\/\/www.redowlcraft.ro\/#website","url":"https:\/\/www.redowlcraft.ro\/","name":"RedOwlCraft","description":"See yourself in a piece of wood!","publisher":{"@id":"https:\/\/www.redowlcraft.ro\/#organization"},"potentialAction":[{"@type":"SearchAction","target":{"@type":"EntryPoint","urlTemplate":"https:\/\/www.redowlcraft.ro\/?s={search_term_string}"},"query-input":{"@type":"PropertyValueSpecification","valueRequired":true,"valueName":"search_term_string"}}],"inLanguage":"en-US"},{"@type":"Organization","@id":"https:\/\/www.redowlcraft.ro\/#organization","name":"RedOwlCraft","url":"https:\/\/www.redowlcraft.ro\/","logo":{"@type":"ImageObject","inLanguage":"en-US","@id":"https:\/\/www.redowlcraft.ro\/#\/schema\/logo\/image\/","url":"https:\/\/www.redowlcraft.ro\/wp-content\/uploads\/2024\/03\/cropped-logo-4.png","contentUrl":"https:\/\/www.redowlcraft.ro\/wp-content\/uploads\/2024\/03\/cropped-logo-4.png","width":1103,"height":250,"caption":"RedOwlCraft"},"image":{"@id":"https:\/\/www.redowlcraft.ro\/#\/schema\/logo\/image\/"}}]}},"_links":{"self":[{"href":"https:\/\/www.redowlcraft.ro\/en\/wp-json\/wp\/v2\/product\/26356","targetHints":{"allow":["GET"]}}],"collection":[{"href":"https:\/\/www.redowlcraft.ro\/en\/wp-json\/wp\/v2\/product"}],"about":[{"href":"https:\/\/www.redowlcraft.ro\/en\/wp-json\/wp\/v2\/types\/product"}],"replies":[{"embeddable":true,"href":"https:\/\/www.redowlcraft.ro\/en\/wp-json\/wp\/v2\/comments?post=26356"}],"wp:featuredmedia":[{"embeddable":true,"href":"https:\/\/www.redowlcraft.ro\/en\/wp-json\/wp\/v2\/media\/26465"}],"wp:attachment":[{"href":"https:\/\/www.redowlcraft.ro\/en\/wp-json\/wp\/v2\/media?parent=26356"}],"wp:term":[{"taxonomy":"product_brand","embeddable":true,"href":"https:\/\/www.redowlcraft.ro\/en\/wp-json\/wp\/v2\/product_brand?post=26356"},{"taxonomy":"product_cat","embeddable":true,"href":"https:\/\/www.redowlcraft.ro\/en\/wp-json\/wp\/v2\/product_cat?post=26356"},{"taxonomy":"product_tag","embeddable":true,"href":"https:\/\/www.redowlcraft.ro\/en\/wp-json\/wp\/v2\/product_tag?post=26356"}],"curies":[{"name":"wp","href":"https:\/\/api.w.org\/{rel}","templated":true}]}}