{"id":26282,"date":"2024-08-08T19:07:01","date_gmt":"2024-08-08T17:07:01","guid":{"rendered":"https:\/\/s1.ddm.live\/?post_type=product&#038;p=26282"},"modified":"2026-04-17T12:30:54","modified_gmt":"2026-04-17T10:30:54","slug":"amuleta-pandantiv-din-lemn-cu-simbolul-ankh-wenge","status":"publish","type":"product","link":"https:\/\/www.redowlcraft.ro\/en\/product\/amuleta-pandantiv-din-lemn-cu-simbolul-ankh-wenge\/","title":{"rendered":"Amuleta Pandantiv din Lemn cu Simbolul Ankh wenge"},"content":{"rendered":"<p>Descopera acum Amuleta Pandantiv din Lemn cu Simbolul Ankh, <span style=\"font-size: 1rem;\">lucrat\u0103 manual\u00a0 \u0219i descoper\u0103 puterea acestui simbol antic egiptean. Reprezint\u0103 via\u021ba etern\u0103 \u0219i echilibrul dintre energie \u0219i spiritualitate.<\/span><\/p>\n<p>Forma sa, care combin\u0103 o cruce cu un cerc \u00een partea superioar\u0103, sugereaz\u0103 unirea \u00eentre masculin \u0219i feminin, sau \u00eentre cer \u0219i p\u0103m\u00e2nt. \u00cen artefactele egiptene, Ankh-ul este frecvent v\u0103zut \u00een scene ce ilustreaz\u0103 oferirea vie\u021bii sau a energiei vitale, fiind un simbol al regener\u0103rii \u0219i protec\u021biei.<\/p>\n<p><span style=\"font-size: 1rem;\">Realizat\u0103 cu aten\u021bie la detalii, aceast\u0103 amulet\u0103 unic\u0103 \u00ee\u021bi aduce protec\u021bie \u0219i vitalitate. Simbolul Ankh, cunoscut \u0219i ca &#8220;cheia vie\u021bii&#8221;, este ideal pentru cei care caut\u0103 s\u0103 atrag\u0103 bun\u0103starea \u0219i echilibrul \u00een via\u021ba de zi cu zi.\u00a0<\/span><\/p>\n<p>Reprezinta via\u021ba etern\u0103 \u0219i energia vital\u0103. Ankh-ul a fost folosit de faraoni \u0219i zeit\u0103\u021bi egiptene pentru a sublinia leg\u0103tura dintre via\u021ba p\u0103m\u00e2nteasc\u0103 \u0219i cea divin\u0103.<\/p>\n<p>\u00cen zilele noastre, simbolul Ankh este adesea purtat ca amulet\u0103 sau pandantiv. Este un talisman puternic pentru protec\u021bie \u0219i echilibru spiritual.<\/p>\n<p>Specifications:<br \/>\nPiesa Handmade cu snur de piele ecologica<br \/>\nBeech wood<br \/>\nCuloare: wenge, lacuit cu lac pe baza de apa<br \/>\nDimensiuni: 6x3x0.4cm, Greutate: 5g<\/p>\n<p>Rezistente la apa; amuletele pot fi purtate impreuna cu uleiul esential preferat; pot fi folosite 1 max 2 picaturi de ulei esential la cateva zile<br \/>\nThis is a quality product handcrafted by specialized and passionate staff. It is made of living wood, so the wood may have imperfections and specific characteristics. These particular characteristics should not be considered as defects, but only as peculiarities of the wood. Any type of wood or conglomerate of wood, will suffer changes after exposure to high humidity or excessive heat especially when the object is new, be careful to avoid rain, direct exposure to direct sunlight or in any case, contact with liquids; (for the above reasons, there is no craftsmanship in wood or carpentry that offers warranty).<\/p>\n<p>THANK YOU SO MUCH FOR SUPPORTING AND LOOKING FOR INDEPENDENT ARTISTS!!!!<\/p>\n<p>Creat si produs de RedOwl Craft &#8211; Colectie 2022<\/p>\n<p>&nbsp;<\/p>\n<div class=\"mt-1 flex gap-3 empty:hidden -ml-2\">\n<div class=\"items-center justify-start rounded-xl p-1 flex\">\n<div class=\"flex items-center\"><\/div>\n<\/div>\n<\/div>","protected":false},"excerpt":{"rendered":"<p>Descopera acum Amuleta Pandantiv din Lemn cu Simbolul Ankh, <span style=\"font-size: 1rem;\">lucrat\u0103 manual\u00a0 \u0219i descoper\u0103 puterea acestui simbol antic egiptean. Reprezint\u0103 via\u021ba etern\u0103 \u0219i echilibrul dintre energie \u0219i spiritualitate.<\/span><\/p>","protected":false},"featured_media":27171,"comment_status":"open","ping_status":"closed","template":"","meta":{"inline_featured_image":false},"product_brand":[],"product_cat":[298,196,199],"product_tag":[256],"class_list":{"0":"post-26282","1":"product","2":"type-product","3":"status-publish","4":"has-post-thumbnail","6":"product_cat-toate-produsele","7":"product_cat-amulete-simboluri","8":"product_cat-antic","9":"product_tag-wenge","11":"first","12":"instock","13":"taxable","14":"shipping-taxable","15":"purchasable","16":"product-type-simple"},"yoast_head":"<!-- This site is optimized with the Yoast SEO plugin v26.5 - https:\/\/yoast.com\/wordpress\/plugins\/seo\/ -->\n<title>Amuleta Pandantiv din Lemn cu Simbolul Ankh wenge - RedOwlCraft<\/title>\n<meta name=\"robots\" content=\"index, follow, max-snippet:-1, max-image-preview:large, max-video-preview:-1\" \/>\n<link rel=\"canonical\" href=\"https:\/\/www.redowlcraft.ro\/en\/product\/amuleta-pandantiv-din-lemn-cu-simbolul-ankh-wenge\/\" \/>\n<meta property=\"og:locale\" content=\"en_US\" \/>\n<meta property=\"og:type\" content=\"article\" \/>\n<meta property=\"og:title\" content=\"Amuleta Pandantiv din Lemn cu Simbolul Ankh wenge - RedOwlCraft\" \/>\n<meta property=\"og:description\" content=\"Descopera acum Amuleta Pandantiv din Lemn cu Simbolul Ankh, lucrat\u0103 manual\u00a0 \u0219i descoper\u0103 puterea acestui simbol antic egiptean. Reprezint\u0103 via\u021ba etern\u0103 \u0219i echilibrul dintre energie \u0219i spiritualitate.\" \/>\n<meta property=\"og:url\" content=\"https:\/\/www.redowlcraft.ro\/en\/product\/amuleta-pandantiv-din-lemn-cu-simbolul-ankh-wenge\/\" \/>\n<meta property=\"og:site_name\" content=\"RedOwlCraft\" \/>\n<meta property=\"article:modified_time\" content=\"2026-04-17T10:30:54+00:00\" \/>\n<meta property=\"og:image\" content=\"https:\/\/www.redowlcraft.ro\/wp-content\/uploads\/2024\/08\/Ankh-Wenge-Fata.jpg\" \/>\n\t<meta property=\"og:image:width\" content=\"1500\" \/>\n\t<meta property=\"og:image:height\" content=\"1500\" \/>\n\t<meta property=\"og:image:type\" content=\"image\/jpeg\" \/>\n<meta name=\"twitter:card\" content=\"summary_large_image\" \/>\n<meta name=\"twitter:label1\" content=\"Est. reading time\" \/>\n\t<meta name=\"twitter:data1\" content=\"2 minutes\" \/>\n<script type=\"application\/ld+json\" class=\"yoast-schema-graph\">{\"@context\":\"https:\/\/schema.org\",\"@graph\":[{\"@type\":\"WebPage\",\"@id\":\"https:\/\/www.redowlcraft.ro\/produs\/amuleta-pandantiv-din-lemn-cu-simbolul-ankh-wenge\/\",\"url\":\"https:\/\/www.redowlcraft.ro\/produs\/amuleta-pandantiv-din-lemn-cu-simbolul-ankh-wenge\/\",\"name\":\"Amuleta Pandantiv din Lemn cu Simbolul Ankh wenge - RedOwlCraft\",\"isPartOf\":{\"@id\":\"https:\/\/www.redowlcraft.ro\/#website\"},\"primaryImageOfPage\":{\"@id\":\"https:\/\/www.redowlcraft.ro\/produs\/amuleta-pandantiv-din-lemn-cu-simbolul-ankh-wenge\/#primaryimage\"},\"image\":{\"@id\":\"https:\/\/www.redowlcraft.ro\/produs\/amuleta-pandantiv-din-lemn-cu-simbolul-ankh-wenge\/#primaryimage\"},\"thumbnailUrl\":\"https:\/\/www.redowlcraft.ro\/wp-content\/uploads\/2024\/08\/Ankh-Wenge-Fata.jpg\",\"datePublished\":\"2024-08-08T17:07:01+00:00\",\"dateModified\":\"2026-04-17T10:30:54+00:00\",\"breadcrumb\":{\"@id\":\"https:\/\/www.redowlcraft.ro\/produs\/amuleta-pandantiv-din-lemn-cu-simbolul-ankh-wenge\/#breadcrumb\"},\"inLanguage\":\"en-US\",\"potentialAction\":[{\"@type\":\"ReadAction\",\"target\":[\"https:\/\/www.redowlcraft.ro\/produs\/amuleta-pandantiv-din-lemn-cu-simbolul-ankh-wenge\/\"]}]},{\"@type\":\"ImageObject\",\"inLanguage\":\"en-US\",\"@id\":\"https:\/\/www.redowlcraft.ro\/produs\/amuleta-pandantiv-din-lemn-cu-simbolul-ankh-wenge\/#primaryimage\",\"url\":\"https:\/\/www.redowlcraft.ro\/wp-content\/uploads\/2024\/08\/Ankh-Wenge-Fata.jpg\",\"contentUrl\":\"https:\/\/www.redowlcraft.ro\/wp-content\/uploads\/2024\/08\/Ankh-Wenge-Fata.jpg\",\"width\":1500,\"height\":1500},{\"@type\":\"BreadcrumbList\",\"@id\":\"https:\/\/www.redowlcraft.ro\/produs\/amuleta-pandantiv-din-lemn-cu-simbolul-ankh-wenge\/#breadcrumb\",\"itemListElement\":[{\"@type\":\"ListItem\",\"position\":1,\"name\":\"Prima pagin\u0103\",\"item\":\"https:\/\/www.redowlcraft.ro\/\"},{\"@type\":\"ListItem\",\"position\":2,\"name\":\"Magazin\",\"item\":\"https:\/\/www.redowlcraft.ro\/magazin\/\"},{\"@type\":\"ListItem\",\"position\":3,\"name\":\"Amuleta Pandantiv din Lemn cu Simbolul Ankh wenge\"}]},{\"@type\":\"WebSite\",\"@id\":\"https:\/\/www.redowlcraft.ro\/#website\",\"url\":\"https:\/\/www.redowlcraft.ro\/\",\"name\":\"RedOwlCraft\",\"description\":\"See yourself in a piece of wood!\",\"publisher\":{\"@id\":\"https:\/\/www.redowlcraft.ro\/#organization\"},\"potentialAction\":[{\"@type\":\"SearchAction\",\"target\":{\"@type\":\"EntryPoint\",\"urlTemplate\":\"https:\/\/www.redowlcraft.ro\/?s={search_term_string}\"},\"query-input\":{\"@type\":\"PropertyValueSpecification\",\"valueRequired\":true,\"valueName\":\"search_term_string\"}}],\"inLanguage\":\"en-US\"},{\"@type\":\"Organization\",\"@id\":\"https:\/\/www.redowlcraft.ro\/#organization\",\"name\":\"RedOwlCraft\",\"url\":\"https:\/\/www.redowlcraft.ro\/\",\"logo\":{\"@type\":\"ImageObject\",\"inLanguage\":\"en-US\",\"@id\":\"https:\/\/www.redowlcraft.ro\/#\/schema\/logo\/image\/\",\"url\":\"https:\/\/www.redowlcraft.ro\/wp-content\/uploads\/2024\/03\/cropped-logo-4.png\",\"contentUrl\":\"https:\/\/www.redowlcraft.ro\/wp-content\/uploads\/2024\/03\/cropped-logo-4.png\",\"width\":1103,\"height\":250,\"caption\":\"RedOwlCraft\"},\"image\":{\"@id\":\"https:\/\/www.redowlcraft.ro\/#\/schema\/logo\/image\/\"}}]}<\/script>\n<!-- \/ Yoast SEO plugin. -->","yoast_head_json":{"title":"Amuleta Pandantiv din Lemn cu Simbolul Ankh wenge - RedOwlCraft","robots":{"index":"index","follow":"follow","max-snippet":"max-snippet:-1","max-image-preview":"max-image-preview:large","max-video-preview":"max-video-preview:-1"},"canonical":"https:\/\/www.redowlcraft.ro\/en\/product\/amuleta-pandantiv-din-lemn-cu-simbolul-ankh-wenge\/","og_locale":"en_US","og_type":"article","og_title":"Amuleta Pandantiv din Lemn cu Simbolul Ankh wenge - RedOwlCraft","og_description":"Descopera acum Amuleta Pandantiv din Lemn cu Simbolul Ankh, lucrat\u0103 manual\u00a0 \u0219i descoper\u0103 puterea acestui simbol antic egiptean. Reprezint\u0103 via\u021ba etern\u0103 \u0219i echilibrul dintre energie \u0219i spiritualitate.","og_url":"https:\/\/www.redowlcraft.ro\/en\/product\/amuleta-pandantiv-din-lemn-cu-simbolul-ankh-wenge\/","og_site_name":"RedOwlCraft","article_modified_time":"2026-04-17T10:30:54+00:00","og_image":[{"width":1500,"height":1500,"url":"https:\/\/www.redowlcraft.ro\/wp-content\/uploads\/2024\/08\/Ankh-Wenge-Fata.jpg","type":"image\/jpeg"}],"twitter_card":"summary_large_image","twitter_misc":{"Est. reading time":"2 minutes"},"schema":{"@context":"https:\/\/schema.org","@graph":[{"@type":"WebPage","@id":"https:\/\/www.redowlcraft.ro\/produs\/amuleta-pandantiv-din-lemn-cu-simbolul-ankh-wenge\/","url":"https:\/\/www.redowlcraft.ro\/produs\/amuleta-pandantiv-din-lemn-cu-simbolul-ankh-wenge\/","name":"Amuleta Pandantiv din Lemn cu Simbolul Ankh wenge - RedOwlCraft","isPartOf":{"@id":"https:\/\/www.redowlcraft.ro\/#website"},"primaryImageOfPage":{"@id":"https:\/\/www.redowlcraft.ro\/produs\/amuleta-pandantiv-din-lemn-cu-simbolul-ankh-wenge\/#primaryimage"},"image":{"@id":"https:\/\/www.redowlcraft.ro\/produs\/amuleta-pandantiv-din-lemn-cu-simbolul-ankh-wenge\/#primaryimage"},"thumbnailUrl":"https:\/\/www.redowlcraft.ro\/wp-content\/uploads\/2024\/08\/Ankh-Wenge-Fata.jpg","datePublished":"2024-08-08T17:07:01+00:00","dateModified":"2026-04-17T10:30:54+00:00","breadcrumb":{"@id":"https:\/\/www.redowlcraft.ro\/produs\/amuleta-pandantiv-din-lemn-cu-simbolul-ankh-wenge\/#breadcrumb"},"inLanguage":"en-US","potentialAction":[{"@type":"ReadAction","target":["https:\/\/www.redowlcraft.ro\/produs\/amuleta-pandantiv-din-lemn-cu-simbolul-ankh-wenge\/"]}]},{"@type":"ImageObject","inLanguage":"en-US","@id":"https:\/\/www.redowlcraft.ro\/produs\/amuleta-pandantiv-din-lemn-cu-simbolul-ankh-wenge\/#primaryimage","url":"https:\/\/www.redowlcraft.ro\/wp-content\/uploads\/2024\/08\/Ankh-Wenge-Fata.jpg","contentUrl":"https:\/\/www.redowlcraft.ro\/wp-content\/uploads\/2024\/08\/Ankh-Wenge-Fata.jpg","width":1500,"height":1500},{"@type":"BreadcrumbList","@id":"https:\/\/www.redowlcraft.ro\/produs\/amuleta-pandantiv-din-lemn-cu-simbolul-ankh-wenge\/#breadcrumb","itemListElement":[{"@type":"ListItem","position":1,"name":"Prima pagin\u0103","item":"https:\/\/www.redowlcraft.ro\/"},{"@type":"ListItem","position":2,"name":"Magazin","item":"https:\/\/www.redowlcraft.ro\/magazin\/"},{"@type":"ListItem","position":3,"name":"Amuleta Pandantiv din Lemn cu Simbolul Ankh wenge"}]},{"@type":"WebSite","@id":"https:\/\/www.redowlcraft.ro\/#website","url":"https:\/\/www.redowlcraft.ro\/","name":"RedOwlCraft","description":"See yourself in a piece of wood!","publisher":{"@id":"https:\/\/www.redowlcraft.ro\/#organization"},"potentialAction":[{"@type":"SearchAction","target":{"@type":"EntryPoint","urlTemplate":"https:\/\/www.redowlcraft.ro\/?s={search_term_string}"},"query-input":{"@type":"PropertyValueSpecification","valueRequired":true,"valueName":"search_term_string"}}],"inLanguage":"en-US"},{"@type":"Organization","@id":"https:\/\/www.redowlcraft.ro\/#organization","name":"RedOwlCraft","url":"https:\/\/www.redowlcraft.ro\/","logo":{"@type":"ImageObject","inLanguage":"en-US","@id":"https:\/\/www.redowlcraft.ro\/#\/schema\/logo\/image\/","url":"https:\/\/www.redowlcraft.ro\/wp-content\/uploads\/2024\/03\/cropped-logo-4.png","contentUrl":"https:\/\/www.redowlcraft.ro\/wp-content\/uploads\/2024\/03\/cropped-logo-4.png","width":1103,"height":250,"caption":"RedOwlCraft"},"image":{"@id":"https:\/\/www.redowlcraft.ro\/#\/schema\/logo\/image\/"}}]}},"_links":{"self":[{"href":"https:\/\/www.redowlcraft.ro\/en\/wp-json\/wp\/v2\/product\/26282","targetHints":{"allow":["GET"]}}],"collection":[{"href":"https:\/\/www.redowlcraft.ro\/en\/wp-json\/wp\/v2\/product"}],"about":[{"href":"https:\/\/www.redowlcraft.ro\/en\/wp-json\/wp\/v2\/types\/product"}],"replies":[{"embeddable":true,"href":"https:\/\/www.redowlcraft.ro\/en\/wp-json\/wp\/v2\/comments?post=26282"}],"wp:featuredmedia":[{"embeddable":true,"href":"https:\/\/www.redowlcraft.ro\/en\/wp-json\/wp\/v2\/media\/27171"}],"wp:attachment":[{"href":"https:\/\/www.redowlcraft.ro\/en\/wp-json\/wp\/v2\/media?parent=26282"}],"wp:term":[{"taxonomy":"product_brand","embeddable":true,"href":"https:\/\/www.redowlcraft.ro\/en\/wp-json\/wp\/v2\/product_brand?post=26282"},{"taxonomy":"product_cat","embeddable":true,"href":"https:\/\/www.redowlcraft.ro\/en\/wp-json\/wp\/v2\/product_cat?post=26282"},{"taxonomy":"product_tag","embeddable":true,"href":"https:\/\/www.redowlcraft.ro\/en\/wp-json\/wp\/v2\/product_tag?post=26282"}],"curies":[{"name":"wp","href":"https:\/\/api.w.org\/{rel}","templated":true}]}}